{"id":7318,"date":"2026-04-16T17:29:32","date_gmt":"2026-04-16T17:29:32","guid":{"rendered":"https:\/\/www.darthy.com\/?post_type=product&#038;p=7318"},"modified":"2026-04-16T17:29:33","modified_gmt":"2026-04-16T17:29:33","slug":"sony-ta-d507-st-d707-cdp-m43-tc-d507","status":"publish","type":"product","link":"https:\/\/www.darthy.com\/es_es\/producto\/sony-ta-d507-st-d707-cdp-m43-tc-d507\/","title":{"rendered":"SONY TA-D507 | ST-D707 | CDP-M43 | TC-D507"},"content":{"rendered":"<h3>Sony TA-D507 | ST-D707 | CDP-M43 | TC-D507<\/h3>\n<p>Equipo de m\u00fasica compuesto por amplificador, radio, pletina y CD de la reconocida marca Sony. En muy buen estado con las marcas t\u00edpicas del paso del tiempo.<\/p>\n<p>Un cl\u00e1sico de los 90.<\/p>\n<p>\u00d3ptica CD y correas de trasmisi\u00f3n de la pletina nuevas.<\/p>\n<p>Todos nuestros aparatos est\u00e1n revisados respetando escrupulosamente las caracter\u00edsticas originales del fabricante.<\/p>\n<p>Incluido el mantenimiento previo de nuestros t\u00e9cnicos para dejar el aparato en \u00f3ptimas condiciones.<\/p>\n<p><strong>Especificaciones TA-D507<\/strong><\/p>\n<ul>\n<li>Power output: 50 watts per channel into 6\u2126 (stereo)<\/li>\n<li>Frequency response: 10Hz to 50kHz<\/li>\n<li>Total harmonic distortion: 5%<\/li>\n<li>Input sensitivity: 3.3mV (MM), 270mV (line)<\/li>\n<li>Speaker load impedance: 6\u2126 (minimum)<\/li>\n<li>Dimensions: 355 x 132 x 320mm<\/li>\n<li>Weight: 6kg<\/li>\n<li>Year: 1992<\/li>\n<\/ul>\n<p>&nbsp;<\/p>\n<p><strong>Especificaciones ST-D707<\/strong><\/p>\n<ul>\n<li>Type: Mono\/Stereo Tuner<\/li>\n<li>Tuning Bands: FM, MW, LW<\/li>\n<li>Tuning Scale: Digital<\/li>\n<li>FM Tuning Range: 87.5 to 108 MHz<\/li>\n<li>MW Tuning Range: 531 to 1602 kHz<\/li>\n<li>LW Tuning Range: 153 to 279 kHz<\/li>\n<li>Dimensions: 355 x 95 x 310mm<\/li>\n<li>Weight: 2.7kg<\/li>\n<li>Year: 1992<\/li>\n<\/ul>\n<p>&nbsp;<\/p>\n<p><strong>Especificaciones CDP-M43<\/strong><\/p>\n<ul>\n<li>Disc format: CD<\/li>\n<li>Digital converter: CXD2561AM<\/li>\n<li>CD Mechanism: KSS-240A<\/li>\n<li>Frequency response: 2Hz to 20kHz<\/li>\n<li>Dynamic range: 92dB<\/li>\n<li>Signal to Noise Ratio: 100dB<\/li>\n<li>Channel separation: 95dB<\/li>\n<li>Total harmonic distortion: 0.004%<\/li>\n<li>Line output: 2V<\/li>\n<li>Dimensions: 355 x 95 x 325mm<\/li>\n<li>Weight: 3.2kg<\/li>\n<li>Year: 1992<\/li>\n<\/ul>\n<p>&nbsp;<\/p>\n<p><strong>Especificaciones TC-D507<\/strong><\/p>\n<ul>\n<li>Type: auto reverse, double compact cassette deck<\/li>\n<li>Track System: 4-track, 2-channel stereo<\/li>\n<li>Tape Speed: 4.8 cm\/s<\/li>\n<li>Heads: 1 x record\/playback, 1 x playback, 1 x erase<\/li>\n<li>Motor: 2 x reel, 2 x capstan<\/li>\n<li>Tape Type: type I, CrO2, Metal<\/li>\n<li>Frequency Response: 30Hz to 15kHz\u00a0\u00a0<span class=\"small_fraction\">(Metal tape)<\/span><\/li>\n<li>Wow and Flutter: 0.2%<\/li>\n<li>Dimensions: 355 x 131 x 304mm<\/li>\n<li>Weight: 3.4kg<\/li>\n<li>Year: 1992<\/li>\n<\/ul>\n<p>&nbsp;<\/p>\n","protected":false},"excerpt":{"rendered":"<p>Sony TA-D507 | ST-D707 | CDP-M43 | TC-D507 Equipo de m\u00fasica compuesto por amplificador, radio, pletina y CD de la reconocida marca Sony. En muy buen estado con las marcas t\u00edpicas del paso del tiempo. Un cl\u00e1sico de los 90. \u00d3ptica CD y correas de trasmisi\u00f3n de la pletina nuevas. Todos nuestros aparatos est\u00e1n revisados [&hellip;]<\/p>\n","protected":false},"featured_media":7340,"template":"","meta":{"_exactmetrics_skip_tracking":false,"_exactmetrics_sitenote_active":false,"_exactmetrics_sitenote_note":"","_exactmetrics_sitenote_category":0,"ocean_post_layout":"","ocean_both_sidebars_style":"","ocean_both_sidebars_content_width":0,"ocean_both_sidebars_sidebars_width":0,"ocean_sidebar":"0","ocean_second_sidebar":"0","ocean_disable_margins":"enable","ocean_add_body_class":"","ocean_shortcode_before_top_bar":"","ocean_shortcode_after_top_bar":"","ocean_shortcode_before_header":"","ocean_shortcode_after_header":"","ocean_has_shortcode":"","ocean_shortcode_after_title":"","ocean_shortcode_before_footer_widgets":"","ocean_shortcode_after_footer_widgets":"","ocean_shortcode_before_footer_bottom":"","ocean_shortcode_after_footer_bottom":"","ocean_display_top_bar":"default","ocean_display_header":"default","ocean_header_style":"","ocean_center_header_left_menu":"0","ocean_custom_header_template":"0","ocean_custom_logo":0,"ocean_custom_retina_logo":0,"ocean_custom_logo_max_width":0,"ocean_custom_logo_tablet_max_width":0,"ocean_custom_logo_mobile_max_width":0,"ocean_custom_logo_max_height":0,"ocean_custom_logo_tablet_max_height":0,"ocean_custom_logo_mobile_max_height":0,"ocean_header_custom_menu":"0","ocean_menu_typo_font_family":"0","ocean_menu_typo_font_subset":"","ocean_menu_typo_font_size":0,"ocean_menu_typo_font_size_tablet":0,"ocean_menu_typo_font_size_mobile":0,"ocean_menu_typo_font_size_unit":"px","ocean_menu_typo_font_weight":"","ocean_menu_typo_font_weight_tablet":"","ocean_menu_typo_font_weight_mobile":"","ocean_menu_typo_transform":"","ocean_menu_typo_transform_tablet":"","ocean_menu_typo_transform_mobile":"","ocean_menu_typo_line_height":0,"ocean_menu_typo_line_height_tablet":0,"ocean_menu_typo_line_height_mobile":0,"ocean_menu_typo_line_height_unit":"","ocean_menu_typo_spacing":0,"ocean_menu_typo_spacing_tablet":0,"ocean_menu_typo_spacing_mobile":0,"ocean_menu_typo_spacing_unit":"","ocean_menu_link_color":"","ocean_menu_link_color_hover":"","ocean_menu_link_color_active":"","ocean_menu_link_background":"","ocean_menu_link_hover_background":"","ocean_menu_link_active_background":"","ocean_menu_social_links_bg":"","ocean_menu_social_hover_links_bg":"","ocean_menu_social_links_color":"","ocean_menu_social_hover_links_color":"","ocean_disable_title":"default","ocean_disable_heading":"default","ocean_post_title":"","ocean_post_subheading":"","ocean_post_title_style":"","ocean_post_title_background_color":"","ocean_post_title_background":0,"ocean_post_title_bg_image_position":"","ocean_post_title_bg_image_attachment":"","ocean_post_title_bg_image_repeat":"","ocean_post_title_bg_image_size":"","ocean_post_title_height":0,"ocean_post_title_bg_overlay":0.5,"ocean_post_title_bg_overlay_color":"","ocean_disable_breadcrumbs":"default","ocean_breadcrumbs_color":"","ocean_breadcrumbs_separator_color":"","ocean_breadcrumbs_links_color":"","ocean_breadcrumbs_links_hover_color":"","ocean_display_footer_widgets":"default","ocean_display_footer_bottom":"default","ocean_custom_footer_template":"0"},"product_brand":[3367],"product_cat":[9,40,29,42],"product_tag":[1396,1718,269,1627,3938,2457,2952,2466,271,3941,3940,3939,3942,2533,2539],"class_list":{"0":"post-7318","1":"product","2":"type-product","3":"status-publish","4":"has-post-thumbnail","6":"product_brand-sony","7":"product_cat-amplificadores","8":"product_cat-cd","9":"product_cat-radio","10":"product_cat-cassette-dat","11":"product_tag-amplificador","12":"product_tag-amplifier","13":"product_tag-cassette","14":"product_tag-cd","15":"product_tag-equipo","16":"product_tag-equipo-de-musica","17":"product_tag-pletina","18":"product_tag-radio","19":"product_tag-sony","20":"product_tag-sony-cdp-m43","21":"product_tag-sony-st-d707","22":"product_tag-sony-ta-d507","23":"product_tag-sony-tc-d507","24":"product_tag-stereo-tunner","25":"product_tag-tunner","26":"product_shipping_class-peso-10-a-30-kg","28":"entry","29":"has-media","31":"first","32":"instock","33":"sold-individually","34":"shipping-taxable","35":"purchasable","36":"product-type-simple","37":"has-product-nav","38":"col","39":"span_1_of_3","40":"owp-content-center","41":"owp-thumbs-layout-horizontal","42":"owp-btn-normal","43":"owp-tabs-layout-section"},"_links":{"self":[{"href":"https:\/\/www.darthy.com\/es_es\/wp-json\/wp\/v2\/product\/7318","targetHints":{"allow":["GET"]}}],"collection":[{"href":"https:\/\/www.darthy.com\/es_es\/wp-json\/wp\/v2\/product"}],"about":[{"href":"https:\/\/www.darthy.com\/es_es\/wp-json\/wp\/v2\/types\/product"}],"wp:featuredmedia":[{"embeddable":true,"href":"https:\/\/www.darthy.com\/es_es\/wp-json\/wp\/v2\/media\/7340"}],"wp:attachment":[{"href":"https:\/\/www.darthy.com\/es_es\/wp-json\/wp\/v2\/media?parent=7318"}],"wp:term":[{"taxonomy":"product_brand","embeddable":true,"href":"https:\/\/www.darthy.com\/es_es\/wp-json\/wp\/v2\/product_brand?post=7318"},{"taxonomy":"product_cat","embeddable":true,"href":"https:\/\/www.darthy.com\/es_es\/wp-json\/wp\/v2\/product_cat?post=7318"},{"taxonomy":"product_tag","embeddable":true,"href":"https:\/\/www.darthy.com\/es_es\/wp-json\/wp\/v2\/product_tag?post=7318"}],"curies":[{"name":"wp","href":"https:\/\/api.w.org\/{rel}","templated":true}]}}