{"id":7292,"date":"2026-04-07T16:56:27","date_gmt":"2026-04-07T16:56:27","guid":{"rendered":"https:\/\/www.darthy.com\/?post_type=product&#038;p=7292"},"modified":"2026-04-07T16:56:28","modified_gmt":"2026-04-07T16:56:28","slug":"sansui-eight","status":"publish","type":"product","link":"https:\/\/www.darthy.com\/es_es\/producto\/sansui-eight\/","title":{"rendered":"SANSUI EIGHT"},"content":{"rendered":"<h3>Sansui Eight<\/h3>\n<p>Receptor vintage en muy buen estado. Este amplificador con radio es un cl\u00e1sico del mundo Hifi, un aparato super vintage con una est\u00e9tica muy cuidada con toda la caja exterior de madera en buen estado.<\/p>\n<div class=\"lRu31\" dir=\"ltr\"><span class=\"HwtZe\" lang=\"es\"><span class=\"jCAhz ChMk0b\"><span class=\"ryNqvb\">El modelo Sansui 8 incorpora una etapa de entrada de alta sensibilidad que utiliza tres transistores MOSFET de doble puerta, de bajo ruido y alta calidad, junto con diodos protectores para sus amplificadores de RF y un amplificador mezclador.<\/span><\/span> <\/span><\/div>\n<div dir=\"ltr\"><\/div>\n<div class=\"lRu31\" dir=\"ltr\"><span class=\"HwtZe\" lang=\"es\"><span class=\"jCAhz ChMk0b\"><span class=\"ryNqvb\">Tambi\u00e9n cuenta con un amplificador de tres circuitos integrados para la secci\u00f3n de sintonizaci\u00f3n y un filtro de fuga de portadora multiplex de alta precisi\u00f3n.<\/span><\/span> <\/span><\/div>\n<div dir=\"ltr\"><\/div>\n<div class=\"lRu31\" dir=\"ltr\">\n<p><span class=\"HwtZe\" lang=\"es\"><span class=\"jCAhz\"><span class=\"ryNqvb\">Otras caracter\u00edsticas incluyen un interruptor y regulador de silenciamiento de FM, una escala lineal de FM, dos grandes medidores de sintonizaci\u00f3n y un circuito de sintonizaci\u00f3n de AM con transistores FET.<\/span><\/span><\/span><\/p>\n<div class=\"OvtS8d\"><\/div>\n<div class=\"NQSJo\">Todos nuestros aparatos est\u00e1n revisados respetando escrupulosamente las caracter\u00edsticas originales del fabricante.<\/div>\n<div><\/div>\n<\/div>\n<p>Incluido el mantenimiento previo de nuestros t\u00e9cnicos para dejar el aparato en \u00f3ptimas condiciones.<\/p>\n<p><strong>Especificaciones<\/strong><\/p>\n<ul>\n<li>Tuning range: FM, MW<\/li>\n<li>Power output: 60 watts per channel into 8\u2126 (stereo)<\/li>\n<li>Frequency response: 10Hz to 40kHz<\/li>\n<li>Total harmonic distortion: 0.3%<\/li>\n<li>Damping factor: 60<\/li>\n<li>Input sensitivity: 2mV (MM), 180mV (DIN), 180mV (line)<\/li>\n<li>Signal to noise ratio: 70dB (MM), 80dB (line)<\/li>\n<li>Channel separation: 60dB (line)<\/li>\n<li>Output: 180mV (line), 30mV (DIN), 0.8V (Pre out)<\/li>\n<li>Speaker load impedance: 4\u2126 (minimum)<\/li>\n<li>Semiconductors: 5 x FET, 3 x IC, 77 x transistors, 41 x diodes, 4 x zener diodes<\/li>\n<li>Dimensions: 444 x 140 x 327mm<\/li>\n<li>Weight: 17kg<\/li>\n<li>Year: 1970<\/li>\n<\/ul>\n<p>Nuestro\u00a0<a href=\"https:\/\/www.darthy.com\/politica-de-envios-y-devoluciones\/\">servicio de entrega<\/a>\u00a0funciona cada d\u00eda con el fin de haceros llegar vuestros pedidos en 48 horas o menos.<\/p>\n<div id=\"tab-description\" class=\"woocommerce-Tabs-panel woocommerce-Tabs-panel--description panel entry-content wc-tab\" role=\"tabpanel\" aria-labelledby=\"tab-title-description\">\n<p>Con el prop\u00f3sito de que el materia llegue en las mejores condiciones, nuestro embalajes estan hechos con el m\u00e1ximo esmero, todos nuestros env\u00edos, tambi\u00e9n est\u00e1n asegurados en caso de extravio o rotura.<\/p>\n<p>Surely many of you know our physical store, many of the fans of Vintage HiFi and collecting has visited us. Because many of our friends can not visit us by distance, we decided to strengthen our website, so you can see our products almost coughing from your devices, so if you see something that may interest you, you can place your orders comfortably from your house.<\/p>\n<p>At the time of placing your order, we will make the shipment quickly so that you can enjoy it as soon as possible in your home.<\/p>\n<p>Our\u00a0<a href=\"https:\/\/www.darthy.com\/politica-de-envios-y-devoluciones\/\">delivery service<\/a>\u00a0works every day in order to send your orders in 48 hours or less. With the purpose that the material arrives in the best conditions, our packages are made with the utmost care, all our shipments are also insured in case of loss or breakage.<\/p>\n<\/div>\n<p>&nbsp;<\/p>\n","protected":false},"excerpt":{"rendered":"<p>Sansui Eight Receptor vintage en muy buen estado. Este amplificador con radio es un cl\u00e1sico del mundo Hifi, un aparato super vintage con una est\u00e9tica muy cuidada con toda la caja exterior de madera en buen estado. El modelo Sansui 8 incorpora una etapa de entrada de alta sensibilidad que utiliza tres transistores MOSFET de [&hellip;]<\/p>\n","protected":false},"featured_media":7303,"template":"","meta":{"_exactmetrics_skip_tracking":false,"_exactmetrics_sitenote_active":false,"_exactmetrics_sitenote_note":"","_exactmetrics_sitenote_category":0,"ocean_post_layout":"","ocean_both_sidebars_style":"","ocean_both_sidebars_content_width":0,"ocean_both_sidebars_sidebars_width":0,"ocean_sidebar":"0","ocean_second_sidebar":"0","ocean_disable_margins":"enable","ocean_add_body_class":"","ocean_shortcode_before_top_bar":"","ocean_shortcode_after_top_bar":"","ocean_shortcode_before_header":"","ocean_shortcode_after_header":"","ocean_has_shortcode":"","ocean_shortcode_after_title":"","ocean_shortcode_before_footer_widgets":"","ocean_shortcode_after_footer_widgets":"","ocean_shortcode_before_footer_bottom":"","ocean_shortcode_after_footer_bottom":"","ocean_display_top_bar":"default","ocean_display_header":"default","ocean_header_style":"","ocean_center_header_left_menu":"0","ocean_custom_header_template":"0","ocean_custom_logo":0,"ocean_custom_retina_logo":0,"ocean_custom_logo_max_width":0,"ocean_custom_logo_tablet_max_width":0,"ocean_custom_logo_mobile_max_width":0,"ocean_custom_logo_max_height":0,"ocean_custom_logo_tablet_max_height":0,"ocean_custom_logo_mobile_max_height":0,"ocean_header_custom_menu":"0","ocean_menu_typo_font_family":"0","ocean_menu_typo_font_subset":"","ocean_menu_typo_font_size":0,"ocean_menu_typo_font_size_tablet":0,"ocean_menu_typo_font_size_mobile":0,"ocean_menu_typo_font_size_unit":"px","ocean_menu_typo_font_weight":"","ocean_menu_typo_font_weight_tablet":"","ocean_menu_typo_font_weight_mobile":"","ocean_menu_typo_transform":"","ocean_menu_typo_transform_tablet":"","ocean_menu_typo_transform_mobile":"","ocean_menu_typo_line_height":0,"ocean_menu_typo_line_height_tablet":0,"ocean_menu_typo_line_height_mobile":0,"ocean_menu_typo_line_height_unit":"","ocean_menu_typo_spacing":0,"ocean_menu_typo_spacing_tablet":0,"ocean_menu_typo_spacing_mobile":0,"ocean_menu_typo_spacing_unit":"","ocean_menu_link_color":"","ocean_menu_link_color_hover":"","ocean_menu_link_color_active":"","ocean_menu_link_background":"","ocean_menu_link_hover_background":"","ocean_menu_link_active_background":"","ocean_menu_social_links_bg":"","ocean_menu_social_hover_links_bg":"","ocean_menu_social_links_color":"","ocean_menu_social_hover_links_color":"","ocean_disable_title":"default","ocean_disable_heading":"default","ocean_post_title":"","ocean_post_subheading":"","ocean_post_title_style":"","ocean_post_title_background_color":"","ocean_post_title_background":0,"ocean_post_title_bg_image_position":"","ocean_post_title_bg_image_attachment":"","ocean_post_title_bg_image_repeat":"","ocean_post_title_bg_image_size":"","ocean_post_title_height":0,"ocean_post_title_bg_overlay":0.5,"ocean_post_title_bg_overlay_color":"","ocean_disable_breadcrumbs":"default","ocean_breadcrumbs_color":"","ocean_breadcrumbs_separator_color":"","ocean_breadcrumbs_links_color":"","ocean_breadcrumbs_links_hover_color":"","ocean_display_footer_widgets":"default","ocean_display_footer_bottom":"default","ocean_custom_footer_template":"0"},"product_brand":[3907],"product_cat":[9,29],"product_tag":[2786,2611,284,198,3909,3908,285],"class_list":{"0":"post-7292","1":"product","2":"type-product","3":"status-publish","4":"has-post-thumbnail","6":"product_brand-sansui","7":"product_cat-amplificadores","8":"product_cat-radio","9":"product_tag-receiver","10":"product_tag-receptor","11":"product_tag-receptor-sansui","12":"product_tag-sansui","13":"product_tag-sansui-8","14":"product_tag-sansui-eight","15":"product_tag-sansui-receiver","16":"product_shipping_class-peso-10-a-30-kg","18":"entry","19":"has-media","21":"first","22":"instock","23":"sold-individually","24":"shipping-taxable","25":"purchasable","26":"product-type-simple","27":"has-product-nav","28":"col","29":"span_1_of_3","30":"owp-content-center","31":"owp-thumbs-layout-horizontal","32":"owp-btn-normal","33":"owp-tabs-layout-section"},"_links":{"self":[{"href":"https:\/\/www.darthy.com\/es_es\/wp-json\/wp\/v2\/product\/7292","targetHints":{"allow":["GET"]}}],"collection":[{"href":"https:\/\/www.darthy.com\/es_es\/wp-json\/wp\/v2\/product"}],"about":[{"href":"https:\/\/www.darthy.com\/es_es\/wp-json\/wp\/v2\/types\/product"}],"wp:featuredmedia":[{"embeddable":true,"href":"https:\/\/www.darthy.com\/es_es\/wp-json\/wp\/v2\/media\/7303"}],"wp:attachment":[{"href":"https:\/\/www.darthy.com\/es_es\/wp-json\/wp\/v2\/media?parent=7292"}],"wp:term":[{"taxonomy":"product_brand","embeddable":true,"href":"https:\/\/www.darthy.com\/es_es\/wp-json\/wp\/v2\/product_brand?post=7292"},{"taxonomy":"product_cat","embeddable":true,"href":"https:\/\/www.darthy.com\/es_es\/wp-json\/wp\/v2\/product_cat?post=7292"},{"taxonomy":"product_tag","embeddable":true,"href":"https:\/\/www.darthy.com\/es_es\/wp-json\/wp\/v2\/product_tag?post=7292"}],"curies":[{"name":"wp","href":"https:\/\/api.w.org\/{rel}","templated":true}]}}