{"id":7253,"date":"2026-03-19T14:22:23","date_gmt":"2026-03-19T14:22:23","guid":{"rendered":"https:\/\/www.darthy.com\/?post_type=product&#038;p=7253"},"modified":"2026-03-19T14:22:23","modified_gmt":"2026-03-19T14:22:23","slug":"sme-3009-series-iii","status":"publish","type":"product","link":"https:\/\/www.darthy.com\/es_es\/producto\/sme-3009-series-iii\/","title":{"rendered":"SME 3009 series III"},"content":{"rendered":"<h3>SME 3009 series III<\/h3>\n<p>Brazo tocadiscos vinatge en muy buen estado. Este modelo es un cl\u00e1sico de los brazos para tocadiscos de alta gama.<\/p>\n<p>Incluye caja, accesorios y instrucciones de uso 100% originales.<\/p>\n<div class=\"lRu31\" dir=\"ltr\"><span class=\"HwtZe\" lang=\"es\"><span class=\"jCAhz ChMk0b\"><span class=\"ryNqvb\">Brazo cl\u00e1sico en forma de J de 9&#8243; con rodamientos de filo de cuchilla. Voladizo, fuerza de seguimiento vertical, antipatinaje y altura del brazo ajustables. Los modelos posteriores incorporaban amortiguaci\u00f3n fluida opcional.\u00a0<\/span><\/span><\/span><\/div>\n<div dir=\"ltr\"><\/div>\n<div class=\"lRu31\" dir=\"ltr\"><span class=\"HwtZe\" lang=\"es\"><span class=\"jCAhz ChMk0b\"><span class=\"ryNqvb\"> La sensibilidad y la robustez se combinan con la versatilidad para garantizar la continua popularidad del 3009. Fabricado con los m\u00e1s altos est\u00e1ndares de calidad para instrumentos musicales, el SME 3009 cuenta con todas sus piezas mecanizadas con precisi\u00f3n, tratadas t\u00e9rmicamente y rectificadas donde sea necesario. Acabado en cromo satinado, negro metalizado y acero inoxidable pulido. Un sistema de contrapesos \u00fanico permite equilibrar el brazo longitudinal y lateralmente. Esta importante caracter\u00edstica elimina la necesidad de nivelaci\u00f3n. Reproducci\u00f3n garantizada.<\/span><\/span> <span class=\"jCAhz ChMk0b\"><span class=\"ryNqvb\">No se ve afectado incluso si el brazo y el plato giratorio se inclinan 30 grados con respecto a la horizontal, lo que demuestra el excelente contacto que se mantiene con las ranuras.<\/span><\/span> <\/span><\/div>\n<div dir=\"ltr\"><\/div>\n<div class=\"lRu31\" dir=\"ltr\">\n<p><span class=\"HwtZe\" lang=\"es\"><span class=\"jCAhz JpY6Fd\"><span class=\"ryNqvb\">Los modelos 3009 y 3012 tienen una construcci\u00f3n similar, con la diferencia esencial en la longitud del brazo.<\/span><\/span><\/span><\/p>\n<div class=\"OvtS8d\"><\/div>\n<div class=\"NQSJo\"><\/div>\n<\/div>\n<div dir=\"ltr\">\n<p>Todos nuestros aparatos est\u00e1n revisados respetando escrupulosamente las caracter\u00edsticas originales del fabricante.<\/p>\n<p>Incluido el mantenimiento previo de nuestros t\u00e9cnicos para dejar el aparato en \u00f3ptimas condiciones.<\/p>\n<p>Nuestro\u00a0<a href=\"https:\/\/www.darthy.com\/politica-de-envios-y-devoluciones\/\">servicio de entrega<\/a>\u00a0funciona cada d\u00eda con el fin de haceros llegar vuestros pedidos en 48 horas o menos.<\/p>\n<div id=\"tab-description\" class=\"woocommerce-Tabs-panel woocommerce-Tabs-panel--description panel entry-content wc-tab\" role=\"tabpanel\" aria-labelledby=\"tab-title-description\">\n<p>Con el prop\u00f3sito de que el materia llegue en las mejores condiciones, nuestro embalajes estan hechos con el m\u00e1ximo esmero, todos nuestros env\u00edos, tambi\u00e9n est\u00e1n asegurados en caso de extravio o rotura.<\/p>\n<p>Surely many of you know our physical store, many of the fans of Vintage HiFi and collecting has visited us. Because many of our friends can not visit us by distance, we decided to strengthen our website, so you can see our products almost coughing from your devices, so if you see something that may interest you, you can place your orders comfortably from your house.<\/p>\n<p>At the time of placing your order, we will make the shipment quickly so that you can enjoy it as soon as possible in your home.<\/p>\n<p>Our\u00a0<a href=\"https:\/\/www.darthy.com\/politica-de-envios-y-devoluciones\/\">delivery service<\/a>\u00a0works every day in order to send your orders in 48 hours or less. With the purpose that the material arrives in the best conditions, our packages are made with the utmost care, all our shipments are also insured in case of loss or breakage.<\/p>\n<\/div>\n<\/div>\n<div class=\"UdTY9 WdefRb\" aria-hidden=\"true\" data-location=\"2\">\n<div class=\"kO6q6e\"><\/div>\n<\/div>\n<p>&nbsp;<\/p>\n","protected":false},"excerpt":{"rendered":"<p>SME 3009 series III Brazo tocadiscos vinatge en muy buen estado. Este modelo es un cl\u00e1sico de los brazos para tocadiscos de alta gama. Incluye caja, accesorios y instrucciones de uso 100% originales. Brazo cl\u00e1sico en forma de J de 9&#8243; con rodamientos de filo de cuchilla. Voladizo, fuerza de seguimiento vertical, antipatinaje y altura [&hellip;]<\/p>\n","protected":false},"featured_media":7268,"template":"","meta":{"_exactmetrics_skip_tracking":false,"_exactmetrics_sitenote_active":false,"_exactmetrics_sitenote_note":"","_exactmetrics_sitenote_category":0,"ocean_post_layout":"","ocean_both_sidebars_style":"","ocean_both_sidebars_content_width":0,"ocean_both_sidebars_sidebars_width":0,"ocean_sidebar":"0","ocean_second_sidebar":"0","ocean_disable_margins":"enable","ocean_add_body_class":"","ocean_shortcode_before_top_bar":"","ocean_shortcode_after_top_bar":"","ocean_shortcode_before_header":"","ocean_shortcode_after_header":"","ocean_has_shortcode":"","ocean_shortcode_after_title":"","ocean_shortcode_before_footer_widgets":"","ocean_shortcode_after_footer_widgets":"","ocean_shortcode_before_footer_bottom":"","ocean_shortcode_after_footer_bottom":"","ocean_display_top_bar":"default","ocean_display_header":"default","ocean_header_style":"","ocean_center_header_left_menu":"0","ocean_custom_header_template":"0","ocean_custom_logo":0,"ocean_custom_retina_logo":0,"ocean_custom_logo_max_width":0,"ocean_custom_logo_tablet_max_width":0,"ocean_custom_logo_mobile_max_width":0,"ocean_custom_logo_max_height":0,"ocean_custom_logo_tablet_max_height":0,"ocean_custom_logo_mobile_max_height":0,"ocean_header_custom_menu":"0","ocean_menu_typo_font_family":"0","ocean_menu_typo_font_subset":"","ocean_menu_typo_font_size":0,"ocean_menu_typo_font_size_tablet":0,"ocean_menu_typo_font_size_mobile":0,"ocean_menu_typo_font_size_unit":"px","ocean_menu_typo_font_weight":"","ocean_menu_typo_font_weight_tablet":"","ocean_menu_typo_font_weight_mobile":"","ocean_menu_typo_transform":"","ocean_menu_typo_transform_tablet":"","ocean_menu_typo_transform_mobile":"","ocean_menu_typo_line_height":0,"ocean_menu_typo_line_height_tablet":0,"ocean_menu_typo_line_height_mobile":0,"ocean_menu_typo_line_height_unit":"","ocean_menu_typo_spacing":0,"ocean_menu_typo_spacing_tablet":0,"ocean_menu_typo_spacing_mobile":0,"ocean_menu_typo_spacing_unit":"","ocean_menu_link_color":"","ocean_menu_link_color_hover":"","ocean_menu_link_color_active":"","ocean_menu_link_background":"","ocean_menu_link_hover_background":"","ocean_menu_link_active_background":"","ocean_menu_social_links_bg":"","ocean_menu_social_hover_links_bg":"","ocean_menu_social_links_color":"","ocean_menu_social_hover_links_color":"","ocean_disable_title":"default","ocean_disable_heading":"default","ocean_post_title":"","ocean_post_subheading":"","ocean_post_title_style":"","ocean_post_title_background_color":"","ocean_post_title_background":0,"ocean_post_title_bg_image_position":"","ocean_post_title_bg_image_attachment":"","ocean_post_title_bg_image_repeat":"","ocean_post_title_bg_image_size":"","ocean_post_title_height":0,"ocean_post_title_bg_overlay":0.5,"ocean_post_title_bg_overlay_color":"","ocean_disable_breadcrumbs":"default","ocean_breadcrumbs_color":"","ocean_breadcrumbs_separator_color":"","ocean_breadcrumbs_links_color":"","ocean_breadcrumbs_links_hover_color":"","ocean_display_footer_widgets":"default","ocean_display_footer_bottom":"default","ocean_custom_footer_template":"0"},"product_brand":[3893],"product_cat":[10],"product_tag":[2885,502,3894,319,208,206],"class_list":{"0":"post-7253","1":"product","2":"type-product","3":"status-publish","4":"has-post-thumbnail","6":"product_brand-sme","7":"product_cat-tocadiscos","8":"product_tag-brazo-tocadiscos","9":"product_tag-sme-3009","10":"product_tag-sme-3009-series-3","11":"product_tag-sme-3009-series-iii","12":"product_tag-tocadiscos","13":"product_tag-turntable","14":"product_shipping_class-peso-0-a-1-kg","16":"entry","17":"has-media","19":"first","20":"instock","21":"sold-individually","22":"shipping-taxable","23":"purchasable","24":"product-type-simple","25":"has-product-nav","26":"col","27":"span_1_of_3","28":"owp-content-center","29":"owp-thumbs-layout-horizontal","30":"owp-btn-normal","31":"owp-tabs-layout-section"},"_links":{"self":[{"href":"https:\/\/www.darthy.com\/es_es\/wp-json\/wp\/v2\/product\/7253","targetHints":{"allow":["GET"]}}],"collection":[{"href":"https:\/\/www.darthy.com\/es_es\/wp-json\/wp\/v2\/product"}],"about":[{"href":"https:\/\/www.darthy.com\/es_es\/wp-json\/wp\/v2\/types\/product"}],"wp:featuredmedia":[{"embeddable":true,"href":"https:\/\/www.darthy.com\/es_es\/wp-json\/wp\/v2\/media\/7268"}],"wp:attachment":[{"href":"https:\/\/www.darthy.com\/es_es\/wp-json\/wp\/v2\/media?parent=7253"}],"wp:term":[{"taxonomy":"product_brand","embeddable":true,"href":"https:\/\/www.darthy.com\/es_es\/wp-json\/wp\/v2\/product_brand?post=7253"},{"taxonomy":"product_cat","embeddable":true,"href":"https:\/\/www.darthy.com\/es_es\/wp-json\/wp\/v2\/product_cat?post=7253"},{"taxonomy":"product_tag","embeddable":true,"href":"https:\/\/www.darthy.com\/es_es\/wp-json\/wp\/v2\/product_tag?post=7253"}],"curies":[{"name":"wp","href":"https:\/\/api.w.org\/{rel}","templated":true}]}}