{"id":7118,"date":"2026-02-24T12:26:06","date_gmt":"2026-02-24T12:26:06","guid":{"rendered":"https:\/\/www.darthy.com\/?post_type=product&#038;p=7118"},"modified":"2026-03-27T17:28:41","modified_gmt":"2026-03-27T17:28:41","slug":"thorens-td-104","status":"publish","type":"product","link":"https:\/\/www.darthy.com\/es_es\/producto\/thorens-td-104\/","title":{"rendered":"THORENS TD 104"},"content":{"rendered":"<h3>Thorens TD 104<\/h3>\n<p>Tocadiscos vintage de la reconocida marca Thorens en muy buen estado. Este aparato tiene unas caracter\u00edsticas para ser clasificado como gama alta.<\/p>\n<p><span class=\"HwtZe\" lang=\"es\"><span class=\"jCAhz ChMk0b\"><span class=\"ryNqvb\">El tocadiscos semiautom\u00e1tico de alta fidelidad Thorens TD104 incorpora caracter\u00edsticas t\u00e9cnicas avanzadas para ofrecer un rendimiento de vanguardia.<\/span><\/span><span class=\"jCAhz ChMk0b\"><span class=\"ryNqvb\"> Incorpora un sistema de suspensi\u00f3n especial Thorens para el chasis flotante.<\/span><\/span><span class=\"jCAhz ChMk0b\"><span class=\"ryNqvb\"> El exclusivo brazo fonocaptor Isotrack, con rodamientos de precisi\u00f3n y construcci\u00f3n de bajo peso, permite obtener caracter\u00edsticas de seguimiento \u00f3ptimas con c\u00e1psulas de c\u00e1psula modernas.<\/span><\/span><span class=\"jCAhz JpY6Fd\"><span class=\"ryNqvb\"> Todas las funciones del TD 104 se activan mediante teclas de conmutaci\u00f3n electr\u00f3nicas para una m\u00e1xima comodidad de uso.<\/span><\/span><\/span><\/p>\n<p>Incluye el cable alimentador original y la caja original.<\/p>\n<p>Fabricado en Alemania.<\/p>\n<p>Todos nuestros aparatos est\u00e1n revisados respetando escrupulosamente las caracter\u00edsticas originales del fabricante.<\/p>\n<p>Incluido el mantenimiento previo de nuestros t\u00e9cnicos para dejar el aparato en \u00f3ptimas condiciones.<\/p>\n<p><strong>Especificaciones<\/strong><\/p>\n<ul>\n<li>Drive method: belt drive<\/li>\n<li>Speeds: 33 and 45rpm<\/li>\n<li>Speed control: electronic<\/li>\n<li>Pitch control: +-6%<\/li>\n<li>Platter: 1.6kg, 300mm, zinc alloy<\/li>\n<li>Wow and flutter: 0.05%<\/li>\n<li>Rumble: 65dB<\/li>\n<li>Tonearm effective length: 222mm<\/li>\n<li>Effective mass: 7.5g<\/li>\n<li>Overhang: 15.5mm<\/li>\n<li>Offset angle: 23 degrees<\/li>\n<li>Dimensions: 435 x 125 x 355mm<\/li>\n<li>Weight: 5.5kg<\/li>\n<\/ul>\n<div id=\"tab-description\" class=\"woocommerce-Tabs-panel woocommerce-Tabs-panel--description panel entry-content wc-tab\" role=\"tabpanel\" aria-labelledby=\"tab-title-description\">\n<p>Nuestro\u00a0<a href=\"https:\/\/www.darthy.com\/politica-de-envios-y-devoluciones\/\">servicio de entrega<\/a>\u00a0funciona cada d\u00eda con el fin de haceros llegar vuestros pedidos en 48 horas o menos.<\/p>\n<div id=\"tab-description\" class=\"woocommerce-Tabs-panel woocommerce-Tabs-panel--description panel entry-content wc-tab\" role=\"tabpanel\" aria-labelledby=\"tab-title-description\">\n<p>Con el prop\u00f3sito de que el materia llegue en las mejores condiciones, nuestro embalajes estan hechos con el m\u00e1ximo esmero, todos nuestros env\u00edos, tambi\u00e9n est\u00e1n asegurados en caso de extravio o rotura.<\/p>\n<p>Surely many of you know our physical store, many of the fans of Vintage HiFi and collecting has visited us. Because many of our friends can not visit us by distance, we decided to strengthen our website, so you can see our products almost coughing from your devices, so if you see something that may interest you, you can place your orders comfortably from your house.<\/p>\n<p>At the time of placing your order, we will make the shipment quickly so that you can enjoy it as soon as possible in your home.<\/p>\n<p>Our\u00a0<a href=\"https:\/\/www.darthy.com\/politica-de-envios-y-devoluciones\/\">delivery service<\/a>\u00a0works every day in order to send your orders in 48 hours or less. With the purpose that the material arrives in the best conditions, our packages are made with the utmost care, all our shipments are also insured in case of loss or breakage.<\/p>\n<\/div>\n<\/div>\n","protected":false},"excerpt":{"rendered":"<p>Thorens TD 104 Tocadiscos vintage de la reconocida marca Thorens en muy buen estado. Este aparato tiene unas caracter\u00edsticas para ser clasificado como gama alta. El tocadiscos semiautom\u00e1tico de alta fidelidad Thorens TD104 incorpora caracter\u00edsticas t\u00e9cnicas avanzadas para ofrecer un rendimiento de vanguardia. Incorpora un sistema de suspensi\u00f3n especial Thorens para el chasis flotante. El [&hellip;]<\/p>\n","protected":false},"featured_media":7154,"template":"","meta":{"_exactmetrics_skip_tracking":false,"_exactmetrics_sitenote_active":false,"_exactmetrics_sitenote_note":"","_exactmetrics_sitenote_category":0,"ocean_post_layout":"","ocean_both_sidebars_style":"","ocean_both_sidebars_content_width":0,"ocean_both_sidebars_sidebars_width":0,"ocean_sidebar":"0","ocean_second_sidebar":"0","ocean_disable_margins":"enable","ocean_add_body_class":"","ocean_shortcode_before_top_bar":"","ocean_shortcode_after_top_bar":"","ocean_shortcode_before_header":"","ocean_shortcode_after_header":"","ocean_has_shortcode":"","ocean_shortcode_after_title":"","ocean_shortcode_before_footer_widgets":"","ocean_shortcode_after_footer_widgets":"","ocean_shortcode_before_footer_bottom":"","ocean_shortcode_after_footer_bottom":"","ocean_display_top_bar":"default","ocean_display_header":"default","ocean_header_style":"","ocean_center_header_left_menu":"0","ocean_custom_header_template":"0","ocean_custom_logo":0,"ocean_custom_retina_logo":0,"ocean_custom_logo_max_width":0,"ocean_custom_logo_tablet_max_width":0,"ocean_custom_logo_mobile_max_width":0,"ocean_custom_logo_max_height":0,"ocean_custom_logo_tablet_max_height":0,"ocean_custom_logo_mobile_max_height":0,"ocean_header_custom_menu":"0","ocean_menu_typo_font_family":"0","ocean_menu_typo_font_subset":"","ocean_menu_typo_font_size":0,"ocean_menu_typo_font_size_tablet":0,"ocean_menu_typo_font_size_mobile":0,"ocean_menu_typo_font_size_unit":"px","ocean_menu_typo_font_weight":"","ocean_menu_typo_font_weight_tablet":"","ocean_menu_typo_font_weight_mobile":"","ocean_menu_typo_transform":"","ocean_menu_typo_transform_tablet":"","ocean_menu_typo_transform_mobile":"","ocean_menu_typo_line_height":0,"ocean_menu_typo_line_height_tablet":0,"ocean_menu_typo_line_height_mobile":0,"ocean_menu_typo_line_height_unit":"","ocean_menu_typo_spacing":0,"ocean_menu_typo_spacing_tablet":0,"ocean_menu_typo_spacing_mobile":0,"ocean_menu_typo_spacing_unit":"","ocean_menu_link_color":"","ocean_menu_link_color_hover":"","ocean_menu_link_color_active":"","ocean_menu_link_background":"","ocean_menu_link_hover_background":"","ocean_menu_link_active_background":"","ocean_menu_social_links_bg":"","ocean_menu_social_hover_links_bg":"","ocean_menu_social_links_color":"","ocean_menu_social_hover_links_color":"","ocean_disable_title":"default","ocean_disable_heading":"default","ocean_post_title":"","ocean_post_subheading":"","ocean_post_title_style":"","ocean_post_title_background_color":"","ocean_post_title_background":0,"ocean_post_title_bg_image_position":"","ocean_post_title_bg_image_attachment":"","ocean_post_title_bg_image_repeat":"","ocean_post_title_bg_image_size":"","ocean_post_title_height":0,"ocean_post_title_bg_overlay":0.5,"ocean_post_title_bg_overlay_color":"","ocean_disable_breadcrumbs":"default","ocean_breadcrumbs_color":"","ocean_breadcrumbs_separator_color":"","ocean_breadcrumbs_links_color":"","ocean_breadcrumbs_links_hover_color":"","ocean_display_footer_widgets":"default","ocean_display_footer_bottom":"default","ocean_custom_footer_template":"0"},"product_brand":[3648],"product_cat":[41],"product_tag":[50,3813,3814,3007,208,1925,206],"class_list":{"0":"post-7118","1":"product","2":"type-product","3":"status-publish","4":"has-post-thumbnail","6":"product_brand-thorens","7":"product_cat-archivo","8":"product_tag-thorens","9":"product_tag-thorens-td-104","10":"product_tag-thorens-td104","11":"product_tag-thorens-turntable","12":"product_tag-tocadiscos","13":"product_tag-tocadiscos-thorens","14":"product_tag-turntable","15":"product_shipping_class-peso-5-a-10-kg","17":"entry","18":"has-media","20":"first","21":"outofstock","22":"sold-individually","23":"shipping-taxable","24":"purchasable","25":"product-type-simple","26":"has-product-nav","27":"col","28":"span_1_of_3","29":"owp-content-center","30":"owp-thumbs-layout-horizontal","31":"owp-btn-normal","32":"owp-tabs-layout-section"},"_links":{"self":[{"href":"https:\/\/www.darthy.com\/es_es\/wp-json\/wp\/v2\/product\/7118","targetHints":{"allow":["GET"]}}],"collection":[{"href":"https:\/\/www.darthy.com\/es_es\/wp-json\/wp\/v2\/product"}],"about":[{"href":"https:\/\/www.darthy.com\/es_es\/wp-json\/wp\/v2\/types\/product"}],"wp:featuredmedia":[{"embeddable":true,"href":"https:\/\/www.darthy.com\/es_es\/wp-json\/wp\/v2\/media\/7154"}],"wp:attachment":[{"href":"https:\/\/www.darthy.com\/es_es\/wp-json\/wp\/v2\/media?parent=7118"}],"wp:term":[{"taxonomy":"product_brand","embeddable":true,"href":"https:\/\/www.darthy.com\/es_es\/wp-json\/wp\/v2\/product_brand?post=7118"},{"taxonomy":"product_cat","embeddable":true,"href":"https:\/\/www.darthy.com\/es_es\/wp-json\/wp\/v2\/product_cat?post=7118"},{"taxonomy":"product_tag","embeddable":true,"href":"https:\/\/www.darthy.com\/es_es\/wp-json\/wp\/v2\/product_tag?post=7118"}],"curies":[{"name":"wp","href":"https:\/\/api.w.org\/{rel}","templated":true}]}}