{"id":7070,"date":"2026-02-10T14:55:30","date_gmt":"2026-02-10T14:55:30","guid":{"rendered":"https:\/\/www.darthy.com\/?post_type=product&#038;p=7070"},"modified":"2026-02-10T15:14:01","modified_gmt":"2026-02-10T15:14:01","slug":"olympus-om-1","status":"publish","type":"product","link":"https:\/\/www.darthy.com\/es_es\/producto\/olympus-om-1\/","title":{"rendered":"OLYMPUS OM-2"},"content":{"rendered":"<h3>Olympus OM-2<\/h3>\n<p>Todas nuestras c\u00e1maras retro vintage est\u00e1 en muy buen estado de funcionamiento. Esta c\u00e1mara vintage de la reconocida marca Olympus es un aparato para fotografia de coleccionismo.<\/p>\n<p>Negro Lente Olympus om-2 N con enrollador de potencia 2 y Zuiko 50 mm f\/1.4 &amp; T20 flash. Totalmente probado<br \/>\nEl om-2 N es una parte de la familia de Olympus OM. Este avanzado sistema de c\u00e1mara tiene toda una suite de complementos (incluso la zapato es una opci\u00f3n) c\u00e1mara que puede hacer de este el film de uno usted nunca m\u00e1s tendr\u00e1 que utilizar. Aqu\u00ed tienes todo lo que necesitas para fotograf\u00eda grave.<\/p>\n<p>Fabricado en Jap\u00f3n.<\/p>\n<p>Todos nuestros aparatos est\u00e1n revisados respetando escrupulosamente las caracter\u00edsticas originales del fabricante.<\/p>\n<p>Incluido el mantenimiento previo de nuestros t\u00e9cnicos para dejar el aparato en \u00f3ptimas condiciones.<\/p>\n<p><strong>Especificaciones<\/strong>:<\/p>\n<ul>\n<li>Sincronizaci\u00f3n: FP, X Switch Tipo de contacto, incorrecto flash prevenci\u00f3n.<\/li>\n<li>Control de exposici\u00f3n autom\u00e1tico: preferido de control de exposici\u00f3n autom\u00e1tico de apertura obturador electr\u00f3nico tipo. Sistema de medici\u00f3n de luz directa, center-weighted TTL para brillante, y averaging para condiciones de oscuridad. Rango de medici\u00f3n: Asa 100 de F1.2, acerca de 60 segundos a F16, 1\/1000 de segundo. (acerca de EV 5,5 \u2013 EV 18) (a temperatura normal y la humedad).<\/li>\n<li>Sensores de luz: 2 SBC sensores para medici\u00f3n de la Exposici\u00f3n Real y 2 CDs para informaci\u00f3n en modo autom\u00e1tico y manual.<\/li>\n<li>Grande Dial de compensaci\u00f3n de la Exposici\u00f3n: + \u2013 2EV (dentro de la gama de asa velocidad de pel\u00edcula)<\/li>\n<li>Autom\u00e1tico de la Exposici\u00f3n con flash: flash autom\u00e1tico TTL contactos para directa.<\/li>\n<li>Manual de la Exposici\u00f3n TTL Tipo.<\/li>\n<li>Sistema de medici\u00f3n: Full apertura centro medici\u00f3n de contrapeso.<\/li>\n<li>Rango de medici\u00f3n: ev1.5 \u2013 EV17 (con asa 100 F 1.2 Lente Est\u00e1ndar).<\/li>\n<li>Sensores Sensores de luz: 2 CDs. zero-method con aguja visibles en el visor.<\/li>\n<li>Ajuste de la velocidad de pel\u00edcula: Asa 12 \u2013 1600, B y dial de elevaci\u00f3n y giro de velocidad de pel\u00edcula.<\/li>\n<li>Auto\/Manual Selector de selecci\u00f3n: por palanca.<\/li>\n<li>Comprobar la bater\u00eda: comprobar la bater\u00eda Voltaje de la l\u00e1mpara LED (diodo emisor de luz) indica Full de 3 fases, carga empobrecido, y agotamiento de pilas. Bloqueo del obturador para limitar de drenaje.<\/li>\n<\/ul>\n<div id=\"tab-description\" class=\"woocommerce-Tabs-panel woocommerce-Tabs-panel--description panel entry-content wc-tab\" role=\"tabpanel\" aria-labelledby=\"tab-title-description\">\n<p>Nuestro\u00a0<a href=\"https:\/\/www.darthy.com\/politica-de-envios-y-devoluciones\/\">servicio de entrega<\/a>\u00a0funciona cada d\u00eda con el fin de haceros llegar vuestros pedidos en 48 horas o menos.<\/p>\n<div id=\"tab-description\" class=\"woocommerce-Tabs-panel woocommerce-Tabs-panel--description panel entry-content wc-tab\" role=\"tabpanel\" aria-labelledby=\"tab-title-description\">\n<p>Con el prop\u00f3sito de que el materia llegue en las mejores condiciones, nuestro embalajes estan hechos con el m\u00e1ximo esmero, todos nuestros env\u00edos, tambi\u00e9n est\u00e1n asegurados en caso de extravio o rotura.<\/p>\n<p>Surely many of you know our physical store, many of the fans of Vintage HiFi and collecting has visited us. Because many of our friends can not visit us by distance, we decided to strengthen our website, so you can see our products almost coughing from your devices, so if you see something that may interest you, you can place your orders comfortably from your house.<\/p>\n<p>At the time of placing your order, we will make the shipment quickly so that you can enjoy it as soon as possible in your home.<\/p>\n<p>Our\u00a0<a href=\"https:\/\/www.darthy.com\/politica-de-envios-y-devoluciones\/\">delivery service<\/a>\u00a0works every day in order to send your orders in 48 hours or less. With the purpose that the material arrives in the best conditions, our packages are made with the utmost care, all our shipments are also insured in case of loss or breakage.<\/p>\n<\/div>\n<\/div>\n","protected":false},"excerpt":{"rendered":"<p>Olympus OM-2 Todas nuestras c\u00e1maras retro vintage est\u00e1 en muy buen estado de funcionamiento. Esta c\u00e1mara vintage de la reconocida marca Olympus es un aparato para fotografia de coleccionismo. Negro Lente Olympus om-2 N con enrollador de potencia 2 y Zuiko 50 mm f\/1.4 &amp; T20 flash. Totalmente probado El om-2 N es una parte [&hellip;]<\/p>\n","protected":false},"featured_media":7062,"template":"","meta":{"_exactmetrics_skip_tracking":false,"_exactmetrics_sitenote_active":false,"_exactmetrics_sitenote_note":"","_exactmetrics_sitenote_category":0,"ocean_post_layout":"","ocean_both_sidebars_style":"","ocean_both_sidebars_content_width":0,"ocean_both_sidebars_sidebars_width":0,"ocean_sidebar":"0","ocean_second_sidebar":"0","ocean_disable_margins":"enable","ocean_add_body_class":"","ocean_shortcode_before_top_bar":"","ocean_shortcode_after_top_bar":"","ocean_shortcode_before_header":"","ocean_shortcode_after_header":"","ocean_has_shortcode":"","ocean_shortcode_after_title":"","ocean_shortcode_before_footer_widgets":"","ocean_shortcode_after_footer_widgets":"","ocean_shortcode_before_footer_bottom":"","ocean_shortcode_after_footer_bottom":"","ocean_display_top_bar":"default","ocean_display_header":"default","ocean_header_style":"","ocean_center_header_left_menu":"0","ocean_custom_header_template":"0","ocean_custom_logo":0,"ocean_custom_retina_logo":0,"ocean_custom_logo_max_width":0,"ocean_custom_logo_tablet_max_width":0,"ocean_custom_logo_mobile_max_width":0,"ocean_custom_logo_max_height":0,"ocean_custom_logo_tablet_max_height":0,"ocean_custom_logo_mobile_max_height":0,"ocean_header_custom_menu":"0","ocean_menu_typo_font_family":"0","ocean_menu_typo_font_subset":"","ocean_menu_typo_font_size":0,"ocean_menu_typo_font_size_tablet":0,"ocean_menu_typo_font_size_mobile":0,"ocean_menu_typo_font_size_unit":"px","ocean_menu_typo_font_weight":"","ocean_menu_typo_font_weight_tablet":"","ocean_menu_typo_font_weight_mobile":"","ocean_menu_typo_transform":"","ocean_menu_typo_transform_tablet":"","ocean_menu_typo_transform_mobile":"","ocean_menu_typo_line_height":0,"ocean_menu_typo_line_height_tablet":0,"ocean_menu_typo_line_height_mobile":0,"ocean_menu_typo_line_height_unit":"","ocean_menu_typo_spacing":0,"ocean_menu_typo_spacing_tablet":0,"ocean_menu_typo_spacing_mobile":0,"ocean_menu_typo_spacing_unit":"","ocean_menu_link_color":"","ocean_menu_link_color_hover":"","ocean_menu_link_color_active":"","ocean_menu_link_background":"","ocean_menu_link_hover_background":"","ocean_menu_link_active_background":"","ocean_menu_social_links_bg":"","ocean_menu_social_hover_links_bg":"","ocean_menu_social_links_color":"","ocean_menu_social_hover_links_color":"","ocean_disable_title":"default","ocean_disable_heading":"default","ocean_post_title":"","ocean_post_subheading":"","ocean_post_title_style":"","ocean_post_title_background_color":"","ocean_post_title_background":0,"ocean_post_title_bg_image_position":"","ocean_post_title_bg_image_attachment":"","ocean_post_title_bg_image_repeat":"","ocean_post_title_bg_image_size":"","ocean_post_title_height":0,"ocean_post_title_bg_overlay":0.5,"ocean_post_title_bg_overlay_color":"","ocean_disable_breadcrumbs":"default","ocean_breadcrumbs_color":"","ocean_breadcrumbs_separator_color":"","ocean_breadcrumbs_links_color":"","ocean_breadcrumbs_links_hover_color":"","ocean_display_footer_widgets":"default","ocean_display_footer_bottom":"default","ocean_custom_footer_template":"0"},"product_brand":[3782],"product_cat":[36,37],"product_tag":[3787,2802,2810,171,3788,3789,3790],"class_list":{"0":"post-7070","1":"product","2":"type-product","3":"status-publish","4":"has-post-thumbnail","6":"product_brand-olympus","7":"product_cat-fotografia","8":"product_cat-camaras","9":"product_tag-camara","10":"product_tag-camara-fotografica","11":"product_tag-fotografia","12":"product_tag-olympus","13":"product_tag-olympus-om-1","14":"product_tag-olympus-om1","15":"product_tag-photocamera","16":"product_shipping_class-peso-0-a-1-kg","18":"entry","19":"has-media","21":"first","22":"instock","23":"sold-individually","24":"shipping-taxable","25":"purchasable","26":"product-type-simple","27":"has-product-nav","28":"col","29":"span_1_of_3","30":"owp-content-center","31":"owp-thumbs-layout-horizontal","32":"owp-btn-normal","33":"owp-tabs-layout-section"},"_links":{"self":[{"href":"https:\/\/www.darthy.com\/es_es\/wp-json\/wp\/v2\/product\/7070","targetHints":{"allow":["GET"]}}],"collection":[{"href":"https:\/\/www.darthy.com\/es_es\/wp-json\/wp\/v2\/product"}],"about":[{"href":"https:\/\/www.darthy.com\/es_es\/wp-json\/wp\/v2\/types\/product"}],"wp:featuredmedia":[{"embeddable":true,"href":"https:\/\/www.darthy.com\/es_es\/wp-json\/wp\/v2\/media\/7062"}],"wp:attachment":[{"href":"https:\/\/www.darthy.com\/es_es\/wp-json\/wp\/v2\/media?parent=7070"}],"wp:term":[{"taxonomy":"product_brand","embeddable":true,"href":"https:\/\/www.darthy.com\/es_es\/wp-json\/wp\/v2\/product_brand?post=7070"},{"taxonomy":"product_cat","embeddable":true,"href":"https:\/\/www.darthy.com\/es_es\/wp-json\/wp\/v2\/product_cat?post=7070"},{"taxonomy":"product_tag","embeddable":true,"href":"https:\/\/www.darthy.com\/es_es\/wp-json\/wp\/v2\/product_tag?post=7070"}],"curies":[{"name":"wp","href":"https:\/\/api.w.org\/{rel}","templated":true}]}}