{"id":7067,"date":"2026-02-10T16:04:29","date_gmt":"2026-02-10T16:04:29","guid":{"rendered":"https:\/\/www.darthy.com\/?post_type=product&#038;p=7067"},"modified":"2026-02-10T16:05:27","modified_gmt":"2026-02-10T16:05:27","slug":"olympus-quick-auto-310","status":"publish","type":"product","link":"https:\/\/www.darthy.com\/es_es\/producto\/olympus-quick-auto-310\/","title":{"rendered":"OLYMPUS QUICK AUTO 310"},"content":{"rendered":"<h3>Olympus Quick Auto 310<\/h3>\n<p>Flash vintage de la reconocida marca Olympus en buen estado con las marcas t\u00edpicas del paso del tiempo.<\/p>\n<p>Fabricado en Jap\u00f3n.<\/p>\n<p>Incluye instrucciones de uso.<\/p>\n<p>Todos nuestros aparatos est\u00e1n revisados respetando escrupulosamente las caracter\u00edsticas originales del fabricante.<\/p>\n<p>Incluido el mantenimiento previo de nuestros t\u00e9cnicos para dejar el aparato en \u00f3ptimas condiciones.<\/p>\n<p><strong>Especificaciones<\/strong><\/p>\n<ul>\n<li><span style=\"font-family: Trebucht MS, Arial, helvetica;\">Type: Energy-saving, series-circuit type TTL automatic exposure.<\/span><\/li>\n<li><span style=\"font-family: Trebucht MS, Arial, helvetica;\">Guide Number: 34 (m, ASA 100)<\/span><\/li>\n<li><span style=\"font-family: Trebucht MS, Arial, helvetica;\">Connection to camera: Mechanical: clip-on type (via accessory shoe) or grip type (via Bounce Grip). Electrical: Direct contact (hot shoe), or via Synchro Cord or TTL Auto Cord 0.6m.<\/span><\/li>\n<li><span style=\"font-family: Trebucht MS, Arial, helvetica;\">Dial setting: TTL Auto \/ Normal Auto \/ Manual rotating dial.<\/span><\/li>\n<li><span style=\"font-family: Trebucht MS, Arial, helvetica;\">Coverage angle: 50\u00b0 vertical, 80\u00b0 horizontal<\/span><\/li>\n<li><span style=\"font-family: Trebucht MS, Arial, helvetica;\">TTL AUTO: Aperture setting: continuous, accords with aperture ring setting of camera-linked lens. Working range: 0.25m-23m (100 ASA, F1.2 lens). Bounce flash: Bounce Grip + TTL Auto Cord 0.6m.<\/span><\/li>\n<li><span style=\"font-family: Trebucht MS, Arial, helvetica;\">NORMAL AUTO: Aperture setting: Choice of three apertures (F4, F5.6, F8 at 100 ASA). Working range: 0.5m-8.5m (100 ASA). Bounce flash: Bounce Grip +<\/span><\/li>\n<li><span style=\"font-family: Trebucht MS, Arial, helvetica;\">Remote Sensor (Sensor Acceptance angle: approx. 20\u00b0).<\/span><\/li>\n<li><span style=\"font-family: Trebucht MS, Arial, helvetica;\">Flash duration: 1\/40.000~1\/1000 sec. <\/span><\/li>\n<li><span style=\"font-family: Trebucht MS, Arial, helvetica;\">Recycling time: 0.2-12 sec. with AA Alkaline batteries.<\/span><\/li>\n<li><span style=\"font-family: Trebucht MS, Arial, helvetica;\">Flashes per set of AA Alkaline batteries: 100~400 on Normal and TTL Auto modes.<\/span><\/li>\n<li><span style=\"font-family: Trebucht MS, Arial, helvetica;\">Color temperature: 5800\u00b0K.<\/span><\/li>\n<li><span style=\"font-family: Trebucht MS, Arial, helvetica;\">Manual flash guide numbers: HI-GN 34 (ASA 100, m); LOW-GN 17 (ASA 100, m).<\/span><\/li>\n<li><span style=\"font-family: Trebucht MS, Arial, helvetica;\">Power Sources: 4x 1.5V AA batteries<\/span><span style=\"color: #ff0000; font-family: Trebucht MS, Arial, helvetica;\">*<\/span><span style=\"font-family: Trebucht MS, Arial, helvetica;\">; 315V Power Pack<\/span><\/li>\n<li><span style=\"font-family: Trebucht MS, Arial, helvetica;\">Dimensions: 99mm x 80mm x 73mm, <\/span><\/li>\n<li><span style=\"font-family: Trebucht MS, Arial, helvetica;\">Weight: 330g excluding batteries.<br \/>\n<\/span><\/li>\n<\/ul>\n<div id=\"tab-description\" class=\"woocommerce-Tabs-panel woocommerce-Tabs-panel--description panel entry-content wc-tab\" role=\"tabpanel\" aria-labelledby=\"tab-title-description\">\n<p>Nuestro\u00a0<a href=\"https:\/\/www.darthy.com\/politica-de-envios-y-devoluciones\/\">servicio de entrega<\/a>\u00a0funciona cada d\u00eda con el fin de haceros llegar vuestros pedidos en 48 horas o menos.<\/p>\n<div id=\"tab-description\" class=\"woocommerce-Tabs-panel woocommerce-Tabs-panel--description panel entry-content wc-tab\" role=\"tabpanel\" aria-labelledby=\"tab-title-description\">\n<p>Con el prop\u00f3sito de que el materia llegue en las mejores condiciones, nuestro embalajes estan hechos con el m\u00e1ximo esmero, todos nuestros env\u00edos, tambi\u00e9n est\u00e1n asegurados en caso de extravio o rotura.<\/p>\n<p>Surely many of you know our physical store, many of the fans of Vintage HiFi and collecting has visited us. Because many of our friends can not visit us by distance, we decided to strengthen our website, so you can see our products almost coughing from your devices, so if you see something that may interest you, you can place your orders comfortably from your house.<\/p>\n<p>At the time of placing your order, we will make the shipment quickly so that you can enjoy it as soon as possible in your home.<\/p>\n<p>Our\u00a0<a href=\"https:\/\/www.darthy.com\/politica-de-envios-y-devoluciones\/\">delivery service<\/a>\u00a0works every day in order to send your orders in 48 hours or less. With the purpose that the material arrives in the best conditions, our packages are made with the utmost care, all our shipments are also insured in case of loss or breakage.<\/p>\n<\/div>\n<\/div>\n","protected":false},"excerpt":{"rendered":"<p>Olympus Quick Auto 310 Flash vintage de la reconocida marca Olympus en buen estado con las marcas t\u00edpicas del paso del tiempo. Fabricado en Jap\u00f3n. Incluye instrucciones de uso. Todos nuestros aparatos est\u00e1n revisados respetando escrupulosamente las caracter\u00edsticas originales del fabricante. Incluido el mantenimiento previo de nuestros t\u00e9cnicos para dejar el aparato en \u00f3ptimas condiciones. [&hellip;]<\/p>\n","protected":false},"featured_media":7088,"template":"","meta":{"_exactmetrics_skip_tracking":false,"_exactmetrics_sitenote_active":false,"_exactmetrics_sitenote_note":"","_exactmetrics_sitenote_category":0,"ocean_post_layout":"","ocean_both_sidebars_style":"","ocean_both_sidebars_content_width":0,"ocean_both_sidebars_sidebars_width":0,"ocean_sidebar":"0","ocean_second_sidebar":"0","ocean_disable_margins":"enable","ocean_add_body_class":"","ocean_shortcode_before_top_bar":"","ocean_shortcode_after_top_bar":"","ocean_shortcode_before_header":"","ocean_shortcode_after_header":"","ocean_has_shortcode":"","ocean_shortcode_after_title":"","ocean_shortcode_before_footer_widgets":"","ocean_shortcode_after_footer_widgets":"","ocean_shortcode_before_footer_bottom":"","ocean_shortcode_after_footer_bottom":"","ocean_display_top_bar":"default","ocean_display_header":"default","ocean_header_style":"","ocean_center_header_left_menu":"0","ocean_custom_header_template":"0","ocean_custom_logo":0,"ocean_custom_retina_logo":0,"ocean_custom_logo_max_width":0,"ocean_custom_logo_tablet_max_width":0,"ocean_custom_logo_mobile_max_width":0,"ocean_custom_logo_max_height":0,"ocean_custom_logo_tablet_max_height":0,"ocean_custom_logo_mobile_max_height":0,"ocean_header_custom_menu":"0","ocean_menu_typo_font_family":"0","ocean_menu_typo_font_subset":"","ocean_menu_typo_font_size":0,"ocean_menu_typo_font_size_tablet":0,"ocean_menu_typo_font_size_mobile":0,"ocean_menu_typo_font_size_unit":"px","ocean_menu_typo_font_weight":"","ocean_menu_typo_font_weight_tablet":"","ocean_menu_typo_font_weight_mobile":"","ocean_menu_typo_transform":"","ocean_menu_typo_transform_tablet":"","ocean_menu_typo_transform_mobile":"","ocean_menu_typo_line_height":0,"ocean_menu_typo_line_height_tablet":0,"ocean_menu_typo_line_height_mobile":0,"ocean_menu_typo_line_height_unit":"","ocean_menu_typo_spacing":0,"ocean_menu_typo_spacing_tablet":0,"ocean_menu_typo_spacing_mobile":0,"ocean_menu_typo_spacing_unit":"","ocean_menu_link_color":"","ocean_menu_link_color_hover":"","ocean_menu_link_color_active":"","ocean_menu_link_background":"","ocean_menu_link_hover_background":"","ocean_menu_link_active_background":"","ocean_menu_social_links_bg":"","ocean_menu_social_hover_links_bg":"","ocean_menu_social_links_color":"","ocean_menu_social_hover_links_color":"","ocean_disable_title":"default","ocean_disable_heading":"default","ocean_post_title":"","ocean_post_subheading":"","ocean_post_title_style":"","ocean_post_title_background_color":"","ocean_post_title_background":0,"ocean_post_title_bg_image_position":"","ocean_post_title_bg_image_attachment":"","ocean_post_title_bg_image_repeat":"","ocean_post_title_bg_image_size":"","ocean_post_title_height":0,"ocean_post_title_bg_overlay":0.5,"ocean_post_title_bg_overlay_color":"","ocean_disable_breadcrumbs":"default","ocean_breadcrumbs_color":"","ocean_breadcrumbs_separator_color":"","ocean_breadcrumbs_links_color":"","ocean_breadcrumbs_links_hover_color":"","ocean_display_footer_widgets":"default","ocean_display_footer_bottom":"default","ocean_custom_footer_template":"0"},"product_brand":[3782],"product_cat":[36,39],"product_tag":[2810,171,3785,3786],"class_list":{"0":"post-7067","1":"product","2":"type-product","3":"status-publish","4":"has-post-thumbnail","6":"product_brand-olympus","7":"product_cat-fotografia","8":"product_cat-accesorios-fotografia","9":"product_tag-fotografia","10":"product_tag-olympus","11":"product_tag-olympus-quick-auto-310","12":"product_tag-olympus-quick-auto310","13":"product_shipping_class-peso-0-a-1-kg","15":"entry","16":"has-media","18":"first","19":"instock","20":"sold-individually","21":"shipping-taxable","22":"purchasable","23":"product-type-simple","24":"has-product-nav","25":"col","26":"span_1_of_3","27":"owp-content-center","28":"owp-thumbs-layout-horizontal","29":"owp-btn-normal","30":"owp-tabs-layout-section"},"_links":{"self":[{"href":"https:\/\/www.darthy.com\/es_es\/wp-json\/wp\/v2\/product\/7067","targetHints":{"allow":["GET"]}}],"collection":[{"href":"https:\/\/www.darthy.com\/es_es\/wp-json\/wp\/v2\/product"}],"about":[{"href":"https:\/\/www.darthy.com\/es_es\/wp-json\/wp\/v2\/types\/product"}],"wp:featuredmedia":[{"embeddable":true,"href":"https:\/\/www.darthy.com\/es_es\/wp-json\/wp\/v2\/media\/7088"}],"wp:attachment":[{"href":"https:\/\/www.darthy.com\/es_es\/wp-json\/wp\/v2\/media?parent=7067"}],"wp:term":[{"taxonomy":"product_brand","embeddable":true,"href":"https:\/\/www.darthy.com\/es_es\/wp-json\/wp\/v2\/product_brand?post=7067"},{"taxonomy":"product_cat","embeddable":true,"href":"https:\/\/www.darthy.com\/es_es\/wp-json\/wp\/v2\/product_cat?post=7067"},{"taxonomy":"product_tag","embeddable":true,"href":"https:\/\/www.darthy.com\/es_es\/wp-json\/wp\/v2\/product_tag?post=7067"}],"curies":[{"name":"wp","href":"https:\/\/api.w.org\/{rel}","templated":true}]}}