{"id":7029,"date":"2026-02-05T17:10:10","date_gmt":"2026-02-05T17:10:10","guid":{"rendered":"https:\/\/www.darthy.com\/?post_type=product&#038;p=7029"},"modified":"2026-02-05T17:10:10","modified_gmt":"2026-02-05T17:10:10","slug":"zenza-bronica-etrs","status":"publish","type":"product","link":"https:\/\/www.darthy.com\/es_es\/producto\/zenza-bronica-etrs\/","title":{"rendered":"ZENZA BRONICA ETRS"},"content":{"rendered":"<h3>Zenza Bronica ETRS con objetivo Zenzanon EII 1:2.8 75mm<\/h3>\n<p>C\u00e1mara con objetico en muy buen estado. Esta es una c\u00e1mara vinatge de gama alta referente del coleccionismo.<\/p>\n<p><span class=\"HwtZe\" lang=\"es\"><span class=\"jCAhz ChMk0b\"><span class=\"ryNqvb\">La ETR se lanz\u00f3 en 1976 y fue el primer sistema de c\u00e1mara de Bronica basado en obturador de l\u00e1minas.<\/span><\/span><\/span> <span class=\"HwtZe\" lang=\"es\"><span class=\"jCAhz ChMk0b\"><span class=\"ryNqvb\">El sistema de lentes ETR cuenta con un obturador electr\u00f3nico fabricado por Seiko con una velocidad de 8 s a 1\/500 s m\u00e1s T. Al ser una c\u00e1mara con obturador de l\u00e1minas, la sincronizaci\u00f3n del flash est\u00e1 disponible a todas las velocidades. Se incorpor\u00f3 un sistema de respaldo intercambiable que permite utilizar portapel\u00edculas de 120 o 220 exposiciones (15\/30). Los portapel\u00edculas intercambiables hacen que el sistema sea m\u00e1s flexible en comparaci\u00f3n con la M645 original. Tras disparar el obturador y exponer un fotograma, al girar la palanca de avance de la pel\u00edcula una sola vez, se reinicia el espejo, avanza la pel\u00edcula y se amartilla el obturador. La serie ETR adopt\u00f3 algunas de las caracter\u00edsticas de la diapositiva oscura de los modelos anteriores. <span class=\"jCAhz\">La c\u00e1mara libera la tapa trasera al insertar la diapositiva oscura y presionar el bot\u00f3n de liberaci\u00f3n del cuerpo.<\/span> <span class=\"jCAhz\">El obturador no se puede abrir con la diapositiva oscura insertada.<\/span> <span class=\"jCAhz\">A diferencia de los modelos Bronica anteriores, al separar la tapa trasera del cuerpo, la diapositiva oscura se puede retirar del portapel\u00edcula.<\/span><\/span><\/span><\/span><\/p>\n<p><strong>Incluye:<\/strong><\/p>\n<ul>\n<li>Objetivo Zenzanon EII 1:2.8 \/ 75 mm.<\/li>\n<li>Respaldo<\/li>\n<li>Caja original<\/li>\n<li>Accesorios Originales<\/li>\n<\/ul>\n<div id=\"tab-description\" class=\"woocommerce-Tabs-panel woocommerce-Tabs-panel--description panel entry-content wc-tab\" role=\"tabpanel\" aria-labelledby=\"tab-title-description\">\n<p>Nuestro\u00a0<a href=\"https:\/\/www.darthy.com\/politica-de-envios-y-devoluciones\/\">servicio de entrega<\/a>\u00a0funciona cada d\u00eda con el fin de haceros llegar vuestros pedidos en 48 horas o menos.<\/p>\n<div id=\"tab-description\" class=\"woocommerce-Tabs-panel woocommerce-Tabs-panel--description panel entry-content wc-tab\" role=\"tabpanel\" aria-labelledby=\"tab-title-description\">\n<p>Con el prop\u00f3sito de que el materia llegue en las mejores condiciones, nuestro embalajes estan hechos con el m\u00e1ximo esmero, todos nuestros env\u00edos, tambi\u00e9n est\u00e1n asegurados en caso de extravio o rotura.<\/p>\n<p>Surely many of you know our physical store, many of the fans of Vintage HiFi and collecting has visited us. Because many of our friends can not visit us by distance, we decided to strengthen our website, so you can see our products almost coughing from your devices, so if you see something that may interest you, you can place your orders comfortably from your house.<\/p>\n<p>At the time of placing your order, we will make the shipment quickly so that you can enjoy it as soon as possible in your home.<\/p>\n<p>Our\u00a0<a href=\"https:\/\/www.darthy.com\/politica-de-envios-y-devoluciones\/\">delivery service<\/a>\u00a0works every day in order to send your orders in 48 hours or less. With the purpose that the material arrives in the best conditions, our packages are made with the utmost care, all our shipments are also insured in case of loss or breakage.<\/p>\n<\/div>\n<\/div>\n","protected":false},"excerpt":{"rendered":"<p>Zenza Bronica ETRS con objetivo Zenzanon EII 1:2.8 75mm C\u00e1mara con objetico en muy buen estado. Esta es una c\u00e1mara vinatge de gama alta referente del coleccionismo. La ETR se lanz\u00f3 en 1976 y fue el primer sistema de c\u00e1mara de Bronica basado en obturador de l\u00e1minas. El sistema de lentes ETR cuenta con un [&hellip;]<\/p>\n","protected":false},"featured_media":7056,"template":"","meta":{"_exactmetrics_skip_tracking":false,"_exactmetrics_sitenote_active":false,"_exactmetrics_sitenote_note":"","_exactmetrics_sitenote_category":0,"ocean_post_layout":"","ocean_both_sidebars_style":"","ocean_both_sidebars_content_width":0,"ocean_both_sidebars_sidebars_width":0,"ocean_sidebar":"0","ocean_second_sidebar":"0","ocean_disable_margins":"enable","ocean_add_body_class":"","ocean_shortcode_before_top_bar":"","ocean_shortcode_after_top_bar":"","ocean_shortcode_before_header":"","ocean_shortcode_after_header":"","ocean_has_shortcode":"","ocean_shortcode_after_title":"","ocean_shortcode_before_footer_widgets":"","ocean_shortcode_after_footer_widgets":"","ocean_shortcode_before_footer_bottom":"","ocean_shortcode_after_footer_bottom":"","ocean_display_top_bar":"default","ocean_display_header":"default","ocean_header_style":"","ocean_center_header_left_menu":"0","ocean_custom_header_template":"0","ocean_custom_logo":0,"ocean_custom_retina_logo":0,"ocean_custom_logo_max_width":0,"ocean_custom_logo_tablet_max_width":0,"ocean_custom_logo_mobile_max_width":0,"ocean_custom_logo_max_height":0,"ocean_custom_logo_tablet_max_height":0,"ocean_custom_logo_mobile_max_height":0,"ocean_header_custom_menu":"0","ocean_menu_typo_font_family":"0","ocean_menu_typo_font_subset":"","ocean_menu_typo_font_size":0,"ocean_menu_typo_font_size_tablet":0,"ocean_menu_typo_font_size_mobile":0,"ocean_menu_typo_font_size_unit":"px","ocean_menu_typo_font_weight":"","ocean_menu_typo_font_weight_tablet":"","ocean_menu_typo_font_weight_mobile":"","ocean_menu_typo_transform":"","ocean_menu_typo_transform_tablet":"","ocean_menu_typo_transform_mobile":"","ocean_menu_typo_line_height":0,"ocean_menu_typo_line_height_tablet":0,"ocean_menu_typo_line_height_mobile":0,"ocean_menu_typo_line_height_unit":"","ocean_menu_typo_spacing":0,"ocean_menu_typo_spacing_tablet":0,"ocean_menu_typo_spacing_mobile":0,"ocean_menu_typo_spacing_unit":"","ocean_menu_link_color":"","ocean_menu_link_color_hover":"","ocean_menu_link_color_active":"","ocean_menu_link_background":"","ocean_menu_link_hover_background":"","ocean_menu_link_active_background":"","ocean_menu_social_links_bg":"","ocean_menu_social_hover_links_bg":"","ocean_menu_social_links_color":"","ocean_menu_social_hover_links_color":"","ocean_disable_title":"default","ocean_disable_heading":"default","ocean_post_title":"","ocean_post_subheading":"","ocean_post_title_style":"","ocean_post_title_background_color":"","ocean_post_title_background":0,"ocean_post_title_bg_image_position":"","ocean_post_title_bg_image_attachment":"","ocean_post_title_bg_image_repeat":"","ocean_post_title_bg_image_size":"","ocean_post_title_height":0,"ocean_post_title_bg_overlay":0.5,"ocean_post_title_bg_overlay_color":"","ocean_disable_breadcrumbs":"default","ocean_breadcrumbs_color":"","ocean_breadcrumbs_separator_color":"","ocean_breadcrumbs_links_color":"","ocean_breadcrumbs_links_hover_color":"","ocean_display_footer_widgets":"default","ocean_display_footer_bottom":"default","ocean_custom_footer_template":"0"},"product_brand":[3766],"product_cat":[36,37,38],"product_tag":[1559,2809,3767,3768,3769],"class_list":{"0":"post-7029","1":"product","2":"type-product","3":"status-publish","4":"has-post-thumbnail","6":"product_brand-zenza-bronica","7":"product_cat-fotografia","8":"product_cat-camaras","9":"product_cat-objetivos","10":"product_tag-bronica","11":"product_tag-zenza-bronica","12":"product_tag-zenza-bronica-etrs","13":"product_tag-zenzanon","14":"product_tag-zenzanon-eii","16":"entry","17":"has-media","19":"first","20":"instock","21":"sold-individually","22":"shipping-taxable","23":"purchasable","24":"product-type-simple","25":"has-product-nav","26":"col","27":"span_1_of_3","28":"owp-content-center","29":"owp-thumbs-layout-horizontal","30":"owp-btn-normal","31":"owp-tabs-layout-section"},"_links":{"self":[{"href":"https:\/\/www.darthy.com\/es_es\/wp-json\/wp\/v2\/product\/7029","targetHints":{"allow":["GET"]}}],"collection":[{"href":"https:\/\/www.darthy.com\/es_es\/wp-json\/wp\/v2\/product"}],"about":[{"href":"https:\/\/www.darthy.com\/es_es\/wp-json\/wp\/v2\/types\/product"}],"wp:featuredmedia":[{"embeddable":true,"href":"https:\/\/www.darthy.com\/es_es\/wp-json\/wp\/v2\/media\/7056"}],"wp:attachment":[{"href":"https:\/\/www.darthy.com\/es_es\/wp-json\/wp\/v2\/media?parent=7029"}],"wp:term":[{"taxonomy":"product_brand","embeddable":true,"href":"https:\/\/www.darthy.com\/es_es\/wp-json\/wp\/v2\/product_brand?post=7029"},{"taxonomy":"product_cat","embeddable":true,"href":"https:\/\/www.darthy.com\/es_es\/wp-json\/wp\/v2\/product_cat?post=7029"},{"taxonomy":"product_tag","embeddable":true,"href":"https:\/\/www.darthy.com\/es_es\/wp-json\/wp\/v2\/product_tag?post=7029"}],"curies":[{"name":"wp","href":"https:\/\/api.w.org\/{rel}","templated":true}]}}