{"id":6975,"date":"2026-01-28T12:32:07","date_gmt":"2026-01-28T12:32:07","guid":{"rendered":"https:\/\/www.darthy.com\/?post_type=product&#038;p=6975"},"modified":"2026-01-28T12:32:07","modified_gmt":"2026-01-28T12:32:07","slug":"bangolufsen-beosound-3200-beolab-4000-beo4","status":"publish","type":"product","link":"https:\/\/www.darthy.com\/es_es\/producto\/bangolufsen-beosound-3200-beolab-4000-beo4\/","title":{"rendered":"BANG&#038;OLUFSEN BEOSOUND 3200, BEOLAB 4000, BEO4"},"content":{"rendered":"<h3>Bang&amp;Olufsen BeoSound 3200, Beolab 4000 y Beo4.<\/h3>\n<p>Todo el pack de equipo de m\u00fasica, mando a distancia y altavoces de la reconocida marca Bang &amp; Olufsen. Todos los aparatos de encuentran en muy buen estado. Con este equipo de gama alta puedes obtener una gran calidad de escucha i de experiencia.<\/p>\n<p>Incluye tambi\u00e9n soportes de pared para los altavoces y la gu\u00eda de usuario del mando a distancia BEO4.<\/p>\n<p>Fabricado en Dinamarca.<\/p>\n<p>Todos nuestros aparatos est\u00e1n revisados respetando escrupulosamente las caracter\u00edsticas originales del fabricante.<\/p>\n<p>Incluido el mantenimiento previo de nuestros t\u00e9cnicos para dejar el aparato en \u00f3ptimas condiciones.<\/p>\n<p><strong>Especificaciones Beo Sound 3200<\/strong><\/p>\n<ul>\n<li>Power consumption: Typical 22 watts\/standby 100dB<\/li>\n<li>Audio processing: Compressed audio<\/li>\n<li>Bitrate: MP3 at 192 KB<\/li>\n<li>Connections:<\/li>\n<li>Power Link (two)<\/li>\n<li>AUX<\/li>\n<li>FM aerial, 75 ohm<\/li>\n<li>AM aerial (Dedicated)<\/li>\n<li>Master Link (ML)<\/li>\n<li>Headphone\/Mini-Jack<\/li>\n<li>32 x 36 x 16 cm<\/li>\n<li>7 kg<\/li>\n<\/ul>\n<p>&nbsp;<\/p>\n<p><strong>Especificaciones BeoLab 4000<\/strong><\/p>\n<ul>\n<li>Type: 2 way, 2 driver loudspeaker system<\/li>\n<li>Frequency Response: 55Hz to 20kHz<\/li>\n<li>Crossover Frequency: 3300Hz<\/li>\n<li>Sensitivity: 97dB<\/li>\n<li>Midbass: 1 x 114mm<\/li>\n<li>Tweeter: 1 x 18mm<\/li>\n<li>Enclosure: 4 litre, bass reflex<\/li>\n<li>Grille: grey, black, green<\/li>\n<li>Finish: aluminium, black, green<\/li>\n<li>Accessories: stand<\/li>\n<li>Dimensions: 280 x 320 x 160mm<\/li>\n<li>Weight: 5.7kg<\/li>\n<li>Note: 52W power amplifier<\/li>\n<\/ul>\n<p>Nuestro\u00a0<a href=\"https:\/\/www.darthy.com\/politica-de-envios-y-devoluciones\/\">servicio de entrega<\/a>\u00a0funciona cada d\u00eda con el fin de haceros llegar vuestros pedidos en 48 horas o menos.<\/p>\n<p>Con el prop\u00f3sito de que el materia llegue en las mejores condiciones, nuestro embalajes estan hechos con el m\u00e1ximo esmero, todos nuestros env\u00edos, tambi\u00e9n est\u00e1n asegurados en caso de extravio o rotura.<\/p>\n<p>Surely many of you know our physical store, many of the fans of Vintage HiFi and collecting has visited us. Because many of our friends can not visit us by distance, we decided to strengthen our website, so you can see our products almost coughing from your devices, so if you see something that may interest you, you can place your orders comfortably from your house.<\/p>\n<p>At the time of placing your order, we will make the shipment quickly so that you can enjoy it as soon as possible in your home.<\/p>\n<p>Our\u00a0<a href=\"https:\/\/www.darthy.com\/politica-de-envios-y-devoluciones\/\">delivery service<\/a>\u00a0works every day in order to send your orders in 48 hours or less. With the purpose that the material arrives in the best conditions, our packages are made with the utmost care, all our shipments are also insured in case of loss or breakage.<\/p>\n<p>&nbsp;<\/p>\n","protected":false},"excerpt":{"rendered":"<p>Bang&amp;Olufsen BeoSound 3200, Beolab 4000 y Beo4. Todo el pack de equipo de m\u00fasica, mando a distancia y altavoces de la reconocida marca Bang &amp; Olufsen. Todos los aparatos de encuentran en muy buen estado. Con este equipo de gama alta puedes obtener una gran calidad de escucha i de experiencia. Incluye tambi\u00e9n soportes de [&hellip;]<\/p>\n","protected":false},"featured_media":7009,"template":"","meta":{"_exactmetrics_skip_tracking":false,"_exactmetrics_sitenote_active":false,"_exactmetrics_sitenote_note":"","_exactmetrics_sitenote_category":0,"ocean_post_layout":"","ocean_both_sidebars_style":"","ocean_both_sidebars_content_width":0,"ocean_both_sidebars_sidebars_width":0,"ocean_sidebar":"0","ocean_second_sidebar":"0","ocean_disable_margins":"enable","ocean_add_body_class":"","ocean_shortcode_before_top_bar":"","ocean_shortcode_after_top_bar":"","ocean_shortcode_before_header":"","ocean_shortcode_after_header":"","ocean_has_shortcode":"","ocean_shortcode_after_title":"","ocean_shortcode_before_footer_widgets":"","ocean_shortcode_after_footer_widgets":"","ocean_shortcode_before_footer_bottom":"","ocean_shortcode_after_footer_bottom":"","ocean_display_top_bar":"default","ocean_display_header":"default","ocean_header_style":"","ocean_center_header_left_menu":"0","ocean_custom_header_template":"0","ocean_custom_logo":0,"ocean_custom_retina_logo":0,"ocean_custom_logo_max_width":0,"ocean_custom_logo_tablet_max_width":0,"ocean_custom_logo_mobile_max_width":0,"ocean_custom_logo_max_height":0,"ocean_custom_logo_tablet_max_height":0,"ocean_custom_logo_mobile_max_height":0,"ocean_header_custom_menu":"0","ocean_menu_typo_font_family":"0","ocean_menu_typo_font_subset":"","ocean_menu_typo_font_size":0,"ocean_menu_typo_font_size_tablet":0,"ocean_menu_typo_font_size_mobile":0,"ocean_menu_typo_font_size_unit":"px","ocean_menu_typo_font_weight":"","ocean_menu_typo_font_weight_tablet":"","ocean_menu_typo_font_weight_mobile":"","ocean_menu_typo_transform":"","ocean_menu_typo_transform_tablet":"","ocean_menu_typo_transform_mobile":"","ocean_menu_typo_line_height":0,"ocean_menu_typo_line_height_tablet":0,"ocean_menu_typo_line_height_mobile":0,"ocean_menu_typo_line_height_unit":"","ocean_menu_typo_spacing":0,"ocean_menu_typo_spacing_tablet":0,"ocean_menu_typo_spacing_mobile":0,"ocean_menu_typo_spacing_unit":"","ocean_menu_link_color":"","ocean_menu_link_color_hover":"","ocean_menu_link_color_active":"","ocean_menu_link_background":"","ocean_menu_link_hover_background":"","ocean_menu_link_active_background":"","ocean_menu_social_links_bg":"","ocean_menu_social_hover_links_bg":"","ocean_menu_social_links_color":"","ocean_menu_social_hover_links_color":"","ocean_disable_title":"default","ocean_disable_heading":"default","ocean_post_title":"","ocean_post_subheading":"","ocean_post_title_style":"","ocean_post_title_background_color":"","ocean_post_title_background":0,"ocean_post_title_bg_image_position":"","ocean_post_title_bg_image_attachment":"","ocean_post_title_bg_image_repeat":"","ocean_post_title_bg_image_size":"","ocean_post_title_height":0,"ocean_post_title_bg_overlay":0.5,"ocean_post_title_bg_overlay_color":"","ocean_disable_breadcrumbs":"default","ocean_breadcrumbs_color":"","ocean_breadcrumbs_separator_color":"","ocean_breadcrumbs_links_color":"","ocean_breadcrumbs_links_hover_color":"","ocean_display_footer_widgets":"default","ocean_display_footer_bottom":"default","ocean_custom_footer_template":"0"},"product_brand":[3688],"product_cat":[8,40,42,2158],"product_tag":[201,3691,3711,3716,3714,3715,3713,3712,1627,200],"class_list":{"0":"post-6975","1":"product","2":"type-product","3":"status-publish","4":"has-post-thumbnail","6":"product_brand-bang-olufsen","7":"product_cat-altavoces","8":"product_cat-cd","9":"product_cat-cassette-dat","10":"product_cat-sin-categorizar","11":"product_tag-altavoces","12":"product_tag-bangolufsen","13":"product_tag-bangolufsen-altavoces","14":"product_tag-bangolufsen-beo4","15":"product_tag-bangolufsen-beolab-4000","16":"product_tag-bangolufsen-beosound-3200","17":"product_tag-bangolufsen-cd","18":"product_tag-bangolufsen-speakers","19":"product_tag-cd","20":"product_tag-speakers","21":"product_shipping_class-peso-10-a-30-kg","23":"entry","24":"has-media","26":"first","27":"instock","28":"sold-individually","29":"shipping-taxable","30":"purchasable","31":"product-type-simple","32":"has-product-nav","33":"col","34":"span_1_of_3","35":"owp-content-center","36":"owp-thumbs-layout-horizontal","37":"owp-btn-normal","38":"owp-tabs-layout-section"},"_links":{"self":[{"href":"https:\/\/www.darthy.com\/es_es\/wp-json\/wp\/v2\/product\/6975","targetHints":{"allow":["GET"]}}],"collection":[{"href":"https:\/\/www.darthy.com\/es_es\/wp-json\/wp\/v2\/product"}],"about":[{"href":"https:\/\/www.darthy.com\/es_es\/wp-json\/wp\/v2\/types\/product"}],"wp:featuredmedia":[{"embeddable":true,"href":"https:\/\/www.darthy.com\/es_es\/wp-json\/wp\/v2\/media\/7009"}],"wp:attachment":[{"href":"https:\/\/www.darthy.com\/es_es\/wp-json\/wp\/v2\/media?parent=6975"}],"wp:term":[{"taxonomy":"product_brand","embeddable":true,"href":"https:\/\/www.darthy.com\/es_es\/wp-json\/wp\/v2\/product_brand?post=6975"},{"taxonomy":"product_cat","embeddable":true,"href":"https:\/\/www.darthy.com\/es_es\/wp-json\/wp\/v2\/product_cat?post=6975"},{"taxonomy":"product_tag","embeddable":true,"href":"https:\/\/www.darthy.com\/es_es\/wp-json\/wp\/v2\/product_tag?post=6975"}],"curies":[{"name":"wp","href":"https:\/\/api.w.org\/{rel}","templated":true}]}}