{"id":6948,"date":"2026-01-20T11:06:46","date_gmt":"2026-01-20T11:06:46","guid":{"rendered":"https:\/\/www.darthy.com\/?post_type=product&#038;p=6948"},"modified":"2026-01-20T11:06:46","modified_gmt":"2026-01-20T11:06:46","slug":"medalla-tradicionalista-guerra-civil","status":"publish","type":"product","link":"https:\/\/www.darthy.com\/es_es\/producto\/medalla-tradicionalista-guerra-civil\/","title":{"rendered":"MEDALLA TRADICIONALISTA GUERRA CIVIL"},"content":{"rendered":"<div data-ved=\"2ahUKEwjt2pLP-5mSAxUr9QIHHTppAFQQ3PkPegYIAQgAEBQ\" data-processed=\"true\" data-complete=\"true\">\n<div class=\"uU6vme qaHYKd CCW8cb\" data-animation-skip=\"\" data-sfc-cp=\"\" data-wiz-uids=\"kJYDPd_2q,kJYDPd_2r,kJYDPd_2s\" data-signal-inputs=\"\" data-complete=\"true\">\n<div class=\"xeWWvb\" data-complete=\"true\">\n<div class=\"Ed5sKe\" data-complete=\"true\">\n<div class=\"J945jc hSznoe\" data-serialized-params=\"[]\" data-complete=\"true\"><\/div>\n<\/div>\n<\/div>\n<\/div>\n<\/div>\n<div class=\"Zkbeff\" data-subtree=\"aimc\" data-aimmrs=\"true\" data-wiz-uids=\"kfaRf_6\" data-ved=\"2ahUKEwjFn5XP-5mSAxXO1wIHHfwnM7UQ2O0OegQIABAC\" data-hveid=\"CAAQAg\" data-processed=\"true\" data-complete=\"true\">\n<div class=\"pWvJNd\" data-processed=\"true\" data-complete=\"true\">\n<div class=\"mZJni Dn7Fzd\" dir=\"ltr\" data-container-id=\"main-col\" data-xid=\"VpUvz\" data-ved=\"2ahUKEwjFn5XP-5mSAxXO1wIHHfwnM7UQ3KYQegQIABAD\" data-processed=\"true\">\n<div data-container-id=\"5\" data-processed=\"true\">\n<div class=\"Y3BBE\" data-sfc-cp=\"\" data-hveid=\"CAIQAA\" data-complete=\"true\" data-processed=\"true\">\n<h3 data-subtree=\"aimfl\" data-complete=\"true\" data-processed=\"true\">Medalla Tradicionalista Guerra Civil.<\/h3>\n<div data-subtree=\"aimfl\" data-complete=\"true\" data-processed=\"true\">Esta es una insignia de la secci\u00f3n de Sanidad de la Falange Espa\u00f1ola Tradicionalista y de las Juntas de Ofensiva Nacional Sindicalista (FET de las JONS). El texto que rodea la cruz roja central lo confirma: &#8220;+ F.E. TRADICIONALISTA DE LAS J.O.N.S. + SANIDAD&#8221;. <span class=\"T286Pc\" data-sfc-cp=\"\" data-complete=\"true\">La FET de las JONS fue el partido \u00fanico durante la dictadura franquista en Espa\u00f1a.<\/span><\/div>\n<div data-subtree=\"aimfl\" data-complete=\"true\" data-processed=\"true\"><\/div>\n<\/div>\n<p><span class=\"T286Pc\" data-sfc-cp=\"\" data-complete=\"true\">Esta insignia espec\u00edfica estaba destinada al personal sanitario del movimiento. Insignias similares se han visto en delantales y batas de enfermeras de la \u00e9poca de la Guerra Civil Espa\u00f1ola, lo que indica su uso en contextos hospitalarios o de auxilio en carretera.<\/span><\/p>\n<p><span class=\"T286Pc\" data-sfc-cp=\"\" data-complete=\"true\">Presenta un dise\u00f1o circular esmaltado en azul, blanco y rojo, con una cruz roja en el centro, un s\u00edmbolo universal de la sanidad, enmarcada por la leyenda del partido y la secci\u00f3n<span class=\"uJ19be notranslate\" data-wiz-uids=\"kfaRf_y\" data-complete=\"true\"><span class=\"vKEkVd\" data-animation-atomic=\"\" data-wiz-attrbind=\"class=kfaRf_x\/TKHnVd\" data-sae=\"\">\u00a0<\/span><\/span><\/span><\/p>\n<p>Esmaltado en muy buen estado.<\/p>\n<p>Guerra C\u00edvil. Falange Espa\u00f1ola. Franquismo.<\/p>\n<div id=\"tab-description\" class=\"woocommerce-Tabs-panel woocommerce-Tabs-panel--description panel entry-content wc-tab\" role=\"tabpanel\" aria-labelledby=\"tab-title-description\">\n<p>Nuestro\u00a0<a href=\"https:\/\/www.darthy.com\/politica-de-envios-y-devoluciones\/\">servicio de entrega<\/a>\u00a0funciona cada d\u00eda con el fin de haceros llegar vuestros pedidos en 48 horas o menos.<\/p>\n<p>Con el prop\u00f3sito de que el materia llegue en las mejores condiciones, nuestro embalajes est\u00e1n hechos con el m\u00e1ximo esmero, todos nuestros env\u00edos, tambi\u00e9n est\u00e1n asegurados en caso de extrav\u00edo o rotura.<\/p>\n<p>Surely many of you know our physical store, many of the fans of Vintage HiFi and collecting has visited us. Because many of our friends can not visit us by distance, we decided to strengthen our website, so you can see our products almost coughing from your devices, so if you see something that may interest you, you can place your orders comfortably from your house.<\/p>\n<p>At the time of placing your order, we will make the shipment quickly so that you can enjoy it as soon as possible in your home.<\/p>\n<p>Our\u00a0<a href=\"https:\/\/www.darthy.com\/politica-de-envios-y-devoluciones\/\">delivery service<\/a>\u00a0works every day in order to send your orders in 48 hours or less. With the purpose that the material arrives in the best conditions, our packages are made with the utmost care, all our shipments are also insured in case of loss or breakage.<\/p>\n<\/div>\n<\/div>\n<\/div>\n<\/div>\n<\/div>\n","protected":false},"excerpt":{"rendered":"<p>Medalla Tradicionalista Guerra Civil. Esta es una insignia de la secci\u00f3n de Sanidad de la Falange Espa\u00f1ola Tradicionalista y de las Juntas de Ofensiva Nacional Sindicalista (FET de las JONS). El texto que rodea la cruz roja central lo confirma: &#8220;+ F.E. TRADICIONALISTA DE LAS J.O.N.S. + SANIDAD&#8221;. La FET de las JONS fue el [&hellip;]<\/p>\n","protected":false},"featured_media":6949,"template":"","meta":{"_exactmetrics_skip_tracking":false,"_exactmetrics_sitenote_active":false,"_exactmetrics_sitenote_note":"","_exactmetrics_sitenote_category":0,"ocean_post_layout":"","ocean_both_sidebars_style":"","ocean_both_sidebars_content_width":0,"ocean_both_sidebars_sidebars_width":0,"ocean_sidebar":"0","ocean_second_sidebar":"0","ocean_disable_margins":"enable","ocean_add_body_class":"","ocean_shortcode_before_top_bar":"","ocean_shortcode_after_top_bar":"","ocean_shortcode_before_header":"","ocean_shortcode_after_header":"","ocean_has_shortcode":"","ocean_shortcode_after_title":"","ocean_shortcode_before_footer_widgets":"","ocean_shortcode_after_footer_widgets":"","ocean_shortcode_before_footer_bottom":"","ocean_shortcode_after_footer_bottom":"","ocean_display_top_bar":"default","ocean_display_header":"default","ocean_header_style":"","ocean_center_header_left_menu":"0","ocean_custom_header_template":"0","ocean_custom_logo":0,"ocean_custom_retina_logo":0,"ocean_custom_logo_max_width":0,"ocean_custom_logo_tablet_max_width":0,"ocean_custom_logo_mobile_max_width":0,"ocean_custom_logo_max_height":0,"ocean_custom_logo_tablet_max_height":0,"ocean_custom_logo_mobile_max_height":0,"ocean_header_custom_menu":"0","ocean_menu_typo_font_family":"0","ocean_menu_typo_font_subset":"","ocean_menu_typo_font_size":0,"ocean_menu_typo_font_size_tablet":0,"ocean_menu_typo_font_size_mobile":0,"ocean_menu_typo_font_size_unit":"px","ocean_menu_typo_font_weight":"","ocean_menu_typo_font_weight_tablet":"","ocean_menu_typo_font_weight_mobile":"","ocean_menu_typo_transform":"","ocean_menu_typo_transform_tablet":"","ocean_menu_typo_transform_mobile":"","ocean_menu_typo_line_height":0,"ocean_menu_typo_line_height_tablet":0,"ocean_menu_typo_line_height_mobile":0,"ocean_menu_typo_line_height_unit":"","ocean_menu_typo_spacing":0,"ocean_menu_typo_spacing_tablet":0,"ocean_menu_typo_spacing_mobile":0,"ocean_menu_typo_spacing_unit":"","ocean_menu_link_color":"","ocean_menu_link_color_hover":"","ocean_menu_link_color_active":"","ocean_menu_link_background":"","ocean_menu_link_hover_background":"","ocean_menu_link_active_background":"","ocean_menu_social_links_bg":"","ocean_menu_social_hover_links_bg":"","ocean_menu_social_links_color":"","ocean_menu_social_hover_links_color":"","ocean_disable_title":"default","ocean_disable_heading":"default","ocean_post_title":"","ocean_post_subheading":"","ocean_post_title_style":"","ocean_post_title_background_color":"","ocean_post_title_background":0,"ocean_post_title_bg_image_position":"","ocean_post_title_bg_image_attachment":"","ocean_post_title_bg_image_repeat":"","ocean_post_title_bg_image_size":"","ocean_post_title_height":0,"ocean_post_title_bg_overlay":0.5,"ocean_post_title_bg_overlay_color":"","ocean_disable_breadcrumbs":"default","ocean_breadcrumbs_color":"","ocean_breadcrumbs_separator_color":"","ocean_breadcrumbs_links_color":"","ocean_breadcrumbs_links_hover_color":"","ocean_display_footer_widgets":"default","ocean_display_footer_bottom":"default","ocean_custom_footer_template":"0"},"product_brand":[],"product_cat":[13,47],"product_tag":[2639,3405,3681,959,196],"class_list":{"0":"post-6948","1":"product","2":"type-product","3":"status-publish","4":"has-post-thumbnail","6":"product_cat-coleccionismo","7":"product_cat-medallas_y_monedas","8":"product_tag-coleccionismo","9":"product_tag-falange","10":"product_tag-franquismo","11":"product_tag-guerra-civil","12":"product_tag-medalla","13":"product_shipping_class-peso-0-a-1-kg","15":"entry","16":"has-media","18":"first","19":"instock","20":"sold-individually","21":"shipping-taxable","22":"purchasable","23":"product-type-simple","24":"has-product-nav","25":"col","26":"span_1_of_3","27":"owp-content-center","28":"owp-thumbs-layout-horizontal","29":"owp-btn-normal","30":"owp-tabs-layout-section"},"_links":{"self":[{"href":"https:\/\/www.darthy.com\/es_es\/wp-json\/wp\/v2\/product\/6948","targetHints":{"allow":["GET"]}}],"collection":[{"href":"https:\/\/www.darthy.com\/es_es\/wp-json\/wp\/v2\/product"}],"about":[{"href":"https:\/\/www.darthy.com\/es_es\/wp-json\/wp\/v2\/types\/product"}],"wp:featuredmedia":[{"embeddable":true,"href":"https:\/\/www.darthy.com\/es_es\/wp-json\/wp\/v2\/media\/6949"}],"wp:attachment":[{"href":"https:\/\/www.darthy.com\/es_es\/wp-json\/wp\/v2\/media?parent=6948"}],"wp:term":[{"taxonomy":"product_brand","embeddable":true,"href":"https:\/\/www.darthy.com\/es_es\/wp-json\/wp\/v2\/product_brand?post=6948"},{"taxonomy":"product_cat","embeddable":true,"href":"https:\/\/www.darthy.com\/es_es\/wp-json\/wp\/v2\/product_cat?post=6948"},{"taxonomy":"product_tag","embeddable":true,"href":"https:\/\/www.darthy.com\/es_es\/wp-json\/wp\/v2\/product_tag?post=6948"}],"curies":[{"name":"wp","href":"https:\/\/api.w.org\/{rel}","templated":true}]}}