{"id":6935,"date":"2026-01-20T10:02:15","date_gmt":"2026-01-20T10:02:15","guid":{"rendered":"https:\/\/www.darthy.com\/?post_type=product&#038;p=6935"},"modified":"2026-01-20T10:08:16","modified_gmt":"2026-01-20T10:08:16","slug":"moneda-cinema-pathe-maurice-delannoy","status":"publish","type":"product","link":"https:\/\/www.darthy.com\/es_es\/producto\/moneda-cinema-pathe-maurice-delannoy\/","title":{"rendered":"MONEDA CINEMA PATH\u00c9, MAURICE DELANNOY"},"content":{"rendered":"<h3>Moneda Cinema Path\u00e9, Art Deco, Maurice Delannoy<\/h3>\n<div class=\"Y3BBE\" data-sfc-cp=\"\" data-hveid=\"CAIQAA\" data-processed=\"true\" data-complete=\"true\">\n<div data-subtree=\"aimfl\" data-complete=\"true\" data-processed=\"true\">\n<p>La medalla de la imagen es la reconocida medalla <strong class=\"Yjhzub\" data-complete=\"true\" data-processed=\"true\">&#8220;Cinema&#8221;<\/strong> de bronce, dise\u00f1ada por el artista y escultor franc\u00e9s <strong class=\"Yjhzub\" data-complete=\"true\" data-processed=\"true\">Maurice Delannoy<\/strong> (1885-1972) alrededor de la d\u00e9cada de 1920.<span class=\"T286Pc\" data-sfc-cp=\"\" data-complete=\"true\">Fue emitida como una medalla conmemorativa o de premio para eventos y festivales de cine, especialmente en Francia y el Reino Unido, durante las d\u00e9cadas de 1920 y 1930.<\/span><span class=\"uJ19be notranslate\" data-wiz-uids=\"TnO8Hc_14\" data-complete=\"true\"><span class=\"vKEkVd\" data-animation-atomic=\"\" data-wiz-attrbind=\"class=TnO8Hc_13\/TKHnVd\" data-sae=\"\">\u00a0<\/span><\/span><\/p>\n<\/div>\n<\/div>\n<div class=\"Fsg96\" data-sfc-cp=\"\" data-processed=\"true\" data-complete=\"true\">Medalla de bronce en muy buen estado. Incluye el estuche original.<\/div>\n<div data-sfc-cp=\"\" data-processed=\"true\" data-complete=\"true\"><\/div>\n<div class=\"AdPoic\" role=\"heading\" aria-level=\"3\" data-animation-nesting=\"\" data-sfc-cp=\"\" data-processed=\"true\" data-sae=\"\" data-complete=\"true\"><strong>Detalles de la Medalla<\/strong><\/div>\n<ul class=\"KsbFXc U6u95\" data-complete=\"true\" data-processed=\"true\">\n<li data-hveid=\"CAQQAA\" data-complete=\"true\" data-sae=\"\"><span class=\"T286Pc\" data-sfc-cp=\"\" data-complete=\"true\"><strong class=\"Yjhzub\" data-complete=\"true\">Dise\u00f1o Art Dec\u00f3<\/strong>: La medalla es un ejemplo destacado del estilo Art Dec\u00f3 de la \u00e9poca.<\/span><\/li>\n<li data-hveid=\"CAQQAQ\" data-complete=\"true\" data-sae=\"\"><span class=\"T286Pc\" data-sfc-cp=\"\" data-complete=\"true\"><strong class=\"Yjhzub\" data-complete=\"true\">Anverso<\/strong>: Muestra un proyector de cine en la parte inferior, del que emanan rayos de luz. En el centro, una figura femenina desnuda se alza sobre el proyector con los brazos extendidos, y los rayos iluminan una miscel\u00e1nea de im\u00e1genes proyectadas a su alrededor. La palabra &#8220;CINEMA&#8221; est\u00e1 inscrita en la base.<\/span><\/li>\n<li data-hveid=\"CAQQAg\" data-complete=\"true\" data-sae=\"\"><span class=\"T286Pc\" data-sfc-cp=\"\" data-complete=\"true\"><strong class=\"Yjhzub\" data-complete=\"true\">Reverso<\/strong>: El reverso de la medalla es com\u00fanmente liso o presenta inscripciones personalizadas, como las observadas en los premios otorgados a ganadores de festivales de cine amateur.<\/span><\/li>\n<\/ul>\n<div id=\"tab-description\" class=\"woocommerce-Tabs-panel woocommerce-Tabs-panel--description panel entry-content wc-tab\" role=\"tabpanel\" aria-labelledby=\"tab-title-description\">\n<p>Nuestro\u00a0<a href=\"https:\/\/www.darthy.com\/politica-de-envios-y-devoluciones\/\">servicio de entrega<\/a>\u00a0funciona cada d\u00eda con el fin de haceros llegar vuestros pedidos en 48 horas o menos.<\/p>\n<p>Con el prop\u00f3sito de que el materia llegue en las mejores condiciones, nuestro embalajes est\u00e1n hechos con el m\u00e1ximo esmero, todos nuestros env\u00edos, tambi\u00e9n est\u00e1n asegurados en caso de extrav\u00edo o rotura.<\/p>\n<p>Surely many of you know our physical store, many of the fans of Vintage HiFi and collecting has visited us. Because many of our friends can not visit us by distance, we decided to strengthen our website, so you can see our products almost coughing from your devices, so if you see something that may interest you, you can place your orders comfortably from your house.<\/p>\n<p>At the time of placing your order, we will make the shipment quickly so that you can enjoy it as soon as possible in your home.<\/p>\n<p>Our\u00a0<a href=\"https:\/\/www.darthy.com\/politica-de-envios-y-devoluciones\/\">delivery service<\/a>\u00a0works every day in order to send your orders in 48 hours or less. With the purpose that the material arrives in the best conditions, our packages are made with the utmost care, all our shipments are also insured in case of loss or breakage.<\/p>\n<\/div>\n<div id=\"tab-additional_information\" class=\"woocommerce-Tabs-panel woocommerce-Tabs-panel--additional_information panel entry-content wc-tab\" role=\"tabpanel\" aria-labelledby=\"tab-title-additional_information\">\n<h2><\/h2>\n<\/div>\n","protected":false},"excerpt":{"rendered":"<p>Moneda Cinema Path\u00e9, Art Deco, Maurice Delannoy La medalla de la imagen es la reconocida medalla &#8220;Cinema&#8221; de bronce, dise\u00f1ada por el artista y escultor franc\u00e9s Maurice Delannoy (1885-1972) alrededor de la d\u00e9cada de 1920.Fue emitida como una medalla conmemorativa o de premio para eventos y festivales de cine, especialmente en Francia y el Reino [&hellip;]<\/p>\n","protected":false},"featured_media":6937,"template":"","meta":{"_exactmetrics_skip_tracking":false,"_exactmetrics_sitenote_active":false,"_exactmetrics_sitenote_note":"","_exactmetrics_sitenote_category":0,"ocean_post_layout":"","ocean_both_sidebars_style":"","ocean_both_sidebars_content_width":0,"ocean_both_sidebars_sidebars_width":0,"ocean_sidebar":"0","ocean_second_sidebar":"0","ocean_disable_margins":"enable","ocean_add_body_class":"","ocean_shortcode_before_top_bar":"","ocean_shortcode_after_top_bar":"","ocean_shortcode_before_header":"","ocean_shortcode_after_header":"","ocean_has_shortcode":"","ocean_shortcode_after_title":"","ocean_shortcode_before_footer_widgets":"","ocean_shortcode_after_footer_widgets":"","ocean_shortcode_before_footer_bottom":"","ocean_shortcode_after_footer_bottom":"","ocean_display_top_bar":"default","ocean_display_header":"default","ocean_header_style":"","ocean_center_header_left_menu":"0","ocean_custom_header_template":"0","ocean_custom_logo":0,"ocean_custom_retina_logo":0,"ocean_custom_logo_max_width":0,"ocean_custom_logo_tablet_max_width":0,"ocean_custom_logo_mobile_max_width":0,"ocean_custom_logo_max_height":0,"ocean_custom_logo_tablet_max_height":0,"ocean_custom_logo_mobile_max_height":0,"ocean_header_custom_menu":"0","ocean_menu_typo_font_family":"0","ocean_menu_typo_font_subset":"","ocean_menu_typo_font_size":0,"ocean_menu_typo_font_size_tablet":0,"ocean_menu_typo_font_size_mobile":0,"ocean_menu_typo_font_size_unit":"px","ocean_menu_typo_font_weight":"","ocean_menu_typo_font_weight_tablet":"","ocean_menu_typo_font_weight_mobile":"","ocean_menu_typo_transform":"","ocean_menu_typo_transform_tablet":"","ocean_menu_typo_transform_mobile":"","ocean_menu_typo_line_height":0,"ocean_menu_typo_line_height_tablet":0,"ocean_menu_typo_line_height_mobile":0,"ocean_menu_typo_line_height_unit":"","ocean_menu_typo_spacing":0,"ocean_menu_typo_spacing_tablet":0,"ocean_menu_typo_spacing_mobile":0,"ocean_menu_typo_spacing_unit":"","ocean_menu_link_color":"","ocean_menu_link_color_hover":"","ocean_menu_link_color_active":"","ocean_menu_link_background":"","ocean_menu_link_hover_background":"","ocean_menu_link_active_background":"","ocean_menu_social_links_bg":"","ocean_menu_social_hover_links_bg":"","ocean_menu_social_links_color":"","ocean_menu_social_hover_links_color":"","ocean_disable_title":"default","ocean_disable_heading":"default","ocean_post_title":"","ocean_post_subheading":"","ocean_post_title_style":"","ocean_post_title_background_color":"","ocean_post_title_background":0,"ocean_post_title_bg_image_position":"","ocean_post_title_bg_image_attachment":"","ocean_post_title_bg_image_repeat":"","ocean_post_title_bg_image_size":"","ocean_post_title_height":0,"ocean_post_title_bg_overlay":0.5,"ocean_post_title_bg_overlay_color":"","ocean_disable_breadcrumbs":"default","ocean_breadcrumbs_color":"","ocean_breadcrumbs_separator_color":"","ocean_breadcrumbs_links_color":"","ocean_breadcrumbs_links_hover_color":"","ocean_display_footer_widgets":"default","ocean_display_footer_bottom":"default","ocean_custom_footer_template":"0"},"product_brand":[],"product_cat":[13,47],"product_tag":[3675,2639,3676,1941,3678,3677],"class_list":{"0":"post-6935","1":"product","2":"type-product","3":"status-publish","4":"has-post-thumbnail","6":"product_cat-coleccionismo","7":"product_cat-medallas_y_monedas","8":"product_tag-art-deco","9":"product_tag-coleccionismo","10":"product_tag-maurice-delannoy","11":"product_tag-moneda","12":"product_tag-moneda-conmemorativa","13":"product_tag-pathe","14":"product_shipping_class-peso-0-a-1-kg","16":"entry","17":"has-media","19":"first","20":"instock","21":"sold-individually","22":"shipping-taxable","23":"purchasable","24":"product-type-simple","25":"has-product-nav","26":"col","27":"span_1_of_3","28":"owp-content-center","29":"owp-thumbs-layout-horizontal","30":"owp-btn-normal","31":"owp-tabs-layout-section"},"_links":{"self":[{"href":"https:\/\/www.darthy.com\/es_es\/wp-json\/wp\/v2\/product\/6935","targetHints":{"allow":["GET"]}}],"collection":[{"href":"https:\/\/www.darthy.com\/es_es\/wp-json\/wp\/v2\/product"}],"about":[{"href":"https:\/\/www.darthy.com\/es_es\/wp-json\/wp\/v2\/types\/product"}],"wp:featuredmedia":[{"embeddable":true,"href":"https:\/\/www.darthy.com\/es_es\/wp-json\/wp\/v2\/media\/6937"}],"wp:attachment":[{"href":"https:\/\/www.darthy.com\/es_es\/wp-json\/wp\/v2\/media?parent=6935"}],"wp:term":[{"taxonomy":"product_brand","embeddable":true,"href":"https:\/\/www.darthy.com\/es_es\/wp-json\/wp\/v2\/product_brand?post=6935"},{"taxonomy":"product_cat","embeddable":true,"href":"https:\/\/www.darthy.com\/es_es\/wp-json\/wp\/v2\/product_cat?post=6935"},{"taxonomy":"product_tag","embeddable":true,"href":"https:\/\/www.darthy.com\/es_es\/wp-json\/wp\/v2\/product_tag?post=6935"}],"curies":[{"name":"wp","href":"https:\/\/api.w.org\/{rel}","templated":true}]}}