{"id":6768,"date":"2025-11-19T12:12:47","date_gmt":"2025-11-19T12:12:47","guid":{"rendered":"https:\/\/www.darthy.com\/?post_type=product&#038;p=6768"},"modified":"2025-11-19T12:12:48","modified_gmt":"2025-11-19T12:12:48","slug":"thomson-a-6001","status":"publish","type":"product","link":"https:\/\/www.darthy.com\/es_es\/producto\/thomson-a-6001\/","title":{"rendered":"THOMSON A 6001"},"content":{"rendered":"<h3>Thomson A 6001<\/h3>\n<p>Amplificador vintage en muy buen estado con las marcas t\u00edpicas del paso del tiempo.<\/p>\n<p>Todos nuestros aparatos est\u00e1n revisados respetando escrupulosamente las caracter\u00edsticas originales del fabricante.<\/p>\n<p>Incluido el mantenimiento previo de nuestros t\u00e9cnicos para dejar el aparato en \u00f3ptimas condiciones.<\/p>\n<p><strong>Especificaciones<\/strong><\/p>\n<ul>\n<li>Type: Integrated amplifier<\/li>\n<li>Years of manufacture: 1982 &#8211; 1985<\/li>\n<li>Made in: Japan<\/li>\n<li>Colour: silver<\/li>\n<li>Remote control: no<\/li>\n<li>Power consumption: 280 W<\/li>\n<li>Dimensions: 440 x 70 x 300 mm (WxHxD)<\/li>\n<li>Weight: 4.6 kg<\/li>\n<li>Original price approx.: 498 DM<\/li>\n<li>Number of inputs: 4\n<ul>\n<li>Tape 1 In, Cinch &amp; DIN (150 mV \/ 47 kOhm)<\/li>\n<li>Tuner, Cinch (150 mV \/ 47 kOhm)<\/li>\n<li>AUX, Cinch (150 mV \/ 47 kOhm)<\/li>\n<li>Phono MM, Cinch (2,5 mV \/ 47 kOhm)<\/li>\n<li>Tape 2 In, Cinch (150 mV \/ 47 kOhm)<\/li>\n<li>Remote control (parallel to Tape 1)<\/li>\n<\/ul>\n<\/li>\n<li>Number of outputs (5-pin DIN):\n<ul>\n<li>Tape 1 Out, Cinch &amp; DIN<\/li>\n<li>Headphones (6.3mm jack)<\/li>\n<li>2 pairs of loudspeakers, spring-loaded terminals<\/li>\n<\/ul>\n<\/li>\n<li>sinus power:\n<ul>\n<li>at 8 Ohm: 2x 45 watts<\/li>\n<\/ul>\n<\/li>\n<li>music power\n<ul>\n<li>into 8 Ohm: 2x 70 Watt<\/li>\n<\/ul>\n<\/li>\n<li>total harmonic distortion: 0.01% at 40 W<\/li>\n<li>Attenuation factor:<\/li>\n<li>Frequency response:\n<ul>\n<li>Phono 20 Hz &#8211; 20 kHz.<\/li>\n<li>Tuner\/Tape\/Aux: 15 Hz &#8211; 40 kHz<\/li>\n<\/ul>\n<\/li>\n<li>Signal-to-noise ratio:\n<ul>\n<li>Phono: 65 dB<\/li>\n<li>High level inputs: 80 dB<\/li>\n<\/ul>\n<\/li>\n<li>Stereo channel separation: 60 dB<\/li>\n<li>Tone control:\n<ul>\n<li>Bass: \u00b18dB (100 Hz)<\/li>\n<li>Treble: \u00b19dB (10 kHz)<\/li>\n<\/ul>\n<\/li>\n<li>Loudness: yes<\/li>\n<li>High Filter: no<\/li>\n<li>Low Filter (Subsonic): no<\/li>\n<li>Mute: no<\/li>\n<\/ul>\n<p>Nuestro\u00a0<a href=\"https:\/\/www.darthy.com\/politica-de-envios-y-devoluciones\/\">servicio de entrega<\/a>\u00a0funciona cada d\u00eda con el fin de haceros llegar vuestros pedidos en 48 horas o menos.<\/p>\n<div id=\"tab-description\" class=\"woocommerce-Tabs-panel woocommerce-Tabs-panel--description panel entry-content wc-tab\" role=\"tabpanel\" aria-labelledby=\"tab-title-description\">\n<p>Con el prop\u00f3sito de que el materia llegue en las mejores condiciones, nuestro embalajes estan hechos con el m\u00e1ximo esmero, todos nuestros env\u00edos, tambi\u00e9n est\u00e1n asegurados en caso de extravio o rotura.<\/p>\n<p>Surely many of you know our physical store, many of the fans of Vintage HiFi and collecting has visited us. Because many of our friends can not visit us by distance, we decided to strengthen our website, so you can see our products almost coughing from your devices, so if you see something that may interest you, you can place your orders comfortably from your house.<\/p>\n<p>At the time of placing your order, we will make the shipment quickly so that you can enjoy it as soon as possible in your home.<\/p>\n<p>Our\u00a0<a href=\"https:\/\/www.darthy.com\/politica-de-envios-y-devoluciones\/\">delivery service<\/a>\u00a0works every day in order to send your orders in 48 hours or less. With the purpose that the material arrives in the best conditions, our packages are made with the utmost care, all our shipments are also insured in case of loss or breakage.<\/p>\n<\/div>\n","protected":false},"excerpt":{"rendered":"<p>Thomson A 6001 Amplificador vintage en muy buen estado con las marcas t\u00edpicas del paso del tiempo. Todos nuestros aparatos est\u00e1n revisados respetando escrupulosamente las caracter\u00edsticas originales del fabricante. Incluido el mantenimiento previo de nuestros t\u00e9cnicos para dejar el aparato en \u00f3ptimas condiciones. Especificaciones Type: Integrated amplifier Years of manufacture: 1982 &#8211; 1985 Made in: [&hellip;]<\/p>\n","protected":false},"featured_media":6783,"template":"","meta":{"_exactmetrics_skip_tracking":false,"_exactmetrics_sitenote_active":false,"_exactmetrics_sitenote_note":"","_exactmetrics_sitenote_category":0,"ocean_post_layout":"","ocean_both_sidebars_style":"","ocean_both_sidebars_content_width":0,"ocean_both_sidebars_sidebars_width":0,"ocean_sidebar":"0","ocean_second_sidebar":"0","ocean_disable_margins":"enable","ocean_add_body_class":"","ocean_shortcode_before_top_bar":"","ocean_shortcode_after_top_bar":"","ocean_shortcode_before_header":"","ocean_shortcode_after_header":"","ocean_has_shortcode":"","ocean_shortcode_after_title":"","ocean_shortcode_before_footer_widgets":"","ocean_shortcode_after_footer_widgets":"","ocean_shortcode_before_footer_bottom":"","ocean_shortcode_after_footer_bottom":"","ocean_display_top_bar":"default","ocean_display_header":"default","ocean_header_style":"","ocean_center_header_left_menu":"0","ocean_custom_header_template":"0","ocean_custom_logo":0,"ocean_custom_retina_logo":0,"ocean_custom_logo_max_width":0,"ocean_custom_logo_tablet_max_width":0,"ocean_custom_logo_mobile_max_width":0,"ocean_custom_logo_max_height":0,"ocean_custom_logo_tablet_max_height":0,"ocean_custom_logo_mobile_max_height":0,"ocean_header_custom_menu":"0","ocean_menu_typo_font_family":"0","ocean_menu_typo_font_subset":"","ocean_menu_typo_font_size":0,"ocean_menu_typo_font_size_tablet":0,"ocean_menu_typo_font_size_mobile":0,"ocean_menu_typo_font_size_unit":"px","ocean_menu_typo_font_weight":"","ocean_menu_typo_font_weight_tablet":"","ocean_menu_typo_font_weight_mobile":"","ocean_menu_typo_transform":"","ocean_menu_typo_transform_tablet":"","ocean_menu_typo_transform_mobile":"","ocean_menu_typo_line_height":0,"ocean_menu_typo_line_height_tablet":0,"ocean_menu_typo_line_height_mobile":0,"ocean_menu_typo_line_height_unit":"","ocean_menu_typo_spacing":0,"ocean_menu_typo_spacing_tablet":0,"ocean_menu_typo_spacing_mobile":0,"ocean_menu_typo_spacing_unit":"","ocean_menu_link_color":"","ocean_menu_link_color_hover":"","ocean_menu_link_color_active":"","ocean_menu_link_background":"","ocean_menu_link_hover_background":"","ocean_menu_link_active_background":"","ocean_menu_social_links_bg":"","ocean_menu_social_hover_links_bg":"","ocean_menu_social_links_color":"","ocean_menu_social_hover_links_color":"","ocean_disable_title":"default","ocean_disable_heading":"default","ocean_post_title":"","ocean_post_subheading":"","ocean_post_title_style":"","ocean_post_title_background_color":"","ocean_post_title_background":0,"ocean_post_title_bg_image_position":"","ocean_post_title_bg_image_attachment":"","ocean_post_title_bg_image_repeat":"","ocean_post_title_bg_image_size":"","ocean_post_title_height":0,"ocean_post_title_bg_overlay":0.5,"ocean_post_title_bg_overlay_color":"","ocean_disable_breadcrumbs":"default","ocean_breadcrumbs_color":"","ocean_breadcrumbs_separator_color":"","ocean_breadcrumbs_links_color":"","ocean_breadcrumbs_links_hover_color":"","ocean_display_footer_widgets":"default","ocean_display_footer_bottom":"default","ocean_custom_footer_template":"0"},"product_brand":[3581],"product_cat":[9],"product_tag":[1396,3583,1718,266,3584,3585,3582],"class_list":{"0":"post-6768","1":"product","2":"type-product","3":"status-publish","4":"has-post-thumbnail","6":"product_brand-thomson","7":"product_cat-amplificadores","8":"product_tag-amplificador","9":"product_tag-amplificador-thomson","10":"product_tag-amplifier","11":"product_tag-thomson","12":"product_tag-thomson-a-6001","13":"product_tag-thomson-a6001","14":"product_tag-thomson-amplifier","15":"product_shipping_class-peso-1-a-5-kg","17":"entry","18":"has-media","20":"first","21":"instock","22":"shipping-taxable","23":"product-type-simple","24":"has-product-nav","25":"col","26":"span_1_of_3","27":"owp-content-center","28":"owp-thumbs-layout-horizontal","29":"owp-btn-normal","30":"owp-tabs-layout-section"},"_links":{"self":[{"href":"https:\/\/www.darthy.com\/es_es\/wp-json\/wp\/v2\/product\/6768","targetHints":{"allow":["GET"]}}],"collection":[{"href":"https:\/\/www.darthy.com\/es_es\/wp-json\/wp\/v2\/product"}],"about":[{"href":"https:\/\/www.darthy.com\/es_es\/wp-json\/wp\/v2\/types\/product"}],"wp:featuredmedia":[{"embeddable":true,"href":"https:\/\/www.darthy.com\/es_es\/wp-json\/wp\/v2\/media\/6783"}],"wp:attachment":[{"href":"https:\/\/www.darthy.com\/es_es\/wp-json\/wp\/v2\/media?parent=6768"}],"wp:term":[{"taxonomy":"product_brand","embeddable":true,"href":"https:\/\/www.darthy.com\/es_es\/wp-json\/wp\/v2\/product_brand?post=6768"},{"taxonomy":"product_cat","embeddable":true,"href":"https:\/\/www.darthy.com\/es_es\/wp-json\/wp\/v2\/product_cat?post=6768"},{"taxonomy":"product_tag","embeddable":true,"href":"https:\/\/www.darthy.com\/es_es\/wp-json\/wp\/v2\/product_tag?post=6768"}],"curies":[{"name":"wp","href":"https:\/\/api.w.org\/{rel}","templated":true}]}}