{"id":6553,"date":"2025-10-03T05:23:02","date_gmt":"2025-10-03T05:23:02","guid":{"rendered":"https:\/\/www.darthy.com\/?post_type=product&#038;p=6553"},"modified":"2025-10-03T05:23:02","modified_gmt":"2025-10-03T05:23:02","slug":"sony-tc-d5-m","status":"publish","type":"product","link":"https:\/\/www.darthy.com\/es_es\/producto\/sony-tc-d5-m\/","title":{"rendered":"SONY TC-D5 M"},"content":{"rendered":"<h3>Sony TC-D5 M<\/h3>\n<p>Grabadora de cassette port\u00e1til para reportero. Es una pieza rara para amantes de Hifi. En muy buen estado, pero el vumeter de la izquierda no funciona, con peque\u00f1as marcas de uso.<\/p>\n<div class=\"lRu31\" dir=\"ltr\"><span class=\"HwtZe\" lang=\"es\"><span class=\"jCAhz ChMk0b\"><span class=\"ryNqvb\">El TC-D5M representa la aplicaci\u00f3n de la tecnolog\u00eda de sistema integral de Sony a las exigencias de la grabaci\u00f3n port\u00e1til de casetes est\u00e9reo.<\/span><\/span> <\/span><\/div>\n<div dir=\"ltr\"><\/div>\n<div class=\"lRu31\" dir=\"ltr\"><span class=\"HwtZe\" lang=\"es\"><span class=\"jCAhz ChMk0b\"><span class=\"ryNqvb\">Su dise\u00f1o innovador proporciona un rendimiento estable y uniforme incluso en condiciones de uso rigurosas en exteriores.<\/span><\/span> <\/span><\/div>\n<div dir=\"ltr\"><\/div>\n<div class=\"lRu31\" dir=\"ltr\"><span class=\"HwtZe\" lang=\"es\"><span class=\"jCAhz ChMk0b\"><span class=\"ryNqvb\">Sin embargo, el D5M comparte muchas caracter\u00edsticas con los decks dom\u00e9sticos de Sony, como la compatibilidad con cintas met\u00e1licas, el servocontrol FG y el cabezal Sendust y de ferrita.<\/span><\/span> <\/span><\/div>\n<div dir=\"ltr\"><\/div>\n<div class=\"lRu31\" dir=\"ltr\">\n<p><span class=\"HwtZe\" lang=\"es\"><span class=\"jCAhz ChMk0b\"><span class=\"ryNqvb\">Por lo tanto, el TC-D5M port\u00e1til ofrece un rendimiento comparable al de los decks dom\u00e9sticos de alta gama.<\/span><\/span> <span class=\"jCAhz ChMk0b\"><span class=\"ryNqvb\">De hecho, cuando no est\u00e9 utilizando el D5M en exteriores, puede conectarlo a su sistema de alta fidelidad dom\u00e9stico con excelentes resultados.<\/span><\/span><span class=\"jCAhz ChMk0b\"><span class=\"ryNqvb\"> El D5M incorpora un amplificador de monitorizaci\u00f3n con opci\u00f3n de salida para altavoz o auriculares est\u00e9reo, interruptor limitador de grabaci\u00f3n, atenuador de entrada de micr\u00f3fono y fuente de alimentaci\u00f3n de tres v\u00edas para una flexibilidad de nivel profesional en grabaci\u00f3n y reproducci\u00f3n.<\/span><\/span><\/span><\/p>\n<div class=\"NQSJo\">Incluye alimentador de corriente.<\/div>\n<\/div>\n<div><\/div>\n<div>\n<p>Todos nuestros aparatos est\u00e1n revisados respetando escrupulosamente las caracter\u00edsticas originales del fabricante.<\/p>\n<p>Incluido el mantenimiento previo de nuestros t\u00e9cnicos para dejar el aparato en \u00f3ptimas condiciones.<\/p>\n<p><strong>Especificaciones<\/strong><\/p>\n<ul>\n<li>Type: Cassette Recorder<\/li>\n<li>Tape Type: type I, FeCr, CrO2, Metal<\/li>\n<li>Noise Reduction: B<\/li>\n<li>Output: 20mW (headphones), 0.435V (line)<\/li>\n<li>Battery: 2 x D<\/li>\n<li>Power Supply: 6V DC<\/li>\n<li>Dimensions: 237 x 48 x 168mm<\/li>\n<li>Weight: 1.7 kg<\/li>\n<li>Year: 1980<\/li>\n<\/ul>\n<\/div>\n<p>Nuestro\u00a0<a href=\"https:\/\/www.darthy.com\/politica-de-envios-y-devoluciones\/\">servicio de entrega<\/a>\u00a0funciona cada d\u00eda con el fin de haceros llegar vuestros pedidos en 48 horas o menos.<\/p>\n<p>Con el prop\u00f3sito de que el materia llegue en las mejores condiciones, nuestro embalajes estan hechos con el m\u00e1ximo esmero, todos nuestros env\u00edos, tambi\u00e9n est\u00e1n asegurados en caso de extravio o rotura.<\/p>\n<p>Surely many of you know our physical store, many of the fans of Vintage HiFi and collecting has visited us. Because many of our friends can not visit us by distance, we decided to strengthen our website, so you can see our products almost coughing from your devices, so if you see something that may interest you, you can place your orders comfortably from your house.<\/p>\n<p>At the time of placing your order, we will make the shipment quickly so that you can enjoy it as soon as possible in your home.<\/p>\n<p>Our\u00a0<a href=\"https:\/\/www.darthy.com\/politica-de-envios-y-devoluciones\/\">delivery service<\/a>\u00a0works every day in order to send your orders in 48 hours or less. With the purpose that the material arrives in the best conditions, our packages are made with the utmost care, all our shipments are also insured in case of loss or breakage.<\/p>\n<p>&nbsp;<\/p>\n","protected":false},"excerpt":{"rendered":"<p>Sony TC-D5 M Grabadora de cassette port\u00e1til para reportero. Es una pieza rara para amantes de Hifi. En muy buen estado, pero el vumeter de la izquierda no funciona, con peque\u00f1as marcas de uso. El TC-D5M representa la aplicaci\u00f3n de la tecnolog\u00eda de sistema integral de Sony a las exigencias de la grabaci\u00f3n port\u00e1til de [&hellip;]<\/p>\n","protected":false},"featured_media":6575,"template":"","meta":{"_exactmetrics_skip_tracking":false,"_exactmetrics_sitenote_active":false,"_exactmetrics_sitenote_note":"","_exactmetrics_sitenote_category":0,"ocean_post_layout":"","ocean_both_sidebars_style":"","ocean_both_sidebars_content_width":0,"ocean_both_sidebars_sidebars_width":0,"ocean_sidebar":"0","ocean_second_sidebar":"0","ocean_disable_margins":"enable","ocean_add_body_class":"","ocean_shortcode_before_top_bar":"","ocean_shortcode_after_top_bar":"","ocean_shortcode_before_header":"","ocean_shortcode_after_header":"","ocean_has_shortcode":"","ocean_shortcode_after_title":"","ocean_shortcode_before_footer_widgets":"","ocean_shortcode_after_footer_widgets":"","ocean_shortcode_before_footer_bottom":"","ocean_shortcode_after_footer_bottom":"","ocean_display_top_bar":"default","ocean_display_header":"default","ocean_header_style":"","ocean_center_header_left_menu":"0","ocean_custom_header_template":"0","ocean_custom_logo":0,"ocean_custom_retina_logo":0,"ocean_custom_logo_max_width":0,"ocean_custom_logo_tablet_max_width":0,"ocean_custom_logo_mobile_max_width":0,"ocean_custom_logo_max_height":0,"ocean_custom_logo_tablet_max_height":0,"ocean_custom_logo_mobile_max_height":0,"ocean_header_custom_menu":"0","ocean_menu_typo_font_family":"0","ocean_menu_typo_font_subset":"","ocean_menu_typo_font_size":0,"ocean_menu_typo_font_size_tablet":0,"ocean_menu_typo_font_size_mobile":0,"ocean_menu_typo_font_size_unit":"px","ocean_menu_typo_font_weight":"","ocean_menu_typo_font_weight_tablet":"","ocean_menu_typo_font_weight_mobile":"","ocean_menu_typo_transform":"","ocean_menu_typo_transform_tablet":"","ocean_menu_typo_transform_mobile":"","ocean_menu_typo_line_height":0,"ocean_menu_typo_line_height_tablet":0,"ocean_menu_typo_line_height_mobile":0,"ocean_menu_typo_line_height_unit":"","ocean_menu_typo_spacing":0,"ocean_menu_typo_spacing_tablet":0,"ocean_menu_typo_spacing_mobile":0,"ocean_menu_typo_spacing_unit":"","ocean_menu_link_color":"","ocean_menu_link_color_hover":"","ocean_menu_link_color_active":"","ocean_menu_link_background":"","ocean_menu_link_hover_background":"","ocean_menu_link_active_background":"","ocean_menu_social_links_bg":"","ocean_menu_social_hover_links_bg":"","ocean_menu_social_links_color":"","ocean_menu_social_hover_links_color":"","ocean_disable_title":"default","ocean_disable_heading":"default","ocean_post_title":"","ocean_post_subheading":"","ocean_post_title_style":"","ocean_post_title_background_color":"","ocean_post_title_background":0,"ocean_post_title_bg_image_position":"","ocean_post_title_bg_image_attachment":"","ocean_post_title_bg_image_repeat":"","ocean_post_title_bg_image_size":"","ocean_post_title_height":0,"ocean_post_title_bg_overlay":0.5,"ocean_post_title_bg_overlay_color":"","ocean_disable_breadcrumbs":"default","ocean_breadcrumbs_color":"","ocean_breadcrumbs_separator_color":"","ocean_breadcrumbs_links_color":"","ocean_breadcrumbs_links_hover_color":"","ocean_display_footer_widgets":"default","ocean_display_footer_bottom":"default","ocean_custom_footer_template":"0"},"product_brand":[3367],"product_cat":[42],"product_tag":[269,3406,3226,271,353,3408,3407,3409],"class_list":{"0":"post-6553","1":"product","2":"type-product","3":"status-publish","4":"has-post-thumbnail","6":"product_brand-sony","7":"product_cat-cassette-dat","8":"product_tag-cassette","9":"product_tag-cassette-recorder","10":"product_tag-grabadora-cassette","11":"product_tag-sony","12":"product_tag-sony-cassette","13":"product_tag-sony-tc-d5m","14":"product_tag-sony-tc-d5-m","15":"product_tag-sony-tcd5m","16":"product_shipping_class-peso-1-a-5-kg","18":"entry","19":"has-media","21":"first","22":"instock","23":"sold-individually","24":"shipping-taxable","25":"purchasable","26":"product-type-simple","27":"has-product-nav","28":"col","29":"span_1_of_3","30":"owp-content-center","31":"owp-thumbs-layout-horizontal","32":"owp-btn-normal","33":"owp-tabs-layout-section"},"_links":{"self":[{"href":"https:\/\/www.darthy.com\/es_es\/wp-json\/wp\/v2\/product\/6553","targetHints":{"allow":["GET"]}}],"collection":[{"href":"https:\/\/www.darthy.com\/es_es\/wp-json\/wp\/v2\/product"}],"about":[{"href":"https:\/\/www.darthy.com\/es_es\/wp-json\/wp\/v2\/types\/product"}],"wp:featuredmedia":[{"embeddable":true,"href":"https:\/\/www.darthy.com\/es_es\/wp-json\/wp\/v2\/media\/6575"}],"wp:attachment":[{"href":"https:\/\/www.darthy.com\/es_es\/wp-json\/wp\/v2\/media?parent=6553"}],"wp:term":[{"taxonomy":"product_brand","embeddable":true,"href":"https:\/\/www.darthy.com\/es_es\/wp-json\/wp\/v2\/product_brand?post=6553"},{"taxonomy":"product_cat","embeddable":true,"href":"https:\/\/www.darthy.com\/es_es\/wp-json\/wp\/v2\/product_cat?post=6553"},{"taxonomy":"product_tag","embeddable":true,"href":"https:\/\/www.darthy.com\/es_es\/wp-json\/wp\/v2\/product_tag?post=6553"}],"curies":[{"name":"wp","href":"https:\/\/api.w.org\/{rel}","templated":true}]}}