{"id":6183,"date":"2025-06-12T13:46:15","date_gmt":"2025-06-12T13:46:15","guid":{"rendered":"https:\/\/www.darthy.com\/?post_type=product&#038;p=6183"},"modified":"2025-06-13T09:22:46","modified_gmt":"2025-06-13T09:22:46","slug":"alphonse-mucha-lorenzaccio","status":"publish","type":"product","link":"https:\/\/www.darthy.com\/es_es\/producto\/alphonse-mucha-lorenzaccio\/","title":{"rendered":"ALPHONSE MUCHA LORENZACCIO"},"content":{"rendered":"<h3>Alphonse Mucha Lorenzaccio<\/h3>\n<p>Este cartel anunciaba la obra Lorenzaccio, escrita por Alfred de Musset y representada en Par\u00eds en la d\u00e9cada de 1890. El personaje de Lorenzaccio se basaba en Lorenzo el Magn\u00edfico, miembro de la familia Medici que gobern\u00f3 la ciudad-estado de Florencia durante el Renacimiento. El papel principal fue interpretado por la actriz Sarah Bernhardt, y es su figura la que se aprecia en este cartel. Viste un suntuoso traje negro de \u00e9poca, con una daga colgando del cintur\u00f3n y un libro en la mano. Lorenzaccio est\u00e1 absorta en sus pensamientos, pregunt\u00e1ndose c\u00f3mo salvar a Florencia de un conquistador \u00e1vido de poder. El conquistador est\u00e1 representado por el drag\u00f3n en la parte superior de la imagen. La paleta de colores apagados de azul, dorado y negro, combinada con las l\u00edneas largas y esbeltas de la imagen, hacen de este cartel un ejemplo t\u00edpico de la \u00e9poca y de la obra de Alphonse Mucha. Aunque Mucha se resisti\u00f3 a ser etiquetado como artista Art Nouveau, esta l\u00e1mina se inscribe en el estilo Art Nouveau.<\/p>\n<p>Esta pieza de coleccionismo, de museo, forma parte de la colecci\u00f3n: Maitres de l\u2019Affiche.<\/p>\n<p>El gran valor de este cartel es el buen estado en el que se conserva y la originalidad de este, ya que tiene el n\u00famero de placa con el que se hizo: Placa 114 y tambi\u00e9n la marca de agua. Ambas cosas est\u00e1n en las partes izquierdas y derechas inferiores.<\/p>\n<p>El marco est\u00e1 incluido en el precio.<\/p>\n<p><strong>Debido al valor y fragilidad del art\u00edculo, en caso de estar interesado contactar primero con Darthy.<\/strong><\/p>\n","protected":false},"excerpt":{"rendered":"<p>Alphonse Mucha Lorenzaccio Este cartel anunciaba la obra Lorenzaccio, escrita por Alfred de Musset y representada en Par\u00eds en la d\u00e9cada de 1890. El personaje de Lorenzaccio se basaba en Lorenzo el Magn\u00edfico, miembro de la familia Medici que gobern\u00f3 la ciudad-estado de Florencia durante el Renacimiento. El papel principal fue interpretado por la actriz [&hellip;]<\/p>\n","protected":false},"featured_media":6173,"template":"","meta":{"_exactmetrics_skip_tracking":false,"_exactmetrics_sitenote_active":false,"_exactmetrics_sitenote_note":"","_exactmetrics_sitenote_category":0,"ocean_post_layout":"","ocean_both_sidebars_style":"","ocean_both_sidebars_content_width":0,"ocean_both_sidebars_sidebars_width":0,"ocean_sidebar":"0","ocean_second_sidebar":"0","ocean_disable_margins":"enable","ocean_add_body_class":"","ocean_shortcode_before_top_bar":"","ocean_shortcode_after_top_bar":"","ocean_shortcode_before_header":"","ocean_shortcode_after_header":"","ocean_has_shortcode":"","ocean_shortcode_after_title":"","ocean_shortcode_before_footer_widgets":"","ocean_shortcode_after_footer_widgets":"","ocean_shortcode_before_footer_bottom":"","ocean_shortcode_after_footer_bottom":"","ocean_display_top_bar":"default","ocean_display_header":"default","ocean_header_style":"","ocean_center_header_left_menu":"0","ocean_custom_header_template":"0","ocean_custom_logo":0,"ocean_custom_retina_logo":0,"ocean_custom_logo_max_width":0,"ocean_custom_logo_tablet_max_width":0,"ocean_custom_logo_mobile_max_width":0,"ocean_custom_logo_max_height":0,"ocean_custom_logo_tablet_max_height":0,"ocean_custom_logo_mobile_max_height":0,"ocean_header_custom_menu":"0","ocean_menu_typo_font_family":"0","ocean_menu_typo_font_subset":"","ocean_menu_typo_font_size":0,"ocean_menu_typo_font_size_tablet":0,"ocean_menu_typo_font_size_mobile":0,"ocean_menu_typo_font_size_unit":"px","ocean_menu_typo_font_weight":"","ocean_menu_typo_font_weight_tablet":"","ocean_menu_typo_font_weight_mobile":"","ocean_menu_typo_transform":"","ocean_menu_typo_transform_tablet":"","ocean_menu_typo_transform_mobile":"","ocean_menu_typo_line_height":0,"ocean_menu_typo_line_height_tablet":0,"ocean_menu_typo_line_height_mobile":0,"ocean_menu_typo_line_height_unit":"","ocean_menu_typo_spacing":0,"ocean_menu_typo_spacing_tablet":0,"ocean_menu_typo_spacing_mobile":0,"ocean_menu_typo_spacing_unit":"","ocean_menu_link_color":"","ocean_menu_link_color_hover":"","ocean_menu_link_color_active":"","ocean_menu_link_background":"","ocean_menu_link_hover_background":"","ocean_menu_link_active_background":"","ocean_menu_social_links_bg":"","ocean_menu_social_hover_links_bg":"","ocean_menu_social_links_color":"","ocean_menu_social_hover_links_color":"","ocean_disable_title":"default","ocean_disable_heading":"default","ocean_post_title":"","ocean_post_subheading":"","ocean_post_title_style":"","ocean_post_title_background_color":"","ocean_post_title_background":0,"ocean_post_title_bg_image_position":"","ocean_post_title_bg_image_attachment":"","ocean_post_title_bg_image_repeat":"","ocean_post_title_bg_image_size":"","ocean_post_title_height":0,"ocean_post_title_bg_overlay":0.5,"ocean_post_title_bg_overlay_color":"","ocean_disable_breadcrumbs":"default","ocean_breadcrumbs_color":"","ocean_breadcrumbs_separator_color":"","ocean_breadcrumbs_links_color":"","ocean_breadcrumbs_links_hover_color":"","ocean_display_footer_widgets":"default","ocean_display_footer_bottom":"default","ocean_custom_footer_template":"0"},"product_brand":[],"product_cat":[13,2065,46],"product_tag":[3134,2639,3138,3136,3135,3137],"class_list":{"0":"post-6183","1":"product","2":"type-product","3":"status-publish","4":"has-post-thumbnail","6":"product_cat-coleccionismo","7":"product_cat-papel_antiguo","8":"product_cat-varios-coleccionismo","9":"product_tag-alphonse-mucha","10":"product_tag-coleccionismo","11":"product_tag-lorenzaccio","12":"product_tag-maitres-de-laffiche","13":"product_tag-mucha","14":"product_tag-poster","15":"product_shipping_class-peso-1-a-5-kg","17":"entry","18":"has-media","20":"first","21":"instock","22":"sold-individually","23":"shipping-taxable","24":"purchasable","25":"product-type-simple","26":"has-product-nav","27":"col","28":"span_1_of_3","29":"owp-content-center","30":"owp-thumbs-layout-horizontal","31":"owp-btn-normal","32":"owp-tabs-layout-section"},"_links":{"self":[{"href":"https:\/\/www.darthy.com\/es_es\/wp-json\/wp\/v2\/product\/6183","targetHints":{"allow":["GET"]}}],"collection":[{"href":"https:\/\/www.darthy.com\/es_es\/wp-json\/wp\/v2\/product"}],"about":[{"href":"https:\/\/www.darthy.com\/es_es\/wp-json\/wp\/v2\/types\/product"}],"wp:featuredmedia":[{"embeddable":true,"href":"https:\/\/www.darthy.com\/es_es\/wp-json\/wp\/v2\/media\/6173"}],"wp:attachment":[{"href":"https:\/\/www.darthy.com\/es_es\/wp-json\/wp\/v2\/media?parent=6183"}],"wp:term":[{"taxonomy":"product_brand","embeddable":true,"href":"https:\/\/www.darthy.com\/es_es\/wp-json\/wp\/v2\/product_brand?post=6183"},{"taxonomy":"product_cat","embeddable":true,"href":"https:\/\/www.darthy.com\/es_es\/wp-json\/wp\/v2\/product_cat?post=6183"},{"taxonomy":"product_tag","embeddable":true,"href":"https:\/\/www.darthy.com\/es_es\/wp-json\/wp\/v2\/product_tag?post=6183"}],"curies":[{"name":"wp","href":"https:\/\/api.w.org\/{rel}","templated":true}]}}