{"id":6028,"date":"2025-05-08T16:07:50","date_gmt":"2025-05-08T16:07:50","guid":{"rendered":"https:\/\/www.darthy.com\/?post_type=product&#038;p=6028"},"modified":"2025-09-01T11:37:28","modified_gmt":"2025-09-01T11:37:28","slug":"pioneer-rt-707","status":"publish","type":"product","link":"https:\/\/www.darthy.com\/es_es\/producto\/pioneer-rt-707\/","title":{"rendered":"PIONEER RT-707"},"content":{"rendered":"<h3>Pioneer RT-707<\/h3>\n<p>Magnet\u00f3fono vintage de gama alta. Este reel to reel se encuentra en muy buen estado con las marcas t\u00edpicas del paso del tiempo.<\/p>\n<p>Fabricado en Jap\u00f3n.<\/p>\n<p>El precio no incluye las bobinas.<\/p>\n<p>Magn\u00edfico rendimiento musical, tama\u00f1o compacto y eficiente, electr\u00f3nica impecable y mec\u00e1nica sin complicaciones. El RT-707 refleja el \u00e9xito de Pioneer en el sector de HiFi, ofreciendo todo lo que necesita en un reproductor de bobinas abierto, y mucho m\u00e1s.<\/p>\n<p>Su dise\u00f1o es de 4 cabezales, 3 motores, 2 velocidades (19\/9,5 cm\/s), retroceso autom\u00e1tico (solo reproducci\u00f3n), reproducci\u00f3n continua con cabrestante de accionamiento directo servo de CA con control de tono. El formato es de un cuarto de pulgada, 4 pistas y 2 canales est\u00e9reo. Su rendimiento es de 0,05 % WRMS de fluctuaci\u00f3n\/flutter, 58 dB de relaci\u00f3n se\u00f1al\/ruido y una respuesta de frecuencia de 20 a 28\u00a0000 Hz.<\/p>\n<p>Esta grabadora de carrete abierto Pioneer Serie 700 suena tan bien como se ve: el sonido rico y fiable de las mejores grabadoras cl\u00e1sicas, adem\u00e1s de las ventajas t\u00e9cnicas y la comodidad de la nueva generaci\u00f3n de grabadoras de cinta Hi-Fi.<\/p>\n<p>Todos nuestros aparatos est\u00e1n revisados respetando escrupulosamente las caracter\u00edsticas originales del fabricante.<\/p>\n<p>Incluido el mantenimiento previo de nuestros t\u00e9cnicos para dejar el aparato en \u00f3ptimas condiciones.<\/p>\n<p><strong>Especificaciones<\/strong><\/p>\n<ul>\n<li>Track system: 4-track, 2-channel, stereo system<\/li>\n<li>Heads: 2 x playback, 1 x record, 1 x erase<\/li>\n<li>Motor: 2 x reel, 1 x capstan<\/li>\n<li>Reel size: up to 7 inch reel<\/li>\n<li>Equalization: NAB<\/li>\n<li>Tape speeds: 3 <span class=\"small_fraction\"><sup>3<\/sup>\u2044<sub>4<\/sub><\/span>\u00a0\u00a07 <span class=\"small_fraction\"><sup>1<\/sup>\u2044<sub>2<\/sub><\/span> ips<\/li>\n<li>Wow and flutter: 0.05% <span class=\"small_fraction\">(7 <sup>1<\/sup>\u2044<sub>2<\/sub> ips)<\/span><\/li>\n<li>Frequency response: 20Hz to 28kHz <span class=\"small_fraction\">(7 <sup>1<\/sup>\u2044<sub>2<\/sub> ips)<\/span><\/li>\n<li>Signal to Noise Ratio: 58dB<\/li>\n<li>Total harmonic distortion: 1%<\/li>\n<li>Crosstalk: 50dB<\/li>\n<li>Input: 50mV (line), 0.25mV (mic)<\/li>\n<li>Output: 0.45V (line)<\/li>\n<li>Semiconductors: 67 x transistors, 47 x diodes<\/li>\n<li>Dimensions: 480 x 230 x 356mm<\/li>\n<li>Weight: 20kg<\/li>\n<li>Accessories: PR-85 metal reel, connecting cords, head cleaning kit, sensing tape, splicing tape<\/li>\n<li>Year: 1977<\/li>\n<\/ul>\n<p>Nuestro\u00a0<a href=\"https:\/\/www.darthy.com\/politica-de-envios-y-devoluciones\/\">servicio de entrega<\/a>\u00a0funciona cada d\u00eda con el fin de haceros llegar vuestros pedidos en 48 horas o menos.<\/p>\n<p>Con el prop\u00f3sito de que el materia llegue en las mejores condiciones, nuestro embalajes estan hechos con el m\u00e1ximo esmero, todos nuestros env\u00edos, tambi\u00e9n est\u00e1n asegurados en caso de extravio o rotura.<\/p>\n<p>Surely many of you know our physical store, many of the fans of Vintage HiFi and collecting has visited us. Because many of our friends can not visit us by distance, we decided to strengthen our website, so you can see our products almost coughing from your devices, so if you see something that may interest you, you can place your orders comfortably from your house.<\/p>\n<p>At the time of placing your order, we will make the shipment quickly so that you can enjoy it as soon as possible in your home.<\/p>\n<p>Our\u00a0<a href=\"https:\/\/www.darthy.com\/politica-de-envios-y-devoluciones\/\">delivery service<\/a>\u00a0works every day in order to send your orders in 48 hours or less. With the purpose that the material arrives in the best conditions, our packages are made with the utmost care, all our shipments are also insured in case of loss or breakage.<\/p>\n","protected":false},"excerpt":{"rendered":"<p>Pioneer RT-707 Magnet\u00f3fono vintage de gama alta. Este reel to reel se encuentra en muy buen estado con las marcas t\u00edpicas del paso del tiempo. Fabricado en Jap\u00f3n. El precio no incluye las bobinas. Magn\u00edfico rendimiento musical, tama\u00f1o compacto y eficiente, electr\u00f3nica impecable y mec\u00e1nica sin complicaciones. El RT-707 refleja el \u00e9xito de Pioneer en [&hellip;]<\/p>\n","protected":false},"featured_media":6050,"template":"","meta":{"_exactmetrics_skip_tracking":false,"_exactmetrics_sitenote_active":false,"_exactmetrics_sitenote_note":"","_exactmetrics_sitenote_category":0,"ocean_post_layout":"","ocean_both_sidebars_style":"","ocean_both_sidebars_content_width":0,"ocean_both_sidebars_sidebars_width":0,"ocean_sidebar":"0","ocean_second_sidebar":"0","ocean_disable_margins":"enable","ocean_add_body_class":"","ocean_shortcode_before_top_bar":"","ocean_shortcode_after_top_bar":"","ocean_shortcode_before_header":"","ocean_shortcode_after_header":"","ocean_has_shortcode":"","ocean_shortcode_after_title":"","ocean_shortcode_before_footer_widgets":"","ocean_shortcode_after_footer_widgets":"","ocean_shortcode_before_footer_bottom":"","ocean_shortcode_after_footer_bottom":"","ocean_display_top_bar":"default","ocean_display_header":"default","ocean_header_style":"","ocean_center_header_left_menu":"0","ocean_custom_header_template":"0","ocean_custom_logo":0,"ocean_custom_retina_logo":0,"ocean_custom_logo_max_width":0,"ocean_custom_logo_tablet_max_width":0,"ocean_custom_logo_mobile_max_width":0,"ocean_custom_logo_max_height":0,"ocean_custom_logo_tablet_max_height":0,"ocean_custom_logo_mobile_max_height":0,"ocean_header_custom_menu":"0","ocean_menu_typo_font_family":"0","ocean_menu_typo_font_subset":"","ocean_menu_typo_font_size":0,"ocean_menu_typo_font_size_tablet":0,"ocean_menu_typo_font_size_mobile":0,"ocean_menu_typo_font_size_unit":"px","ocean_menu_typo_font_weight":"","ocean_menu_typo_font_weight_tablet":"","ocean_menu_typo_font_weight_mobile":"","ocean_menu_typo_transform":"","ocean_menu_typo_transform_tablet":"","ocean_menu_typo_transform_mobile":"","ocean_menu_typo_line_height":0,"ocean_menu_typo_line_height_tablet":0,"ocean_menu_typo_line_height_mobile":0,"ocean_menu_typo_line_height_unit":"","ocean_menu_typo_spacing":0,"ocean_menu_typo_spacing_tablet":0,"ocean_menu_typo_spacing_mobile":0,"ocean_menu_typo_spacing_unit":"","ocean_menu_link_color":"","ocean_menu_link_color_hover":"","ocean_menu_link_color_active":"","ocean_menu_link_background":"","ocean_menu_link_hover_background":"","ocean_menu_link_active_background":"","ocean_menu_social_links_bg":"","ocean_menu_social_hover_links_bg":"","ocean_menu_social_links_color":"","ocean_menu_social_hover_links_color":"","ocean_disable_title":"default","ocean_disable_heading":"default","ocean_post_title":"","ocean_post_subheading":"","ocean_post_title_style":"","ocean_post_title_background_color":"","ocean_post_title_background":0,"ocean_post_title_bg_image_position":"","ocean_post_title_bg_image_attachment":"","ocean_post_title_bg_image_repeat":"","ocean_post_title_bg_image_size":"","ocean_post_title_height":0,"ocean_post_title_bg_overlay":0.5,"ocean_post_title_bg_overlay_color":"","ocean_disable_breadcrumbs":"default","ocean_breadcrumbs_color":"","ocean_breadcrumbs_separator_color":"","ocean_breadcrumbs_links_color":"","ocean_breadcrumbs_links_hover_color":"","ocean_display_footer_widgets":"default","ocean_display_footer_bottom":"default","ocean_custom_footer_template":"0"},"product_brand":[],"product_cat":[11],"product_tag":[277,348,3087,3088,276],"class_list":{"0":"post-6028","1":"product","2":"type-product","3":"status-publish","4":"has-post-thumbnail","6":"product_cat-magnetofonos-reel-to-reel","7":"product_tag-magnetofono","8":"product_tag-pioneer","9":"product_tag-pioneer-rt-707","10":"product_tag-pioneer-rt707","11":"product_tag-reel-to-reel","12":"product_shipping_class-gratis","14":"entry","15":"has-media","17":"first","18":"outofstock","19":"sold-individually","20":"shipping-taxable","21":"purchasable","22":"product-type-simple","23":"has-product-nav","24":"col","25":"span_1_of_3","26":"owp-content-center","27":"owp-thumbs-layout-horizontal","28":"owp-btn-normal","29":"owp-tabs-layout-section"},"_links":{"self":[{"href":"https:\/\/www.darthy.com\/es_es\/wp-json\/wp\/v2\/product\/6028","targetHints":{"allow":["GET"]}}],"collection":[{"href":"https:\/\/www.darthy.com\/es_es\/wp-json\/wp\/v2\/product"}],"about":[{"href":"https:\/\/www.darthy.com\/es_es\/wp-json\/wp\/v2\/types\/product"}],"wp:featuredmedia":[{"embeddable":true,"href":"https:\/\/www.darthy.com\/es_es\/wp-json\/wp\/v2\/media\/6050"}],"wp:attachment":[{"href":"https:\/\/www.darthy.com\/es_es\/wp-json\/wp\/v2\/media?parent=6028"}],"wp:term":[{"taxonomy":"product_brand","embeddable":true,"href":"https:\/\/www.darthy.com\/es_es\/wp-json\/wp\/v2\/product_brand?post=6028"},{"taxonomy":"product_cat","embeddable":true,"href":"https:\/\/www.darthy.com\/es_es\/wp-json\/wp\/v2\/product_cat?post=6028"},{"taxonomy":"product_tag","embeddable":true,"href":"https:\/\/www.darthy.com\/es_es\/wp-json\/wp\/v2\/product_tag?post=6028"}],"curies":[{"name":"wp","href":"https:\/\/api.w.org\/{rel}","templated":true}]}}