{"id":6025,"date":"2025-05-08T16:12:50","date_gmt":"2025-05-08T16:12:50","guid":{"rendered":"https:\/\/www.darthy.com\/?post_type=product&#038;p=6025"},"modified":"2025-05-20T14:21:51","modified_gmt":"2025-05-20T14:21:51","slug":"project-rpm-genie-1-3","status":"publish","type":"product","link":"https:\/\/www.darthy.com\/es_es\/producto\/project-rpm-genie-1-3\/","title":{"rendered":"PROJECT RPM GENIE 1.3"},"content":{"rendered":"<h3>Porject RPM Genie 1.3<\/h3>\n<p>Tocadiscos con una est\u00e9tica muy cuidada y original. Es un aparato en muy buen estado y 100% original. Incluye todos los accesorios: llave allen, alimentador y cable.<\/p>\n<p>Genie es un producto de atractivo dise\u00f1o con tracci\u00f3n por correa, que combina un motor s\u00edncrono ubicado en un bloque independiente completamente desacoplado de un subchasis de construcci\u00f3n antiresonante.<\/p>\n<p>Todos nuestros aparatos est\u00e1n revisados respetando escrupulosamente las caracter\u00edsticas originales del fabricante.<\/p>\n<p>Incluido el mantenimiento previo de nuestros t\u00e9cnicos para dejar el aparato en \u00f3ptimas condiciones.<\/p>\n<p><strong>Especificaciones<\/strong><\/p>\n<ul>\n<li>Fitted cartridge:Ortofon OM 5E<\/li>\n<li>Amplifier connection:MM-input<\/li>\n<li>Nominal speeds: 33 \/ 45 r.p.m.<\/li>\n<li>Effective tonearm length: 8,6 &#8221; (218,5mm)<\/li>\n<li>Effective tonearm mass: 8,5g<\/li>\n<li>Overhang: 19mm<\/li>\n<li>Downforce range: 15 &#8211; 30mN<\/li>\n<li>Supplied counterweight: cartridge weight 4 &#8211; 9g<\/li>\n<li>Speed variance:\u00b10,8 %<\/li>\n<li>Wow and flutter: \u00b10,15 %<\/li>\n<li>Signal to noise: -70dB<\/li>\n<li>Platter weight\/diameter: 1,6kg\/300mm<\/li>\n<li>Power supply type: Mains-fed outboard power supply<\/li>\n<li>220 &#8211; 240V, 50 cycles or 100 &#8211; 110V, 60 cycles<\/li>\n<li>Output voltage:12V\/200mA AC<\/li>\n<li>Power consumption: 2W<\/li>\n<li>Peso: 3,3kg<\/li>\n<\/ul>\n<p>Nuestro\u00a0<a href=\"https:\/\/www.darthy.com\/politica-de-envios-y-devoluciones\/\">servicio de entrega<\/a>\u00a0funciona cada d\u00eda con el fin de haceros llegar vuestros pedidos en 48 horas o menos.<\/p>\n<p>Con el prop\u00f3sito de que el materia llegue en las mejores condiciones, nuestro embalajes estan hechos con el m\u00e1ximo esmero, todos nuestros env\u00edos, tambi\u00e9n est\u00e1n asegurados en caso de extravio o rotura.<\/p>\n<p>Surely many of you know our physical store, many of the fans of Vintage HiFi and collecting has visited us. Because many of our friends can not visit us by distance, we decided to strengthen our website, so you can see our products almost coughing from your devices, so if you see something that may interest you, you can place your orders comfortably from your house.<\/p>\n<p>At the time of placing your order, we will make the shipment quickly so that you can enjoy it as soon as possible in your home.<\/p>\n<p>Our\u00a0<a href=\"https:\/\/www.darthy.com\/politica-de-envios-y-devoluciones\/\">delivery service<\/a>\u00a0works every day in order to send your orders in 48 hours or less. With the purpose that the material arrives in the best conditions, our packages are made with the utmost care, all our shipments are also insured in case of loss or breakage.<\/p>\n","protected":false},"excerpt":{"rendered":"<p>Porject RPM Genie 1.3 Tocadiscos con una est\u00e9tica muy cuidada y original. Es un aparato en muy buen estado y 100% original. Incluye todos los accesorios: llave allen, alimentador y cable. Genie es un producto de atractivo dise\u00f1o con tracci\u00f3n por correa, que combina un motor s\u00edncrono ubicado en un bloque independiente completamente desacoplado de [&hellip;]<\/p>\n","protected":false},"featured_media":6058,"template":"","meta":{"_exactmetrics_skip_tracking":false,"_exactmetrics_sitenote_active":false,"_exactmetrics_sitenote_note":"","_exactmetrics_sitenote_category":0,"ocean_post_layout":"","ocean_both_sidebars_style":"","ocean_both_sidebars_content_width":0,"ocean_both_sidebars_sidebars_width":0,"ocean_sidebar":"0","ocean_second_sidebar":"0","ocean_disable_margins":"enable","ocean_add_body_class":"","ocean_shortcode_before_top_bar":"","ocean_shortcode_after_top_bar":"","ocean_shortcode_before_header":"","ocean_shortcode_after_header":"","ocean_has_shortcode":"","ocean_shortcode_after_title":"","ocean_shortcode_before_footer_widgets":"","ocean_shortcode_after_footer_widgets":"","ocean_shortcode_before_footer_bottom":"","ocean_shortcode_after_footer_bottom":"","ocean_display_top_bar":"default","ocean_display_header":"default","ocean_header_style":"","ocean_center_header_left_menu":"0","ocean_custom_header_template":"0","ocean_custom_logo":0,"ocean_custom_retina_logo":0,"ocean_custom_logo_max_width":0,"ocean_custom_logo_tablet_max_width":0,"ocean_custom_logo_mobile_max_width":0,"ocean_custom_logo_max_height":0,"ocean_custom_logo_tablet_max_height":0,"ocean_custom_logo_mobile_max_height":0,"ocean_header_custom_menu":"0","ocean_menu_typo_font_family":"0","ocean_menu_typo_font_subset":"","ocean_menu_typo_font_size":0,"ocean_menu_typo_font_size_tablet":0,"ocean_menu_typo_font_size_mobile":0,"ocean_menu_typo_font_size_unit":"px","ocean_menu_typo_font_weight":"","ocean_menu_typo_font_weight_tablet":"","ocean_menu_typo_font_weight_mobile":"","ocean_menu_typo_transform":"","ocean_menu_typo_transform_tablet":"","ocean_menu_typo_transform_mobile":"","ocean_menu_typo_line_height":0,"ocean_menu_typo_line_height_tablet":0,"ocean_menu_typo_line_height_mobile":0,"ocean_menu_typo_line_height_unit":"","ocean_menu_typo_spacing":0,"ocean_menu_typo_spacing_tablet":0,"ocean_menu_typo_spacing_mobile":0,"ocean_menu_typo_spacing_unit":"","ocean_menu_link_color":"","ocean_menu_link_color_hover":"","ocean_menu_link_color_active":"","ocean_menu_link_background":"","ocean_menu_link_hover_background":"","ocean_menu_link_active_background":"","ocean_menu_social_links_bg":"","ocean_menu_social_hover_links_bg":"","ocean_menu_social_links_color":"","ocean_menu_social_hover_links_color":"","ocean_disable_title":"default","ocean_disable_heading":"default","ocean_post_title":"","ocean_post_subheading":"","ocean_post_title_style":"","ocean_post_title_background_color":"","ocean_post_title_background":0,"ocean_post_title_bg_image_position":"","ocean_post_title_bg_image_attachment":"","ocean_post_title_bg_image_repeat":"","ocean_post_title_bg_image_size":"","ocean_post_title_height":0,"ocean_post_title_bg_overlay":0.5,"ocean_post_title_bg_overlay_color":"","ocean_disable_breadcrumbs":"default","ocean_breadcrumbs_color":"","ocean_breadcrumbs_separator_color":"","ocean_breadcrumbs_links_color":"","ocean_breadcrumbs_links_hover_color":"","ocean_display_footer_widgets":"default","ocean_display_footer_bottom":"default","ocean_custom_footer_template":"0"},"product_brand":[],"product_cat":[41],"product_tag":[3077,3081,3079,3078,3080,3075,208,3076,206],"class_list":{"0":"post-6025","1":"product","2":"type-product","3":"status-publish","4":"has-post-thumbnail","6":"product_cat-archivo","7":"product_tag-project","8":"product_tag-project-1-3-genie","9":"product_tag-project-genie1-3","10":"product_tag-project-rpm-genie-1-3","11":"product_tag-project-rpm-genie1-3","12":"product_tag-project-turntable","13":"product_tag-tocadiscos","14":"product_tag-tocadiscos-project","15":"product_tag-turntable","16":"product_shipping_class-peso-1-a-5-kg","18":"entry","19":"has-media","21":"first","22":"instock","23":"sold-individually","24":"shipping-taxable","25":"product-type-simple","26":"has-product-nav","27":"col","28":"span_1_of_3","29":"owp-content-center","30":"owp-thumbs-layout-horizontal","31":"owp-btn-normal","32":"owp-tabs-layout-section"},"_links":{"self":[{"href":"https:\/\/www.darthy.com\/es_es\/wp-json\/wp\/v2\/product\/6025","targetHints":{"allow":["GET"]}}],"collection":[{"href":"https:\/\/www.darthy.com\/es_es\/wp-json\/wp\/v2\/product"}],"about":[{"href":"https:\/\/www.darthy.com\/es_es\/wp-json\/wp\/v2\/types\/product"}],"wp:featuredmedia":[{"embeddable":true,"href":"https:\/\/www.darthy.com\/es_es\/wp-json\/wp\/v2\/media\/6058"}],"wp:attachment":[{"href":"https:\/\/www.darthy.com\/es_es\/wp-json\/wp\/v2\/media?parent=6025"}],"wp:term":[{"taxonomy":"product_brand","embeddable":true,"href":"https:\/\/www.darthy.com\/es_es\/wp-json\/wp\/v2\/product_brand?post=6025"},{"taxonomy":"product_cat","embeddable":true,"href":"https:\/\/www.darthy.com\/es_es\/wp-json\/wp\/v2\/product_cat?post=6025"},{"taxonomy":"product_tag","embeddable":true,"href":"https:\/\/www.darthy.com\/es_es\/wp-json\/wp\/v2\/product_tag?post=6025"}],"curies":[{"name":"wp","href":"https:\/\/api.w.org\/{rel}","templated":true}]}}