{"id":5930,"date":"2025-03-28T10:45:42","date_gmt":"2025-03-28T10:45:42","guid":{"rendered":"https:\/\/www.darthy.com\/?post_type=product&#038;p=5930"},"modified":"2025-03-28T10:45:43","modified_gmt":"2025-03-28T10:45:43","slug":"fisher-fm-120l","status":"publish","type":"product","link":"https:\/\/www.darthy.com\/es_es\/producto\/fisher-fm-120l\/","title":{"rendered":"FISHER FM-120L"},"content":{"rendered":"<h3>Fisher FM-120L<\/h3>\n<p>Radio vintage en buen estado con las marcas de uso t\u00edpicas del paso del tiempo. Tiene una buena recepci\u00f3n de sonido.<\/p>\n<p>Todos nuestros aparatos est\u00e1n revisados respetando escrupulosamente las caracter\u00edsticas originales del fabricante.<\/p>\n<p>Incluido el mantenimiento previo de nuestros t\u00e9cnicos para dejar el aparato en \u00f3ptimas condiciones.<\/p>\n<p><strong>Especificaciones<\/strong><\/p>\n<ul>\n<li>Tuning range: FM, MW<\/li>\n<li>Input sensitivity: 2.5mV (MM), 150mV (line)<\/li>\n<li>Speaker load impedance: 8\u2126 (minimum)<\/li>\n<li>Year: 1968<\/li>\n<\/ul>\n<p>Nuestro\u00a0<a href=\"https:\/\/www.darthy.com\/politica-de-envios-y-devoluciones\/\">servicio de entrega<\/a>\u00a0funciona cada d\u00eda con el fin de haceros llegar vuestros pedidos en 48 horas o menos.<\/p>\n<p>Con el proposito de que el materia llegue en las mejores condiciones, nuestro embalajes estan hechos con el m\u00e1ximo esmero, todos nuestros envios, tambien estan asegurados en caso de extravio o rotura.<\/p>\n<p>Surely many of you know our physical store, many of the fans of Vintage HiFi and collecting has visited us. Because many of our friends can not visit us by distance, we decided to strengthen our website, so you can see our products almost coughing from your devices, so if you see something that may interest you, you can place your orders comfortably from your house.<\/p>\n<p>At the time of placing your order, we will make the shipment quickly so that you can enjoy it as soon as possible in your home.<\/p>\n<p>Our\u00a0<a href=\"https:\/\/www.darthy.com\/politica-de-envios-y-devoluciones\/\">delivery service<\/a>\u00a0works every day in order to send your orders in 48 hours or less. With the purpose that the material arrives in the best conditions, our packages are made with the utmost care, all our shipments are also insured in case of loss or breakage.<\/p>\n","protected":false},"excerpt":{"rendered":"<p>Fisher FM-120L Radio vintage en buen estado con las marcas de uso t\u00edpicas del paso del tiempo. Tiene una buena recepci\u00f3n de sonido. Todos nuestros aparatos est\u00e1n revisados respetando escrupulosamente las caracter\u00edsticas originales del fabricante. Incluido el mantenimiento previo de nuestros t\u00e9cnicos para dejar el aparato en \u00f3ptimas condiciones. Especificaciones Tuning range: FM, MW Input [&hellip;]<\/p>\n","protected":false},"featured_media":5931,"template":"","meta":{"_exactmetrics_skip_tracking":false,"_exactmetrics_sitenote_active":false,"_exactmetrics_sitenote_note":"","_exactmetrics_sitenote_category":0,"ocean_post_layout":"","ocean_both_sidebars_style":"","ocean_both_sidebars_content_width":0,"ocean_both_sidebars_sidebars_width":0,"ocean_sidebar":"0","ocean_second_sidebar":"0","ocean_disable_margins":"enable","ocean_add_body_class":"","ocean_shortcode_before_top_bar":"","ocean_shortcode_after_top_bar":"","ocean_shortcode_before_header":"","ocean_shortcode_after_header":"","ocean_has_shortcode":"","ocean_shortcode_after_title":"","ocean_shortcode_before_footer_widgets":"","ocean_shortcode_after_footer_widgets":"","ocean_shortcode_before_footer_bottom":"","ocean_shortcode_after_footer_bottom":"","ocean_display_top_bar":"default","ocean_display_header":"default","ocean_header_style":"","ocean_center_header_left_menu":"0","ocean_custom_header_template":"0","ocean_custom_logo":0,"ocean_custom_retina_logo":0,"ocean_custom_logo_max_width":0,"ocean_custom_logo_tablet_max_width":0,"ocean_custom_logo_mobile_max_width":0,"ocean_custom_logo_max_height":0,"ocean_custom_logo_tablet_max_height":0,"ocean_custom_logo_mobile_max_height":0,"ocean_header_custom_menu":"0","ocean_menu_typo_font_family":"0","ocean_menu_typo_font_subset":"","ocean_menu_typo_font_size":0,"ocean_menu_typo_font_size_tablet":0,"ocean_menu_typo_font_size_mobile":0,"ocean_menu_typo_font_size_unit":"px","ocean_menu_typo_font_weight":"","ocean_menu_typo_font_weight_tablet":"","ocean_menu_typo_font_weight_mobile":"","ocean_menu_typo_transform":"","ocean_menu_typo_transform_tablet":"","ocean_menu_typo_transform_mobile":"","ocean_menu_typo_line_height":0,"ocean_menu_typo_line_height_tablet":0,"ocean_menu_typo_line_height_mobile":0,"ocean_menu_typo_line_height_unit":"","ocean_menu_typo_spacing":0,"ocean_menu_typo_spacing_tablet":0,"ocean_menu_typo_spacing_mobile":0,"ocean_menu_typo_spacing_unit":"","ocean_menu_link_color":"","ocean_menu_link_color_hover":"","ocean_menu_link_color_active":"","ocean_menu_link_background":"","ocean_menu_link_hover_background":"","ocean_menu_link_active_background":"","ocean_menu_social_links_bg":"","ocean_menu_social_hover_links_bg":"","ocean_menu_social_links_color":"","ocean_menu_social_hover_links_color":"","ocean_disable_title":"default","ocean_disable_heading":"default","ocean_post_title":"","ocean_post_subheading":"","ocean_post_title_style":"","ocean_post_title_background_color":"","ocean_post_title_background":0,"ocean_post_title_bg_image_position":"","ocean_post_title_bg_image_attachment":"","ocean_post_title_bg_image_repeat":"","ocean_post_title_bg_image_size":"","ocean_post_title_height":0,"ocean_post_title_bg_overlay":0.5,"ocean_post_title_bg_overlay_color":"","ocean_disable_breadcrumbs":"default","ocean_breadcrumbs_color":"","ocean_breadcrumbs_separator_color":"","ocean_breadcrumbs_links_color":"","ocean_breadcrumbs_links_hover_color":"","ocean_display_footer_widgets":"default","ocean_display_footer_bottom":"default","ocean_custom_footer_template":"0"},"product_brand":[],"product_cat":[29],"product_tag":[1800,3006,3005,3004],"class_list":{"0":"post-5930","1":"product","2":"type-product","3":"status-publish","4":"has-post-thumbnail","6":"product_cat-radio","7":"product_tag-fisher","8":"product_tag-fisher-fm-120-l","9":"product_tag-fisher-fm-120l","10":"product_tag-radio-fisher","11":"product_shipping_class-peso-1-a-5-kg","13":"entry","14":"has-media","16":"first","17":"instock","18":"sold-individually","19":"shipping-taxable","20":"purchasable","21":"product-type-simple","22":"has-product-nav","23":"col","24":"span_1_of_3","25":"owp-content-center","26":"owp-thumbs-layout-horizontal","27":"owp-btn-normal","28":"owp-tabs-layout-section"},"_links":{"self":[{"href":"https:\/\/www.darthy.com\/es_es\/wp-json\/wp\/v2\/product\/5930","targetHints":{"allow":["GET"]}}],"collection":[{"href":"https:\/\/www.darthy.com\/es_es\/wp-json\/wp\/v2\/product"}],"about":[{"href":"https:\/\/www.darthy.com\/es_es\/wp-json\/wp\/v2\/types\/product"}],"wp:featuredmedia":[{"embeddable":true,"href":"https:\/\/www.darthy.com\/es_es\/wp-json\/wp\/v2\/media\/5931"}],"wp:attachment":[{"href":"https:\/\/www.darthy.com\/es_es\/wp-json\/wp\/v2\/media?parent=5930"}],"wp:term":[{"taxonomy":"product_brand","embeddable":true,"href":"https:\/\/www.darthy.com\/es_es\/wp-json\/wp\/v2\/product_brand?post=5930"},{"taxonomy":"product_cat","embeddable":true,"href":"https:\/\/www.darthy.com\/es_es\/wp-json\/wp\/v2\/product_cat?post=5930"},{"taxonomy":"product_tag","embeddable":true,"href":"https:\/\/www.darthy.com\/es_es\/wp-json\/wp\/v2\/product_tag?post=5930"}],"curies":[{"name":"wp","href":"https:\/\/api.w.org\/{rel}","templated":true}]}}