{"id":5760,"date":"2025-03-05T09:57:54","date_gmt":"2025-03-05T09:57:54","guid":{"rendered":"https:\/\/www.darthy.com\/?post_type=product&#038;p=5760"},"modified":"2025-03-05T09:59:42","modified_gmt":"2025-03-05T09:59:42","slug":"quad-44-rca","status":"publish","type":"product","link":"https:\/\/www.darthy.com\/es_es\/producto\/quad-44-rca\/","title":{"rendered":"QUAD 44 RCA"},"content":{"rendered":"<h3>Quad 44 RCA<\/h3>\n<p id=\"tw-target-text\" class=\"tw-data-text tw-text-large tw-ta\" dir=\"ltr\" data-placeholder=\"Traducci\u00f3n\" data-ved=\"2ahUKEwj_u9enqvGLAxWf2gIHHZ6mCv4Q3ewLegQICBAV\"><span class=\"Y2IQFc\" lang=\"es\">El Quad 44 tiene cinco entradas, Disco, Cinta 1 y 2, Radio y Auxiliar, que terminar\u00e1n correctamente pr\u00e1cticamente todas las fuentes de programas aplicables disponibles ahora y en el futuro previsible. <\/span><\/p>\n<p class=\"tw-data-text tw-text-large tw-ta\" dir=\"ltr\" data-placeholder=\"Traducci\u00f3n\" data-ved=\"2ahUKEwj_u9enqvGLAxWf2gIHHZ6mCv4Q3ewLegQICBAV\"><span class=\"Y2IQFc\" lang=\"es\">Las cinco entradas son intercambiables, por lo que se puede obtener cualquier combinaci\u00f3n de entradas y se pueden incluir opciones como pastilla de bobina m\u00f3vil o entradas de micr\u00f3fono. El 44 tiene controles de tono, que consisten en filtro, graves e inclinaci\u00f3n, que permiten al oyente corregir aquellos problemas ac\u00fasticos que son susceptibles de modelar la respuesta de frecuencia. Usados \u200b\u200binteligentemente estos controles pueden mejorar los resultados obtenidos de casi cualquier programa. El rendimiento del amplificador cumple con el criterio Quad simple: el programa transmitido a trav\u00e9s de la unidad no sufrir\u00e1 degradaci\u00f3n audible; en otras palabras, con el interruptor del filtro en la posici\u00f3n Cancelar no habr\u00e1 diferencia audible entre el programa en la entrada y salida de la unidad, en comparaci\u00f3n con niveles id\u00e9nticos. <\/span><\/p>\n<p class=\"tw-data-text tw-text-large tw-ta\" dir=\"ltr\" data-placeholder=\"Traducci\u00f3n\" data-ved=\"2ahUKEwj_u9enqvGLAxWf2gIHHZ6mCv4Q3ewLegQICBAV\"><span class=\"Y2IQFc\" lang=\"es\">Esto es cierto para todas las entradas cuando se utilizan con sus impedancias de fuente especificadas y dentro de los l\u00edmites de su se\u00f1al de entrada. El Quad 44 no sonar\u00e1 mejor ni peor que el programa introducido en \u00e9l. La construcci\u00f3n y la confiabilidad inherente contin\u00faan en la tradici\u00f3n Quad y reflejan cuidado tanto en el dise\u00f1o como en la mano de obra. Es extremadamente improbable que la unidad quede obsoleta, ya que cualquier desarrollo futuro en la fuente del programa o en la tecnolog\u00eda de circuitos puede adaptarse f\u00e1cilmente simplemente cambiando los m\u00f3dulos de entrada.<\/span><\/p>\n<p dir=\"ltr\" data-placeholder=\"Traducci\u00f3n\" data-ved=\"2ahUKEwj_u9enqvGLAxWf2gIHHZ6mCv4Q3ewLegQICBAV\">Made in England.<\/p>\n<p>Todos nuestros aparatos est\u00e1n revisados respetando escrupulosamente las caracter\u00edsticas originales del fabricante.<\/p>\n<p>Incluido el mantenimiento previo de nuestros t\u00e9cnicos para dejar el aparato en \u00f3ptimas condiciones.<\/p>\n<p><strong>Especificaciones<\/strong><\/p>\n<ul>\n<li>Frequency response: 30Hz to 20kHz<\/li>\n<li>Total harmonic distortion: 0.05%<\/li>\n<li>Input sensitivity: 3mV (MM), 100mV (line)<\/li>\n<li>Signal to noise ratio: 72dB (MM), 86dB (line)<\/li>\n<li>Output: 100mV (line), 0.5V (Pre out)<\/li>\n<li>Dimensions: 321 x 103 x 207mm<\/li>\n<li>Weight: 4kg<\/li>\n<\/ul>\n<p>Nuestro\u00a0<a href=\"https:\/\/www.darthy.com\/politica-de-envios-y-devoluciones\/\">servicio de entrega<\/a>\u00a0funciona cada d\u00eda con el fin de haceros llegar vuestros pedidos en 48 horas o menos.<\/p>\n<p>Con el proposito de que el materia llegue en las mejores condiciones, nuestro embalajes estan hechos con el m\u00e1ximo esmero, todos nuestros envios, tambien estan asegurados en caso de extravio o rotura.<\/p>\n<p>Surely many of you know our physical store, many of the fans of Vintage HiFi and collecting has visited us. Because many of our friends can not visit us by distance, we decided to strengthen our website, so you can see our products almost coughing from your devices, so if you see something that may interest you, you can place your orders comfortably from your house.<\/p>\n<p>At the time of placing your order, we will make the shipment quickly so that you can enjoy it as soon as possible in your home.<\/p>\n<p>Our\u00a0<a href=\"https:\/\/www.darthy.com\/politica-de-envios-y-devoluciones\/\">delivery service<\/a>\u00a0works every day in order to send your orders in 48 hours or less. With the purpose that the material arrives in the best conditions, our packages are made with the utmost care, all our shipments are also insured in case of loss or breakage.<\/p>\n<h2><\/h2>\n","protected":false},"excerpt":{"rendered":"<p>Quad 44 RCA El Quad 44 tiene cinco entradas, Disco, Cinta 1 y 2, Radio y Auxiliar, que terminar\u00e1n correctamente pr\u00e1cticamente todas las fuentes de programas aplicables disponibles ahora y en el futuro previsible. Las cinco entradas son intercambiables, por lo que se puede obtener cualquier combinaci\u00f3n de entradas y se pueden incluir opciones como [&hellip;]<\/p>\n","protected":false},"featured_media":5781,"template":"","meta":{"_exactmetrics_skip_tracking":false,"_exactmetrics_sitenote_active":false,"_exactmetrics_sitenote_note":"","_exactmetrics_sitenote_category":0,"ocean_post_layout":"","ocean_both_sidebars_style":"","ocean_both_sidebars_content_width":0,"ocean_both_sidebars_sidebars_width":0,"ocean_sidebar":"0","ocean_second_sidebar":"0","ocean_disable_margins":"enable","ocean_add_body_class":"","ocean_shortcode_before_top_bar":"","ocean_shortcode_after_top_bar":"","ocean_shortcode_before_header":"","ocean_shortcode_after_header":"","ocean_has_shortcode":"","ocean_shortcode_after_title":"","ocean_shortcode_before_footer_widgets":"","ocean_shortcode_after_footer_widgets":"","ocean_shortcode_before_footer_bottom":"","ocean_shortcode_after_footer_bottom":"","ocean_display_top_bar":"default","ocean_display_header":"default","ocean_header_style":"","ocean_center_header_left_menu":"0","ocean_custom_header_template":"0","ocean_custom_logo":0,"ocean_custom_retina_logo":0,"ocean_custom_logo_max_width":0,"ocean_custom_logo_tablet_max_width":0,"ocean_custom_logo_mobile_max_width":0,"ocean_custom_logo_max_height":0,"ocean_custom_logo_tablet_max_height":0,"ocean_custom_logo_mobile_max_height":0,"ocean_header_custom_menu":"0","ocean_menu_typo_font_family":"0","ocean_menu_typo_font_subset":"","ocean_menu_typo_font_size":0,"ocean_menu_typo_font_size_tablet":0,"ocean_menu_typo_font_size_mobile":0,"ocean_menu_typo_font_size_unit":"px","ocean_menu_typo_font_weight":"","ocean_menu_typo_font_weight_tablet":"","ocean_menu_typo_font_weight_mobile":"","ocean_menu_typo_transform":"","ocean_menu_typo_transform_tablet":"","ocean_menu_typo_transform_mobile":"","ocean_menu_typo_line_height":0,"ocean_menu_typo_line_height_tablet":0,"ocean_menu_typo_line_height_mobile":0,"ocean_menu_typo_line_height_unit":"","ocean_menu_typo_spacing":0,"ocean_menu_typo_spacing_tablet":0,"ocean_menu_typo_spacing_mobile":0,"ocean_menu_typo_spacing_unit":"","ocean_menu_link_color":"","ocean_menu_link_color_hover":"","ocean_menu_link_color_active":"","ocean_menu_link_background":"","ocean_menu_link_hover_background":"","ocean_menu_link_active_background":"","ocean_menu_social_links_bg":"","ocean_menu_social_hover_links_bg":"","ocean_menu_social_links_color":"","ocean_menu_social_hover_links_color":"","ocean_disable_title":"default","ocean_disable_heading":"default","ocean_post_title":"","ocean_post_subheading":"","ocean_post_title_style":"","ocean_post_title_background_color":"","ocean_post_title_background":0,"ocean_post_title_bg_image_position":"","ocean_post_title_bg_image_attachment":"","ocean_post_title_bg_image_repeat":"","ocean_post_title_bg_image_size":"","ocean_post_title_height":0,"ocean_post_title_bg_overlay":0.5,"ocean_post_title_bg_overlay_color":"","ocean_disable_breadcrumbs":"default","ocean_breadcrumbs_color":"","ocean_breadcrumbs_separator_color":"","ocean_breadcrumbs_links_color":"","ocean_breadcrumbs_links_hover_color":"","ocean_display_footer_widgets":"default","ocean_display_footer_bottom":"default","ocean_custom_footer_template":"0"},"product_brand":[],"product_cat":[9],"product_tag":[2903,2902,2901,2899,2897,2898,2900],"class_list":{"0":"post-5760","1":"product","2":"type-product","3":"status-publish","4":"has-post-thumbnail","6":"product_cat-amplificadores","7":"product_tag-amplificador-previ","8":"product_tag-amplifier-previ","9":"product_tag-previ-amplifier","10":"product_tag-previ-quad","11":"product_tag-quad-44-rca","12":"product_tag-quad-44rca","13":"product_tag-quad-previ","15":"entry","16":"has-media","18":"first","19":"instock","20":"sold-individually","21":"shipping-taxable","22":"purchasable","23":"product-type-simple","24":"has-product-nav","25":"col","26":"span_1_of_3","27":"owp-content-center","28":"owp-thumbs-layout-horizontal","29":"owp-btn-normal","30":"owp-tabs-layout-section"},"_links":{"self":[{"href":"https:\/\/www.darthy.com\/es_es\/wp-json\/wp\/v2\/product\/5760","targetHints":{"allow":["GET"]}}],"collection":[{"href":"https:\/\/www.darthy.com\/es_es\/wp-json\/wp\/v2\/product"}],"about":[{"href":"https:\/\/www.darthy.com\/es_es\/wp-json\/wp\/v2\/types\/product"}],"wp:featuredmedia":[{"embeddable":true,"href":"https:\/\/www.darthy.com\/es_es\/wp-json\/wp\/v2\/media\/5781"}],"wp:attachment":[{"href":"https:\/\/www.darthy.com\/es_es\/wp-json\/wp\/v2\/media?parent=5760"}],"wp:term":[{"taxonomy":"product_brand","embeddable":true,"href":"https:\/\/www.darthy.com\/es_es\/wp-json\/wp\/v2\/product_brand?post=5760"},{"taxonomy":"product_cat","embeddable":true,"href":"https:\/\/www.darthy.com\/es_es\/wp-json\/wp\/v2\/product_cat?post=5760"},{"taxonomy":"product_tag","embeddable":true,"href":"https:\/\/www.darthy.com\/es_es\/wp-json\/wp\/v2\/product_tag?post=5760"}],"curies":[{"name":"wp","href":"https:\/\/api.w.org\/{rel}","templated":true}]}}