{"id":5573,"date":"2025-01-22T14:24:30","date_gmt":"2025-01-22T14:24:30","guid":{"rendered":"https:\/\/www.darthy.com\/?post_type=product&#038;p=5573"},"modified":"2025-09-22T20:16:23","modified_gmt":"2025-09-22T20:16:23","slug":"focal-aria-936","status":"publish","type":"product","link":"https:\/\/www.darthy.com\/es_es\/producto\/focal-aria-936\/","title":{"rendered":"FOCAL ARIA 936"},"content":{"rendered":"<h3>Focal Aria 936<\/h3>\n<p>RIA 936 es un altavoz de alta fusi\u00f3n con un dise\u00f1o delgado y elegante.<\/p>\n<p>Estos altavoces de gran calidad de sonido se venden por pareja. Son unos aparatos de gama alta que especialmente dise\u00f1ado para los amantes de la m\u00fasica m\u00e1s exigentes, te ganar\u00e1 con su actuaci\u00f3n tanto en el cine est\u00e9reo como en el hogar. Aria ofrece un regreso a las fuertes emociones sonoras.<\/p>\n<p>Los acabados exteriores son en el color Wallnut.<\/p>\n<p>Los conos del altavoz estan compuestos por fibras naturales de lino.<\/p>\n<p>Incluyen accesorios originales e instrucciones de montaje.<\/p>\n<p><strong>Especificaciones<\/strong><\/p>\n<ul>\n<li>Tipo:Altavoz de columna de 3 v\u00edas bass-reflex.<\/li>\n<li>Transductores: Agudo:\u00a01&#8243; (25 mm) tweeter de c\u00fapula invertida TNF de Al\/Mg<\/li>\n<li>Medios:\u00a06\u00bd&#8221; (165 mm) woofer de medios con cono flax<\/li>\n<li>Graves:\u00a03 x 6\u00bd&#8221; (165 mm) woofer con cono flax<\/li>\n<li>Respuesta de frecuencia: 39 Hz &#8211; 28.000\u00a0Hz (+\/-\u00a03 dB)<\/li>\n<li>Frecuencia de corte: 260 Hz \/ 3.100 Hz<\/li>\n<li>Frecuencia de corte inferior: 32 Hz (-6 dB)<\/li>\n<li>Sensibilidad (2.83V\/1m): 92 dB<\/li>\n<li>Impedancia nominal: 8 ohmios<\/li>\n<li>Impedancia m\u00ednima (@25\u00b0C): 2,8 ohmios<\/li>\n<li>Potencia de amplificaci\u00f3n recomendada: 50 &#8211; 300 W<\/li>\n<li>Dimensiones: 1.150 mm (Alto) x 294 mm (Ancho) x 371 mm (Fondo)<\/li>\n<li>Peso neto: 29 kg<\/li>\n<\/ul>\n<p>&nbsp;<\/p>\n<p>Nuestro\u00a0<a href=\"https:\/\/www.darthy.com\/politica-de-envios-y-devoluciones\/\">servicio de entrega<\/a>\u00a0funciona cada d\u00eda con el fin de haceros llegar vuestros pedidos en 48 horas o menos.<\/p>\n<p>Con el prop\u00f3sito de que el materia llegue en las mejores condiciones, nuestro embalajes est\u00e1n hechos con el m\u00e1ximo esmero, todos nuestros env\u00edos, tambi\u00e9n est\u00e1n asegurados en caso de extrav\u00edo o rotura.<\/p>\n<p>Surely many of you know our physical store, many of the fans of Vintage HiFi and collecting has visited us. Because many of our friends can not visit us by distance, we decided to strengthen our website, so you can see our products almost coughing from your devices, so if you see something that may interest you, you can place your orders comfortably from your house.<\/p>\n<p>At the time of placing your order, we will make the shipment quickly so that you can enjoy it as soon as possible in your home.<\/p>\n<p>Our\u00a0<a href=\"https:\/\/www.darthy.com\/politica-de-envios-y-devoluciones\/\">delivery service<\/a> works every day in order to send your orders in 48 hours or less. With the purpose that the material arrives in the best conditions, our packages are made with the utmost care, all our shipments are also insured in case of loss or breakage.<\/p>\n","protected":false},"excerpt":{"rendered":"<p>Focal Aria 936 RIA 936 es un altavoz de alta fusi\u00f3n con un dise\u00f1o delgado y elegante. Estos altavoces de gran calidad de sonido se venden por pareja. Son unos aparatos de gama alta que especialmente dise\u00f1ado para los amantes de la m\u00fasica m\u00e1s exigentes, te ganar\u00e1 con su actuaci\u00f3n tanto en el cine est\u00e9reo [&hellip;]<\/p>\n","protected":false},"featured_media":5574,"template":"","meta":{"_exactmetrics_skip_tracking":false,"_exactmetrics_sitenote_active":false,"_exactmetrics_sitenote_note":"","_exactmetrics_sitenote_category":0,"ocean_post_layout":"","ocean_both_sidebars_style":"","ocean_both_sidebars_content_width":0,"ocean_both_sidebars_sidebars_width":0,"ocean_sidebar":"0","ocean_second_sidebar":"0","ocean_disable_margins":"enable","ocean_add_body_class":"","ocean_shortcode_before_top_bar":"","ocean_shortcode_after_top_bar":"","ocean_shortcode_before_header":"","ocean_shortcode_after_header":"","ocean_has_shortcode":"","ocean_shortcode_after_title":"","ocean_shortcode_before_footer_widgets":"","ocean_shortcode_after_footer_widgets":"","ocean_shortcode_before_footer_bottom":"","ocean_shortcode_after_footer_bottom":"","ocean_display_top_bar":"default","ocean_display_header":"default","ocean_header_style":"","ocean_center_header_left_menu":"0","ocean_custom_header_template":"0","ocean_custom_logo":0,"ocean_custom_retina_logo":0,"ocean_custom_logo_max_width":0,"ocean_custom_logo_tablet_max_width":0,"ocean_custom_logo_mobile_max_width":0,"ocean_custom_logo_max_height":0,"ocean_custom_logo_tablet_max_height":0,"ocean_custom_logo_mobile_max_height":0,"ocean_header_custom_menu":"0","ocean_menu_typo_font_family":"0","ocean_menu_typo_font_subset":"","ocean_menu_typo_font_size":0,"ocean_menu_typo_font_size_tablet":0,"ocean_menu_typo_font_size_mobile":0,"ocean_menu_typo_font_size_unit":"px","ocean_menu_typo_font_weight":"","ocean_menu_typo_font_weight_tablet":"","ocean_menu_typo_font_weight_mobile":"","ocean_menu_typo_transform":"","ocean_menu_typo_transform_tablet":"","ocean_menu_typo_transform_mobile":"","ocean_menu_typo_line_height":0,"ocean_menu_typo_line_height_tablet":0,"ocean_menu_typo_line_height_mobile":0,"ocean_menu_typo_line_height_unit":"","ocean_menu_typo_spacing":0,"ocean_menu_typo_spacing_tablet":0,"ocean_menu_typo_spacing_mobile":0,"ocean_menu_typo_spacing_unit":"","ocean_menu_link_color":"","ocean_menu_link_color_hover":"","ocean_menu_link_color_active":"","ocean_menu_link_background":"","ocean_menu_link_hover_background":"","ocean_menu_link_active_background":"","ocean_menu_social_links_bg":"","ocean_menu_social_hover_links_bg":"","ocean_menu_social_links_color":"","ocean_menu_social_hover_links_color":"","ocean_disable_title":"default","ocean_disable_heading":"default","ocean_post_title":"","ocean_post_subheading":"","ocean_post_title_style":"","ocean_post_title_background_color":"","ocean_post_title_background":0,"ocean_post_title_bg_image_position":"","ocean_post_title_bg_image_attachment":"","ocean_post_title_bg_image_repeat":"","ocean_post_title_bg_image_size":"","ocean_post_title_height":0,"ocean_post_title_bg_overlay":0.5,"ocean_post_title_bg_overlay_color":"","ocean_disable_breadcrumbs":"default","ocean_breadcrumbs_color":"","ocean_breadcrumbs_separator_color":"","ocean_breadcrumbs_links_color":"","ocean_breadcrumbs_links_hover_color":"","ocean_display_footer_widgets":"default","ocean_display_footer_bottom":"default","ocean_custom_footer_template":"0"},"product_brand":[],"product_cat":[8],"product_tag":[201,2754,450,2753,2755],"class_list":{"0":"post-5573","1":"product","2":"type-product","3":"status-publish","4":"has-post-thumbnail","6":"product_cat-altavoces","7":"product_tag-altavoces","8":"product_tag-altavoces-focal","9":"product_tag-focal","10":"product_tag-focal-aria","11":"product_tag-focal-aria-altavoces","13":"entry","14":"has-media","16":"first","17":"outofstock","18":"sold-individually","19":"shipping-taxable","20":"purchasable","21":"product-type-simple","22":"has-product-nav","23":"col","24":"span_1_of_3","25":"owp-content-center","26":"owp-thumbs-layout-horizontal","27":"owp-btn-normal","28":"owp-tabs-layout-section"},"_links":{"self":[{"href":"https:\/\/www.darthy.com\/es_es\/wp-json\/wp\/v2\/product\/5573","targetHints":{"allow":["GET"]}}],"collection":[{"href":"https:\/\/www.darthy.com\/es_es\/wp-json\/wp\/v2\/product"}],"about":[{"href":"https:\/\/www.darthy.com\/es_es\/wp-json\/wp\/v2\/types\/product"}],"wp:featuredmedia":[{"embeddable":true,"href":"https:\/\/www.darthy.com\/es_es\/wp-json\/wp\/v2\/media\/5574"}],"wp:attachment":[{"href":"https:\/\/www.darthy.com\/es_es\/wp-json\/wp\/v2\/media?parent=5573"}],"wp:term":[{"taxonomy":"product_brand","embeddable":true,"href":"https:\/\/www.darthy.com\/es_es\/wp-json\/wp\/v2\/product_brand?post=5573"},{"taxonomy":"product_cat","embeddable":true,"href":"https:\/\/www.darthy.com\/es_es\/wp-json\/wp\/v2\/product_cat?post=5573"},{"taxonomy":"product_tag","embeddable":true,"href":"https:\/\/www.darthy.com\/es_es\/wp-json\/wp\/v2\/product_tag?post=5573"}],"curies":[{"name":"wp","href":"https:\/\/api.w.org\/{rel}","templated":true}]}}