{"id":5568,"date":"2025-01-13T14:59:47","date_gmt":"2025-01-13T14:59:47","guid":{"rendered":"https:\/\/www.darthy.com\/?post_type=product&#038;p=5568"},"modified":"2025-01-13T14:59:47","modified_gmt":"2025-01-13T14:59:47","slug":"polk-audio-rti6","status":"publish","type":"product","link":"https:\/\/www.darthy.com\/es_es\/producto\/polk-audio-rti6\/","title":{"rendered":"POLK AUDIO RTi6"},"content":{"rendered":"<h3>Polk Audio RTi6<\/h3>\n<p>El RTi6 combina la elegancia sencilla de un altavoz de estanter\u00eda con la avanzada tecnolog\u00eda de Polk y un rendimiento impresionante. Aprovechando la \u00faltima generaci\u00f3n de controladores Dynamic Balance\u00ae de Polk, el RTi6 cuenta con un woofer de 6-1\/2&#8243; y un tweeter de seda\/pol\u00edmero de 1&#8243; redise\u00f1ado para una respuesta suave y un sonido excepcionalmente detallado. Y con su hermoso revestimiento de madera aut\u00e9ntica disponible en acabado de roble negro o cerezo, el RTi6 es un atractivo complemento para la decoraci\u00f3n de cualquier habitaci\u00f3n.<\/p>\n<p>Como siempre, Polk ha prestado mucha atenci\u00f3n a los detalles. El gabinete del RTi6 presenta una construcci\u00f3n totalmente de MDF con amplios refuerzos internos que pr\u00e1cticamente eliminan la resonancia que enturbia el sonido. Tambi\u00e9n incluye la tecnolog\u00eda Power Port exclusiva de Polk para unos graves claros y profundos y un puerto ARC para unos medios m\u00e1s naturales. Los postes de uni\u00f3n dobles de 5 v\u00edas chapados en oro permiten biamplificaci\u00f3n o bicableado.<\/p>\n<p>Precio por pareja. Este equipo ha sido cuidadosamente revisado para garantizar que cumpla con las especificaciones originales del fabricante. Nuestros t\u00e9cnicos realizaron un mantenimiento previo para asegurar que est\u00e9 en perfectas condiciones.<\/p>\n<p>&nbsp;<\/p>\n<p><strong>Especificaciones<\/strong><\/p>\n<ul>\n<li>video-shielded<\/li>\n<li>bass-reflex<\/li>\n<li>frequency response 50-26,000 Hz (-3dB)<\/li>\n<li>8-ohm impedance<\/li>\n<li>sensitivity 89 dB<\/li>\n<li>handles up to 125 watts<\/li>\n<li>dual 5-way binding post terminals<\/li>\n<li>keyhole slot for wall-mounting<\/li>\n<li>real wood veneer<\/li>\n<li>7-13\/16&#8243;W x 14-3\/4&#8243;H x 14-3\/16&#8243;D<\/li>\n<\/ul>\n<p>&nbsp;<\/p>\n<p>Nuestro\u00a0<a href=\"https:\/\/www.darthy.com\/politica-de-envios-y-devoluciones\/\">servicio de entrega<\/a>\u00a0funciona cada d\u00eda con el fin de haceros llegar vuestros pedidos en 48 horas o menos.<\/p>\n<p>Con el proposito de que el materia llegue en las mejores condiciones, nuestro embalajes estan hechos con el m\u00e1ximo esmero, todos nuestros envios, tambien estan asegurados en caso de extravio o rotura.<\/p>\n<p>Surely many of you know our physical store, many of the fans of Vintage HiFi and collecting has visited us. Because many of our friends can not visit us by distance, we decided to strengthen our website, so you can see our products almost coughing from your devices, so if you see something that may interest you, you can place your orders comfortably from your house.<\/p>\n<p>At the time of placing your order, we will make the shipment quickly so that you can enjoy it as soon as possible in your home.<\/p>\n<p>Our\u00a0<a href=\"https:\/\/www.darthy.com\/politica-de-envios-y-devoluciones\/\">delivery service<\/a>\u00a0works every day in order to send your orders in 48 hours or less. With the purpose that the material arrives in the best conditions, our packages are made with the utmost care, all our shipments are also insured in case of loss or breakage.<\/p>\n","protected":false},"excerpt":{"rendered":"<p>Polk Audio RTi6 El RTi6 combina la elegancia sencilla de un altavoz de estanter\u00eda con la avanzada tecnolog\u00eda de Polk y un rendimiento impresionante. Aprovechando la \u00faltima generaci\u00f3n de controladores Dynamic Balance\u00ae de Polk, el RTi6 cuenta con un woofer de 6-1\/2&#8243; y un tweeter de seda\/pol\u00edmero de 1&#8243; redise\u00f1ado para una respuesta suave y [&hellip;]<\/p>\n","protected":false},"featured_media":5570,"template":"","meta":{"_exactmetrics_skip_tracking":false,"_exactmetrics_sitenote_active":false,"_exactmetrics_sitenote_note":"","_exactmetrics_sitenote_category":0,"ocean_post_layout":"","ocean_both_sidebars_style":"","ocean_both_sidebars_content_width":0,"ocean_both_sidebars_sidebars_width":0,"ocean_sidebar":"0","ocean_second_sidebar":"0","ocean_disable_margins":"enable","ocean_add_body_class":"","ocean_shortcode_before_top_bar":"","ocean_shortcode_after_top_bar":"","ocean_shortcode_before_header":"","ocean_shortcode_after_header":"","ocean_has_shortcode":"","ocean_shortcode_after_title":"","ocean_shortcode_before_footer_widgets":"","ocean_shortcode_after_footer_widgets":"","ocean_shortcode_before_footer_bottom":"","ocean_shortcode_after_footer_bottom":"","ocean_display_top_bar":"default","ocean_display_header":"default","ocean_header_style":"","ocean_center_header_left_menu":"0","ocean_custom_header_template":"0","ocean_custom_logo":0,"ocean_custom_retina_logo":0,"ocean_custom_logo_max_width":0,"ocean_custom_logo_tablet_max_width":0,"ocean_custom_logo_mobile_max_width":0,"ocean_custom_logo_max_height":0,"ocean_custom_logo_tablet_max_height":0,"ocean_custom_logo_mobile_max_height":0,"ocean_header_custom_menu":"0","ocean_menu_typo_font_family":"0","ocean_menu_typo_font_subset":"","ocean_menu_typo_font_size":0,"ocean_menu_typo_font_size_tablet":0,"ocean_menu_typo_font_size_mobile":0,"ocean_menu_typo_font_size_unit":"px","ocean_menu_typo_font_weight":"","ocean_menu_typo_font_weight_tablet":"","ocean_menu_typo_font_weight_mobile":"","ocean_menu_typo_transform":"","ocean_menu_typo_transform_tablet":"","ocean_menu_typo_transform_mobile":"","ocean_menu_typo_line_height":0,"ocean_menu_typo_line_height_tablet":0,"ocean_menu_typo_line_height_mobile":0,"ocean_menu_typo_line_height_unit":"","ocean_menu_typo_spacing":0,"ocean_menu_typo_spacing_tablet":0,"ocean_menu_typo_spacing_mobile":0,"ocean_menu_typo_spacing_unit":"","ocean_menu_link_color":"","ocean_menu_link_color_hover":"","ocean_menu_link_color_active":"","ocean_menu_link_background":"","ocean_menu_link_hover_background":"","ocean_menu_link_active_background":"","ocean_menu_social_links_bg":"","ocean_menu_social_hover_links_bg":"","ocean_menu_social_links_color":"","ocean_menu_social_hover_links_color":"","ocean_disable_title":"default","ocean_disable_heading":"default","ocean_post_title":"","ocean_post_subheading":"","ocean_post_title_style":"","ocean_post_title_background_color":"","ocean_post_title_background":0,"ocean_post_title_bg_image_position":"","ocean_post_title_bg_image_attachment":"","ocean_post_title_bg_image_repeat":"","ocean_post_title_bg_image_size":"","ocean_post_title_height":0,"ocean_post_title_bg_overlay":0.5,"ocean_post_title_bg_overlay_color":"","ocean_disable_breadcrumbs":"default","ocean_breadcrumbs_color":"","ocean_breadcrumbs_separator_color":"","ocean_breadcrumbs_links_color":"","ocean_breadcrumbs_links_hover_color":"","ocean_display_footer_widgets":"default","ocean_display_footer_bottom":"default","ocean_custom_footer_template":"0"},"product_brand":[],"product_cat":[8],"product_tag":[201,2752,2750,2749,2751],"class_list":{"0":"post-5568","1":"product","2":"type-product","3":"status-publish","4":"has-post-thumbnail","6":"product_cat-altavoces","7":"product_tag-altavoces","8":"product_tag-polk-audio-altavoces","9":"product_tag-polk-audio-rt-i-6","10":"product_tag-polk-audio-rti6","11":"product_tag-polkaudio-rti6","13":"entry","14":"has-media","16":"first","17":"instock","18":"sold-individually","19":"shipping-taxable","20":"product-type-simple","21":"has-product-nav","22":"col","23":"span_1_of_3","24":"owp-content-center","25":"owp-thumbs-layout-horizontal","26":"owp-btn-normal","27":"owp-tabs-layout-section"},"_links":{"self":[{"href":"https:\/\/www.darthy.com\/es_es\/wp-json\/wp\/v2\/product\/5568","targetHints":{"allow":["GET"]}}],"collection":[{"href":"https:\/\/www.darthy.com\/es_es\/wp-json\/wp\/v2\/product"}],"about":[{"href":"https:\/\/www.darthy.com\/es_es\/wp-json\/wp\/v2\/types\/product"}],"wp:featuredmedia":[{"embeddable":true,"href":"https:\/\/www.darthy.com\/es_es\/wp-json\/wp\/v2\/media\/5570"}],"wp:attachment":[{"href":"https:\/\/www.darthy.com\/es_es\/wp-json\/wp\/v2\/media?parent=5568"}],"wp:term":[{"taxonomy":"product_brand","embeddable":true,"href":"https:\/\/www.darthy.com\/es_es\/wp-json\/wp\/v2\/product_brand?post=5568"},{"taxonomy":"product_cat","embeddable":true,"href":"https:\/\/www.darthy.com\/es_es\/wp-json\/wp\/v2\/product_cat?post=5568"},{"taxonomy":"product_tag","embeddable":true,"href":"https:\/\/www.darthy.com\/es_es\/wp-json\/wp\/v2\/product_tag?post=5568"}],"curies":[{"name":"wp","href":"https:\/\/api.w.org\/{rel}","templated":true}]}}