{"id":5505,"date":"2024-12-13T09:29:06","date_gmt":"2024-12-13T09:29:06","guid":{"rendered":"https:\/\/www.darthy.com\/?post_type=product&#038;p=5505"},"modified":"2025-02-17T08:54:19","modified_gmt":"2025-02-17T08:54:19","slug":"adc-ss-2-mark-ii","status":"publish","type":"product","link":"https:\/\/www.darthy.com\/es_es\/producto\/adc-ss-2-mark-ii\/","title":{"rendered":"ADC SS-2 MARK II"},"content":{"rendered":"<h3>ADC SS-2 MARK II<\/h3>\n<p><span class=\"HwtZe\" lang=\"es\"><span class=\"jCAhz ChMk0b\"><span class=\"ryNqvb\">Ecualizador est\u00e9reo Sound Shaper II Mark II de 24 bits de ADC.<\/span><\/span><span class=\"jCAhz ChMk0b\"><span class=\"ryNqvb\"> La unidad ha recibido un buen mantenimiento y <\/span><\/span>funciona perfectamente. <span class=\"jCAhz ChMk0b\"><span class=\"ryNqvb\">La unidad se env\u00eda tal como est\u00e1, sin accesorios adicionales.<\/span><\/span> <span class=\"jCAhz ChMk0b\"><span class=\"ryNqvb\">El manual del usuario y la informaci\u00f3n sobre el modelo se pueden encontrar en l\u00ednea.<\/span><\/span>\u00a0<\/span><\/p>\n<p>Es un aparato vintage de gama alta.<\/p>\n<p><span class=\"x193iq5w xeuugli x13faqbe x1vvkbs xlh3980 xvmahel x1n0sxbx x1lliihq x1s928wv xhkezso x1gmr53x x1cpjm7i x1fgarty x1943h6x xudqn12 x3x7a5m x6prxxf xvq8zen xo1l8bm xzsf02u x1yc453h\" dir=\"auto\">Hermosa pieza de colecci\u00f3n, Ecualizador Grafico ADC hecho en Jap\u00f3n, modelo Sound Shaper SS-2 Mark II, de 12 bandas por canal stereo, Video demo disponible.<\/span><\/p>\n<p><strong>Especificaciones<\/strong><\/p>\n<ul>\n<li>Input Sensitivity: 1V<\/li>\n<li>Output Level: 1V (9V max)<\/li>\n<li>Gain: \u00b1 1dB<\/li>\n<li>Frequency response: 5Hz to 100kHz<\/li>\n<li>Signal to Noise Ratio: 85dB<\/li>\n<li>Total harmonic distortion: 0.02%<\/li>\n<li>Control Range: \u00b1 12dB<\/li>\n<li>Frequency Bands: 30, 50, 90, 160, 300, 500, 900, 1.6K, 3K, 5K, 9K, 16KHz<\/li>\n<li>Semiconductors: 12 x transistors, 20 x diodes, 2 x IC<\/li>\n<li>Dimensions: 416 x 172 x 159mm<\/li>\n<li>Weight: 6kg<\/li>\n<\/ul>\n<p>&nbsp;<\/p>\n<p>Nuestro\u00a0<a href=\"https:\/\/www.darthy.com\/politica-de-envios-y-devoluciones\/\">servicio de entrega<\/a>\u00a0funciona cada d\u00eda con el fin de haceros llegar vuestros pedidos en 48 horas o menos.<\/p>\n<p>Con el prop\u00f3sito de que el materia llegue en las mejores condiciones, nuestro embalajes est\u00e1n hechos con el m\u00e1ximo esmero, todos nuestros env\u00edos, tambi\u00e9n est\u00e1n asegurados en caso de extrav\u00edo o rotura.<\/p>\n<p>Surely many of you know our physical store, many of the fans of Vintage HiFi and collecting has visited us. Because many of our friends can not visit us by distance, we decided to strengthen our website, so you can see our products almost coughing from your devices, so if you see something that may interest you, you can place your orders comfortably from your house.<\/p>\n<p>At the time of placing your order, we will make the shipment quickly so that you can enjoy it as soon as possible in your home.<\/p>\n<p>Our\u00a0<a href=\"https:\/\/www.darthy.com\/politica-de-envios-y-devoluciones\/\">delivery service<\/a> works every day in order to send your orders in 48 hours or less. With the purpose that the material arrives in the best conditions, our packages are made with the utmost care, all our shipments are also insured in case of loss or breakage.<\/p>\n","protected":false},"excerpt":{"rendered":"<p>ADC SS-2 MARK II Ecualizador est\u00e9reo Sound Shaper II Mark II de 24 bits de ADC. La unidad ha recibido un buen mantenimiento y funciona perfectamente. La unidad se env\u00eda tal como est\u00e1, sin accesorios adicionales. El manual del usuario y la informaci\u00f3n sobre el modelo se pueden encontrar en l\u00ednea.\u00a0 Es un aparato vintage [&hellip;]<\/p>\n","protected":false},"featured_media":5506,"template":"","meta":{"_exactmetrics_skip_tracking":false,"_exactmetrics_sitenote_active":false,"_exactmetrics_sitenote_note":"","_exactmetrics_sitenote_category":0,"ocean_post_layout":"","ocean_both_sidebars_style":"","ocean_both_sidebars_content_width":0,"ocean_both_sidebars_sidebars_width":0,"ocean_sidebar":"0","ocean_second_sidebar":"0","ocean_disable_margins":"enable","ocean_add_body_class":"","ocean_shortcode_before_top_bar":"","ocean_shortcode_after_top_bar":"","ocean_shortcode_before_header":"","ocean_shortcode_after_header":"","ocean_has_shortcode":"","ocean_shortcode_after_title":"","ocean_shortcode_before_footer_widgets":"","ocean_shortcode_after_footer_widgets":"","ocean_shortcode_before_footer_bottom":"","ocean_shortcode_after_footer_bottom":"","ocean_display_top_bar":"default","ocean_display_header":"default","ocean_header_style":"","ocean_center_header_left_menu":"0","ocean_custom_header_template":"0","ocean_custom_logo":0,"ocean_custom_retina_logo":0,"ocean_custom_logo_max_width":0,"ocean_custom_logo_tablet_max_width":0,"ocean_custom_logo_mobile_max_width":0,"ocean_custom_logo_max_height":0,"ocean_custom_logo_tablet_max_height":0,"ocean_custom_logo_mobile_max_height":0,"ocean_header_custom_menu":"0","ocean_menu_typo_font_family":"0","ocean_menu_typo_font_subset":"","ocean_menu_typo_font_size":0,"ocean_menu_typo_font_size_tablet":0,"ocean_menu_typo_font_size_mobile":0,"ocean_menu_typo_font_size_unit":"px","ocean_menu_typo_font_weight":"","ocean_menu_typo_font_weight_tablet":"","ocean_menu_typo_font_weight_mobile":"","ocean_menu_typo_transform":"","ocean_menu_typo_transform_tablet":"","ocean_menu_typo_transform_mobile":"","ocean_menu_typo_line_height":0,"ocean_menu_typo_line_height_tablet":0,"ocean_menu_typo_line_height_mobile":0,"ocean_menu_typo_line_height_unit":"","ocean_menu_typo_spacing":0,"ocean_menu_typo_spacing_tablet":0,"ocean_menu_typo_spacing_mobile":0,"ocean_menu_typo_spacing_unit":"","ocean_menu_link_color":"","ocean_menu_link_color_hover":"","ocean_menu_link_color_active":"","ocean_menu_link_background":"","ocean_menu_link_hover_background":"","ocean_menu_link_active_background":"","ocean_menu_social_links_bg":"","ocean_menu_social_hover_links_bg":"","ocean_menu_social_links_color":"","ocean_menu_social_hover_links_color":"","ocean_disable_title":"default","ocean_disable_heading":"default","ocean_post_title":"","ocean_post_subheading":"","ocean_post_title_style":"","ocean_post_title_background_color":"","ocean_post_title_background":0,"ocean_post_title_bg_image_position":"","ocean_post_title_bg_image_attachment":"","ocean_post_title_bg_image_repeat":"","ocean_post_title_bg_image_size":"","ocean_post_title_height":0,"ocean_post_title_bg_overlay":0.5,"ocean_post_title_bg_overlay_color":"","ocean_disable_breadcrumbs":"default","ocean_breadcrumbs_color":"","ocean_breadcrumbs_separator_color":"","ocean_breadcrumbs_links_color":"","ocean_breadcrumbs_links_hover_color":"","ocean_display_footer_widgets":"default","ocean_display_footer_bottom":"default","ocean_custom_footer_template":"0"},"product_brand":[],"product_cat":[9],"product_tag":[2713,2711,2712,2120,2714,2156,2715],"class_list":{"0":"post-5505","1":"product","2":"type-product","3":"status-publish","4":"has-post-thumbnail","6":"product_cat-amplificadores","7":"product_tag-adc-ss-2-mark-ii","8":"product_tag-adc-ss-2-markii","9":"product_tag-adc-ss2-markii","10":"product_tag-ecualizador","11":"product_tag-ecualizador-adc","12":"product_tag-equalizer","13":"product_tag-equalizer-adc","15":"entry","16":"has-media","18":"first","19":"outofstock","20":"sold-individually","21":"shipping-taxable","22":"purchasable","23":"product-type-simple","24":"has-product-nav","25":"col","26":"span_1_of_3","27":"owp-content-center","28":"owp-thumbs-layout-horizontal","29":"owp-btn-normal","30":"owp-tabs-layout-section"},"_links":{"self":[{"href":"https:\/\/www.darthy.com\/es_es\/wp-json\/wp\/v2\/product\/5505","targetHints":{"allow":["GET"]}}],"collection":[{"href":"https:\/\/www.darthy.com\/es_es\/wp-json\/wp\/v2\/product"}],"about":[{"href":"https:\/\/www.darthy.com\/es_es\/wp-json\/wp\/v2\/types\/product"}],"wp:featuredmedia":[{"embeddable":true,"href":"https:\/\/www.darthy.com\/es_es\/wp-json\/wp\/v2\/media\/5506"}],"wp:attachment":[{"href":"https:\/\/www.darthy.com\/es_es\/wp-json\/wp\/v2\/media?parent=5505"}],"wp:term":[{"taxonomy":"product_brand","embeddable":true,"href":"https:\/\/www.darthy.com\/es_es\/wp-json\/wp\/v2\/product_brand?post=5505"},{"taxonomy":"product_cat","embeddable":true,"href":"https:\/\/www.darthy.com\/es_es\/wp-json\/wp\/v2\/product_cat?post=5505"},{"taxonomy":"product_tag","embeddable":true,"href":"https:\/\/www.darthy.com\/es_es\/wp-json\/wp\/v2\/product_tag?post=5505"}],"curies":[{"name":"wp","href":"https:\/\/api.w.org\/{rel}","templated":true}]}}