{"id":4544,"date":"2023-11-06T12:03:27","date_gmt":"2023-11-06T12:03:27","guid":{"rendered":"https:\/\/www.darthy.com\/?post_type=product&#038;p=4544"},"modified":"2024-01-26T16:25:20","modified_gmt":"2024-01-26T16:25:20","slug":"mcintosh-ma-5100","status":"publish","type":"product","link":"https:\/\/www.darthy.com\/es_es\/producto\/mcintosh-ma-5100\/","title":{"rendered":"McIntosh MA 5100"},"content":{"rendered":"<h2>McIntosh MA 5100<\/h2>\n<p>Cl\u00e1sico amplificador integrado McIntiosh MA5100, en muy buen estado, amplificador Bi-Tensi\u00f3n, funciona a 220 volts de f\u00e1brica.<\/p>\n<p>Frontal de cristal McIntosh, gran calidez de sonido.<\/p>\n<h2>Specifications<\/h2>\n<p>Power output: 45 watts per channel into 8\u2126 (stereo)<\/p>\n<p>Frequency response: 10Hz to 20kHz<\/p>\n<p>Total harmonic distortion: 0.25%<\/p>\n<p>Damping factor: 80<\/p>\n<p>Input sensitivity: 2mV (MM), 300mV (line)<\/p>\n<p>Signal to noise ratio: 70dB (MM), 75dB (line)<\/p>\n<p>Output: 300mV (line)<\/p>\n<p>Speaker load impedance: 4\u2126 to 16\u2126<\/p>\n<p>Semiconductors: 23 x diodes, 34 x transistors, 2 x TRIAC<\/p>\n<p>Dimensions: 403 x 138 x 368mm<\/p>\n<p>Weight: 11.3kg<\/p>\n<p>Finish: anodized gold and black front panel<\/p>\n<p>Year: 1966<\/p>\n<p>&nbsp;<\/p>\n","protected":false},"excerpt":{"rendered":"<p>McIntosh MA 5100 Cl\u00e1sico amplificador integrado McIntiosh MA5100, en muy buen estado, amplificador Bi-Tensi\u00f3n, funciona a 220 volts de f\u00e1brica. Frontal de cristal McIntosh, gran calidez de sonido. Specifications Power output: 45 watts per channel into 8\u2126 (stereo) Frequency response: 10Hz to 20kHz Total harmonic distortion: 0.25% Damping factor: 80 Input sensitivity: 2mV (MM), 300mV [&hellip;]<\/p>\n","protected":false},"featured_media":4548,"template":"","meta":{"_exactmetrics_skip_tracking":false,"_exactmetrics_sitenote_active":false,"_exactmetrics_sitenote_note":"","_exactmetrics_sitenote_category":0,"ocean_post_layout":"","ocean_both_sidebars_style":"","ocean_both_sidebars_content_width":0,"ocean_both_sidebars_sidebars_width":0,"ocean_sidebar":"","ocean_second_sidebar":"","ocean_disable_margins":"enable","ocean_add_body_class":"","ocean_shortcode_before_top_bar":"","ocean_shortcode_after_top_bar":"","ocean_shortcode_before_header":"","ocean_shortcode_after_header":"","ocean_has_shortcode":"","ocean_shortcode_after_title":"","ocean_shortcode_before_footer_widgets":"","ocean_shortcode_after_footer_widgets":"","ocean_shortcode_before_footer_bottom":"","ocean_shortcode_after_footer_bottom":"","ocean_display_top_bar":"default","ocean_display_header":"default","ocean_header_style":"","ocean_center_header_left_menu":"","ocean_custom_header_template":"","ocean_custom_logo":0,"ocean_custom_retina_logo":0,"ocean_custom_logo_max_width":0,"ocean_custom_logo_tablet_max_width":0,"ocean_custom_logo_mobile_max_width":0,"ocean_custom_logo_max_height":0,"ocean_custom_logo_tablet_max_height":0,"ocean_custom_logo_mobile_max_height":0,"ocean_header_custom_menu":"","ocean_menu_typo_font_family":"","ocean_menu_typo_font_subset":"","ocean_menu_typo_font_size":0,"ocean_menu_typo_font_size_tablet":0,"ocean_menu_typo_font_size_mobile":0,"ocean_menu_typo_font_size_unit":"px","ocean_menu_typo_font_weight":"","ocean_menu_typo_font_weight_tablet":"","ocean_menu_typo_font_weight_mobile":"","ocean_menu_typo_transform":"","ocean_menu_typo_transform_tablet":"","ocean_menu_typo_transform_mobile":"","ocean_menu_typo_line_height":0,"ocean_menu_typo_line_height_tablet":0,"ocean_menu_typo_line_height_mobile":0,"ocean_menu_typo_line_height_unit":"","ocean_menu_typo_spacing":0,"ocean_menu_typo_spacing_tablet":0,"ocean_menu_typo_spacing_mobile":0,"ocean_menu_typo_spacing_unit":"","ocean_menu_link_color":"","ocean_menu_link_color_hover":"","ocean_menu_link_color_active":"","ocean_menu_link_background":"","ocean_menu_link_hover_background":"","ocean_menu_link_active_background":"","ocean_menu_social_links_bg":"","ocean_menu_social_hover_links_bg":"","ocean_menu_social_links_color":"","ocean_menu_social_hover_links_color":"","ocean_disable_title":"default","ocean_disable_heading":"default","ocean_post_title":"","ocean_post_subheading":"","ocean_post_title_style":"","ocean_post_title_background_color":"","ocean_post_title_background":0,"ocean_post_title_bg_image_position":"","ocean_post_title_bg_image_attachment":"","ocean_post_title_bg_image_repeat":"","ocean_post_title_bg_image_size":"","ocean_post_title_height":0,"ocean_post_title_bg_overlay":0.5,"ocean_post_title_bg_overlay_color":"","ocean_disable_breadcrumbs":"default","ocean_breadcrumbs_color":"","ocean_breadcrumbs_separator_color":"","ocean_breadcrumbs_links_color":"","ocean_breadcrumbs_links_hover_color":"","ocean_display_footer_widgets":"default","ocean_display_footer_bottom":"default","ocean_custom_footer_template":""},"product_brand":[],"product_cat":[41],"product_tag":[2394,2395,447,2393],"class_list":{"0":"post-4544","1":"product","2":"type-product","3":"status-publish","4":"has-post-thumbnail","6":"product_cat-archivo","7":"product_tag-ma-5100","8":"product_tag-ma5100","9":"product_tag-mcintosh","10":"product_tag-mcintosh-ma-5100","12":"entry","13":"has-media","15":"first","16":"instock","17":"shipping-taxable","18":"product-type-simple","19":"has-product-nav","20":"col","21":"span_1_of_3","22":"owp-content-center","23":"owp-thumbs-layout-horizontal","24":"owp-btn-normal","25":"owp-tabs-layout-section"},"_links":{"self":[{"href":"https:\/\/www.darthy.com\/es_es\/wp-json\/wp\/v2\/product\/4544","targetHints":{"allow":["GET"]}}],"collection":[{"href":"https:\/\/www.darthy.com\/es_es\/wp-json\/wp\/v2\/product"}],"about":[{"href":"https:\/\/www.darthy.com\/es_es\/wp-json\/wp\/v2\/types\/product"}],"wp:featuredmedia":[{"embeddable":true,"href":"https:\/\/www.darthy.com\/es_es\/wp-json\/wp\/v2\/media\/4548"}],"wp:attachment":[{"href":"https:\/\/www.darthy.com\/es_es\/wp-json\/wp\/v2\/media?parent=4544"}],"wp:term":[{"taxonomy":"product_brand","embeddable":true,"href":"https:\/\/www.darthy.com\/es_es\/wp-json\/wp\/v2\/product_brand?post=4544"},{"taxonomy":"product_cat","embeddable":true,"href":"https:\/\/www.darthy.com\/es_es\/wp-json\/wp\/v2\/product_cat?post=4544"},{"taxonomy":"product_tag","embeddable":true,"href":"https:\/\/www.darthy.com\/es_es\/wp-json\/wp\/v2\/product_tag?post=4544"}],"curies":[{"name":"wp","href":"https:\/\/api.w.org\/{rel}","templated":true}]}}