{"id":4230,"date":"2022-04-21T11:14:25","date_gmt":"2022-04-21T11:14:25","guid":{"rendered":"https:\/\/www.darthy.com\/?post_type=product&#038;p=4230"},"modified":"2022-08-09T08:37:04","modified_gmt":"2022-08-09T08:37:04","slug":"supra-cables-md06-eu-sp","status":"publish","type":"product","link":"https:\/\/www.darthy.com\/es_es\/producto\/supra-cables-md06-eu-sp\/","title":{"rendered":"SUPRA Cables MD06-EU\/SP"},"content":{"rendered":"<div>SUPRA Cables MD06-EU\/SP<\/div>\n<div><\/div>\n<div>Regleta de red de aluminio apantallada Lorad La regleta de red est\u00e1 totalmente apantallada frente a campos el\u00e9ctricos gracias a su chasis de aluminio. 6 schukos, realiza en aluminio.<\/div>\n<div>Perfecto estado.<\/div>\n<div>Incluye cable de alimentaci\u00f3n.<\/div>\n<div><\/div>\n<div>Filtro Supra NIF de transitorios Est\u00e1 equipado con el filtro Supra NIF\u00a0(Non-Intrusive Filtering, filtro no intrusivo), un filtro de transitorios suave que no influir\u00e1\u00a0en las propiedades transitorias del equipo.<\/div>\n<div><\/div>\n<div>El filtro Supra NIF est\u00e1 desarrolado por Ben Duncan Research en Inglaterra.<\/div>\n<div><\/div>\n<div>Proteccion de sobrecarga de tres v\u00edas La regleta est\u00e1 equipado con el dispositivo\u00a0de sobrecarga Supra de tres v\u00edas que protege de fase a tierra, neutro a tierra y de fase a neutro.<\/div>\n<div><\/div>\n<div>Muchos protectores de sobrecarga s\u00f3lo protegen de fase a neutro y no contra sobrecargas\u00a0causadas por rel\u00e1mpagos cercanos. Los rel\u00e1mpagos son siempre derivados a tierra.<\/div>\n<div><\/div>\n<div>Fusible de 10 amperios<\/div>\n<p>Seguro que muchos de vosotros conoceis nuestra tienda f\u00edsica, muchos de los aficionados al HiFi Vintage y coleccionismo nos ha visitado. Debiso a que muchos de nuestro amigos ni pueden visitarnos por la distancia, hemos decidido potenciar nuestrio sitio web, por lo tanto podreis ver casi tosdos nuestro porductos desde vuestro dispositivos, as\u00ed que, si veis algo que os puede interesar, podreis hacer vuestro pedidos comodamente desde vuestra casa.<\/p>\n<p>En el momento de hacer vuestro pedido, haremos el env\u00edo rapidamente para que podais disfrutarlo lo antes posible en vuestra casa.<\/p>\n<p>Nuestro <a href=\"https:\/\/www.darthy.com\/politica-de-envios-y-devoluciones\/\">servicio de entrega<\/a> funciona cada d\u00eda con el fin de haceros llegar vuestros pedidos en 48 horas o menos.<\/p>\n<p>Con el proposito de que el materia llegue en las mejores condiciones, nuestro embalajes estan hechos con el m\u00e1ximo esmero, todos nuestros envios, tambien estan asegurados en caso de extravio o rotura.<\/p>\n<p>Surely many of you know our physical store, many of the fans of Vintage HiFi and collecting has visited us. Because many of our friends can not visit us by distance, we decided to strengthen our website, so you can see our products almost coughing from your devices, so if you see something that may interest you, you can place your orders comfortably from your house.<\/p>\n<p>At the time of placing your order, we will make the shipment quickly so that you can enjoy it as soon as possible in your home.<\/p>\n<p>Our <a href=\"https:\/\/www.darthy.com\/politica-de-envios-y-devoluciones\/\">delivery service<\/a> works every day in order to send your orders in 48 hours or less. With the purpose that the material arrives in the best conditions, our packages are made with the utmost care, all our shipments are also insured in case of loss or breakage.<\/p>\n","protected":false},"excerpt":{"rendered":"<p>SUPRA Cables MD06-EU\/SP Regleta de red de aluminio apantallada Lorad La regleta de red est\u00e1 totalmente apantallada frente a campos el\u00e9ctricos gracias a su chasis de aluminio. 6 schukos, realiza en aluminio. Perfecto estado. Incluye cable de alimentaci\u00f3n. Filtro Supra NIF de transitorios Est\u00e1 equipado con el filtro Supra NIF\u00a0(Non-Intrusive Filtering, filtro no intrusivo), un [&hellip;]<\/p>\n","protected":false},"featured_media":4231,"template":"","meta":{"_exactmetrics_skip_tracking":false,"_exactmetrics_sitenote_active":false,"_exactmetrics_sitenote_note":"","_exactmetrics_sitenote_category":0,"ocean_post_layout":"","ocean_both_sidebars_style":"","ocean_both_sidebars_content_width":0,"ocean_both_sidebars_sidebars_width":0,"ocean_sidebar":"","ocean_second_sidebar":"","ocean_disable_margins":"enable","ocean_add_body_class":"","ocean_shortcode_before_top_bar":"","ocean_shortcode_after_top_bar":"","ocean_shortcode_before_header":"","ocean_shortcode_after_header":"","ocean_has_shortcode":"","ocean_shortcode_after_title":"","ocean_shortcode_before_footer_widgets":"","ocean_shortcode_after_footer_widgets":"","ocean_shortcode_before_footer_bottom":"","ocean_shortcode_after_footer_bottom":"","ocean_display_top_bar":"default","ocean_display_header":"default","ocean_header_style":"","ocean_center_header_left_menu":"","ocean_custom_header_template":"","ocean_custom_logo":0,"ocean_custom_retina_logo":0,"ocean_custom_logo_max_width":0,"ocean_custom_logo_tablet_max_width":0,"ocean_custom_logo_mobile_max_width":0,"ocean_custom_logo_max_height":0,"ocean_custom_logo_tablet_max_height":0,"ocean_custom_logo_mobile_max_height":0,"ocean_header_custom_menu":"","ocean_menu_typo_font_family":"","ocean_menu_typo_font_subset":"","ocean_menu_typo_font_size":0,"ocean_menu_typo_font_size_tablet":0,"ocean_menu_typo_font_size_mobile":0,"ocean_menu_typo_font_size_unit":"px","ocean_menu_typo_font_weight":"","ocean_menu_typo_font_weight_tablet":"","ocean_menu_typo_font_weight_mobile":"","ocean_menu_typo_transform":"","ocean_menu_typo_transform_tablet":"","ocean_menu_typo_transform_mobile":"","ocean_menu_typo_line_height":0,"ocean_menu_typo_line_height_tablet":0,"ocean_menu_typo_line_height_mobile":0,"ocean_menu_typo_line_height_unit":"","ocean_menu_typo_spacing":0,"ocean_menu_typo_spacing_tablet":0,"ocean_menu_typo_spacing_mobile":0,"ocean_menu_typo_spacing_unit":"","ocean_menu_link_color":"","ocean_menu_link_color_hover":"","ocean_menu_link_color_active":"","ocean_menu_link_background":"","ocean_menu_link_hover_background":"","ocean_menu_link_active_background":"","ocean_menu_social_links_bg":"","ocean_menu_social_hover_links_bg":"","ocean_menu_social_links_color":"","ocean_menu_social_hover_links_color":"","ocean_disable_title":"default","ocean_disable_heading":"default","ocean_post_title":"","ocean_post_subheading":"","ocean_post_title_style":"","ocean_post_title_background_color":"","ocean_post_title_background":0,"ocean_post_title_bg_image_position":"","ocean_post_title_bg_image_attachment":"","ocean_post_title_bg_image_repeat":"","ocean_post_title_bg_image_size":"","ocean_post_title_height":0,"ocean_post_title_bg_overlay":0.5,"ocean_post_title_bg_overlay_color":"","ocean_disable_breadcrumbs":"default","ocean_breadcrumbs_color":"","ocean_breadcrumbs_separator_color":"","ocean_breadcrumbs_links_color":"","ocean_breadcrumbs_links_hover_color":"","ocean_display_footer_widgets":"default","ocean_display_footer_bottom":"default","ocean_custom_footer_template":""},"product_brand":[],"product_cat":[16],"product_tag":[2235,2236,2237],"class_list":{"0":"post-4230","1":"product","2":"type-product","3":"status-publish","4":"has-post-thumbnail","6":"product_cat-accesorios-hifi","7":"product_tag-regleta","8":"product_tag-regleta-supra","9":"product_tag-supra-cables-md06-eu-sp","10":"product_shipping_class-peso-0-a-1-kg","12":"entry","13":"has-media","15":"first","16":"outofstock","17":"sold-individually","18":"shipping-taxable","19":"purchasable","20":"product-type-simple","21":"has-product-nav","22":"col","23":"span_1_of_3","24":"owp-content-center","25":"owp-thumbs-layout-horizontal","26":"owp-btn-normal","27":"owp-tabs-layout-section","28":"has-no-thumbnails"},"_links":{"self":[{"href":"https:\/\/www.darthy.com\/es_es\/wp-json\/wp\/v2\/product\/4230","targetHints":{"allow":["GET"]}}],"collection":[{"href":"https:\/\/www.darthy.com\/es_es\/wp-json\/wp\/v2\/product"}],"about":[{"href":"https:\/\/www.darthy.com\/es_es\/wp-json\/wp\/v2\/types\/product"}],"wp:featuredmedia":[{"embeddable":true,"href":"https:\/\/www.darthy.com\/es_es\/wp-json\/wp\/v2\/media\/4231"}],"wp:attachment":[{"href":"https:\/\/www.darthy.com\/es_es\/wp-json\/wp\/v2\/media?parent=4230"}],"wp:term":[{"taxonomy":"product_brand","embeddable":true,"href":"https:\/\/www.darthy.com\/es_es\/wp-json\/wp\/v2\/product_brand?post=4230"},{"taxonomy":"product_cat","embeddable":true,"href":"https:\/\/www.darthy.com\/es_es\/wp-json\/wp\/v2\/product_cat?post=4230"},{"taxonomy":"product_tag","embeddable":true,"href":"https:\/\/www.darthy.com\/es_es\/wp-json\/wp\/v2\/product_tag?post=4230"}],"curies":[{"name":"wp","href":"https:\/\/api.w.org\/{rel}","templated":true}]}}