{"id":3729,"date":"2020-04-11T12:17:21","date_gmt":"2020-04-11T12:17:21","guid":{"rendered":"http:\/\/www.darthy.com\/producto\/vincent-van-gogh-la-mirada-de-vincent\/"},"modified":"2020-04-15T08:51:44","modified_gmt":"2020-04-15T08:51:44","slug":"vincent-van-gogh-la-mirada-de-vincent","status":"publish","type":"product","link":"https:\/\/www.darthy.com\/es_es\/producto\/vincent-van-gogh-la-mirada-de-vincent\/","title":{"rendered":"Vincent Van Gogh &#8211; La mirada de Vincent"},"content":{"rendered":"<p>Vincent Van Gogh &#8211; La mirada de Vincent<\/p>\n<p>La mirada de Vincent<\/p>\n<p>Como nuevo, sin se\u00f1ales de uso, completo<\/p>\n<p>S\u00faper precio!!!!<\/p>\n<p><span style=\"font-family: Arial; font-size: 12px; line-height: 250%;\">Artika, en colaboraci\u00f3n con el Van Gogh Museum, rinde homenaje al gran pintor postimpresionista, en la conmemoraci\u00f3n del 125\u00ba aniversario de su fallecimiento, con una obra exclusiva que nos acerca a la parte m\u00e1s \u00edntima del genial artista, sus dibujos.<\/p>\n<p>Una edici\u00f3n \u00fanica para apreciar el estilo, la expresi\u00f3n y los trazos del pintor neerland\u00e9s, que reproduce la colecci\u00f3n completa de los cuadernos de dibujo que se conservan en el Van Gogh Museum, quienes han avalado esta obra limitada y numerada de 2.998 ejemplares.<\/span><\/p>\n<p><span style=\"font-family: Arial; font-size: 12px; line-height: 250%;\">\u00a0<\/span><\/p>\n<ul style=\"margin-top: 0px; margin-bottom: 10px;\">\n<li><span style=\"font-family: Arial; font-size: 12px; line-height: 250%;\">Realizado en madera maciza de haya con dos piezas separables: marco expositor y atril<\/span><\/li>\n<li><span style=\"font-family: Arial; font-size: 12px; line-height: 250%;\">Cubierta deslizante en el marco<\/span><\/li>\n<li><span style=\"font-family: Arial; font-size: 12px; line-height: 250%;\">Medidas atril: 31,6 x 39,2 x 49,5 cm<\/span><\/li>\n<li><span style=\"font-family: Arial; font-size: 12px; line-height: 250%;\">Medidas marco expositor: 50 x 8,3 x 56,2 cm<\/span><\/li>\n<li><span style=\"font-family: Arial; font-size: 12px; line-height: 250%;\">Medidas expositor: 47,4 x 47,7 x 56,2 cm<\/span><\/li>\n<li><span style=\"font-family: Arial; font-size: 12px; line-height: 250%;\">Peso expositor sin elementos: 7,5 kg<\/span><\/li>\n<\/ul>\n<p>Nuestro <a href=\"http:\/\/www.darthy.com\/politica-de-envios-y-devoluciones\/\">servicio de entrega<\/a> funciona cada d\u00eda con el fin de haceros llegar vuestros pedidos en 48 horas o menos.<\/p>\n<p>Con el proposito de que el materia llegue en las mejores condiciones, nuestro embalajes estan hechos con el m\u00e1ximo esmero, todos nuestros envios, tambien estan asegurados en caso de extravio o rotura.<\/p>\n<p>Surely many of you know our physical store, many of the fans of Vintage HiFi and collecting has visited us. Because many of our friends can not visit us by distance, we decided to strengthen our website, so you can see our products almost coughing from your devices, so if you see something that may interest you, you can place your orders comfortably from your house.<\/p>\n<p>At the time of placing your order, we will make the shipment quickly so that you can enjoy it as soon as possible in your home.<\/p>\n<p>Our <a href=\"http:\/\/www.darthy.com\/politica-de-envios-y-devoluciones\/\">delivery service<\/a> works every day in order to send your orders in 48 hours or less. With the purpose that the material arrives in the best conditions, our packages are made with the utmost care, all our shipments are also insured in case of loss or breakage.<\/p>\n","protected":false},"excerpt":{"rendered":"<p>Vincent Van Gogh &#8211; La mirada de Vincent La mirada de Vincent Como nuevo, sin se\u00f1ales de uso, completo S\u00faper precio!!!! Artika, en colaboraci\u00f3n con el Van Gogh Museum, rinde homenaje al gran pintor postimpresionista, en la conmemoraci\u00f3n del 125\u00ba aniversario de su fallecimiento, con una obra exclusiva que nos acerca a la parte m\u00e1s [&hellip;]<\/p>\n","protected":false},"featured_media":3732,"template":"","meta":{"_exactmetrics_skip_tracking":false,"_exactmetrics_sitenote_active":false,"_exactmetrics_sitenote_note":"","_exactmetrics_sitenote_category":0,"ocean_post_layout":"","ocean_both_sidebars_style":"","ocean_both_sidebars_content_width":0,"ocean_both_sidebars_sidebars_width":0,"ocean_sidebar":"","ocean_second_sidebar":"","ocean_disable_margins":"enable","ocean_add_body_class":"","ocean_shortcode_before_top_bar":"","ocean_shortcode_after_top_bar":"","ocean_shortcode_before_header":"","ocean_shortcode_after_header":"","ocean_has_shortcode":"","ocean_shortcode_after_title":"","ocean_shortcode_before_footer_widgets":"","ocean_shortcode_after_footer_widgets":"","ocean_shortcode_before_footer_bottom":"","ocean_shortcode_after_footer_bottom":"","ocean_display_top_bar":"default","ocean_display_header":"default","ocean_header_style":"","ocean_center_header_left_menu":"","ocean_custom_header_template":"","ocean_custom_logo":0,"ocean_custom_retina_logo":0,"ocean_custom_logo_max_width":0,"ocean_custom_logo_tablet_max_width":0,"ocean_custom_logo_mobile_max_width":0,"ocean_custom_logo_max_height":0,"ocean_custom_logo_tablet_max_height":0,"ocean_custom_logo_mobile_max_height":0,"ocean_header_custom_menu":"","ocean_menu_typo_font_family":"","ocean_menu_typo_font_subset":"","ocean_menu_typo_font_size":0,"ocean_menu_typo_font_size_tablet":0,"ocean_menu_typo_font_size_mobile":0,"ocean_menu_typo_font_size_unit":"px","ocean_menu_typo_font_weight":"","ocean_menu_typo_font_weight_tablet":"","ocean_menu_typo_font_weight_mobile":"","ocean_menu_typo_transform":"","ocean_menu_typo_transform_tablet":"","ocean_menu_typo_transform_mobile":"","ocean_menu_typo_line_height":0,"ocean_menu_typo_line_height_tablet":0,"ocean_menu_typo_line_height_mobile":0,"ocean_menu_typo_line_height_unit":"","ocean_menu_typo_spacing":0,"ocean_menu_typo_spacing_tablet":0,"ocean_menu_typo_spacing_mobile":0,"ocean_menu_typo_spacing_unit":"","ocean_menu_link_color":"","ocean_menu_link_color_hover":"","ocean_menu_link_color_active":"","ocean_menu_link_background":"","ocean_menu_link_hover_background":"","ocean_menu_link_active_background":"","ocean_menu_social_links_bg":"","ocean_menu_social_hover_links_bg":"","ocean_menu_social_links_color":"","ocean_menu_social_hover_links_color":"","ocean_disable_title":"default","ocean_disable_heading":"default","ocean_post_title":"","ocean_post_subheading":"","ocean_post_title_style":"","ocean_post_title_background_color":"","ocean_post_title_background":0,"ocean_post_title_bg_image_position":"","ocean_post_title_bg_image_attachment":"","ocean_post_title_bg_image_repeat":"","ocean_post_title_bg_image_size":"","ocean_post_title_height":0,"ocean_post_title_bg_overlay":0.5,"ocean_post_title_bg_overlay_color":"","ocean_disable_breadcrumbs":"default","ocean_breadcrumbs_color":"","ocean_breadcrumbs_separator_color":"","ocean_breadcrumbs_links_color":"","ocean_breadcrumbs_links_hover_color":"","ocean_display_footer_widgets":"default","ocean_display_footer_bottom":"default","ocean_custom_footer_template":""},"product_brand":[],"product_cat":[44],"product_tag":[1930,1929,1928],"class_list":{"0":"post-3729","1":"product","2":"type-product","3":"status-publish","4":"has-post-thumbnail","6":"product_cat-rastrillo-brocante","7":"product_tag-la-mirada-de-vincent","8":"product_tag-vincent-van-gogh","9":"product_tag-vincent-van-gogh-la-mirada-de-vincent","11":"entry","12":"has-media","14":"first","15":"instock","16":"sold-individually","17":"shipping-taxable","18":"purchasable","19":"product-type-simple","20":"has-product-nav","21":"col","22":"span_1_of_3","23":"owp-content-center","24":"owp-thumbs-layout-horizontal","25":"owp-btn-normal","26":"owp-tabs-layout-section"},"_links":{"self":[{"href":"https:\/\/www.darthy.com\/es_es\/wp-json\/wp\/v2\/product\/3729","targetHints":{"allow":["GET"]}}],"collection":[{"href":"https:\/\/www.darthy.com\/es_es\/wp-json\/wp\/v2\/product"}],"about":[{"href":"https:\/\/www.darthy.com\/es_es\/wp-json\/wp\/v2\/types\/product"}],"wp:featuredmedia":[{"embeddable":true,"href":"https:\/\/www.darthy.com\/es_es\/wp-json\/wp\/v2\/media\/3732"}],"wp:attachment":[{"href":"https:\/\/www.darthy.com\/es_es\/wp-json\/wp\/v2\/media?parent=3729"}],"wp:term":[{"taxonomy":"product_brand","embeddable":true,"href":"https:\/\/www.darthy.com\/es_es\/wp-json\/wp\/v2\/product_brand?post=3729"},{"taxonomy":"product_cat","embeddable":true,"href":"https:\/\/www.darthy.com\/es_es\/wp-json\/wp\/v2\/product_cat?post=3729"},{"taxonomy":"product_tag","embeddable":true,"href":"https:\/\/www.darthy.com\/es_es\/wp-json\/wp\/v2\/product_tag?post=3729"}],"curies":[{"name":"wp","href":"https:\/\/api.w.org\/{rel}","templated":true}]}}