{"id":7,"date":"2016-10-25T14:57:22","date_gmt":"2016-10-25T14:57:22","guid":{"rendered":"http:\/\/s513633229.mialojamiento.es\/darthy\/carrito\/"},"modified":"2024-11-11T16:33:53","modified_gmt":"2024-11-11T16:33:53","slug":"carrito","status":"publish","type":"page","link":"https:\/\/www.darthy.com\/es_es\/carrito\/","title":{"rendered":"Carrito"},"content":{"rendered":"<h3 class=\"wp-block-heading\"><strong>Pedidos:<\/strong><\/h3><p>Puede hacer el pedido a trav\u00e9s de nuestra p\u00e1gina web o directamente llam\u00e1ndonos por tel\u00e9fono o correo electr\u00f3nico.<\/p><p>El pago de los art\u00edculos deber\u00e1 hacerse efectivo en un plazo m\u00e1ximo de 5 d\u00edas, despu\u00e9s de confirmar el pedido con el comprador. En caso contrario el art\u00edculo se pondr\u00e1 de nuevo a la venta.<\/p><p>Una vez recibamos el pago&nbsp;procederemos a enviarle los art\u00edculos que haya adquirido, bien por agencia de transportes (24-48 horas) o bien llev\u00e1ndoselo nosotros personalmente, seg\u00fan corresponda.<\/p><p>Al tener tienda f\u00edsica, algunas veces la web puede no estar actualizada y aparecer art\u00edculos en venta que ya no est\u00e1n disponibles. En estos casos se ofrecer\u00e1 una alternativa de producto o se proceder\u00e1 a la devoluci\u00f3n total del importe del pedido.<\/p><h3 class=\"wp-block-heading\"><strong>Formas de pago:<\/strong><\/h3><p>Para pagos con&nbsp;<strong>tarjeta de cr\u00e9dito<\/strong>, utilizamos la red segura&nbsp;<a href=\"http:\/\/www.redsys.es\/\">REDSYS<\/a>&nbsp;asociada a La Caixa.<\/p><p>Para pagos mediante&nbsp;<strong>transferencia bancaria<\/strong>,&nbsp;una vez realizado el pedido recibir\u00e1s un mail indic\u00e1ndote la cuenta donde ingresar el dinero y cuando lo recibamos te mandaremos el pedido a casa. Ten en cuenta que este m\u00e9todo es m\u00e1s lento porque los tr\u00e1mites tardan unos d\u00edas.<\/p><p>Tambi\u00e9n puedes visitarnos en nuestros establecimientos de&nbsp;<strong><a href=\"http:\/\/www.darthy.com\/contacto\/\">Barcelona<\/a>.<\/strong><\/p><p><a href=\"https:\/\/www.darthy.com\/es_es\/politica-de-envios-y-devoluciones\/\">Pol\u00edtica de env\u00edo y devoluciones<\/a><\/p>","protected":false},"excerpt":{"rendered":"<p>Pedidos: Puede hacer el pedido a trav\u00e9s de nuestra p\u00e1gina web o directamente llam\u00e1ndonos por tel\u00e9fono o correo electr\u00f3nico. El pago de los art\u00edculos deber\u00e1 hacerse efectivo en un plazo m\u00e1ximo de 5 d\u00edas, despu\u00e9s de confirmar el pedido con el comprador. En caso contrario el art\u00edculo se pondr\u00e1 de nuevo a la venta. Una [&hellip;]<\/p>\n","protected":false},"author":1,"featured_media":0,"parent":0,"menu_order":0,"comment_status":"closed","ping_status":"closed","template":"","meta":{"_exactmetrics_skip_tracking":false,"_exactmetrics_sitenote_active":false,"_exactmetrics_sitenote_note":"","_exactmetrics_sitenote_category":0,"ocean_post_layout":"","ocean_both_sidebars_style":"","ocean_both_sidebars_content_width":0,"ocean_both_sidebars_sidebars_width":0,"ocean_sidebar":"","ocean_second_sidebar":"","ocean_disable_margins":"enable","ocean_add_body_class":"","ocean_shortcode_before_top_bar":"","ocean_shortcode_after_top_bar":"","ocean_shortcode_before_header":"","ocean_shortcode_after_header":"","ocean_has_shortcode":"","ocean_shortcode_after_title":"","ocean_shortcode_before_footer_widgets":"","ocean_shortcode_after_footer_widgets":"","ocean_shortcode_before_footer_bottom":"","ocean_shortcode_after_footer_bottom":"","ocean_display_top_bar":"default","ocean_display_header":"default","ocean_header_style":"","ocean_center_header_left_menu":"","ocean_custom_header_template":"","ocean_custom_logo":0,"ocean_custom_retina_logo":0,"ocean_custom_logo_max_width":0,"ocean_custom_logo_tablet_max_width":0,"ocean_custom_logo_mobile_max_width":0,"ocean_custom_logo_max_height":0,"ocean_custom_logo_tablet_max_height":0,"ocean_custom_logo_mobile_max_height":0,"ocean_header_custom_menu":"","ocean_menu_typo_font_family":"","ocean_menu_typo_font_subset":"","ocean_menu_typo_font_size":0,"ocean_menu_typo_font_size_tablet":0,"ocean_menu_typo_font_size_mobile":0,"ocean_menu_typo_font_size_unit":"px","ocean_menu_typo_font_weight":"","ocean_menu_typo_font_weight_tablet":"","ocean_menu_typo_font_weight_mobile":"","ocean_menu_typo_transform":"","ocean_menu_typo_transform_tablet":"","ocean_menu_typo_transform_mobile":"","ocean_menu_typo_line_height":0,"ocean_menu_typo_line_height_tablet":0,"ocean_menu_typo_line_height_mobile":0,"ocean_menu_typo_line_height_unit":"","ocean_menu_typo_spacing":0,"ocean_menu_typo_spacing_tablet":0,"ocean_menu_typo_spacing_mobile":0,"ocean_menu_typo_spacing_unit":"","ocean_menu_link_color":"","ocean_menu_link_color_hover":"","ocean_menu_link_color_active":"","ocean_menu_link_background":"","ocean_menu_link_hover_background":"","ocean_menu_link_active_background":"","ocean_menu_social_links_bg":"","ocean_menu_social_hover_links_bg":"","ocean_menu_social_links_color":"","ocean_menu_social_hover_links_color":"","ocean_disable_title":"default","ocean_disable_heading":"default","ocean_post_title":"","ocean_post_subheading":"","ocean_post_title_style":"","ocean_post_title_background_color":"","ocean_post_title_background":0,"ocean_post_title_bg_image_position":"","ocean_post_title_bg_image_attachment":"","ocean_post_title_bg_image_repeat":"","ocean_post_title_bg_image_size":"","ocean_post_title_height":0,"ocean_post_title_bg_overlay":0.5,"ocean_post_title_bg_overlay_color":"","ocean_disable_breadcrumbs":"default","ocean_breadcrumbs_color":"","ocean_breadcrumbs_separator_color":"","ocean_breadcrumbs_links_color":"","ocean_breadcrumbs_links_hover_color":"","ocean_display_footer_widgets":"default","ocean_display_footer_bottom":"default","ocean_custom_footer_template":"","footnotes":""},"class_list":["post-7","page","type-page","status-publish","hentry","entry","owp-thumbs-layout-horizontal","owp-btn-normal","owp-tabs-layout-section","has-no-thumbnails","has-product-nav"],"_links":{"self":[{"href":"https:\/\/www.darthy.com\/es_es\/wp-json\/wp\/v2\/pages\/7","targetHints":{"allow":["GET"]}}],"collection":[{"href":"https:\/\/www.darthy.com\/es_es\/wp-json\/wp\/v2\/pages"}],"about":[{"href":"https:\/\/www.darthy.com\/es_es\/wp-json\/wp\/v2\/types\/page"}],"author":[{"embeddable":true,"href":"https:\/\/www.darthy.com\/es_es\/wp-json\/wp\/v2\/users\/1"}],"replies":[{"embeddable":true,"href":"https:\/\/www.darthy.com\/es_es\/wp-json\/wp\/v2\/comments?post=7"}],"version-history":[{"count":2,"href":"https:\/\/www.darthy.com\/es_es\/wp-json\/wp\/v2\/pages\/7\/revisions"}],"predecessor-version":[{"id":5275,"href":"https:\/\/www.darthy.com\/es_es\/wp-json\/wp\/v2\/pages\/7\/revisions\/5275"}],"wp:attachment":[{"href":"https:\/\/www.darthy.com\/es_es\/wp-json\/wp\/v2\/media?parent=7"}],"curies":[{"name":"wp","href":"https:\/\/api.w.org\/{rel}","templated":true}]}}