{"id":159,"date":"2016-10-27T18:15:44","date_gmt":"2016-10-27T18:15:44","guid":{"rendered":"http:\/\/s513633229.mialojamiento.es\/darthy\/?page_id=159"},"modified":"2024-04-18T23:05:21","modified_gmt":"2024-04-18T23:05:21","slug":"contacto-darthy-telefono-darthy-direccion-darthy","status":"publish","type":"page","link":"https:\/\/www.darthy.com\/es_es\/contacto-darthy-telefono-darthy-direccion-darthy\/","title":{"rendered":"Contacto"},"content":{"rendered":"<h1>Tienda Floridablanca<\/h1>\n<div class=\"container\" style=\"margin: 0 auto;\"><iframe loading=\"lazy\" style=\"border: 0;\" src=\"https:\/\/www.google.com\/maps\/embed?pb=!1m0!3m2!1ses!2sus!4v1477592206821!6m8!1m7!1sMsUJu_U-jfdcI21nJTCB4Q!2m2!1d41.38002401770985!2d2.160615125266759!3f130.25!4f0!5f0.8160813932612223\" width=\"1200\" height=\"300\" frameborder=\"0\" allowfullscreen=\"allowfullscreen\"><\/iframe><\/div><hr class=\"wp-block-separator has-alpha-channel-opacity\"\/><div class=\"wp-block-columns is-layout-flex wp-container-core-columns-is-layout-9d6595d7 wp-block-columns-is-layout-flex\"><div class=\"wp-block-column is-layout-flow wp-block-column-is-layout-flow\" style=\"flex-basis:20px\"><\/div>\n\n<div class=\"wp-block-column is-layout-flow wp-block-column-is-layout-flow\" style=\"flex-basis:500px\"><ul class=\"contact-details\">\n<li><strong>Direcci\u00f3n:<\/strong> c\/ Floridablanca, 114 &#8211; 08015 Barcelona<\/li>\n<li>+34 934 245 529<\/li>\n<li><i class=\"fa fa-envelope\"><\/i>\u00a0<a href=\"mailto:darthy@darthy.com\">darthy@darthy.com<\/a><\/li>\n<li>Lun -Vie: 10:00h a 13:30h y 16:00 a 19:00<br \/>Sab: 10:00h a 13:00h (cerrado los s\u00e1bados de agosto)<\/li>\n<\/ul>\n<ul>\n<li>PARKING GRATUITO 30 MINUTOS PARA CLIENTES<\/li>\n<li>MERCAT DE SANT ANTONI<\/li>\n<\/ul>\n\n<div class=\"wp-block-columns is-layout-flex wp-container-core-columns-is-layout-9d6595d7 wp-block-columns-is-layout-flex\"><div class=\"wp-block-column is-layout-flow wp-block-column-is-layout-flow\"><img loading=\"lazy\" decoding=\"async\" class=\"wp-image-3070 size-medium\" title=\"Contacto darthy\" src=\"http:\/\/www.darthy.com\/wp-content\/uploads\/2016\/10\/vals_horaris-300x191.png\" alt=\"Parking gratuito\" width=\"300\" height=\"191\" srcset=\"https:\/\/www.darthy.com\/wp-content\/uploads\/2016\/10\/vals_horaris-300x191.png 300w, https:\/\/www.darthy.com\/wp-content\/uploads\/2016\/10\/vals_horaris.png 340w\" sizes=\"auto, (max-width: 300px) 100vw, 300px\" \/><\/div>\n\n<div class=\"wp-block-column is-layout-flow wp-block-column-is-layout-flow\"><\/div>\n\n<div class=\"wp-block-column is-layout-flow wp-block-column-is-layout-flow\"><\/div><\/div><\/div>\n\n<div class=\"wp-block-column is-layout-flow wp-block-column-is-layout-flow\"><iframe src=\"https:\/\/www.google.com\/maps\/embed?pb=!1m14!1m8!1m3!1d2993.7296771358483!2d2.1579602!3d41.3799575!3m2!1i1024!2i768!4f13.1!3m3!1m2!1s0x12a4a3b734b640cb%3A0x936b9d2479f7a178!2sC.%20de%20Floridablanca%2C%20114%2C%20L&#39;Eixample%2C%2008015%20Barcelona!5e0!3m2!1ses!2ses!4v1713465520405!5m2!1ses!2ses\" width=\"300\" height=\"225\" style=\"border:0;\" allowfullscreen=\"\" loading=\"lazy\" referrerpolicy=\"no-referrer-when-downgrade\"><\/iframe>\n\n<div style=\"height:35px\" aria-hidden=\"true\" class=\"wp-block-spacer\"><\/div>\n\n<div class=\"wp-block-columns is-layout-flex wp-container-core-columns-is-layout-9d6595d7 wp-block-columns-is-layout-flex\"><div class=\"wp-block-column is-layout-flow wp-block-column-is-layout-flow\"><p>Visitar nuestra tienda es como hacer un viaje que evoca al pasado, donde intentamos seleccionar las piezas que han marcado una \u00e9poca por su calidad, innovaci\u00f3n o simplemente por que marcaron un hito en su momento.<\/p><\/div>\n\n<div class=\"wp-block-column is-layout-flow wp-block-column-is-layout-flow\"><p>Podemos ayudarte con la puesta apunto, mantenimiento o restauraci\u00f3n de tus aparatos, sean equipos de audio, radios antiguas, relojes, encendedores, etc\u2026<br>Nos encantar\u00e1 conocerte y que nos preguntes tus dudas. Puedes contactar con nosotros por <a href=\"https:\/\/www.facebook.com\/darthy.barcelona\">Facebook<\/a>, tel\u00e9fono, mail o ven a visitarnos en nuestra tienda.<\/p><\/div><\/div><\/div><\/div><hr class=\"wp-block-separator has-alpha-channel-opacity\"\/><div class=\"wp-block-columns is-layout-flex wp-container-core-columns-is-layout-9d6595d7 wp-block-columns-is-layout-flex\"><div class=\"wp-block-column is-layout-flow wp-block-column-is-layout-flow\" style=\"flex-basis:66.66%\"><p>Si le interesa alg\u00fan producto de nuestro cat\u00e1logo o tiene alguna pregunta que formularnos, por favor rellene el formulario a continuaci\u00f3n y nos pondremos en contacto con usted lo mas pronto posible.<\/p><\/div>\n\n<div class=\"wp-block-column is-layout-flow wp-block-column-is-layout-flow\" style=\"flex-basis:33.33%\"><div class=\"wp-block-contact-form-7-contact-form-selector\">\n<div class=\"wpcf7 no-js\" id=\"wpcf7-f4-o1\" lang=\"es-ES\" dir=\"ltr\" data-wpcf7-id=\"4\">\n<div class=\"screen-reader-response\"><p role=\"status\" aria-live=\"polite\" aria-atomic=\"true\"><\/p> <ul><\/ul><\/div>\n<form action=\"\/es_es\/wp-json\/wp\/v2\/pages\/159#wpcf7-f4-o1\" method=\"post\" class=\"wpcf7-form init\" aria-label=\"Formulario de contacto\" novalidate=\"novalidate\" data-status=\"init\">\n<fieldset class=\"hidden-fields-container\"><input type=\"hidden\" name=\"_wpcf7\" value=\"4\" \/><input type=\"hidden\" name=\"_wpcf7_version\" value=\"6.1.5\" \/><input type=\"hidden\" name=\"_wpcf7_locale\" value=\"es_ES\" \/><input type=\"hidden\" name=\"_wpcf7_unit_tag\" value=\"wpcf7-f4-o1\" \/><input type=\"hidden\" name=\"_wpcf7_container_post\" value=\"0\" \/><input type=\"hidden\" name=\"_wpcf7_posted_data_hash\" value=\"\" \/>\n<\/fieldset>\n<p><label> Nombre (requerido)<br \/>\n<span class=\"wpcf7-form-control-wrap\" data-name=\"your-name\"><input size=\"40\" maxlength=\"400\" class=\"wpcf7-form-control wpcf7-text wpcf7-validates-as-required\" aria-required=\"true\" aria-invalid=\"false\" value=\"\" type=\"text\" name=\"your-name\" \/><\/span> <\/label>\n<\/p>\n<p><label> Su correo electr\u00f3nico (requerido)<br \/>\n<span class=\"wpcf7-form-control-wrap\" data-name=\"your-email\"><input size=\"40\" maxlength=\"400\" class=\"wpcf7-form-control wpcf7-email wpcf7-validates-as-required wpcf7-text wpcf7-validates-as-email\" aria-required=\"true\" aria-invalid=\"false\" value=\"\" type=\"email\" name=\"your-email\" \/><\/span> <\/label>\n<\/p>\n<p><label> Asunto<br \/>\n<span class=\"wpcf7-form-control-wrap\" data-name=\"your-subject\"><input size=\"40\" maxlength=\"400\" class=\"wpcf7-form-control wpcf7-text\" aria-invalid=\"false\" value=\"\" type=\"text\" name=\"your-subject\" \/><\/span> <\/label>\n<\/p>\n<p><label> Mensaje<br \/>\n<span class=\"wpcf7-form-control-wrap\" data-name=\"your-message\"><textarea cols=\"40\" rows=\"10\" maxlength=\"2000\" class=\"wpcf7-form-control wpcf7-textarea\" aria-invalid=\"false\" name=\"your-message\"><\/textarea><\/span> <\/label>\n<\/p>\n<p><input class=\"wpcf7-form-control wpcf7-submit has-spinner\" type=\"submit\" value=\"Enviar\" \/>\n<\/p><div class=\"wpcf7-response-output\" aria-hidden=\"true\"><\/div>\n<\/form>\n<\/div>\n<\/div><\/div><\/div><hr class=\"wp-block-separator has-alpha-channel-opacity\"\/><img loading=\"lazy\" decoding=\"async\" class=\"alignnone  wp-image-4197\" src=\"https:\/\/www.darthy.com\/wp-content\/uploads\/2022\/03\/p-judicial-300x121.jpg\" alt=\"\" width=\"399\" height=\"161\" srcset=\"https:\/\/www.darthy.com\/wp-content\/uploads\/2022\/03\/p-judicial-300x121.jpg 300w, https:\/\/www.darthy.com\/wp-content\/uploads\/2022\/03\/p-judicial-1024x412.jpg 1024w, https:\/\/www.darthy.com\/wp-content\/uploads\/2022\/03\/p-judicial-768x309.jpg 768w, https:\/\/www.darthy.com\/wp-content\/uploads\/2022\/03\/p-judicial-1536x618.jpg 1536w, https:\/\/www.darthy.com\/wp-content\/uploads\/2022\/03\/p-judicial-1320x531.jpg 1320w, https:\/\/www.darthy.com\/wp-content\/uploads\/2022\/03\/p-judicial.jpg 1890w\" sizes=\"auto, (max-width: 399px) 100vw, 399px\" \/>","protected":false},"excerpt":{"rendered":"<p>Tienda Floridablanca Direcci\u00f3n: c\/ Floridablanca, 114 &#8211; 08015 Barcelona +34 934 245 529 \u00a0darthy@darthy.com Lun -Vie: 10:00h a 13:30h y 16:00 a 19:00Sab: 10:00h a 13:00h (cerrado los s\u00e1bados de agosto) PARKING GRATUITO 30 MINUTOS PARA CLIENTES MERCAT DE SANT ANTONI Visitar nuestra tienda es como hacer un viaje que evoca al pasado, donde intentamos [&hellip;]<\/p>\n","protected":false},"author":1,"featured_media":0,"parent":0,"menu_order":0,"comment_status":"closed","ping_status":"closed","template":"","meta":{"_exactmetrics_skip_tracking":false,"_exactmetrics_sitenote_active":false,"_exactmetrics_sitenote_note":"","_exactmetrics_sitenote_category":0,"ocean_post_layout":"","ocean_both_sidebars_style":"","ocean_both_sidebars_content_width":0,"ocean_both_sidebars_sidebars_width":0,"ocean_sidebar":"","ocean_second_sidebar":"","ocean_disable_margins":"enable","ocean_add_body_class":"","ocean_shortcode_before_top_bar":"","ocean_shortcode_after_top_bar":"","ocean_shortcode_before_header":"","ocean_shortcode_after_header":"","ocean_has_shortcode":"","ocean_shortcode_after_title":"","ocean_shortcode_before_footer_widgets":"","ocean_shortcode_after_footer_widgets":"","ocean_shortcode_before_footer_bottom":"","ocean_shortcode_after_footer_bottom":"","ocean_display_top_bar":"default","ocean_display_header":"default","ocean_header_style":"","ocean_center_header_left_menu":"","ocean_custom_header_template":"","ocean_custom_logo":0,"ocean_custom_retina_logo":0,"ocean_custom_logo_max_width":0,"ocean_custom_logo_tablet_max_width":0,"ocean_custom_logo_mobile_max_width":0,"ocean_custom_logo_max_height":0,"ocean_custom_logo_tablet_max_height":0,"ocean_custom_logo_mobile_max_height":0,"ocean_header_custom_menu":"","ocean_menu_typo_font_family":"","ocean_menu_typo_font_subset":"","ocean_menu_typo_font_size":0,"ocean_menu_typo_font_size_tablet":0,"ocean_menu_typo_font_size_mobile":0,"ocean_menu_typo_font_size_unit":"px","ocean_menu_typo_font_weight":"","ocean_menu_typo_font_weight_tablet":"","ocean_menu_typo_font_weight_mobile":"","ocean_menu_typo_transform":"","ocean_menu_typo_transform_tablet":"","ocean_menu_typo_transform_mobile":"","ocean_menu_typo_line_height":0,"ocean_menu_typo_line_height_tablet":0,"ocean_menu_typo_line_height_mobile":0,"ocean_menu_typo_line_height_unit":"","ocean_menu_typo_spacing":0,"ocean_menu_typo_spacing_tablet":0,"ocean_menu_typo_spacing_mobile":0,"ocean_menu_typo_spacing_unit":"","ocean_menu_link_color":"","ocean_menu_link_color_hover":"","ocean_menu_link_color_active":"","ocean_menu_link_background":"","ocean_menu_link_hover_background":"","ocean_menu_link_active_background":"","ocean_menu_social_links_bg":"","ocean_menu_social_hover_links_bg":"","ocean_menu_social_links_color":"","ocean_menu_social_hover_links_color":"","ocean_disable_title":"default","ocean_disable_heading":"default","ocean_post_title":"","ocean_post_subheading":"","ocean_post_title_style":"","ocean_post_title_background_color":"","ocean_post_title_background":0,"ocean_post_title_bg_image_position":"","ocean_post_title_bg_image_attachment":"","ocean_post_title_bg_image_repeat":"","ocean_post_title_bg_image_size":"","ocean_post_title_height":0,"ocean_post_title_bg_overlay":0.5,"ocean_post_title_bg_overlay_color":"","ocean_disable_breadcrumbs":"default","ocean_breadcrumbs_color":"","ocean_breadcrumbs_separator_color":"","ocean_breadcrumbs_links_color":"","ocean_breadcrumbs_links_hover_color":"","ocean_display_footer_widgets":"default","ocean_display_footer_bottom":"default","ocean_custom_footer_template":"","footnotes":""},"class_list":["post-159","page","type-page","status-publish","hentry","entry","owp-thumbs-layout-horizontal","owp-btn-normal","owp-tabs-layout-section","has-no-thumbnails","has-product-nav"],"_links":{"self":[{"href":"https:\/\/www.darthy.com\/es_es\/wp-json\/wp\/v2\/pages\/159","targetHints":{"allow":["GET"]}}],"collection":[{"href":"https:\/\/www.darthy.com\/es_es\/wp-json\/wp\/v2\/pages"}],"about":[{"href":"https:\/\/www.darthy.com\/es_es\/wp-json\/wp\/v2\/types\/page"}],"author":[{"embeddable":true,"href":"https:\/\/www.darthy.com\/es_es\/wp-json\/wp\/v2\/users\/1"}],"replies":[{"embeddable":true,"href":"https:\/\/www.darthy.com\/es_es\/wp-json\/wp\/v2\/comments?post=159"}],"version-history":[{"count":57,"href":"https:\/\/www.darthy.com\/es_es\/wp-json\/wp\/v2\/pages\/159\/revisions"}],"predecessor-version":[{"id":6977,"href":"https:\/\/www.darthy.com\/es_es\/wp-json\/wp\/v2\/pages\/159\/revisions\/6977"}],"wp:attachment":[{"href":"https:\/\/www.darthy.com\/es_es\/wp-json\/wp\/v2\/media?parent=159"}],"curies":[{"name":"wp","href":"https:\/\/api.w.org\/{rel}","templated":true}]}}