{"id":154,"date":"2016-10-27T18:11:58","date_gmt":"2016-10-27T18:11:58","guid":{"rendered":"http:\/\/s513633229.mialojamiento.es\/darthy\/?page_id=154"},"modified":"2025-05-23T08:42:55","modified_gmt":"2025-05-23T08:42:55","slug":"servicio-tecnico","status":"publish","type":"page","link":"https:\/\/www.darthy.com\/es_es\/servicio-tecnico\/","title":{"rendered":"Servicio t\u00e9cnico"},"content":{"rendered":"<p><img loading=\"lazy\" decoding=\"async\" class=\"alignnone size-medium wp-image-3536 aligncenter\" src=\"http:\/\/www.darthy.com\/wp-content\/uploads\/2016\/10\/serviciotecnico-300x90.png\" alt=\"\" width=\"300\" height=\"90\" srcset=\"https:\/\/www.darthy.com\/wp-content\/uploads\/2016\/10\/serviciotecnico-300x90.png 300w, https:\/\/www.darthy.com\/wp-content\/uploads\/2016\/10\/serviciotecnico-768x232.png 768w, https:\/\/www.darthy.com\/wp-content\/uploads\/2016\/10\/serviciotecnico-1024x309.png 1024w, https:\/\/www.darthy.com\/wp-content\/uploads\/2016\/10\/serviciotecnico-600x181.png 600w, https:\/\/www.darthy.com\/wp-content\/uploads\/2016\/10\/serviciotecnico.png 1366w\" sizes=\"auto, (max-width: 300px) 100vw, 300px\" \/><\/p>\n<figure id=\"attachment_2121\" aria-describedby=\"caption-attachment-2121\" style=\"width: 288px\" class=\"wp-caption alignleft\"><img loading=\"lazy\" decoding=\"async\" class=\"wp-image-2121\" title=\"Darthy Servicio Tecnico, SAT amplificadores y equipos vintage\" src=\"http:\/\/www.darthy.com\/wp-content\/uploads\/2016\/10\/DARTHY-REPAIR-TUBE-212x300.jpg\" alt=\"Darthy Servicio Tecnico\" width=\"288\" height=\"408\" \/><figcaption id=\"caption-attachment-2121\" class=\"wp-caption-text\">Darthy Servicio Tecnico, SAT amplificadores y equipos vintage<\/figcaption><\/figure>\n<p>En DARTHY <a href=\"https:\/\/www.facebook.com\/photo.php?fbid=10205114933548934&amp;set=pb.1712006692.-2207520000.1554461243.&amp;type=3&amp;theater\">REPARAMOS<\/a> y <a href=\"https:\/\/www.facebook.com\/photo.php?fbid=10205535472222138&amp;set=pb.1712006692.-2207520000.1554461240.&amp;type=3&amp;theater\">RESTAURAMOS<\/a> todo tipo de aparatos HiFi, gramolas, radios a v\u00e1lvulas, altavoces, magnet\u00f3fonos (reel to reel), etc. Con m\u00e1s de 40 a\u00f1os de experiencia en el mundo de la electr\u00f3nica, podemos acondicionar casi cualquier cosa. S<span class=\"wpseo-score-text\">ervicio t\u00e9cnico SAT reparaci\u00f3n DIGITALIZACI\u00d3N.<\/span><\/p>\n<p><strong>IMPORTANTE: Tras pasados seis meses, despu\u00e9s del aviso de reparaci\u00f3n o imposibilidad de reparar el articulo y no ser recogido por el cliente, DARTHY se reserva el derecho de disponer del producto para su desguace o venta, a fin de poder recuperar la inversi\u00f3n o espacio disponible para nuestro establecimiento<\/strong>.<\/p>\n<p>Damos un servicio integral para la recuperaci\u00f3n de esos objetos que merecen seguir funcionando.<\/p>\n<p><strong>Todos los art\u00edculos vendidos o reparados por DARTHY tienen una garant\u00eda de piezas y mano de obra de TRES meses.<\/strong><\/p>\n<p><img loading=\"lazy\" decoding=\"async\" class=\"alignright wp-image-2106 \" src=\"http:\/\/www.darthy.com\/wp-content\/uploads\/2016\/10\/pioneerpa50002-2-300x205.jpg\" alt=\"\" width=\"245\" height=\"167\" srcset=\"https:\/\/www.darthy.com\/wp-content\/uploads\/2016\/10\/pioneerpa50002-2-300x205.jpg 300w, https:\/\/www.darthy.com\/wp-content\/uploads\/2016\/10\/pioneerpa50002-2.jpg 459w\" sizes=\"auto, (max-width: 245px) 100vw, 245px\" \/><\/p>\n<p>Tenemos un equipo humano que colabora con nosotros en los distintos \u00e1mbitos necesarios para la puesta a punto de sus aparatos, desde la restauraci\u00f3n de muebles de gramolas, construcci\u00f3n de piezas mec\u00e1nicas degradadas por el paso del tiempo, construcci\u00f3n de chasis, reconstrucci\u00f3n de circuitos electr\u00f3nicos\u2026.<\/p>\n<p><strong>Reparaci\u00f3n y acondicionamiento en amplificaci\u00f3n y fuentes HiFi<\/strong><em><strong><img loading=\"lazy\" decoding=\"async\" class=\"wp-image-344 alignleft\" src=\"http:\/\/www.darthy.com\/wp-content\/uploads\/2017\/03\/revox-b77-157978-1-300x225.jpg\" alt=\"\" width=\"244\" height=\"183\" srcset=\"https:\/\/www.darthy.com\/wp-content\/uploads\/2017\/03\/revox-b77-157978-1-300x225.jpg 300w, https:\/\/www.darthy.com\/wp-content\/uploads\/2017\/03\/revox-b77-157978-1-768x576.jpg 768w, https:\/\/www.darthy.com\/wp-content\/uploads\/2017\/03\/revox-b77-157978-1-1024x768.jpg 1024w, https:\/\/www.darthy.com\/wp-content\/uploads\/2017\/03\/revox-b77-157978-1-600x450.jpg 600w, https:\/\/www.darthy.com\/wp-content\/uploads\/2017\/03\/revox-b77-157978-1-463x348.jpg 463w, https:\/\/www.darthy.com\/wp-content\/uploads\/2017\/03\/revox-b77-157978-1.jpg 1600w\" sizes=\"auto, (max-width: 244px) 100vw, 244px\" \/><\/strong><\/em><\/p>\n<p>Reparaci\u00f3n de previos, etapas de potencia, amplificadores integrados, receptores tanto a transistores como a v\u00e1lvulas, magnet\u00f3fonos, platos, pletina cassette, equipos a v\u00e1lvulas.<br \/>\nSustituci\u00f3n, ajuste y reparaci\u00f3n de \u00f3pticas CD, MD, cambio de correas de transmisi\u00f3n del transporte y l\u00e1ser.<\/p>\n<p><strong>Reparaci\u00f3n, ajuste y cambio de correas de pletinas cassette<\/strong><\/p>\n<p>Ajuste de giradiscos, reparaci\u00f3n de brazos, recambio de c\u00e1psulas y agujas<\/p>\n<p><img loading=\"lazy\" decoding=\"async\" class=\"wp-image-2111 alignleft\" src=\"http:\/\/www.darthy.com\/wp-content\/uploads\/2016\/10\/revox-300x78.png\" alt=\"\" width=\"185\" height=\"48\" \/><\/p>\n<p><em><strong><img loading=\"lazy\" decoding=\"async\" class=\"wp-image-195 alignright\" src=\"http:\/\/www.darthy.com\/wp-content\/uploads\/2016\/10\/pordentro-300x300.jpg\" alt=\"\" width=\"242\" height=\"242\" srcset=\"https:\/\/www.darthy.com\/wp-content\/uploads\/2016\/10\/pordentro-300x300.jpg 300w, https:\/\/www.darthy.com\/wp-content\/uploads\/2016\/10\/pordentro-100x100.jpg 100w, https:\/\/www.darthy.com\/wp-content\/uploads\/2016\/10\/pordentro-150x150.jpg 150w, https:\/\/www.darthy.com\/wp-content\/uploads\/2016\/10\/pordentro-600x600.jpg 600w, https:\/\/www.darthy.com\/wp-content\/uploads\/2016\/10\/pordentro-560x560.jpg 560w, https:\/\/www.darthy.com\/wp-content\/uploads\/2016\/10\/pordentro-367x367.jpg 367w, https:\/\/www.darthy.com\/wp-content\/uploads\/2016\/10\/pordentro-450x450.jpg 450w, https:\/\/www.darthy.com\/wp-content\/uploads\/2016\/10\/pordentro-85x85.jpg 85w, https:\/\/www.darthy.com\/wp-content\/uploads\/2016\/10\/pordentro-50x50.jpg 50w, https:\/\/www.darthy.com\/wp-content\/uploads\/2016\/10\/pordentro.jpg 640w\" sizes=\"auto, (max-width: 242px) 100vw, 242px\" \/><\/strong><\/em><\/p>\n<p><strong>Especialistas en Revox<\/strong><\/p>\n<p>En nuestras instalaciones contamos con el equipo humano y t\u00e9cnico para poder encargarnos de la mayor\u00eda de modelos de Revox, tanto reel to reel, cassettes, CD, tocadiscos, radios y amplificadores.<\/p>\n<p>Si dispone de un reel to reel y quiere ponerlo a trabajar de nuevo, no dude en consultarnos.<\/p>\n<p>Especialistas en B750, B795, A77, B77, A700, C270, PR99, etc<\/p>\n<p>Pulido y ajuste de cabezales de todo tipo de reproductores de cinta.<\/p>\n<p><strong><img loading=\"lazy\" decoding=\"async\" class=\"alignnone wp-image-2124\" src=\"http:\/\/www.darthy.com\/wp-content\/uploads\/2016\/10\/technics-logo-1-600x250-300x125.jpg\" alt=\"\" width=\"197\" height=\"82\" srcset=\"https:\/\/www.darthy.com\/wp-content\/uploads\/2016\/10\/technics-logo-1-600x250-300x125.jpg 300w, https:\/\/www.darthy.com\/wp-content\/uploads\/2016\/10\/technics-logo-1-600x250.jpg 600w\" sizes=\"auto, (max-width: 197px) 100vw, 197px\" \/><\/strong><strong><img loading=\"lazy\" decoding=\"async\" class=\"size-medium wp-image-2125 alignright\" src=\"http:\/\/www.darthy.com\/wp-content\/uploads\/2016\/10\/Technics-SL-1200MK5-300x184.jpg\" alt=\"\" width=\"300\" height=\"184\" srcset=\"https:\/\/www.darthy.com\/wp-content\/uploads\/2016\/10\/Technics-SL-1200MK5-300x184.jpg 300w, https:\/\/www.darthy.com\/wp-content\/uploads\/2016\/10\/Technics-SL-1200MK5-768x471.jpg 768w, https:\/\/www.darthy.com\/wp-content\/uploads\/2016\/10\/Technics-SL-1200MK5-1024x628.jpg 1024w, https:\/\/www.darthy.com\/wp-content\/uploads\/2016\/10\/Technics-SL-1200MK5-600x368.jpg 600w, https:\/\/www.darthy.com\/wp-content\/uploads\/2016\/10\/Technics-SL-1200MK5.jpg 1280w\" sizes=\"auto, (max-width: 300px) 100vw, 300px\" \/><\/strong><\/p>\n<p><strong>Especialistas en Technics Sl1200<\/strong><\/p>\n<p>Cambio y ajuste de brazos, ajustes, cambio de iluminacion del cabezal, cambio de rodamientos, acondicionamiento de condensadores, leds, pich\u2026.<\/p>\n<p><img loading=\"lazy\" decoding=\"async\" class=\"wp-image-2114 alignnone\" src=\"http:\/\/www.darthy.com\/wp-content\/uploads\/2016\/10\/images-300x225.jpeg\" alt=\"\" width=\"212\" height=\"159\" srcset=\"https:\/\/www.darthy.com\/wp-content\/uploads\/2016\/10\/images-300x225.jpeg 300w, https:\/\/www.darthy.com\/wp-content\/uploads\/2016\/10\/images-600x450.jpeg 600w, https:\/\/www.darthy.com\/wp-content\/uploads\/2016\/10\/images-463x348.jpeg 463w, https:\/\/www.darthy.com\/wp-content\/uploads\/2016\/10\/images.jpeg 640w\" sizes=\"auto, (max-width: 212px) 100vw, 212px\" \/><\/p>\n<p><strong>Reacondicionamiento de altavoces<\/strong><em><strong><img loading=\"lazy\" decoding=\"async\" class=\"wp-image-438 alignright\" src=\"http:\/\/www.darthy.com\/wp-content\/uploads\/2017\/11\/wharfedale112-1-267x300.jpg\" alt=\"\" width=\"193\" height=\"217\" srcset=\"https:\/\/www.darthy.com\/wp-content\/uploads\/2017\/11\/wharfedale112-1-267x300.jpg 267w, https:\/\/www.darthy.com\/wp-content\/uploads\/2017\/11\/wharfedale112-1-300x337.jpg 300w, https:\/\/www.darthy.com\/wp-content\/uploads\/2017\/11\/wharfedale112-1-600x673.jpg 600w, https:\/\/www.darthy.com\/wp-content\/uploads\/2017\/11\/wharfedale112-1.jpg 744w\" sizes=\"auto, (max-width: 193px) 100vw, 193px\" \/><\/strong><\/em><\/p>\n<p>Reparaci\u00f3n de crossovers, cambio de amortiguadores, membranas, <a href=\"http:\/\/www.darthy.com\/producto\/tannoy-foam-repair-service\/\">foam<\/a>, reparaci\u00f3n y rebobinado de tweeters.<\/p>\n<p><strong>Reparaci\u00f3n y rebobinado de transformadores y fuentes de alimentaci\u00f3n<\/strong><\/p>\n<p>Rebobinados, cambios de tensi\u00f3n, reacondicionamiento, nueva vida para sus aparatos.<\/p>\n<p><strong>Reparaci\u00f3n de curiosidades electronicas<\/strong><\/p>\n<p>Transistores, radios a v\u00e1lvulas, gramofonos, boombox<\/p>\n<p>Nuestros t\u00e9cnicos son especialistas en aparatos anal\u00f3gicos de las siguientes marcas: REVOX, GARRARD, GOODMANS, ARMSTRONG, QUAD, MISSION, JBL, YAMAHA, AIWA, SANSUI, DENON, GRUNDIG, FOSTEX, NAKAMICHI, SONY, MARANTZ, KENWOOD, AKAI, VIETA, JVC, ONKYO, ADVENT, BOSE, YAMAHA, TECHNICS, LENCO, ETC<\/p>\n<p><strong>Reparaci\u00f3n de amplificaci\u00f3n profesional<\/strong><\/p>\n<p>Etapas de potencia, mesas de mezclas, amplis de guitarra, etc<\/p>\n<p style=\"text-align: center;\"><strong>DIGITALIZACI\u00d3N CINTAS DE VIDEO Y CINE<\/strong><\/p>\n<p><img loading=\"lazy\" decoding=\"async\" class=\" wp-image-1339 aligncenter\" src=\"http:\/\/www.darthy.com\/wp-content\/uploads\/2016\/10\/FORMATOS-300x33.jpg\" alt=\"\" width=\"409\" height=\"45\" srcset=\"https:\/\/www.darthy.com\/wp-content\/uploads\/2016\/10\/FORMATOS-300x33.jpg 300w, https:\/\/www.darthy.com\/wp-content\/uploads\/2016\/10\/FORMATOS.jpg 557w\" sizes=\"auto, (max-width: 409px) 100vw, 409px\" \/><\/p>\n<p>La duraci\u00f3n media de las cintas magn\u00e9ticas (VHS, Beta, cassette, etc \u2026) es de 15 a\u00f1os. Las diapositivas y pel\u00edculas de celuloide empiezan a degradarse alrededor de los 20 a\u00f1os.<\/p>\n<p>Utilizamos equipos y t\u00e9cnicas de \u00faltima generaci\u00f3n para conservar sus v\u00eddeos y fotos en un archivo digital o DVD.<\/p>\n<p>Digitalizamos sus antiguas cintas de video y pel\u00edculas de 8, super 8 y 9,5mm para que pueda conservarlas para siempre.<\/p>\n<p>Aceptamos casi todos los formatos de video: Laserdisc, Betamax, BetamaxSP, Umatic, VHS, VHS-C, S-VHS, Video 8, HI 8, MiniDV.<\/p>\n<p>Se puede entregar en los siguientes formatos, DVD, CD-video,Discos duros, Pen Drive\u2026<\/p>\n<p style=\"text-align: center;\"><strong>DIGITALIZACION DE AUDIO<\/strong><\/p>\n<p>Digitalizamos cualquier soporte de audio anal\u00f3gico y lo transforma a digital.<\/p>\n<p>Cada d\u00eda convertimos cintas de cassette y vinilos a formatos digitales. Preservamos las cintas de audio para que puedas escucharlas tantas veces como quieras.<\/p>\n<p>Podemos convertir a CD-Audio\/MP3 Cassetes, Cintas Magnet\u00f3fono (reel to reel) de cualquier formato y velocidad, microcassettes, disco de vinilo, Minidisc, DAT, cilindros de cera, cable magn\u00e9tico, etc.<\/p>\n<p><em><strong><img loading=\"lazy\" decoding=\"async\" class=\" wp-image-2127 aligncenter\" src=\"http:\/\/www.darthy.com\/wp-content\/uploads\/2016\/10\/SERVICIO-DIGITALIZACION2-300x168.jpg\" alt=\"\" width=\"611\" height=\"342\" srcset=\"https:\/\/www.darthy.com\/wp-content\/uploads\/2016\/10\/SERVICIO-DIGITALIZACION2-300x168.jpg 300w, https:\/\/www.darthy.com\/wp-content\/uploads\/2016\/10\/SERVICIO-DIGITALIZACION2-768x431.jpg 768w, https:\/\/www.darthy.com\/wp-content\/uploads\/2016\/10\/SERVICIO-DIGITALIZACION2-600x337.jpg 600w, https:\/\/www.darthy.com\/wp-content\/uploads\/2016\/10\/SERVICIO-DIGITALIZACION2.jpg 800w\" sizes=\"auto, (max-width: 611px) 100vw, 611px\" \/>\u00a0<\/strong><\/em><em><strong><br \/>\n<\/strong><\/em><\/p>\n","protected":false},"excerpt":{"rendered":"<p>En DARTHY REPARAMOS y RESTAURAMOS todo tipo de aparatos HiFi, gramolas, radios a v\u00e1lvulas, altavoces, magnet\u00f3fonos (reel to reel), etc. Con m\u00e1s de 40 a\u00f1os de experiencia en el mundo de la electr\u00f3nica, podemos acondicionar casi cualquier cosa. Servicio t\u00e9cnico SAT reparaci\u00f3n DIGITALIZACI\u00d3N. IMPORTANTE: Tras pasados seis meses, despu\u00e9s del aviso de reparaci\u00f3n o imposibilidad [&hellip;]<\/p>\n","protected":false},"author":1,"featured_media":0,"parent":0,"menu_order":0,"comment_status":"closed","ping_status":"closed","template":"","meta":{"_exactmetrics_skip_tracking":false,"_exactmetrics_sitenote_active":false,"_exactmetrics_sitenote_note":"","_exactmetrics_sitenote_category":0,"ocean_post_layout":"","ocean_both_sidebars_style":"","ocean_both_sidebars_content_width":0,"ocean_both_sidebars_sidebars_width":0,"ocean_sidebar":"","ocean_second_sidebar":"","ocean_disable_margins":"enable","ocean_add_body_class":"","ocean_shortcode_before_top_bar":"","ocean_shortcode_after_top_bar":"","ocean_shortcode_before_header":"","ocean_shortcode_after_header":"","ocean_has_shortcode":"","ocean_shortcode_after_title":"","ocean_shortcode_before_footer_widgets":"","ocean_shortcode_after_footer_widgets":"","ocean_shortcode_before_footer_bottom":"","ocean_shortcode_after_footer_bottom":"","ocean_display_top_bar":"default","ocean_display_header":"default","ocean_header_style":"","ocean_center_header_left_menu":"","ocean_custom_header_template":"","ocean_custom_logo":0,"ocean_custom_retina_logo":0,"ocean_custom_logo_max_width":0,"ocean_custom_logo_tablet_max_width":0,"ocean_custom_logo_mobile_max_width":0,"ocean_custom_logo_max_height":0,"ocean_custom_logo_tablet_max_height":0,"ocean_custom_logo_mobile_max_height":0,"ocean_header_custom_menu":"","ocean_menu_typo_font_family":"","ocean_menu_typo_font_subset":"","ocean_menu_typo_font_size":0,"ocean_menu_typo_font_size_tablet":0,"ocean_menu_typo_font_size_mobile":0,"ocean_menu_typo_font_size_unit":"px","ocean_menu_typo_font_weight":"","ocean_menu_typo_font_weight_tablet":"","ocean_menu_typo_font_weight_mobile":"","ocean_menu_typo_transform":"","ocean_menu_typo_transform_tablet":"","ocean_menu_typo_transform_mobile":"","ocean_menu_typo_line_height":0,"ocean_menu_typo_line_height_tablet":0,"ocean_menu_typo_line_height_mobile":0,"ocean_menu_typo_line_height_unit":"","ocean_menu_typo_spacing":0,"ocean_menu_typo_spacing_tablet":0,"ocean_menu_typo_spacing_mobile":0,"ocean_menu_typo_spacing_unit":"","ocean_menu_link_color":"","ocean_menu_link_color_hover":"","ocean_menu_link_color_active":"","ocean_menu_link_background":"","ocean_menu_link_hover_background":"","ocean_menu_link_active_background":"","ocean_menu_social_links_bg":"","ocean_menu_social_hover_links_bg":"","ocean_menu_social_links_color":"","ocean_menu_social_hover_links_color":"","ocean_disable_title":"default","ocean_disable_heading":"default","ocean_post_title":"","ocean_post_subheading":"","ocean_post_title_style":"","ocean_post_title_background_color":"","ocean_post_title_background":0,"ocean_post_title_bg_image_position":"","ocean_post_title_bg_image_attachment":"","ocean_post_title_bg_image_repeat":"","ocean_post_title_bg_image_size":"","ocean_post_title_height":0,"ocean_post_title_bg_overlay":0.5,"ocean_post_title_bg_overlay_color":"","ocean_disable_breadcrumbs":"default","ocean_breadcrumbs_color":"","ocean_breadcrumbs_separator_color":"","ocean_breadcrumbs_links_color":"","ocean_breadcrumbs_links_hover_color":"","ocean_display_footer_widgets":"default","ocean_display_footer_bottom":"default","ocean_custom_footer_template":"","footnotes":""},"class_list":["post-154","page","type-page","status-publish","hentry","entry","owp-thumbs-layout-horizontal","owp-btn-normal","owp-tabs-layout-section","has-no-thumbnails","has-product-nav"],"_links":{"self":[{"href":"https:\/\/www.darthy.com\/es_es\/wp-json\/wp\/v2\/pages\/154","targetHints":{"allow":["GET"]}}],"collection":[{"href":"https:\/\/www.darthy.com\/es_es\/wp-json\/wp\/v2\/pages"}],"about":[{"href":"https:\/\/www.darthy.com\/es_es\/wp-json\/wp\/v2\/types\/page"}],"author":[{"embeddable":true,"href":"https:\/\/www.darthy.com\/es_es\/wp-json\/wp\/v2\/users\/1"}],"replies":[{"embeddable":true,"href":"https:\/\/www.darthy.com\/es_es\/wp-json\/wp\/v2\/comments?post=154"}],"version-history":[{"count":51,"href":"https:\/\/www.darthy.com\/es_es\/wp-json\/wp\/v2\/pages\/154\/revisions"}],"predecessor-version":[{"id":6072,"href":"https:\/\/www.darthy.com\/es_es\/wp-json\/wp\/v2\/pages\/154\/revisions\/6072"}],"wp:attachment":[{"href":"https:\/\/www.darthy.com\/es_es\/wp-json\/wp\/v2\/media?parent=154"}],"curies":[{"name":"wp","href":"https:\/\/api.w.org\/{rel}","templated":true}]}}