{"id":146,"date":"2016-10-27T18:00:00","date_gmt":"2016-10-27T18:00:00","guid":{"rendered":"http:\/\/s513633229.mialojamiento.es\/darthy\/?page_id=146"},"modified":"2024-04-17T10:28:51","modified_gmt":"2024-04-17T10:28:51","slug":"coleccionismo","status":"publish","type":"page","link":"https:\/\/www.darthy.com\/es_es\/coleccionismo\/","title":{"rendered":"Coleccionismo"},"content":{"rendered":"<p><img loading=\"lazy\" decoding=\"async\" class=\"size-medium wp-image-3695 aligncenter\" src=\"http:\/\/www.darthy.com\/wp-content\/uploads\/2016\/10\/coleccionismo1-300x50.png\" alt=\"\" width=\"300\" height=\"50\" srcset=\"https:\/\/www.darthy.com\/wp-content\/uploads\/2016\/10\/coleccionismo1-300x50.png 300w, https:\/\/www.darthy.com\/wp-content\/uploads\/2016\/10\/coleccionismo1-768x128.png 768w, https:\/\/www.darthy.com\/wp-content\/uploads\/2016\/10\/coleccionismo1-1024x171.png 1024w, https:\/\/www.darthy.com\/wp-content\/uploads\/2016\/10\/coleccionismo1-600x100.png 600w, https:\/\/www.darthy.com\/wp-content\/uploads\/2016\/10\/coleccionismo1.png 1200w\" sizes=\"auto, (max-width: 300px) 100vw, 300px\" \/><\/p>\n<p><img loading=\"lazy\" decoding=\"async\" class=\"wp-image-2134 size-medium alignleft\" title=\"Darthy coleccionismo\" src=\"http:\/\/www.darthy.com\/wp-content\/uploads\/2016\/10\/COLECCIONISMOTRINA-228x300.jpg\" alt=\"Darthy coleccionismo\" width=\"228\" height=\"300\" srcset=\"https:\/\/www.darthy.com\/wp-content\/uploads\/2016\/10\/COLECCIONISMOTRINA-228x300.jpg 228w, https:\/\/www.darthy.com\/wp-content\/uploads\/2016\/10\/COLECCIONISMOTRINA-300x395.jpg 300w, https:\/\/www.darthy.com\/wp-content\/uploads\/2016\/10\/COLECCIONISMOTRINA.jpg 564w\" sizes=\"auto, (max-width: 228px) 100vw, 228px\" \/><\/p>\n<p>Darthy coleccionismo es una tienda diferente que ofrece una extensa selecci\u00f3n de objetos de \u00e9poca, desde material de alta fidelidad a la postal m\u00e1s in\u00e9dita pasando por micros antiguos, naipes, radios antiguas, gram\u00f3fonos y un largo etc\u00e9tera.<\/p>\n<p><img loading=\"lazy\" decoding=\"async\" class=\"wp-image-2237 alignright\" src=\"http:\/\/www.darthy.com\/wp-content\/uploads\/2016\/10\/darthyheritage-300x142.jpg\" alt=\"\" width=\"366\" height=\"173\" srcset=\"https:\/\/www.darthy.com\/wp-content\/uploads\/2016\/10\/darthyheritage-300x142.jpg 300w, https:\/\/www.darthy.com\/wp-content\/uploads\/2016\/10\/darthyheritage-600x285.jpg 600w, https:\/\/www.darthy.com\/wp-content\/uploads\/2016\/10\/darthyheritage.jpg 704w\" sizes=\"auto, (max-width: 366px) 100vw, 366px\" \/><\/p>\n<p>Garantizamos todos nuestros art\u00edculos a nivel t\u00e9cnico y los art\u00edculos de colecci\u00f3n son totalmente originales.<\/p>\n<p>Desde el principio nos hemos caracterizado por la atenci\u00f3n personalizada a nuestros clientes en nuestra tienda f\u00edsica de Barcelona y ampliando nuestros servicios a todo el mercado nacional e internacional a traves de nuestra pagina web.<\/p>\n<p>En nuestro cat\u00e1logo podr\u00e1s encontrar todo tipo de art\u00edculos que cre\u00edas desaparecidos. Revistas antiguas, cajas de cerillas, papel de fumar, coches de juguete, mu\u00f1ecos, cajas de hojalata, monedas, medallas, carteles, programas de cine, m\u00e1quinas de escribir y muchas m\u00e1s curiosidades.<\/p>\n<p>Le animamos a que venga a visitarnos a nuestra tienda\/exposici\u00f3n y vea con sus propios ojos las joyas que tenemos expuestas. Da un vistazo a nuestra <a href=\"\/categoria-producto\/coleccionismo\/\">selecci\u00f3n online<\/a>!<\/p>\n<p>Tenemos visibles en nuestra web, m\u00e1s de 200 referencias para mostrar cosas que puedes encontrar en Darthy. Si quieres, puedes <a href=\"\/contacto\/\">contactar<\/a> con nosotros para hacer una visita personalizada sobre el tema sobre el que estas interesado, programas de cine, curiosidades de la Guerra Civil, Scalextric, postales, medallas, escritura, ceniceros, publicidad antigua de marcas y comercios, posters, billetes de transporte, etc<\/p>\n<p><a href=\"\/categoria-producto\/coleccionismo\/\">Coleccionismo<\/a> Papel, postales, curiosidades<img loading=\"lazy\" decoding=\"async\" class=\" wp-image-2132 alignright\" src=\"http:\/\/www.darthy.com\/wp-content\/uploads\/2016\/10\/Captura-de-pantalla-2018-05-10-a-las-11.09.44-copia-300x219.jpg\" alt=\"\" width=\"221\" height=\"161\" srcset=\"https:\/\/www.darthy.com\/wp-content\/uploads\/2016\/10\/Captura-de-pantalla-2018-05-10-a-las-11.09.44-copia-300x219.jpg 300w, https:\/\/www.darthy.com\/wp-content\/uploads\/2016\/10\/Captura-de-pantalla-2018-05-10-a-las-11.09.44-copia.jpg 500w\" sizes=\"auto, (max-width: 221px) 100vw, 221px\" \/><\/p>\n<p><a href=\"\/categoria-producto\/coleccionismo\/programas-de-cine-carteles-curiosidades\/\">Cine<\/a> Curiosidades, Cartels, Programas&#8230;<\/p>\n<p><a href=\"\/categoria-producto\/coleccionismo\/escritura\/\">Escritura<\/a> Plumas, boligrafos, papel secante&#8230;<\/p>\n<p><a href=\"\/categoria-producto\/coleccionismo\/juguetes\/\">Juguetes<\/a> Anguplast, Pay\u00e1, Scalextric&#8230;<\/p>\n<p><a href=\"\/categoria-producto\/coleccionismo\/medallas\/\">Medallas<\/a> Medallas conmemorativas, Medallas guerra civil&#8230;<\/p>\n<p><a href=\"\/categoria-producto\/coleccionismo\/postales\/\">Postales Antiguas hasta 1939<\/a> Postales nuevas y circuladas<a href=\"\/categoria-producto\/coleccionismo\/medallas\/\"><img loading=\"lazy\" decoding=\"async\" class=\" wp-image-2131 alignright\" src=\"http:\/\/www.darthy.com\/wp-content\/uploads\/2016\/10\/Captura-de-pantalla-2018-05-10-a-las-11.04.34-copia-300x182.jpg\" alt=\"\" width=\"239\" height=\"145\" srcset=\"https:\/\/www.darthy.com\/wp-content\/uploads\/2016\/10\/Captura-de-pantalla-2018-05-10-a-las-11.04.34-copia-300x182.jpg 300w, https:\/\/www.darthy.com\/wp-content\/uploads\/2016\/10\/Captura-de-pantalla-2018-05-10-a-las-11.04.34-copia.jpg 500w\" sizes=\"auto, (max-width: 239px) 100vw, 239px\" \/><\/a><\/p>\n<p><a href=\"\/categoria-producto\/coleccionismo\/postal_guerra_civil\/\">Postal Guerra Civil<\/a>\u00a0Postales nuevas y circuladas, un autentico paseo por la hist\u00f3ria<\/p>\n<p><a href=\"\/categoria-producto\/coleccionismo\/varios-coleccionismo\/\">Varios coleccionismo<\/a> Curiosidades de todo tipo<\/p><figure class=\"wp-block-gallery has-nested-images columns-3 is-cropped wp-block-gallery-1 is-layout-flex wp-block-gallery-is-layout-flex\"><figure class=\"wp-block-image size-full\"><img loading=\"lazy\" decoding=\"async\" width=\"640\" height=\"640\" data-id=\"188\" src=\"https:\/\/www.darthy.com\/wp-content\/uploads\/2016\/10\/gramola.jpg\" alt=\"\" class=\"wp-image-188\" srcset=\"https:\/\/www.darthy.com\/wp-content\/uploads\/2016\/10\/gramola.jpg 640w, https:\/\/www.darthy.com\/wp-content\/uploads\/2016\/10\/gramola-300x300.jpg 300w, https:\/\/www.darthy.com\/wp-content\/uploads\/2016\/10\/gramola-100x100.jpg 100w, https:\/\/www.darthy.com\/wp-content\/uploads\/2016\/10\/gramola-150x150.jpg 150w, https:\/\/www.darthy.com\/wp-content\/uploads\/2016\/10\/gramola-600x600.jpg 600w, https:\/\/www.darthy.com\/wp-content\/uploads\/2016\/10\/gramola-560x560.jpg 560w, https:\/\/www.darthy.com\/wp-content\/uploads\/2016\/10\/gramola-367x367.jpg 367w, https:\/\/www.darthy.com\/wp-content\/uploads\/2016\/10\/gramola-450x450.jpg 450w, https:\/\/www.darthy.com\/wp-content\/uploads\/2016\/10\/gramola-85x85.jpg 85w, https:\/\/www.darthy.com\/wp-content\/uploads\/2016\/10\/gramola-50x50.jpg 50w\" sizes=\"auto, (max-width: 640px) 100vw, 640px\" \/><\/figure>\n\n<figure class=\"wp-block-image size-full\"><img loading=\"lazy\" decoding=\"async\" width=\"2560\" height=\"1744\" data-id=\"2083\" src=\"https:\/\/www.darthy.com\/wp-content\/uploads\/2018\/04\/felixthecat1-1-scaled.jpg\" alt=\"\" class=\"wp-image-2083\" srcset=\"https:\/\/www.darthy.com\/wp-content\/uploads\/2018\/04\/felixthecat1-1-scaled.jpg 2560w, https:\/\/www.darthy.com\/wp-content\/uploads\/2018\/04\/felixthecat1-1-300x204.jpg 300w, https:\/\/www.darthy.com\/wp-content\/uploads\/2018\/04\/felixthecat1-1-768x523.jpg 768w, https:\/\/www.darthy.com\/wp-content\/uploads\/2018\/04\/felixthecat1-1-1024x697.jpg 1024w, https:\/\/www.darthy.com\/wp-content\/uploads\/2018\/04\/felixthecat1-1-600x409.jpg 600w\" sizes=\"auto, (max-width: 2560px) 100vw, 2560px\" \/><\/figure>\n\n<figure class=\"wp-block-image size-large\"><img decoding=\"async\" src=\"https:\/\/www.darthy.com\/wp-content\/uploads\/2016\/10\/cendrermoritzpetri-1-e1515776796323.jpg\" alt=\"Marcador\"\/><\/figure><\/figure>","protected":false},"excerpt":{"rendered":"<p>Darthy coleccionismo es una tienda diferente que ofrece una extensa selecci\u00f3n de objetos de \u00e9poca, desde material de alta fidelidad a la postal m\u00e1s in\u00e9dita pasando por micros antiguos, naipes, radios antiguas, gram\u00f3fonos y un largo etc\u00e9tera. Garantizamos todos nuestros art\u00edculos a nivel t\u00e9cnico y los art\u00edculos de colecci\u00f3n son totalmente originales. Desde el principio [&hellip;]<\/p>\n","protected":false},"author":1,"featured_media":0,"parent":0,"menu_order":0,"comment_status":"closed","ping_status":"closed","template":"","meta":{"_exactmetrics_skip_tracking":false,"_exactmetrics_sitenote_active":false,"_exactmetrics_sitenote_note":"","_exactmetrics_sitenote_category":0,"ocean_post_layout":"","ocean_both_sidebars_style":"","ocean_both_sidebars_content_width":0,"ocean_both_sidebars_sidebars_width":0,"ocean_sidebar":"","ocean_second_sidebar":"","ocean_disable_margins":"enable","ocean_add_body_class":"","ocean_shortcode_before_top_bar":"","ocean_shortcode_after_top_bar":"","ocean_shortcode_before_header":"","ocean_shortcode_after_header":"","ocean_has_shortcode":"","ocean_shortcode_after_title":"","ocean_shortcode_before_footer_widgets":"","ocean_shortcode_after_footer_widgets":"","ocean_shortcode_before_footer_bottom":"","ocean_shortcode_after_footer_bottom":"","ocean_display_top_bar":"default","ocean_display_header":"default","ocean_header_style":"","ocean_center_header_left_menu":"","ocean_custom_header_template":"","ocean_custom_logo":0,"ocean_custom_retina_logo":0,"ocean_custom_logo_max_width":0,"ocean_custom_logo_tablet_max_width":0,"ocean_custom_logo_mobile_max_width":0,"ocean_custom_logo_max_height":0,"ocean_custom_logo_tablet_max_height":0,"ocean_custom_logo_mobile_max_height":0,"ocean_header_custom_menu":"","ocean_menu_typo_font_family":"","ocean_menu_typo_font_subset":"","ocean_menu_typo_font_size":0,"ocean_menu_typo_font_size_tablet":0,"ocean_menu_typo_font_size_mobile":0,"ocean_menu_typo_font_size_unit":"px","ocean_menu_typo_font_weight":"","ocean_menu_typo_font_weight_tablet":"","ocean_menu_typo_font_weight_mobile":"","ocean_menu_typo_transform":"","ocean_menu_typo_transform_tablet":"","ocean_menu_typo_transform_mobile":"","ocean_menu_typo_line_height":0,"ocean_menu_typo_line_height_tablet":0,"ocean_menu_typo_line_height_mobile":0,"ocean_menu_typo_line_height_unit":"","ocean_menu_typo_spacing":0,"ocean_menu_typo_spacing_tablet":0,"ocean_menu_typo_spacing_mobile":0,"ocean_menu_typo_spacing_unit":"","ocean_menu_link_color":"","ocean_menu_link_color_hover":"","ocean_menu_link_color_active":"","ocean_menu_link_background":"","ocean_menu_link_hover_background":"","ocean_menu_link_active_background":"","ocean_menu_social_links_bg":"","ocean_menu_social_hover_links_bg":"","ocean_menu_social_links_color":"","ocean_menu_social_hover_links_color":"","ocean_disable_title":"default","ocean_disable_heading":"default","ocean_post_title":"","ocean_post_subheading":"","ocean_post_title_style":"","ocean_post_title_background_color":"","ocean_post_title_background":0,"ocean_post_title_bg_image_position":"","ocean_post_title_bg_image_attachment":"","ocean_post_title_bg_image_repeat":"","ocean_post_title_bg_image_size":"","ocean_post_title_height":0,"ocean_post_title_bg_overlay":0.5,"ocean_post_title_bg_overlay_color":"","ocean_disable_breadcrumbs":"default","ocean_breadcrumbs_color":"","ocean_breadcrumbs_separator_color":"","ocean_breadcrumbs_links_color":"","ocean_breadcrumbs_links_hover_color":"","ocean_display_footer_widgets":"default","ocean_display_footer_bottom":"default","ocean_custom_footer_template":"","footnotes":""},"class_list":["post-146","page","type-page","status-publish","hentry","entry","owp-thumbs-layout-horizontal","owp-btn-normal","owp-tabs-layout-section","has-no-thumbnails","has-product-nav"],"_links":{"self":[{"href":"https:\/\/www.darthy.com\/es_es\/wp-json\/wp\/v2\/pages\/146","targetHints":{"allow":["GET"]}}],"collection":[{"href":"https:\/\/www.darthy.com\/es_es\/wp-json\/wp\/v2\/pages"}],"about":[{"href":"https:\/\/www.darthy.com\/es_es\/wp-json\/wp\/v2\/types\/page"}],"author":[{"embeddable":true,"href":"https:\/\/www.darthy.com\/es_es\/wp-json\/wp\/v2\/users\/1"}],"replies":[{"embeddable":true,"href":"https:\/\/www.darthy.com\/es_es\/wp-json\/wp\/v2\/comments?post=146"}],"version-history":[{"count":37,"href":"https:\/\/www.darthy.com\/es_es\/wp-json\/wp\/v2\/pages\/146\/revisions"}],"predecessor-version":[{"id":4699,"href":"https:\/\/www.darthy.com\/es_es\/wp-json\/wp\/v2\/pages\/146\/revisions\/4699"}],"wp:attachment":[{"href":"https:\/\/www.darthy.com\/es_es\/wp-json\/wp\/v2\/media?parent=146"}],"curies":[{"name":"wp","href":"https:\/\/api.w.org\/{rel}","templated":true}]}}