{"id":134,"date":"2016-10-27T17:43:57","date_gmt":"2016-10-27T17:43:57","guid":{"rendered":"http:\/\/s513633229.mialojamiento.es\/darthy\/?page_id=134"},"modified":"2024-11-07T16:14:56","modified_gmt":"2024-11-07T16:14:56","slug":"compra-venta","status":"publish","type":"page","link":"https:\/\/www.darthy.com\/es_es\/compra-venta\/","title":{"rendered":"Compra &#8211; Venta"},"content":{"rendered":"<figure class=\"wp-block-image alignfull size-full\"><img loading=\"lazy\" decoding=\"async\" width=\"800\" height=\"297\" src=\"https:\/\/www.darthy.com\/wp-content\/uploads\/2016\/10\/tienda.jpg\" alt=\"\" class=\"wp-image-142\" srcset=\"https:\/\/www.darthy.com\/wp-content\/uploads\/2016\/10\/tienda.jpg 800w, https:\/\/www.darthy.com\/wp-content\/uploads\/2016\/10\/tienda-300x111.jpg 300w, https:\/\/www.darthy.com\/wp-content\/uploads\/2016\/10\/tienda-768x285.jpg 768w, https:\/\/www.darthy.com\/wp-content\/uploads\/2016\/10\/tienda-600x223.jpg 600w\" sizes=\"auto, (max-width: 800px) 100vw, 800px\" \/><\/figure><div id=\"left-col\">\n<div id=\"single\" class=\"post\">\n<div class=\"post-content\">\n<p><img loading=\"lazy\" decoding=\"async\" class=\"alignnone size-medium wp-image-3697 aligncenter\" src=\"http:\/\/www.darthy.com\/wp-content\/uploads\/2016\/10\/compraventa-1-300x50.png\" alt=\"\" width=\"300\" height=\"50\" srcset=\"https:\/\/www.darthy.com\/wp-content\/uploads\/2016\/10\/compraventa-1-300x50.png 300w, https:\/\/www.darthy.com\/wp-content\/uploads\/2016\/10\/compraventa-1-768x128.png 768w, https:\/\/www.darthy.com\/wp-content\/uploads\/2016\/10\/compraventa-1-1024x171.png 1024w, https:\/\/www.darthy.com\/wp-content\/uploads\/2016\/10\/compraventa-1-600x100.png 600w, https:\/\/www.darthy.com\/wp-content\/uploads\/2016\/10\/compraventa-1.png 1200w\" sizes=\"auto, (max-width: 300px) 100vw, 300px\" \/><\/p>\n<p><img loading=\"lazy\" decoding=\"async\" class=\"alignnone size-medium wp-image-2149 alignleft\" src=\"http:\/\/www.darthy.com\/wp-content\/uploads\/2016\/10\/ultramarinos-darthy-300x224.jpg\" alt=\"\" width=\"300\" height=\"224\" srcset=\"https:\/\/www.darthy.com\/wp-content\/uploads\/2016\/10\/ultramarinos-darthy-300x224.jpg 300w, https:\/\/www.darthy.com\/wp-content\/uploads\/2016\/10\/ultramarinos-darthy.jpg 400w\" sizes=\"auto, (max-width: 300px) 100vw, 300px\" \/>En Darthy compramos y vendemos equipos de m\u00fasica, c\u00e1maras fotogr\u00e1ficas, c\u00e1maras de cine, radio <img loading=\"lazy\" decoding=\"async\" class=\"size-medium wp-image-2139 alignright\" src=\"http:\/\/www.darthy.com\/wp-content\/uploads\/2016\/10\/konicahexar1-300x225.jpg\" alt=\"\" width=\"300\" height=\"225\" srcset=\"https:\/\/www.darthy.com\/wp-content\/uploads\/2016\/10\/konicahexar1-300x225.jpg 300w, https:\/\/www.darthy.com\/wp-content\/uploads\/2016\/10\/konicahexar1-768x576.jpg 768w, https:\/\/www.darthy.com\/wp-content\/uploads\/2016\/10\/konicahexar1.jpg 1024w, https:\/\/www.darthy.com\/wp-content\/uploads\/2016\/10\/konicahexar1-600x450.jpg 600w, https:\/\/www.darthy.com\/wp-content\/uploads\/2016\/10\/konicahexar1-463x348.jpg 463w\" sizes=\"auto, (max-width: 300px) 100vw, 300px\" \/>multibanda, accesorios hi-fi. Adem\u00e1s de todo tipo de piezas de coleccionista como, postales antiguas, cromos, p\u00f3sters, art\u00edculos de publicidad y escritura, relojes, programas de cine, curiosidades, juguetes, y todo aquello que pueda tener un inter\u00e9s hist\u00f3rico. Compra Venta Segunda Mano<\/p>\n<p>Si tienes alguno de los objetos que has visto en nuestra web, que te estorba, no usas o simplemente quieres venderlo, contacta con nosotros e intentaremos hacerte una valoraci\u00f3n del producto.<\/p>\n<p>Por favor, env\u00edenos a esta direcci\u00f3n de correo electr\u00f3nico,\u00a0<a href=\"mailto:darthy@darthy.com\">darthy@darthy.com<\/a> , con los siguientes datos:<\/p>\n<p>-Fotograf\u00edas claras y detalladas<\/p>\n<p>-Descripci\u00f3n de la pieza<\/p>\n<p>-Sus datos de contacto: email, tel\u00e9fono y direcci\u00f3n<\/p>\n<p>Tenemos muchas peticiones de tasaci\u00f3n online, si no le respondemos, no dude en llamarnos a nuestro tel\u00e9fono 934245529 +34934245529 y responderemos con la m\u00e1xima brevedad.<\/p>\n<\/div>\n<p>Nuestra escala de valoraci\u00f3n es la siguiente:<\/p>\n<p>En breve lo aplicaremos a todos nuestros productos online.<\/p>\n<p>The cosmetic rating is based on a very conservative rating scale as shown below:<\/p>\n<p>10\/10 = Mint \/ Perfect \/ Factory Fresh Appearance<img loading=\"lazy\" decoding=\"async\" class=\"size-medium wp-image-2138 alignright\" src=\"http:\/\/www.darthy.com\/wp-content\/uploads\/2016\/10\/denondcd15601-300x200.jpg\" alt=\"\" width=\"300\" height=\"200\" srcset=\"https:\/\/www.darthy.com\/wp-content\/uploads\/2016\/10\/denondcd15601-300x200.jpg 300w, https:\/\/www.darthy.com\/wp-content\/uploads\/2016\/10\/denondcd15601-768x512.jpg 768w, https:\/\/www.darthy.com\/wp-content\/uploads\/2016\/10\/denondcd15601-1024x683.jpg 1024w, https:\/\/www.darthy.com\/wp-content\/uploads\/2016\/10\/denondcd15601-600x400.jpg 600w, https:\/\/www.darthy.com\/wp-content\/uploads\/2016\/10\/denondcd15601.jpg 1728w\" sizes=\"auto, (max-width: 300px) 100vw, 300px\" \/><br \/>9\/10 = Excellent; Zero Scratches; Very Light Use; Looks Nearly New<br \/>8\/10 = Very Good; Perfect Front; Minor Flaws Elsewhere<br \/>7\/10 = Good; 2-3 Minor Scratches; Used but Cared For<br \/>6\/10 = Fair; 1 Big or 3-4 Small Scratches; Looks used<br \/>5\/10 = Average; Multiple Scratches; Looks Very Used<br \/>4\/10 = Mediocre; Rough Shape Cosmetically but Works Well<br \/>3\/10 = Poor; Rough Shape &#8211; Mostly Works OK<br \/>2\/10 = Very Poor; AS-IS Sale<br \/>1\/10 = Scrap; Parts \/ Repair Only<\/p>\n<p>10\/10 = Perfecto \/ Aspecto de f\u00e1brica<img loading=\"lazy\" decoding=\"async\" class=\"size-medium wp-image-2142 alignright\" src=\"http:\/\/www.darthy.com\/wp-content\/uploads\/2016\/10\/luxmanm031-300x200.jpg\" alt=\"\" width=\"300\" height=\"200\" srcset=\"https:\/\/www.darthy.com\/wp-content\/uploads\/2016\/10\/luxmanm031-300x200.jpg 300w, https:\/\/www.darthy.com\/wp-content\/uploads\/2016\/10\/luxmanm031-768x512.jpg 768w, https:\/\/www.darthy.com\/wp-content\/uploads\/2016\/10\/luxmanm031-1024x683.jpg 1024w, https:\/\/www.darthy.com\/wp-content\/uploads\/2016\/10\/luxmanm031-600x400.jpg 600w\" sizes=\"auto, (max-width: 300px) 100vw, 300px\" \/><br \/>9\/10 = Excelente, sin rayadas, muy poco uso, parece casi nuevo<br \/>8\/10 = Muy bueno, Frontal perfecto, peque\u00f1as marcas<br \/>7\/10 = Bueno, 2 o 3 rayadas, usado pero en buen estado<br \/>6\/10 = Regular, 1 gran rayado o bien 3 -4 peque\u00f1as marcas, se ve usado<br \/>5\/10 = Muchas rayadas se ve muy usado<br \/>4\/10 = Mediocre, pero funciona correctamente<br \/>3\/10 = Pobre, mal aspecto, la mayoria funciona bien.<br \/>2\/10 = Se vende tal cual<br \/>1\/10 = Para recambios<\/p>\n<\/div>\n<\/div>\n<p>Check our site to find these brands: Teac, Tascam, reVox, Amcron, Bose, JBL, Infinity, Nad, Omega, Meridian, Restek, Polk, Proac, Spendor, Srcam, Unison, Plinius, Dynaudio, McIntosh, Sonus Faber, Chario, Jadis, Krell, Mark Levinson, Electrocompaniet, Denon, Primare, Marantz, Tannoy, Primaluna, Onkyo, Technics, Rotel, Copland, Audioquest, MIT, Linn, Clearaudio, Thorens, Rega, Sony, Kenwwod, Audio, Vintage, Meridian, JVC, Haman Kardon, B&amp;W, Nikko, Nakamichi, Technics, Yamaha, Superscope, Akai, Vestax, DBX, Vieta, Altec, AKG, Roland, Luxman, Crown, Pioneer, Braun, Telefunken, Dual, Mitsubishi, Garard<\/p><figure class=\"wp-block-gallery has-nested-images columns-default is-cropped wp-block-gallery-1 is-layout-flex wp-block-gallery-is-layout-flex\"><figure class=\"wp-block-image size-large\"><img loading=\"lazy\" decoding=\"async\" width=\"640\" height=\"640\" data-id=\"183\" src=\"https:\/\/www.darthy.com\/wp-content\/uploads\/2016\/10\/tocadiscos.jpg\" alt=\"\" class=\"wp-image-183\" srcset=\"https:\/\/www.darthy.com\/wp-content\/uploads\/2016\/10\/tocadiscos.jpg 640w, https:\/\/www.darthy.com\/wp-content\/uploads\/2016\/10\/tocadiscos-300x300.jpg 300w, https:\/\/www.darthy.com\/wp-content\/uploads\/2016\/10\/tocadiscos-100x100.jpg 100w, https:\/\/www.darthy.com\/wp-content\/uploads\/2016\/10\/tocadiscos-150x150.jpg 150w, https:\/\/www.darthy.com\/wp-content\/uploads\/2016\/10\/tocadiscos-600x600.jpg 600w, https:\/\/www.darthy.com\/wp-content\/uploads\/2016\/10\/tocadiscos-560x560.jpg 560w, https:\/\/www.darthy.com\/wp-content\/uploads\/2016\/10\/tocadiscos-367x367.jpg 367w, https:\/\/www.darthy.com\/wp-content\/uploads\/2016\/10\/tocadiscos-450x450.jpg 450w, https:\/\/www.darthy.com\/wp-content\/uploads\/2016\/10\/tocadiscos-85x85.jpg 85w, https:\/\/www.darthy.com\/wp-content\/uploads\/2016\/10\/tocadiscos-50x50.jpg 50w\" sizes=\"auto, (max-width: 640px) 100vw, 640px\" \/><\/figure>\n\n<figure class=\"wp-block-image size-large\"><img loading=\"lazy\" decoding=\"async\" width=\"640\" height=\"640\" data-id=\"182\" src=\"https:\/\/www.darthy.com\/wp-content\/uploads\/2016\/10\/jukebox.jpg\" alt=\"\" class=\"wp-image-182\" srcset=\"https:\/\/www.darthy.com\/wp-content\/uploads\/2016\/10\/jukebox.jpg 640w, https:\/\/www.darthy.com\/wp-content\/uploads\/2016\/10\/jukebox-300x300.jpg 300w, https:\/\/www.darthy.com\/wp-content\/uploads\/2016\/10\/jukebox-100x100.jpg 100w, https:\/\/www.darthy.com\/wp-content\/uploads\/2016\/10\/jukebox-150x150.jpg 150w, https:\/\/www.darthy.com\/wp-content\/uploads\/2016\/10\/jukebox-600x600.jpg 600w, https:\/\/www.darthy.com\/wp-content\/uploads\/2016\/10\/jukebox-560x560.jpg 560w, https:\/\/www.darthy.com\/wp-content\/uploads\/2016\/10\/jukebox-367x367.jpg 367w, https:\/\/www.darthy.com\/wp-content\/uploads\/2016\/10\/jukebox-450x450.jpg 450w, https:\/\/www.darthy.com\/wp-content\/uploads\/2016\/10\/jukebox-85x85.jpg 85w, https:\/\/www.darthy.com\/wp-content\/uploads\/2016\/10\/jukebox-50x50.jpg 50w\" sizes=\"auto, (max-width: 640px) 100vw, 640px\" \/><\/figure>\n\n<figure class=\"wp-block-image size-large\"><img loading=\"lazy\" decoding=\"async\" width=\"640\" height=\"640\" data-id=\"181\" src=\"https:\/\/www.darthy.com\/wp-content\/uploads\/2016\/10\/escaparate.jpg\" alt=\"\" class=\"wp-image-181\" srcset=\"https:\/\/www.darthy.com\/wp-content\/uploads\/2016\/10\/escaparate.jpg 640w, https:\/\/www.darthy.com\/wp-content\/uploads\/2016\/10\/escaparate-300x300.jpg 300w, https:\/\/www.darthy.com\/wp-content\/uploads\/2016\/10\/escaparate-100x100.jpg 100w, https:\/\/www.darthy.com\/wp-content\/uploads\/2016\/10\/escaparate-150x150.jpg 150w, https:\/\/www.darthy.com\/wp-content\/uploads\/2016\/10\/escaparate-600x600.jpg 600w, https:\/\/www.darthy.com\/wp-content\/uploads\/2016\/10\/escaparate-560x560.jpg 560w, https:\/\/www.darthy.com\/wp-content\/uploads\/2016\/10\/escaparate-367x367.jpg 367w, https:\/\/www.darthy.com\/wp-content\/uploads\/2016\/10\/escaparate-450x450.jpg 450w, https:\/\/www.darthy.com\/wp-content\/uploads\/2016\/10\/escaparate-85x85.jpg 85w, https:\/\/www.darthy.com\/wp-content\/uploads\/2016\/10\/escaparate-50x50.jpg 50w\" sizes=\"auto, (max-width: 640px) 100vw, 640px\" \/><\/figure><\/figure>","protected":false},"excerpt":{"rendered":"<p>En Darthy compramos y vendemos equipos de m\u00fasica, c\u00e1maras fotogr\u00e1ficas, c\u00e1maras de cine, radio multibanda, accesorios hi-fi. Adem\u00e1s de todo tipo de piezas de coleccionista como, postales antiguas, cromos, p\u00f3sters, art\u00edculos de publicidad y escritura, relojes, programas de cine, curiosidades, juguetes, y todo aquello que pueda tener un inter\u00e9s hist\u00f3rico. Compra Venta Segunda Mano Si [&hellip;]<\/p>\n","protected":false},"author":1,"featured_media":0,"parent":0,"menu_order":0,"comment_status":"closed","ping_status":"closed","template":"","meta":{"_exactmetrics_skip_tracking":false,"_exactmetrics_sitenote_active":false,"_exactmetrics_sitenote_note":"","_exactmetrics_sitenote_category":0,"ocean_post_layout":"","ocean_both_sidebars_style":"","ocean_both_sidebars_content_width":0,"ocean_both_sidebars_sidebars_width":0,"ocean_sidebar":"","ocean_second_sidebar":"","ocean_disable_margins":"enable","ocean_add_body_class":"","ocean_shortcode_before_top_bar":"","ocean_shortcode_after_top_bar":"","ocean_shortcode_before_header":"","ocean_shortcode_after_header":"","ocean_has_shortcode":"","ocean_shortcode_after_title":"","ocean_shortcode_before_footer_widgets":"","ocean_shortcode_after_footer_widgets":"","ocean_shortcode_before_footer_bottom":"","ocean_shortcode_after_footer_bottom":"","ocean_display_top_bar":"default","ocean_display_header":"default","ocean_header_style":"","ocean_center_header_left_menu":"","ocean_custom_header_template":"","ocean_custom_logo":0,"ocean_custom_retina_logo":0,"ocean_custom_logo_max_width":0,"ocean_custom_logo_tablet_max_width":0,"ocean_custom_logo_mobile_max_width":0,"ocean_custom_logo_max_height":0,"ocean_custom_logo_tablet_max_height":0,"ocean_custom_logo_mobile_max_height":0,"ocean_header_custom_menu":"","ocean_menu_typo_font_family":"","ocean_menu_typo_font_subset":"","ocean_menu_typo_font_size":0,"ocean_menu_typo_font_size_tablet":0,"ocean_menu_typo_font_size_mobile":0,"ocean_menu_typo_font_size_unit":"px","ocean_menu_typo_font_weight":"","ocean_menu_typo_font_weight_tablet":"","ocean_menu_typo_font_weight_mobile":"","ocean_menu_typo_transform":"","ocean_menu_typo_transform_tablet":"","ocean_menu_typo_transform_mobile":"","ocean_menu_typo_line_height":0,"ocean_menu_typo_line_height_tablet":0,"ocean_menu_typo_line_height_mobile":0,"ocean_menu_typo_line_height_unit":"","ocean_menu_typo_spacing":0,"ocean_menu_typo_spacing_tablet":0,"ocean_menu_typo_spacing_mobile":0,"ocean_menu_typo_spacing_unit":"","ocean_menu_link_color":"","ocean_menu_link_color_hover":"","ocean_menu_link_color_active":"","ocean_menu_link_background":"","ocean_menu_link_hover_background":"","ocean_menu_link_active_background":"","ocean_menu_social_links_bg":"","ocean_menu_social_hover_links_bg":"","ocean_menu_social_links_color":"","ocean_menu_social_hover_links_color":"","ocean_disable_title":"default","ocean_disable_heading":"default","ocean_post_title":"","ocean_post_subheading":"","ocean_post_title_style":"","ocean_post_title_background_color":"","ocean_post_title_background":0,"ocean_post_title_bg_image_position":"","ocean_post_title_bg_image_attachment":"","ocean_post_title_bg_image_repeat":"","ocean_post_title_bg_image_size":"","ocean_post_title_height":0,"ocean_post_title_bg_overlay":0.5,"ocean_post_title_bg_overlay_color":"","ocean_disable_breadcrumbs":"default","ocean_breadcrumbs_color":"","ocean_breadcrumbs_separator_color":"","ocean_breadcrumbs_links_color":"","ocean_breadcrumbs_links_hover_color":"","ocean_display_footer_widgets":"default","ocean_display_footer_bottom":"default","ocean_custom_footer_template":"","footnotes":""},"class_list":["post-134","page","type-page","status-publish","hentry","entry","owp-thumbs-layout-horizontal","owp-btn-normal","owp-tabs-layout-section","has-no-thumbnails","has-product-nav"],"_links":{"self":[{"href":"https:\/\/www.darthy.com\/es_es\/wp-json\/wp\/v2\/pages\/134","targetHints":{"allow":["GET"]}}],"collection":[{"href":"https:\/\/www.darthy.com\/es_es\/wp-json\/wp\/v2\/pages"}],"about":[{"href":"https:\/\/www.darthy.com\/es_es\/wp-json\/wp\/v2\/types\/page"}],"author":[{"embeddable":true,"href":"https:\/\/www.darthy.com\/es_es\/wp-json\/wp\/v2\/users\/1"}],"replies":[{"embeddable":true,"href":"https:\/\/www.darthy.com\/es_es\/wp-json\/wp\/v2\/comments?post=134"}],"version-history":[{"count":31,"href":"https:\/\/www.darthy.com\/es_es\/wp-json\/wp\/v2\/pages\/134\/revisions"}],"predecessor-version":[{"id":5266,"href":"https:\/\/www.darthy.com\/es_es\/wp-json\/wp\/v2\/pages\/134\/revisions\/5266"}],"wp:attachment":[{"href":"https:\/\/www.darthy.com\/es_es\/wp-json\/wp\/v2\/media?parent=134"}],"curies":[{"name":"wp","href":"https:\/\/api.w.org\/{rel}","templated":true}]}}