{"id":7212,"date":"2026-03-09T17:20:09","date_gmt":"2026-03-09T17:20:09","guid":{"rendered":"https:\/\/www.darthy.com\/?post_type=product&#038;p=7212"},"modified":"2026-03-09T17:23:37","modified_gmt":"2026-03-09T17:23:37","slug":"sony-ep9es","status":"publish","type":"product","link":"https:\/\/www.darthy.com\/en\/product\/sony-ep9es\/","title":{"rendered":"SONY EP9ES"},"content":{"rendered":"<h3>Sony EP9ES<\/h3>\n<p>Vintage digital preamp in very good condition with the typical signs of wear consistent with age from the renowned Sony brand. This high-end device boasts excellent sound quality.<\/p>\n<p>Remote control not included.<\/p>\n<p>Made in Japan<\/p>\n<p>All our devices are reviewed, scrupulously respecting the manufacturer's original characteristics.<\/p>\n<p>Including prior maintenance by our technicians to leave the device in optimal conditions.<\/p>\n<p><strong>Specifications<\/strong><\/p>\n<table class=\"spec\" border=\"1\">\n<tbody>\n<tr>\n<td>Type<\/td>\n<td>Dolby Digital Processor<\/td>\n<\/tr>\n<tr>\n<td>Surround Mode<\/td>\n<td>Refer to the surround mode list below<\/td>\n<\/tr>\n<tr>\n<td>Dolby Pro Logic Input Balance<\/td>\n<td>Auto<\/td>\n<\/tr>\n<tr>\n<td>Tone control<\/td>\n<td>Front, center and rear independent<br \/>\nBass : \u00b1 10 dB (center frequency 99 to 992 Hz)<br \/>\nTreble : \u00b1 10 dB (center frequency 1.0k to 8.6 kHz)<br \/>\nIncrement \/ decrement step : 0.5 dB<\/td>\n<\/tr>\n<tr>\n<td>Bus boost<\/td>\n<td>+5dB(60Hz)<\/td>\n<\/tr>\n<tr>\n<td>Digital input<\/td>\n<td>Light : Route 3<br \/>\nCoaxial : 1 system<br \/>\nAC-3RF : 1 System<\/td>\n<\/tr>\n<tr>\n<td>Digital output<\/td>\n<td>Light : 1 system<\/td>\n<\/tr>\n<tr>\n<td>By-pass input terminal<\/td>\n<td>Route 1<\/td>\n<\/tr>\n<tr>\n<td>Audio Out<\/td>\n<td>Front L\/R : 1 system<br \/>\nCenter out : 2 routes<br \/>\nRear L\/R : 1 system<br \/>\nSubwoofer : Two lines<\/td>\n<\/tr>\n<tr>\n<td>Pwer<\/td>\n<td>100 VAC, 50Hz\/60Hz<\/td>\n<\/tr>\n<tr>\n<td>Power consumption<\/td>\n<td>40W<\/td>\n<\/tr>\n<tr>\n<td>External dimensions<\/td>\n<td>Width 430x Height 98x Depth 355.5 mm<\/td>\n<\/tr>\n<tr>\n<td>Weight<\/td>\n<td>Approx. 6.5 kg<\/td>\n<\/tr>\n<tr>\n<td>Attachment<\/td>\n<td>Wireless Remote Control RM-EP9<\/td>\n<\/tr>\n<\/tbody>\n<\/table>\n<p>&nbsp;<\/p>\n<p>Our\u00a0<a href=\"https:\/\/www.darthy.com\/en\/politica-de-envios-y-devoluciones\/\">delivery service<\/a>\u00a0works every day in order to get your orders to you in 48 hours or less.<\/p>\n<div id=\"tab-description\" class=\"woocommerce-Tabs-panel woocommerce-Tabs-panel--description panel entry-content wc-tab\" role=\"tabpanel\" aria-labelledby=\"tab-title-description\">\n<p>To ensure your items arrive in the best possible condition, our packaging is made with the utmost care, and all our shipments are also insured against loss or breakage.<\/p>\n<p>Surely many of you know our physical store, many of the fans of Vintage HiFi and collecting has visited us. Because many of our friends can not visit us by distance, we decided to strengthen our website, so you can see our products almost coughing from your devices, so if you see something that may interest you, you can place your orders comfortably from your house.<\/p>\n<p>At the time of placing your order, we will make the shipment quickly so that you can enjoy it as soon as possible in your home.<\/p>\n<p>Our\u00a0<a href=\"https:\/\/www.darthy.com\/en\/politica-de-envios-y-devoluciones\/\">delivery service<\/a>\u00a0works every day in order to send your orders in 48 hours or less. With the purpose that the material arrives in the best conditions, our packages are made with the utmost care, all our shipments are also insured in case of loss or breakage.<\/p>\n<\/div>","protected":false},"excerpt":{"rendered":"<p>Sony EP9ES Previ digital vinatge en muy buen estado con las marcas de uso t\u00edpicas del paso del tiempo de la reconocida marca Sony. Este aparato de gama alta tiene una gran calidad de sonido. No incluye mando a distancia. Fabricado en Jap\u00f3n. Todos nuestros aparatos est\u00e1n revisados respetando escrupulosamente las caracter\u00edsticas originales del fabricante. [&hellip;]<\/p>\n","protected":false},"featured_media":7234,"template":"","meta":{"_exactmetrics_skip_tracking":false,"_exactmetrics_sitenote_active":false,"_exactmetrics_sitenote_note":"","_exactmetrics_sitenote_category":0,"ocean_post_layout":"","ocean_both_sidebars_style":"","ocean_both_sidebars_content_width":0,"ocean_both_sidebars_sidebars_width":0,"ocean_sidebar":"0","ocean_second_sidebar":"0","ocean_disable_margins":"enable","ocean_add_body_class":"","ocean_shortcode_before_top_bar":"","ocean_shortcode_after_top_bar":"","ocean_shortcode_before_header":"","ocean_shortcode_after_header":"","ocean_has_shortcode":"","ocean_shortcode_after_title":"","ocean_shortcode_before_footer_widgets":"","ocean_shortcode_after_footer_widgets":"","ocean_shortcode_before_footer_bottom":"","ocean_shortcode_after_footer_bottom":"","ocean_display_top_bar":"default","ocean_display_header":"default","ocean_header_style":"","ocean_center_header_left_menu":"0","ocean_custom_header_template":"0","ocean_custom_logo":0,"ocean_custom_retina_logo":0,"ocean_custom_logo_max_width":0,"ocean_custom_logo_tablet_max_width":0,"ocean_custom_logo_mobile_max_width":0,"ocean_custom_logo_max_height":0,"ocean_custom_logo_tablet_max_height":0,"ocean_custom_logo_mobile_max_height":0,"ocean_header_custom_menu":"0","ocean_menu_typo_font_family":"0","ocean_menu_typo_font_subset":"","ocean_menu_typo_font_size":0,"ocean_menu_typo_font_size_tablet":0,"ocean_menu_typo_font_size_mobile":0,"ocean_menu_typo_font_size_unit":"px","ocean_menu_typo_font_weight":"","ocean_menu_typo_font_weight_tablet":"","ocean_menu_typo_font_weight_mobile":"","ocean_menu_typo_transform":"","ocean_menu_typo_transform_tablet":"","ocean_menu_typo_transform_mobile":"","ocean_menu_typo_line_height":0,"ocean_menu_typo_line_height_tablet":0,"ocean_menu_typo_line_height_mobile":0,"ocean_menu_typo_line_height_unit":"","ocean_menu_typo_spacing":0,"ocean_menu_typo_spacing_tablet":0,"ocean_menu_typo_spacing_mobile":0,"ocean_menu_typo_spacing_unit":"","ocean_menu_link_color":"","ocean_menu_link_color_hover":"","ocean_menu_link_color_active":"","ocean_menu_link_background":"","ocean_menu_link_hover_background":"","ocean_menu_link_active_background":"","ocean_menu_social_links_bg":"","ocean_menu_social_hover_links_bg":"","ocean_menu_social_links_color":"","ocean_menu_social_hover_links_color":"","ocean_disable_title":"default","ocean_disable_heading":"default","ocean_post_title":"","ocean_post_subheading":"","ocean_post_title_style":"","ocean_post_title_background_color":"","ocean_post_title_background":0,"ocean_post_title_bg_image_position":"","ocean_post_title_bg_image_attachment":"","ocean_post_title_bg_image_repeat":"","ocean_post_title_bg_image_size":"","ocean_post_title_height":0,"ocean_post_title_bg_overlay":0.5,"ocean_post_title_bg_overlay_color":"","ocean_disable_breadcrumbs":"default","ocean_breadcrumbs_color":"","ocean_breadcrumbs_separator_color":"","ocean_breadcrumbs_links_color":"","ocean_breadcrumbs_links_hover_color":"","ocean_display_footer_widgets":"default","ocean_display_footer_bottom":"default","ocean_custom_footer_template":"0"},"product_brand":[3367],"product_cat":[9],"product_tag":[1396,1718,2670,271,3871],"class_list":{"0":"post-7212","1":"product","2":"type-product","3":"status-publish","4":"has-post-thumbnail","6":"product_brand-sony","7":"product_cat-amplificadores","8":"product_tag-amplificador","9":"product_tag-amplifier","10":"product_tag-previ","11":"product_tag-sony","12":"product_tag-sony-ep9es","14":"entry","15":"has-media","17":"first","18":"instock","19":"sold-individually","20":"shipping-taxable","21":"purchasable","22":"product-type-simple","23":"has-product-nav","24":"col","25":"span_1_of_3","26":"owp-content-center","27":"owp-thumbs-layout-horizontal","28":"owp-btn-normal","29":"owp-tabs-layout-section"},"_links":{"self":[{"href":"https:\/\/www.darthy.com\/en\/wp-json\/wp\/v2\/product\/7212","targetHints":{"allow":["GET"]}}],"collection":[{"href":"https:\/\/www.darthy.com\/en\/wp-json\/wp\/v2\/product"}],"about":[{"href":"https:\/\/www.darthy.com\/en\/wp-json\/wp\/v2\/types\/product"}],"wp:featuredmedia":[{"embeddable":true,"href":"https:\/\/www.darthy.com\/en\/wp-json\/wp\/v2\/media\/7234"}],"wp:attachment":[{"href":"https:\/\/www.darthy.com\/en\/wp-json\/wp\/v2\/media?parent=7212"}],"wp:term":[{"taxonomy":"product_brand","embeddable":true,"href":"https:\/\/www.darthy.com\/en\/wp-json\/wp\/v2\/product_brand?post=7212"},{"taxonomy":"product_cat","embeddable":true,"href":"https:\/\/www.darthy.com\/en\/wp-json\/wp\/v2\/product_cat?post=7212"},{"taxonomy":"product_tag","embeddable":true,"href":"https:\/\/www.darthy.com\/en\/wp-json\/wp\/v2\/product_tag?post=7212"}],"curies":[{"name":"wp","href":"https:\/\/api.w.org\/{rel}","templated":true}]}}