{"id":7207,"date":"2026-03-09T12:41:19","date_gmt":"2026-03-09T12:41:19","guid":{"rendered":"https:\/\/www.darthy.com\/?post_type=product&#038;p=7207"},"modified":"2026-03-09T12:41:28","modified_gmt":"2026-03-09T12:41:28","slug":"aiwa-sa-p30-sa-c30-st-r30-sd-l30","status":"publish","type":"product","link":"https:\/\/www.darthy.com\/en\/product\/aiwa-sa-p30-sa-c30-st-r30-sd-l30\/","title":{"rendered":"AIWA SA-P30 \/ SA-C30 \/ ST-R30 \/ SD-L30"},"content":{"rendered":"<p>Aiwa R30, C30, P30, L30<\/p>\n<p>Vintage Aiwa stereo system in very good condition. This set includes an Aiwa ST-R30 radio, an Aiwa SA-C30 preamplifier, an Aiwa SA-P30 amplifier, and an Aiwa SD-L30 cassette deck.<\/p>\n<p>This high-quality equipment is a hard-to-find model.<\/p>\n<p>Made in Japan<\/p>\n<p>All our devices are reviewed, scrupulously respecting the manufacturer's original characteristics.<\/p>\n<p>Including prior maintenance by our technicians to leave the device in optimal conditions.<\/p>\n<p><strong>Especificaciones Aiwa SA-P30<\/strong><\/p>\n<ul>\n<li>Type: 2-head, single compact cassette deck<\/li>\n<li>Track System: 4-track, 2-channel stereo<\/li>\n<li>Tape Speed: 4.8 cm\/s<\/li>\n<li>Heads: 1 x record\/playback, 1 x erase<\/li>\n<li>Motor: 1 x DC servo<\/li>\n<li>Tape Type: type I, CrO2, Metal<\/li>\n<li>Noise Reduction: B<\/li>\n<li>Frequency Response: 20Hz to 16kHz\u00a0\u00a0<span class=\"small_fraction\">(Metal tape)<\/span><\/li>\n<li>Signal to Noise Ratio: 53dB\u00a0\u00a0<span class=\"small_fraction\">(dolby B)<\/span><\/li>\n<li>Wow and Flutter: 0.09%<\/li>\n<li>Total Harmonic Distortion: 1.5%<\/li>\n<li>Input: 50mV (line), 0.3mV (mic)<\/li>\n<li>Output: 0.41V (line)<\/li>\n<li>Semiconductors: 6 x IC, 19 x transistors, 10 x diodes, 11 x LED<\/li>\n<li>Dimensions: 210 x 71 x 230mm<\/li>\n<li>Weight: 2.8kg<\/li>\n<li>Year: 1980<\/li>\n<\/ul>\n<p><strong>Especificaciones Aiwa SA-C30<\/strong><\/p>\n<ul>\n<li>Frequency response: 20Hz to 20kHz<\/li>\n<li>Input sensitivity: 2.5mV (MM), 150mV (line)<\/li>\n<li>Signal to noise ratio: 87dB (MM), 98dB (line)<\/li>\n<li>Output: 150mV (line), 0.8V (Pre out)<\/li>\n<li>Semiconductors: 2 x IC, 10 x transistors, 10 x diodes, 5 x LED<\/li>\n<li>Dimensions: 250 x 71 x 229.5mm<\/li>\n<li>Weight: 1.85kg<\/li>\n<li>Year: 1980<\/li>\n<\/ul>\n<p><strong>Especificaciones Aiwa ST-R30<\/strong><\/p>\n<ul>\n<li>Type: Mono\/Stereo Tuner<\/li>\n<li>Tuning Bands: FM, MW, LW<\/li>\n<li>Tuning Scale: Digital<\/li>\n<li>FM Tuning Range: 87.5 to 108 MHz<\/li>\n<li>MW Tuning Range: 525 to 1605 kHz<\/li>\n<li>LW Tuning Range: 150 to 285 kHz<\/li>\n<li>Sensitivity: 1.9uV (FM), 30uV (MW), 70uV (LW)<\/li>\n<li>Signal to Noise Ratio: 70dB (FM), 50dB (MW), 50dB (LW)<\/li>\n<li>Distortion: 0.25% (FM), 0.9% (MW), 0.9% (LW)<\/li>\n<li>Selectivity: 70dB (FM), 30dB (MW), 30dB (LW)<\/li>\n<li>Frequency response: 30Hz to 15kHz (FM)<\/li>\n<li>Semiconductors: 4 x IC, 28 x transistors, 2 x FET, 22 x diodes, 6 x LED<\/li>\n<li>Dimensions: 250 x 71 x 255.5mm<\/li>\n<li>Weight: 2.2kg<\/li>\n<li>Year: 1980<\/li>\n<\/ul>\n<p><strong>Especificaciones Aiwa ST-R30<\/strong><\/p>\n<ul>\n<li>Type: 2-head, single compact cassette deck<\/li>\n<li>Track System: 4-track, 2-channel stereo<\/li>\n<li>Tape Speed: 4.8 cm\/s<\/li>\n<li>Heads: 1 x record\/playback, 1 x erase<\/li>\n<li>Motor: 1 x DC servo<\/li>\n<li>Tape Type: type I, CrO2, Metal<\/li>\n<li>Noise Reduction: B<\/li>\n<li>Frequency Response: 20Hz to 16kHz\u00a0\u00a0<span class=\"small_fraction\">(Metal tape)<\/span><\/li>\n<li>Signal to Noise Ratio: 53dB\u00a0\u00a0<span class=\"small_fraction\">(dolby B)<\/span><\/li>\n<li>Wow and Flutter: 0.09%<\/li>\n<li>Total Harmonic Distortion: 1.5%<\/li>\n<li>Input: 50mV (line), 0.3mV (mic)<\/li>\n<li>Output: 0.41V (line)<\/li>\n<li>Semiconductors: 6 x IC, 19 x transistors, 10 x diodes, 11 x LED<\/li>\n<li>Dimensions: 210 x 71 x 230mm<\/li>\n<li>Weight: 2.8kg<\/li>\n<li>Year: 1980<\/li>\n<\/ul>\n<p>Our\u00a0<a href=\"https:\/\/www.darthy.com\/en\/politica-de-envios-y-devoluciones\/\">delivery service<\/a>\u00a0works every day in order to get your orders to you in 48 hours or less.<\/p>\n<div id=\"tab-description\" class=\"woocommerce-Tabs-panel woocommerce-Tabs-panel--description panel entry-content wc-tab\" role=\"tabpanel\" aria-labelledby=\"tab-title-description\">\n<p>To ensure your items arrive in the best possible condition, our packaging is made with the utmost care, and all our shipments are also insured against loss or breakage.<\/p>\n<p>Surely many of you know our physical store, many of the fans of Vintage HiFi and collecting has visited us. Because many of our friends can not visit us by distance, we decided to strengthen our website, so you can see our products almost coughing from your devices, so if you see something that may interest you, you can place your orders comfortably from your house.<\/p>\n<p>At the time of placing your order, we will make the shipment quickly so that you can enjoy it as soon as possible in your home.<\/p>\n<p>Our\u00a0<a href=\"https:\/\/www.darthy.com\/en\/politica-de-envios-y-devoluciones\/\">delivery service<\/a>\u00a0works every day in order to send your orders in 48 hours or less. With the purpose that the material arrives in the best conditions, our packages are made with the utmost care, all our shipments are also insured in case of loss or breakage.<\/p>\n<\/div>","protected":false},"excerpt":{"rendered":"<p>Aiwa R30, C30, P30, L30 Equipo vintage de la marca Aiwa en muy buen estado. Este conjunto se compone de una radio Aiwa St-R30, una preamplificador Aiwa\u00a0 SA-C30, amplificador Aiwa SA-P30 y cassette Aiwa SD-L30. Este equipo de muy buena calidad es un modelo dif\u00edcil de encontrar. Fabricado en Jap\u00f3n. Todos nuestros aparatos est\u00e1n revisados [&hellip;]<\/p>\n","protected":false},"featured_media":7220,"template":"","meta":{"_exactmetrics_skip_tracking":false,"_exactmetrics_sitenote_active":false,"_exactmetrics_sitenote_note":"","_exactmetrics_sitenote_category":0,"ocean_post_layout":"","ocean_both_sidebars_style":"","ocean_both_sidebars_content_width":0,"ocean_both_sidebars_sidebars_width":0,"ocean_sidebar":"0","ocean_second_sidebar":"0","ocean_disable_margins":"enable","ocean_add_body_class":"","ocean_shortcode_before_top_bar":"","ocean_shortcode_after_top_bar":"","ocean_shortcode_before_header":"","ocean_shortcode_after_header":"","ocean_has_shortcode":"","ocean_shortcode_after_title":"","ocean_shortcode_before_footer_widgets":"","ocean_shortcode_after_footer_widgets":"","ocean_shortcode_before_footer_bottom":"","ocean_shortcode_after_footer_bottom":"","ocean_display_top_bar":"default","ocean_display_header":"default","ocean_header_style":"","ocean_center_header_left_menu":"0","ocean_custom_header_template":"0","ocean_custom_logo":0,"ocean_custom_retina_logo":0,"ocean_custom_logo_max_width":0,"ocean_custom_logo_tablet_max_width":0,"ocean_custom_logo_mobile_max_width":0,"ocean_custom_logo_max_height":0,"ocean_custom_logo_tablet_max_height":0,"ocean_custom_logo_mobile_max_height":0,"ocean_header_custom_menu":"0","ocean_menu_typo_font_family":"0","ocean_menu_typo_font_subset":"","ocean_menu_typo_font_size":0,"ocean_menu_typo_font_size_tablet":0,"ocean_menu_typo_font_size_mobile":0,"ocean_menu_typo_font_size_unit":"px","ocean_menu_typo_font_weight":"","ocean_menu_typo_font_weight_tablet":"","ocean_menu_typo_font_weight_mobile":"","ocean_menu_typo_transform":"","ocean_menu_typo_transform_tablet":"","ocean_menu_typo_transform_mobile":"","ocean_menu_typo_line_height":0,"ocean_menu_typo_line_height_tablet":0,"ocean_menu_typo_line_height_mobile":0,"ocean_menu_typo_line_height_unit":"","ocean_menu_typo_spacing":0,"ocean_menu_typo_spacing_tablet":0,"ocean_menu_typo_spacing_mobile":0,"ocean_menu_typo_spacing_unit":"","ocean_menu_link_color":"","ocean_menu_link_color_hover":"","ocean_menu_link_color_active":"","ocean_menu_link_background":"","ocean_menu_link_hover_background":"","ocean_menu_link_active_background":"","ocean_menu_social_links_bg":"","ocean_menu_social_hover_links_bg":"","ocean_menu_social_links_color":"","ocean_menu_social_hover_links_color":"","ocean_disable_title":"default","ocean_disable_heading":"default","ocean_post_title":"","ocean_post_subheading":"","ocean_post_title_style":"","ocean_post_title_background_color":"","ocean_post_title_background":0,"ocean_post_title_bg_image_position":"","ocean_post_title_bg_image_attachment":"","ocean_post_title_bg_image_repeat":"","ocean_post_title_bg_image_size":"","ocean_post_title_height":0,"ocean_post_title_bg_overlay":0.5,"ocean_post_title_bg_overlay_color":"","ocean_disable_breadcrumbs":"default","ocean_breadcrumbs_color":"","ocean_breadcrumbs_separator_color":"","ocean_breadcrumbs_links_color":"","ocean_breadcrumbs_links_hover_color":"","ocean_display_footer_widgets":"default","ocean_display_footer_bottom":"default","ocean_custom_footer_template":"0"},"product_brand":[3347],"product_cat":[9,29,42],"product_tag":[53,3849,3851,3850,3852,3853,3854,3847,3848,1396,1718,269,2952,2466,2533],"class_list":{"0":"post-7207","1":"product","2":"type-product","3":"status-publish","4":"has-post-thumbnail","6":"product_brand-aiwa","7":"product_cat-amplificadores","8":"product_cat-radio","9":"product_cat-cassette-dat","10":"product_tag-aiwa","11":"product_tag-aiwa-sa-c30","12":"product_tag-aiwa-sa-p30","13":"product_tag-aiwa-sac30","14":"product_tag-aiwa-sap30","15":"product_tag-aiwa-sd-l30","16":"product_tag-aiwa-sdl30","17":"product_tag-aiwa-st-r30","18":"product_tag-aiwa-str30","19":"product_tag-amplificador","20":"product_tag-amplifier","21":"product_tag-cassette","22":"product_tag-pletina","23":"product_tag-radio","24":"product_tag-stereo-tunner","25":"product_shipping_class-peso-5-a-10-kg","27":"entry","28":"has-media","30":"first","31":"instock","32":"sold-individually","33":"shipping-taxable","34":"purchasable","35":"product-type-simple","36":"has-product-nav","37":"col","38":"span_1_of_3","39":"owp-content-center","40":"owp-thumbs-layout-horizontal","41":"owp-btn-normal","42":"owp-tabs-layout-section"},"_links":{"self":[{"href":"https:\/\/www.darthy.com\/en\/wp-json\/wp\/v2\/product\/7207","targetHints":{"allow":["GET"]}}],"collection":[{"href":"https:\/\/www.darthy.com\/en\/wp-json\/wp\/v2\/product"}],"about":[{"href":"https:\/\/www.darthy.com\/en\/wp-json\/wp\/v2\/types\/product"}],"wp:featuredmedia":[{"embeddable":true,"href":"https:\/\/www.darthy.com\/en\/wp-json\/wp\/v2\/media\/7220"}],"wp:attachment":[{"href":"https:\/\/www.darthy.com\/en\/wp-json\/wp\/v2\/media?parent=7207"}],"wp:term":[{"taxonomy":"product_brand","embeddable":true,"href":"https:\/\/www.darthy.com\/en\/wp-json\/wp\/v2\/product_brand?post=7207"},{"taxonomy":"product_cat","embeddable":true,"href":"https:\/\/www.darthy.com\/en\/wp-json\/wp\/v2\/product_cat?post=7207"},{"taxonomy":"product_tag","embeddable":true,"href":"https:\/\/www.darthy.com\/en\/wp-json\/wp\/v2\/product_tag?post=7207"}],"curies":[{"name":"wp","href":"https:\/\/api.w.org\/{rel}","templated":true}]}}