{"id":7018,"date":"2026-01-28T15:18:17","date_gmt":"2026-01-28T15:18:17","guid":{"rendered":"https:\/\/www.darthy.com\/?post_type=product&#038;p=7018"},"modified":"2026-01-28T15:18:17","modified_gmt":"2026-01-28T15:18:17","slug":"rca-victor-b411","status":"publish","type":"product","link":"https:\/\/www.darthy.com\/en\/product\/rca-victor-b411\/","title":{"rendered":"RCA Victor B411"},"content":{"rendered":"<h3>RCA Victor B411<\/h3>\n<p>Radio vintage para amantes del coleccionismo. Es una pieza de una est\u00e9tica preciosa.<\/p>\n<p>Fuente de alimentaci\u00f3n interna.<\/p>\n<p>220v.<\/p>\n<p>Mirar fotos de la tapa trasera.<\/p>\n<p>Todos nuestros aparatos est\u00e1n revisados respetando escrupulosamente las caracter\u00edsticas originales del fabricante.<\/p>\n<p>Incluido el mantenimiento previo de nuestros t\u00e9cnicos para dejar el aparato en \u00f3ptimas condiciones.<\/p>\n<p><strong>Especificaciones<\/strong><\/p>\n<ul class=\"list-group list-group-horizontal-sm\">\n<li class=\"list-group-item list-group-item-rm\">Principio principal: Superheterodino en general; ZF\/IF 455 kHz; 2 Etapas de AF<\/li>\n<\/ul>\n<ul class=\"list-group list-group-horizontal-sm\">\n<li class=\"list-group-item list-group-item-rm\">N\u00famero de circuitos sinton\u00eda: 6 Circu\u00edto(s) AM<\/li>\n<\/ul>\n<ul class=\"list-group list-group-horizontal-sm\">\n<li class=\"list-group-item list-group-item-rm\">Gama de ondas: OM (onda media) solamente<\/li>\n<\/ul>\n<ul class=\"list-group list-group-horizontal-sm\">\n<li class=\"list-group-item list-group-item-rm\">Tensi\u00f3n de funcionamiento: Pilas \/ 1.5 &amp; 67.5\u00a0Volt<\/li>\n<\/ul>\n<ul class=\"list-group list-group-horizontal-sm\">\n<li class=\"list-group-item list-group-item-rm\">Altavoz: Altavoz el\u00edptico de im\u00e1n permanente.<\/li>\n<\/ul>\n<ul class=\"list-group list-group-horizontal-sm\">\n<li class=\"list-group-item list-group-item-rm\">Potencia de salida: 0.075\u00a0W (0.1\u00a0W max.)<\/li>\n<\/ul>\n<ul class=\"list-group list-group-horizontal-sm\">\n<li class=\"list-group-item list-group-item-rm\">Material: Pl\u00e1stico moderno (Nunca bakelita o catalina)<\/li>\n<\/ul>\n<ul class=\"list-group list-group-horizontal-sm\">\n<li class=\"list-group-item list-group-item-rm\">Modelo: B-411 Ch= RC-1098 [Early Production] &#8211; RCA RCA Victor Co. Inc.; New<\/li>\n<\/ul>\n<ul class=\"list-group list-group-horizontal-sm\">\n<li class=\"list-group-item list-group-item-rm\">Forma: Port\u00e1til &gt; 20 cm (sin la necesidad de una red)<\/li>\n<\/ul>\n<ul class=\"list-group list-group-horizontal-sm\">\n<li class=\"list-group-item list-group-item-rm\">Ancho, altura, profundidad: 7.625\u00a0x\u00a05.5\u00a0x\u00a02.125\u00a0inch \/ 194\u00a0x\u00a0140\u00a0x\u00a054\u00a0mm<\/li>\n<\/ul>\n<div id=\"tab-description\" class=\"woocommerce-Tabs-panel woocommerce-Tabs-panel--description panel entry-content wc-tab\" role=\"tabpanel\" aria-labelledby=\"tab-title-description\">\n<p>Nuestro\u00a0<a href=\"https:\/\/www.darthy.com\/politica-de-envios-y-devoluciones\/\">servicio de entrega<\/a>\u00a0funciona cada d\u00eda con el fin de haceros llegar vuestros pedidos en 48 horas o menos.<\/p>\n<div id=\"tab-description\" class=\"woocommerce-Tabs-panel woocommerce-Tabs-panel--description panel entry-content wc-tab\" role=\"tabpanel\" aria-labelledby=\"tab-title-description\">\n<p>Con el prop\u00f3sito de que el materia llegue en las mejores condiciones, nuestro embalajes estan hechos con el m\u00e1ximo esmero, todos nuestros env\u00edos, tambi\u00e9n est\u00e1n asegurados en caso de extravio o rotura.<\/p>\n<p>Surely many of you know our physical store, many of the fans of Vintage HiFi and collecting has visited us. Because many of our friends can not visit us by distance, we decided to strengthen our website, so you can see our products almost coughing from your devices, so if you see something that may interest you, you can place your orders comfortably from your house.<\/p>\n<p>At the time of placing your order, we will make the shipment quickly so that you can enjoy it as soon as possible in your home.<\/p>\n<p>Our\u00a0<a href=\"https:\/\/www.darthy.com\/politica-de-envios-y-devoluciones\/\">delivery service<\/a>\u00a0works every day in order to send your orders in 48 hours or less. With the purpose that the material arrives in the best conditions, our packages are made with the utmost care, all our shipments are also insured in case of loss or breakage.<\/p>\n<\/div>\n<\/div>\n<p>&nbsp;<\/p>\n","protected":false},"excerpt":{"rendered":"<p>RCA Victor B411 Radio vintage para amantes del coleccionismo. Es una pieza de una est\u00e9tica preciosa. Fuente de alimentaci\u00f3n interna. 220v. Mirar fotos de la tapa trasera. Todos nuestros aparatos est\u00e1n revisados respetando escrupulosamente las caracter\u00edsticas originales del fabricante. Incluido el mantenimiento previo de nuestros t\u00e9cnicos para dejar el aparato en \u00f3ptimas condiciones. Especificaciones Principio [&hellip;]<\/p>\n","protected":false},"featured_media":6984,"template":"","meta":{"_exactmetrics_skip_tracking":false,"_exactmetrics_sitenote_active":false,"_exactmetrics_sitenote_note":"","_exactmetrics_sitenote_category":0,"ocean_post_layout":"","ocean_both_sidebars_style":"","ocean_both_sidebars_content_width":0,"ocean_both_sidebars_sidebars_width":0,"ocean_sidebar":"0","ocean_second_sidebar":"0","ocean_disable_margins":"enable","ocean_add_body_class":"","ocean_shortcode_before_top_bar":"","ocean_shortcode_after_top_bar":"","ocean_shortcode_before_header":"","ocean_shortcode_after_header":"","ocean_has_shortcode":"","ocean_shortcode_after_title":"","ocean_shortcode_before_footer_widgets":"","ocean_shortcode_after_footer_widgets":"","ocean_shortcode_before_footer_bottom":"","ocean_shortcode_after_footer_bottom":"","ocean_display_top_bar":"default","ocean_display_header":"default","ocean_header_style":"","ocean_center_header_left_menu":"0","ocean_custom_header_template":"0","ocean_custom_logo":0,"ocean_custom_retina_logo":0,"ocean_custom_logo_max_width":0,"ocean_custom_logo_tablet_max_width":0,"ocean_custom_logo_mobile_max_width":0,"ocean_custom_logo_max_height":0,"ocean_custom_logo_tablet_max_height":0,"ocean_custom_logo_mobile_max_height":0,"ocean_header_custom_menu":"0","ocean_menu_typo_font_family":"0","ocean_menu_typo_font_subset":"","ocean_menu_typo_font_size":0,"ocean_menu_typo_font_size_tablet":0,"ocean_menu_typo_font_size_mobile":0,"ocean_menu_typo_font_size_unit":"px","ocean_menu_typo_font_weight":"","ocean_menu_typo_font_weight_tablet":"","ocean_menu_typo_font_weight_mobile":"","ocean_menu_typo_transform":"","ocean_menu_typo_transform_tablet":"","ocean_menu_typo_transform_mobile":"","ocean_menu_typo_line_height":0,"ocean_menu_typo_line_height_tablet":0,"ocean_menu_typo_line_height_mobile":0,"ocean_menu_typo_line_height_unit":"","ocean_menu_typo_spacing":0,"ocean_menu_typo_spacing_tablet":0,"ocean_menu_typo_spacing_mobile":0,"ocean_menu_typo_spacing_unit":"","ocean_menu_link_color":"","ocean_menu_link_color_hover":"","ocean_menu_link_color_active":"","ocean_menu_link_background":"","ocean_menu_link_hover_background":"","ocean_menu_link_active_background":"","ocean_menu_social_links_bg":"","ocean_menu_social_hover_links_bg":"","ocean_menu_social_links_color":"","ocean_menu_social_hover_links_color":"","ocean_disable_title":"default","ocean_disable_heading":"default","ocean_post_title":"","ocean_post_subheading":"","ocean_post_title_style":"","ocean_post_title_background_color":"","ocean_post_title_background":0,"ocean_post_title_bg_image_position":"","ocean_post_title_bg_image_attachment":"","ocean_post_title_bg_image_repeat":"","ocean_post_title_bg_image_size":"","ocean_post_title_height":0,"ocean_post_title_bg_overlay":0.5,"ocean_post_title_bg_overlay_color":"","ocean_disable_breadcrumbs":"default","ocean_breadcrumbs_color":"","ocean_breadcrumbs_separator_color":"","ocean_breadcrumbs_links_color":"","ocean_breadcrumbs_links_hover_color":"","ocean_display_footer_widgets":"default","ocean_display_footer_bottom":"default","ocean_custom_footer_template":"0"},"product_brand":[3741],"product_cat":[29],"product_tag":[2639,2466,3742,3743,3744,2533],"class_list":{"0":"post-7018","1":"product","2":"type-product","3":"status-publish","4":"has-post-thumbnail","6":"product_brand-rca","7":"product_cat-radio","8":"product_tag-coleccionismo","9":"product_tag-radio","10":"product_tag-radio-rca","11":"product_tag-rca-tunner","12":"product_tag-rca-victor-b411","13":"product_tag-stereo-tunner","14":"product_shipping_class-peso-0-a-1-kg","16":"entry","17":"has-media","19":"first","20":"instock","21":"sold-individually","22":"shipping-taxable","23":"purchasable","24":"product-type-simple","25":"has-product-nav","26":"col","27":"span_1_of_3","28":"owp-content-center","29":"owp-thumbs-layout-horizontal","30":"owp-btn-normal","31":"owp-tabs-layout-section"},"_links":{"self":[{"href":"https:\/\/www.darthy.com\/en\/wp-json\/wp\/v2\/product\/7018","targetHints":{"allow":["GET"]}}],"collection":[{"href":"https:\/\/www.darthy.com\/en\/wp-json\/wp\/v2\/product"}],"about":[{"href":"https:\/\/www.darthy.com\/en\/wp-json\/wp\/v2\/types\/product"}],"wp:featuredmedia":[{"embeddable":true,"href":"https:\/\/www.darthy.com\/en\/wp-json\/wp\/v2\/media\/6984"}],"wp:attachment":[{"href":"https:\/\/www.darthy.com\/en\/wp-json\/wp\/v2\/media?parent=7018"}],"wp:term":[{"taxonomy":"product_brand","embeddable":true,"href":"https:\/\/www.darthy.com\/en\/wp-json\/wp\/v2\/product_brand?post=7018"},{"taxonomy":"product_cat","embeddable":true,"href":"https:\/\/www.darthy.com\/en\/wp-json\/wp\/v2\/product_cat?post=7018"},{"taxonomy":"product_tag","embeddable":true,"href":"https:\/\/www.darthy.com\/en\/wp-json\/wp\/v2\/product_tag?post=7018"}],"curies":[{"name":"wp","href":"https:\/\/api.w.org\/{rel}","templated":true}]}}