{"id":7015,"date":"2026-01-28T14:53:11","date_gmt":"2026-01-28T14:53:11","guid":{"rendered":"https:\/\/www.darthy.com\/?post_type=product&#038;p=7015"},"modified":"2026-01-28T14:53:11","modified_gmt":"2026-01-28T14:53:11","slug":"canon-1014-xl-s","status":"publish","type":"product","link":"https:\/\/www.darthy.com\/en\/product\/canon-1014-xl-s\/","title":{"rendered":"CANON 1014 XL-S"},"content":{"rendered":"<h3>Canon 1014 XL-S<\/h3>\n<p>High-end vintage Super 8 video camera. It is in very good condition and includes several accessories.<\/p>\n<p><span class=\"textos-rental-\">This camera, powered by Canon's renowned quality, offers a unique experience for those looking to capture special moments with the vintage charm of the Super 8mm format.<\/span><\/p>\n<p><span class=\"textos-rental-\">With advanced features such as frame-rate preset and ASA settings, the CANON 1014 XL-S provides complete control over visual storytelling.\u00a0<\/span><\/p>\n<p>Su modo XL (extra light) permite filmar a 18 o 24 im\u00e1genes\/segundo con una apertura m\u00e1xima de 220\u00b0, ideal para fotografiar en interiores o en entornos suaves.<\/p>\n<p><strong>Include:<\/strong><\/p>\n<ul>\n<li>Original microphone<\/li>\n<li>User manuals<\/li>\n<li>Original box<\/li>\n<\/ul>\n<p>Battery holder in perfect condition. (See photo)<\/p>\n<p>All our devices are reviewed, scrupulously respecting the manufacturer's original characteristics.<\/p>\n<p>Including prior maintenance by our technicians to leave the device in optimal conditions.<\/p>\n<p><strong>Specifications<\/strong><\/p>\n<ul>\n<li>Objetivo macro zoom Canon f\/1.4 \u2013 6,5-65 mm (10x)<\/li>\n<li>Enfoque manual y macro incorporado<\/li>\n<li>Exposici\u00f3n autom\u00e1tica y manual (TTL, CdS + silicio)<\/li>\n<li>Velocidad de obturaci\u00f3n variable: 220\u00b0 \/ 150\u00b0 \/ 90\u00b0 \/ 45\u00b0<\/li>\n<li>Velocidades de disparo: 9, 18, 24, 36 fps + fotograma a fotograma<\/li>\n<li>Funci\u00f3n de bloqueo AE, fundido de entrada\/salida, sobreimpresi\u00f3n<\/li>\n<li>Toma de sincronizaci\u00f3n de flash y control remoto<\/li>\n<li>Contador de metraje, indicador de bater\u00eda y fin de pel\u00edcula.<\/li>\n<li>Alimentaci\u00f3n: 6 pilas AA + 2 botones de 1,3 V para la celda<\/li>\n<li>Mango plegable con compartimento de bater\u00eda integrado<\/li>\n<li>Peso: aprox. 2,2 kg<\/li>\n<\/ul>\n<p>Our\u00a0<a href=\"https:\/\/www.darthy.com\/en\/politica-de-envios-y-devoluciones\/\">delivery service<\/a>\u00a0works every day in order to get your orders to you in 48 hours or less.<\/p>\n<p>To ensure your items arrive in the best possible condition, our packaging is made with the utmost care, and all our shipments are also insured against loss or breakage.<\/p>\n<p>Surely many of you know our physical store, many of the fans of Vintage HiFi and collecting has visited us. Because many of our friends can not visit us by distance, we decided to strengthen our website, so you can see our products almost coughing from your devices, so if you see something that may interest you, you can place your orders comfortably from your house.<\/p>\n<p>At the time of placing your order, we will make the shipment quickly so that you can enjoy it as soon as possible in your home.<\/p>\n<p>Our\u00a0<a href=\"https:\/\/www.darthy.com\/en\/politica-de-envios-y-devoluciones\/\">delivery service<\/a>\u00a0works every day in order to send your orders in 48 hours or less. With the purpose that the material arrives in the best conditions, our packages are made with the utmost care, all our shipments are also insured in case of loss or breakage.<\/p>\n<p>&nbsp;<\/p>","protected":false},"excerpt":{"rendered":"<p>Canon 1014 XL-S C\u00e1mara de video super 8 vintage de gama alta. Se encuentro en muy buen estado adem\u00e1s de incluir varios accesorios. Esta c\u00e1mara, impulsada por la calidad reconocida de Canon, ofrece una experiencia \u00fanica para aquellos que buscan capturar momentos especiales con el encanto vintage del formato Super 8mm. Con funciones avanzadas como [&hellip;]<\/p>\n","protected":false},"featured_media":6993,"template":"","meta":{"_exactmetrics_skip_tracking":false,"_exactmetrics_sitenote_active":false,"_exactmetrics_sitenote_note":"","_exactmetrics_sitenote_category":0,"ocean_post_layout":"","ocean_both_sidebars_style":"","ocean_both_sidebars_content_width":0,"ocean_both_sidebars_sidebars_width":0,"ocean_sidebar":"0","ocean_second_sidebar":"0","ocean_disable_margins":"enable","ocean_add_body_class":"","ocean_shortcode_before_top_bar":"","ocean_shortcode_after_top_bar":"","ocean_shortcode_before_header":"","ocean_shortcode_after_header":"","ocean_has_shortcode":"","ocean_shortcode_after_title":"","ocean_shortcode_before_footer_widgets":"","ocean_shortcode_after_footer_widgets":"","ocean_shortcode_before_footer_bottom":"","ocean_shortcode_after_footer_bottom":"","ocean_display_top_bar":"default","ocean_display_header":"default","ocean_header_style":"","ocean_center_header_left_menu":"0","ocean_custom_header_template":"0","ocean_custom_logo":0,"ocean_custom_retina_logo":0,"ocean_custom_logo_max_width":0,"ocean_custom_logo_tablet_max_width":0,"ocean_custom_logo_mobile_max_width":0,"ocean_custom_logo_max_height":0,"ocean_custom_logo_tablet_max_height":0,"ocean_custom_logo_mobile_max_height":0,"ocean_header_custom_menu":"0","ocean_menu_typo_font_family":"0","ocean_menu_typo_font_subset":"","ocean_menu_typo_font_size":0,"ocean_menu_typo_font_size_tablet":0,"ocean_menu_typo_font_size_mobile":0,"ocean_menu_typo_font_size_unit":"px","ocean_menu_typo_font_weight":"","ocean_menu_typo_font_weight_tablet":"","ocean_menu_typo_font_weight_mobile":"","ocean_menu_typo_transform":"","ocean_menu_typo_transform_tablet":"","ocean_menu_typo_transform_mobile":"","ocean_menu_typo_line_height":0,"ocean_menu_typo_line_height_tablet":0,"ocean_menu_typo_line_height_mobile":0,"ocean_menu_typo_line_height_unit":"","ocean_menu_typo_spacing":0,"ocean_menu_typo_spacing_tablet":0,"ocean_menu_typo_spacing_mobile":0,"ocean_menu_typo_spacing_unit":"","ocean_menu_link_color":"","ocean_menu_link_color_hover":"","ocean_menu_link_color_active":"","ocean_menu_link_background":"","ocean_menu_link_hover_background":"","ocean_menu_link_active_background":"","ocean_menu_social_links_bg":"","ocean_menu_social_hover_links_bg":"","ocean_menu_social_links_color":"","ocean_menu_social_hover_links_color":"","ocean_disable_title":"default","ocean_disable_heading":"default","ocean_post_title":"","ocean_post_subheading":"","ocean_post_title_style":"","ocean_post_title_background_color":"","ocean_post_title_background":0,"ocean_post_title_bg_image_position":"","ocean_post_title_bg_image_attachment":"","ocean_post_title_bg_image_repeat":"","ocean_post_title_bg_image_size":"","ocean_post_title_height":0,"ocean_post_title_bg_overlay":0.5,"ocean_post_title_bg_overlay_color":"","ocean_disable_breadcrumbs":"default","ocean_breadcrumbs_color":"","ocean_breadcrumbs_separator_color":"","ocean_breadcrumbs_links_color":"","ocean_breadcrumbs_links_hover_color":"","ocean_display_footer_widgets":"default","ocean_display_footer_bottom":"default","ocean_custom_footer_template":"0"},"product_brand":[3730],"product_cat":[727,728],"product_tag":[3732,2618,2297,3733,3735,3734,3731],"class_list":{"0":"post-7015","1":"product","2":"type-product","3":"status-publish","4":"has-post-thumbnail","6":"product_brand-canon","7":"product_cat-cine","8":"product_cat-camaras_de_cine","9":"product_tag-camara-canon","10":"product_tag-camara-de-cine","11":"product_tag-canon","12":"product_tag-canon-1014-xl-s","13":"product_tag-canon-1014-xls","14":"product_tag-canon-1014xl-s","15":"product_tag-super-8","16":"product_shipping_class-peso-1-a-5-kg","18":"entry","19":"has-media","21":"first","22":"instock","23":"sold-individually","24":"shipping-taxable","25":"purchasable","26":"product-type-simple","27":"has-product-nav","28":"col","29":"span_1_of_3","30":"owp-content-center","31":"owp-thumbs-layout-horizontal","32":"owp-btn-normal","33":"owp-tabs-layout-section"},"_links":{"self":[{"href":"https:\/\/www.darthy.com\/en\/wp-json\/wp\/v2\/product\/7015","targetHints":{"allow":["GET"]}}],"collection":[{"href":"https:\/\/www.darthy.com\/en\/wp-json\/wp\/v2\/product"}],"about":[{"href":"https:\/\/www.darthy.com\/en\/wp-json\/wp\/v2\/types\/product"}],"wp:featuredmedia":[{"embeddable":true,"href":"https:\/\/www.darthy.com\/en\/wp-json\/wp\/v2\/media\/6993"}],"wp:attachment":[{"href":"https:\/\/www.darthy.com\/en\/wp-json\/wp\/v2\/media?parent=7015"}],"wp:term":[{"taxonomy":"product_brand","embeddable":true,"href":"https:\/\/www.darthy.com\/en\/wp-json\/wp\/v2\/product_brand?post=7015"},{"taxonomy":"product_cat","embeddable":true,"href":"https:\/\/www.darthy.com\/en\/wp-json\/wp\/v2\/product_cat?post=7015"},{"taxonomy":"product_tag","embeddable":true,"href":"https:\/\/www.darthy.com\/en\/wp-json\/wp\/v2\/product_tag?post=7015"}],"curies":[{"name":"wp","href":"https:\/\/api.w.org\/{rel}","templated":true}]}}