{"id":6952,"date":"2026-01-20T11:15:00","date_gmt":"2026-01-20T11:15:00","guid":{"rendered":"https:\/\/www.darthy.com\/?post_type=product&#038;p=6952"},"modified":"2026-04-14T14:43:17","modified_gmt":"2026-04-14T14:43:17","slug":"olivetti-lettera","status":"publish","type":"product","link":"https:\/\/www.darthy.com\/en\/product\/olivetti-lettera\/","title":{"rendered":"OLIVETTI LETTERA"},"content":{"rendered":"<h3>Olivetti Lettera<\/h3>\n<div class=\"WaaZC\">\n<div class=\"RJPOee EIJn2\">\n<div class=\"rPeykc uP58nb\" data-hveid=\"CAIQAQ\" data-ved=\"2ahUKEwiv4_S2_ZmSAxWdV6QEHQcoBVwQo_EKegQIAhAB\">Olivetti Lettera 12, un modelo vintage conocido por su dise\u00f1o italiano cl\u00e1sico y su construcci\u00f3n ligera, que la hac\u00eda ideal para el transporte. Fue dise\u00f1ada por Mario Bellini y Walter Albrile y lanzada al mercado a finales de la d\u00e9cada de 1970. <span data-huuid=\"12944647525985280031\">Se considera un art\u00edculo de colecci\u00f3n.<\/span><\/div>\n<div class=\"rPeykc uP58nb\" data-hveid=\"CAIQAQ\" data-ved=\"2ahUKEwiv4_S2_ZmSAxWdV6QEHQcoBVwQo_EKegQIAhAB\">\n<div class=\"NPrrbc\" data-cid=\"67392e60-4240-496c-be6e-ae472dbcacf5\" data-uuids=\"12944647525985281424,12944647525985284023,12944647525985283025,12944647525985282027,12944647525985281029,12944647525985280031\">\n<div class=\"niO4u\"><span class=\"T286Pc\" data-sfc-cp=\"\" data-complete=\"true\">Se caracteriza por ser una m\u00e1quina ultraport\u00e1til con cuerpo mayormente de pl\u00e1stico, lo que reduc\u00eda su peso en comparaci\u00f3n con modelos anteriores.<\/span><\/div>\n<div><\/div>\n<div><span class=\"T286Pc\" data-sfc-cp=\"\" data-complete=\"true\">Fue una de las primeras m\u00e1quinas de escribir manuales en utilizar un mecanismo de cartucho de cinta propietario, lo cual simplificaba el cambio de cinta.<\/span><\/div>\n<div><\/div>\n<\/div>\n<div><span class=\"T286Pc\" data-sfc-cp=\"\" data-complete=\"true\">Cuenta con un teclado QWERTY con 44 teclas.<\/span><\/div>\n<div><\/div>\n<\/div>\n<\/div>\n<div>Inluye caja para el transporte 100% original.<\/div>\n<div><\/div>\n<\/div>\n<div class=\"WaaZC\">\n<div class=\"RJPOee EIJn2\">\n<div id=\"tab-description\" class=\"woocommerce-Tabs-panel woocommerce-Tabs-panel--description panel entry-content wc-tab\" role=\"tabpanel\" aria-labelledby=\"tab-title-description\">\n<p>Our\u00a0<a href=\"https:\/\/www.darthy.com\/en\/politica-de-envios-y-devoluciones\/\">delivery service<\/a>\u00a0works every day in order to get your orders to you in 48 hours or less.<\/p>\n<p>In order for the material to arrive in the best conditions, our packaging is made with the utmost care, all our shipments are also insured in case of loss or breakage.<\/p>\n<p>Surely many of you know our physical store, many of the fans of Vintage HiFi and collecting has visited us. Because many of our friends can not visit us by distance, we decided to strengthen our website, so you can see our products almost coughing from your devices, so if you see something that may interest you, you can place your orders comfortably from your house.<\/p>\n<p>At the time of placing your order, we will make the shipment quickly so that you can enjoy it as soon as possible in your home.<\/p>\n<p>Our\u00a0<a href=\"https:\/\/www.darthy.com\/en\/politica-de-envios-y-devoluciones\/\">delivery service<\/a>\u00a0works every day in order to send your orders in 48 hours or less. With the purpose that the material arrives in the best conditions, our packages are made with the utmost care, all our shipments are also insured in case of loss or breakage.<\/p>\n<\/div>\n<\/div>\n<div class=\"Y3BBE\" data-sfc-cp=\"\" data-hveid=\"CAIQAA\" data-processed=\"true\" data-complete=\"true\"><span class=\"uJ19be notranslate\" data-wiz-uids=\"OI9CRb_i\" data-processed=\"true\" data-complete=\"true\"><span class=\"vKEkVd\" data-animation-atomic=\"\" data-wiz-attrbind=\"class=OI9CRb_h\/TKHnVd\" data-sae=\"\">\u00a0<\/span><\/span><\/div>\n<div class=\"Fsg96\" data-sfc-cp=\"\" data-complete=\"true\" data-processed=\"true\"><\/div>\n<p>&nbsp;<\/p>\n<\/div>","protected":false},"excerpt":{"rendered":"<p>Olivetti Lettera Olivetti Lettera 12, un modelo vintage conocido por su dise\u00f1o italiano cl\u00e1sico y su construcci\u00f3n ligera, que la hac\u00eda ideal para el transporte. Fue dise\u00f1ada por Mario Bellini y Walter Albrile y lanzada al mercado a finales de la d\u00e9cada de 1970. Se considera un art\u00edculo de colecci\u00f3n. Se caracteriza por ser una [&hellip;]<\/p>\n","protected":false},"featured_media":6953,"template":"","meta":{"_exactmetrics_skip_tracking":false,"_exactmetrics_sitenote_active":false,"_exactmetrics_sitenote_note":"","_exactmetrics_sitenote_category":0,"ocean_post_layout":"","ocean_both_sidebars_style":"","ocean_both_sidebars_content_width":0,"ocean_both_sidebars_sidebars_width":0,"ocean_sidebar":"0","ocean_second_sidebar":"0","ocean_disable_margins":"enable","ocean_add_body_class":"","ocean_shortcode_before_top_bar":"","ocean_shortcode_after_top_bar":"","ocean_shortcode_before_header":"","ocean_shortcode_after_header":"","ocean_has_shortcode":"","ocean_shortcode_after_title":"","ocean_shortcode_before_footer_widgets":"","ocean_shortcode_after_footer_widgets":"","ocean_shortcode_before_footer_bottom":"","ocean_shortcode_after_footer_bottom":"","ocean_display_top_bar":"default","ocean_display_header":"default","ocean_header_style":"","ocean_center_header_left_menu":"0","ocean_custom_header_template":"0","ocean_custom_logo":0,"ocean_custom_retina_logo":0,"ocean_custom_logo_max_width":0,"ocean_custom_logo_tablet_max_width":0,"ocean_custom_logo_mobile_max_width":0,"ocean_custom_logo_max_height":0,"ocean_custom_logo_tablet_max_height":0,"ocean_custom_logo_mobile_max_height":0,"ocean_header_custom_menu":"0","ocean_menu_typo_font_family":"0","ocean_menu_typo_font_subset":"","ocean_menu_typo_font_size":0,"ocean_menu_typo_font_size_tablet":0,"ocean_menu_typo_font_size_mobile":0,"ocean_menu_typo_font_size_unit":"px","ocean_menu_typo_font_weight":"","ocean_menu_typo_font_weight_tablet":"","ocean_menu_typo_font_weight_mobile":"","ocean_menu_typo_transform":"","ocean_menu_typo_transform_tablet":"","ocean_menu_typo_transform_mobile":"","ocean_menu_typo_line_height":0,"ocean_menu_typo_line_height_tablet":0,"ocean_menu_typo_line_height_mobile":0,"ocean_menu_typo_line_height_unit":"","ocean_menu_typo_spacing":0,"ocean_menu_typo_spacing_tablet":0,"ocean_menu_typo_spacing_mobile":0,"ocean_menu_typo_spacing_unit":"","ocean_menu_link_color":"","ocean_menu_link_color_hover":"","ocean_menu_link_color_active":"","ocean_menu_link_background":"","ocean_menu_link_hover_background":"","ocean_menu_link_active_background":"","ocean_menu_social_links_bg":"","ocean_menu_social_hover_links_bg":"","ocean_menu_social_links_color":"","ocean_menu_social_hover_links_color":"","ocean_disable_title":"default","ocean_disable_heading":"default","ocean_post_title":"","ocean_post_subheading":"","ocean_post_title_style":"","ocean_post_title_background_color":"","ocean_post_title_background":0,"ocean_post_title_bg_image_position":"","ocean_post_title_bg_image_attachment":"","ocean_post_title_bg_image_repeat":"","ocean_post_title_bg_image_size":"","ocean_post_title_height":0,"ocean_post_title_bg_overlay":0.5,"ocean_post_title_bg_overlay_color":"","ocean_disable_breadcrumbs":"default","ocean_breadcrumbs_color":"","ocean_breadcrumbs_separator_color":"","ocean_breadcrumbs_links_color":"","ocean_breadcrumbs_links_hover_color":"","ocean_display_footer_widgets":"default","ocean_display_footer_bottom":"default","ocean_custom_footer_template":"0"},"product_brand":[3682],"product_cat":[41],"product_tag":[3686,3687,3683,3684,3685],"class_list":{"0":"post-6952","1":"product","2":"type-product","3":"status-publish","4":"has-post-thumbnail","6":"product_brand-olivetti","7":"product_cat-archivo","8":"product_tag-maquina-de-escribir","9":"product_tag-maquina-de-escribir-olivetti","10":"product_tag-olivetti","11":"product_tag-olivetti-lettera","12":"product_tag-olivetti-lettera-12","13":"product_shipping_class-peso-1-a-5-kg","15":"entry","16":"has-media","18":"first","19":"outofstock","20":"sold-individually","21":"shipping-taxable","22":"purchasable","23":"product-type-simple","24":"has-product-nav","25":"col","26":"span_1_of_3","27":"owp-content-center","28":"owp-thumbs-layout-horizontal","29":"owp-btn-normal","30":"owp-tabs-layout-section"},"_links":{"self":[{"href":"https:\/\/www.darthy.com\/en\/wp-json\/wp\/v2\/product\/6952","targetHints":{"allow":["GET"]}}],"collection":[{"href":"https:\/\/www.darthy.com\/en\/wp-json\/wp\/v2\/product"}],"about":[{"href":"https:\/\/www.darthy.com\/en\/wp-json\/wp\/v2\/types\/product"}],"wp:featuredmedia":[{"embeddable":true,"href":"https:\/\/www.darthy.com\/en\/wp-json\/wp\/v2\/media\/6953"}],"wp:attachment":[{"href":"https:\/\/www.darthy.com\/en\/wp-json\/wp\/v2\/media?parent=6952"}],"wp:term":[{"taxonomy":"product_brand","embeddable":true,"href":"https:\/\/www.darthy.com\/en\/wp-json\/wp\/v2\/product_brand?post=6952"},{"taxonomy":"product_cat","embeddable":true,"href":"https:\/\/www.darthy.com\/en\/wp-json\/wp\/v2\/product_cat?post=6952"},{"taxonomy":"product_tag","embeddable":true,"href":"https:\/\/www.darthy.com\/en\/wp-json\/wp\/v2\/product_tag?post=6952"}],"curies":[{"name":"wp","href":"https:\/\/api.w.org\/{rel}","templated":true}]}}