{"id":6942,"date":"2026-01-20T10:27:19","date_gmt":"2026-01-20T10:27:19","guid":{"rendered":"https:\/\/www.darthy.com\/?post_type=product&#038;p=6942"},"modified":"2026-01-20T10:27:19","modified_gmt":"2026-01-20T10:27:19","slug":"medalla-cruz-roja-espanyola","status":"publish","type":"product","link":"https:\/\/www.darthy.com\/en\/product\/medalla-cruz-roja-espanyola\/","title":{"rendered":"MEDALLA CRUZ ROJA ESPANYOLA"},"content":{"rendered":"<div class=\"WaaZC\">\n<div class=\"RJPOee EIJn2\">\n<h3 data-hveid=\"CAIQAQ\" data-ved=\"2ahUKEwj9p8Gx8pmSAxXNOfsDHY0CBm8Qo_EKegQIAhAB\">Medalla Cruz Roja Espanyola. Rep\u00fablica Espa\u00f1ola.<\/h3>\n<div class=\"rPeykc uP58nb\" data-hveid=\"CAIQAQ\" data-ved=\"2ahUKEwj9p8Gx8pmSAxXNOfsDHY0CBm8Qo_EKegQIAhAB\"><span data-huuid=\"17344397282003846970\"><span role=\"heading\" aria-level=\"2\">The medal is a decoration of the <strong>Cruz Roja Espa\u00f1ola<\/strong>.<\/span><\/span><span data-huuid=\"17344397282003845923\">These awards recognize individuals who have distinguished themselves through their voluntary actions or in support and collaboration with the principles and objectives of the Red Cross.<span class=\"pjBG2e\" data-cid=\"8edfdfc4-1eac-4bef-900f-5e7c54cf8e03\"><span class=\"UV3uM\"> 100% original. The motto surrounding the shield is \u201cIN HOC SIGNO SALUS\u201d (In this sign, salvation). 1931-1939, Republican era.\u00a0<\/span><\/span><\/span><\/div>\n<\/div>\n<\/div>\n<div data-hveid=\"CAIQAQ\" data-ved=\"2ahUKEwj9p8Gx8pmSAxXNOfsDHY0CBm8Qo_EKegQIAhAB\"><\/div>\n<div data-hveid=\"CAIQAQ\" data-ved=\"2ahUKEwj9p8Gx8pmSAxXNOfsDHY0CBm8Qo_EKegQIAhAB\">Enameled bronze.<\/div>\n<div data-hveid=\"CAIQAQ\" data-ved=\"2ahUKEwj9p8Gx8pmSAxXNOfsDHY0CBm8Qo_EKegQIAhAB\"><\/div>\n<div data-hveid=\"CAIQAQ\" data-ved=\"2ahUKEwj9p8Gx8pmSAxXNOfsDHY0CBm8Qo_EKegQIAhAB\">With original tape.<\/div>\n<div data-hveid=\"CAIQAQ\" data-ved=\"2ahUKEwj9p8Gx8pmSAxXNOfsDHY0CBm8Qo_EKegQIAhAB\"><\/div>\n<div data-hveid=\"CAIQAQ\" data-ved=\"2ahUKEwj9p8Gx8pmSAxXNOfsDHY0CBm8Qo_EKegQIAhAB\">\n<div id=\"tab-description\" class=\"woocommerce-Tabs-panel woocommerce-Tabs-panel--description panel entry-content wc-tab\" role=\"tabpanel\" aria-labelledby=\"tab-title-description\">\n<p>Our\u00a0<a href=\"https:\/\/www.darthy.com\/en\/politica-de-envios-y-devoluciones\/\">delivery service<\/a>\u00a0works every day in order to get your orders to you in 48 hours or less.<\/p>\n<p>In order for the material to arrive in the best conditions, our packaging is made with the utmost care, all our shipments are also insured in case of loss or breakage.<\/p>\n<p>Surely many of you know our physical store, many of the fans of Vintage HiFi and collecting has visited us. Because many of our friends can not visit us by distance, we decided to strengthen our website, so you can see our products almost coughing from your devices, so if you see something that may interest you, you can place your orders comfortably from your house.<\/p>\n<p>At the time of placing your order, we will make the shipment quickly so that you can enjoy it as soon as possible in your home.<\/p>\n<p>Our\u00a0<a href=\"https:\/\/www.darthy.com\/en\/politica-de-envios-y-devoluciones\/\">delivery service<\/a>\u00a0works every day in order to send your orders in 48 hours or less. With the purpose that the material arrives in the best conditions, our packages are made with the utmost care, all our shipments are also insured in case of loss or breakage.<\/p>\n<\/div>\n<div id=\"tab-additional_information\" class=\"woocommerce-Tabs-panel woocommerce-Tabs-panel--additional_information panel entry-content wc-tab\" role=\"tabpanel\" aria-labelledby=\"tab-title-additional_information\">\n<h2><\/h2>\n<\/div>\n<\/div>","protected":false},"excerpt":{"rendered":"<p>Medalla Cruz Roja Espanyola. Rep\u00fablica Espa\u00f1ola. La medalla es una condecoraci\u00f3n de la Cruz Roja Espa\u00f1ola.Estas distinciones premian a personas que se han destacado por sus actuaciones voluntarias o en apoyo y colaboraci\u00f3n con los principios y objetivos de la Cruz Roja. 100% original. El lema que rodea el escudo es &#8220;IN HOC SIGNO SALUS&#8221; [&hellip;]<\/p>\n","protected":false},"featured_media":6943,"template":"","meta":{"_exactmetrics_skip_tracking":false,"_exactmetrics_sitenote_active":false,"_exactmetrics_sitenote_note":"","_exactmetrics_sitenote_category":0,"ocean_post_layout":"","ocean_both_sidebars_style":"","ocean_both_sidebars_content_width":0,"ocean_both_sidebars_sidebars_width":0,"ocean_sidebar":"0","ocean_second_sidebar":"0","ocean_disable_margins":"enable","ocean_add_body_class":"","ocean_shortcode_before_top_bar":"","ocean_shortcode_after_top_bar":"","ocean_shortcode_before_header":"","ocean_shortcode_after_header":"","ocean_has_shortcode":"","ocean_shortcode_after_title":"","ocean_shortcode_before_footer_widgets":"","ocean_shortcode_after_footer_widgets":"","ocean_shortcode_before_footer_bottom":"","ocean_shortcode_after_footer_bottom":"","ocean_display_top_bar":"default","ocean_display_header":"default","ocean_header_style":"","ocean_center_header_left_menu":"0","ocean_custom_header_template":"0","ocean_custom_logo":0,"ocean_custom_retina_logo":0,"ocean_custom_logo_max_width":0,"ocean_custom_logo_tablet_max_width":0,"ocean_custom_logo_mobile_max_width":0,"ocean_custom_logo_max_height":0,"ocean_custom_logo_tablet_max_height":0,"ocean_custom_logo_mobile_max_height":0,"ocean_header_custom_menu":"0","ocean_menu_typo_font_family":"0","ocean_menu_typo_font_subset":"","ocean_menu_typo_font_size":0,"ocean_menu_typo_font_size_tablet":0,"ocean_menu_typo_font_size_mobile":0,"ocean_menu_typo_font_size_unit":"px","ocean_menu_typo_font_weight":"","ocean_menu_typo_font_weight_tablet":"","ocean_menu_typo_font_weight_mobile":"","ocean_menu_typo_transform":"","ocean_menu_typo_transform_tablet":"","ocean_menu_typo_transform_mobile":"","ocean_menu_typo_line_height":0,"ocean_menu_typo_line_height_tablet":0,"ocean_menu_typo_line_height_mobile":0,"ocean_menu_typo_line_height_unit":"","ocean_menu_typo_spacing":0,"ocean_menu_typo_spacing_tablet":0,"ocean_menu_typo_spacing_mobile":0,"ocean_menu_typo_spacing_unit":"","ocean_menu_link_color":"","ocean_menu_link_color_hover":"","ocean_menu_link_color_active":"","ocean_menu_link_background":"","ocean_menu_link_hover_background":"","ocean_menu_link_active_background":"","ocean_menu_social_links_bg":"","ocean_menu_social_hover_links_bg":"","ocean_menu_social_links_color":"","ocean_menu_social_hover_links_color":"","ocean_disable_title":"default","ocean_disable_heading":"default","ocean_post_title":"","ocean_post_subheading":"","ocean_post_title_style":"","ocean_post_title_background_color":"","ocean_post_title_background":0,"ocean_post_title_bg_image_position":"","ocean_post_title_bg_image_attachment":"","ocean_post_title_bg_image_repeat":"","ocean_post_title_bg_image_size":"","ocean_post_title_height":0,"ocean_post_title_bg_overlay":0.5,"ocean_post_title_bg_overlay_color":"","ocean_disable_breadcrumbs":"default","ocean_breadcrumbs_color":"","ocean_breadcrumbs_separator_color":"","ocean_breadcrumbs_links_color":"","ocean_breadcrumbs_links_hover_color":"","ocean_display_footer_widgets":"default","ocean_display_footer_bottom":"default","ocean_custom_footer_template":"0"},"product_brand":[],"product_cat":[13,47],"product_tag":[2639,3680,196,3116,1619],"class_list":{"0":"post-6942","1":"product","2":"type-product","3":"status-publish","4":"has-post-thumbnail","6":"product_cat-coleccionismo","7":"product_cat-medallas_y_monedas","8":"product_tag-coleccionismo","9":"product_tag-cruz-roja","10":"product_tag-medalla","11":"product_tag-republica","12":"product_tag-republica-espanola","13":"product_shipping_class-peso-0-a-1-kg","15":"entry","16":"has-media","18":"first","19":"instock","20":"sold-individually","21":"shipping-taxable","22":"purchasable","23":"product-type-simple","24":"has-product-nav","25":"col","26":"span_1_of_3","27":"owp-content-center","28":"owp-thumbs-layout-horizontal","29":"owp-btn-normal","30":"owp-tabs-layout-section"},"_links":{"self":[{"href":"https:\/\/www.darthy.com\/en\/wp-json\/wp\/v2\/product\/6942","targetHints":{"allow":["GET"]}}],"collection":[{"href":"https:\/\/www.darthy.com\/en\/wp-json\/wp\/v2\/product"}],"about":[{"href":"https:\/\/www.darthy.com\/en\/wp-json\/wp\/v2\/types\/product"}],"wp:featuredmedia":[{"embeddable":true,"href":"https:\/\/www.darthy.com\/en\/wp-json\/wp\/v2\/media\/6943"}],"wp:attachment":[{"href":"https:\/\/www.darthy.com\/en\/wp-json\/wp\/v2\/media?parent=6942"}],"wp:term":[{"taxonomy":"product_brand","embeddable":true,"href":"https:\/\/www.darthy.com\/en\/wp-json\/wp\/v2\/product_brand?post=6942"},{"taxonomy":"product_cat","embeddable":true,"href":"https:\/\/www.darthy.com\/en\/wp-json\/wp\/v2\/product_cat?post=6942"},{"taxonomy":"product_tag","embeddable":true,"href":"https:\/\/www.darthy.com\/en\/wp-json\/wp\/v2\/product_tag?post=6942"}],"curies":[{"name":"wp","href":"https:\/\/api.w.org\/{rel}","templated":true}]}}