{"id":6939,"date":"2026-01-20T10:15:48","date_gmt":"2026-01-20T10:15:48","guid":{"rendered":"https:\/\/www.darthy.com\/?post_type=product&#038;p=6939"},"modified":"2026-01-20T10:15:48","modified_gmt":"2026-01-20T10:15:48","slug":"medalla-festa-nacional-catalana","status":"publish","type":"product","link":"https:\/\/www.darthy.com\/en\/product\/medalla-festa-nacional-catalana\/","title":{"rendered":"MEDALLA FESTA NACIONAL CATALANA"},"content":{"rendered":"<p>Catalan National Festa Medal, Modernist<\/p>\n<div class=\"WaaZC\">\n<div class=\"RJPOee EIJn2\">\n<div class=\"rPeykc uP58nb MNX06c\" data-hveid=\"CAIQAQ\" data-ved=\"2ahUKEwjuxoSq8JmSAxVyTqQEHbKiBxgQo_EKegQIAhAB\"><span data-huuid=\"14357549396018641477\"><span role=\"heading\" aria-level=\"2\">This is a Modernist medal from the \u201cFesta Nacional Catalana\u201d (Catalan National Day) of 1905.<\/span><span class=\"pjBG2e\" data-cid=\"cba853c7-5cb9-49ce-a5dc-18f6a9b293b0\"><span class=\"UV3uM\"> De lat\u00f3n plateado.\u00a0<\/span><\/span><\/span><\/p>\n<div class=\"NPrrbc\" data-cid=\"cba853c7-5cb9-49ce-a5dc-18f6a9b293b0\" data-uuids=\"14357549396018641477\">\n<div class=\"BMebGe btku5b LwdV0e FR7ZSc OJeuxf\" tabindex=\"0\" role=\"button\" aria-label=\"Ver enlaces relacionados\" data-hveid=\"CAMQAQ\" data-ved=\"2ahUKEwjuxoSq8JmSAxVyTqQEHbKiBxgQ3fYKegQIAxAB\">\n<div class=\"niO4u\"><\/div>\n<\/div>\n<\/div>\n<\/div>\n<div data-hveid=\"CAIQAQ\" data-ved=\"2ahUKEwjuxoSq8JmSAxVyTqQEHbKiBxgQo_EKegQIAhAB\">It is preserved in very good condition.<\/div>\n<div data-hveid=\"CAIQAQ\" data-ved=\"2ahUKEwjuxoSq8JmSAxVyTqQEHbKiBxgQo_EKegQIAhAB\"><\/div>\n<div data-hveid=\"CAIQAQ\" data-ved=\"2ahUKEwjuxoSq8JmSAxVyTqQEHbKiBxgQo_EKegQIAhAB\"><strong>Medal details<\/strong><\/div>\n<\/div>\n<\/div>\n<div class=\"WaaZC\">\n<div class=\"RJPOee EIJn2\">\n<ul data-hveid=\"CAYQAQ\" data-ved=\"2ahUKEwjuxoSq8JmSAxVyTqQEHbKiBxgQm_YKegQIBhAB\">\n<li>Identification: Commemorative medal of the Catalan National Day.<\/li>\n<li>Date: Date of the year 1905.<\/li>\n<li>Design: It features the crowned coat of arms of Catalonia, with laurel and oak branches on the sides<\/li>\n<\/ul>\n<div id=\"tab-description\" class=\"woocommerce-Tabs-panel woocommerce-Tabs-panel--description panel entry-content wc-tab\" role=\"tabpanel\" aria-labelledby=\"tab-title-description\">\n<p>Our\u00a0<a href=\"https:\/\/www.darthy.com\/en\/politica-de-envios-y-devoluciones\/\">delivery service<\/a>\u00a0works every day in order to get your orders to you in 48 hours or less.<\/p>\n<p>In order for the material to arrive in the best conditions, our packaging is made with the utmost care, all our shipments are also insured in case of loss or breakage.<\/p>\n<p>Surely many of you know our physical store, many of the fans of Vintage HiFi and collecting has visited us. Because many of our friends can not visit us by distance, we decided to strengthen our website, so you can see our products almost coughing from your devices, so if you see something that may interest you, you can place your orders comfortably from your house.<\/p>\n<p>At the time of placing your order, we will make the shipment quickly so that you can enjoy it as soon as possible in your home.<\/p>\n<p>Our\u00a0<a href=\"https:\/\/www.darthy.com\/en\/politica-de-envios-y-devoluciones\/\">delivery service<\/a>\u00a0works every day in order to send your orders in 48 hours or less. With the purpose that the material arrives in the best conditions, our packages are made with the utmost care, all our shipments are also insured in case of loss or breakage.<\/p>\n<\/div>\n<div id=\"tab-additional_information\" class=\"woocommerce-Tabs-panel woocommerce-Tabs-panel--additional_information panel entry-content wc-tab\" role=\"tabpanel\" aria-labelledby=\"tab-title-additional_information\">\n<h2><\/h2>\n<\/div>\n<\/div>\n<\/div>","protected":false},"excerpt":{"rendered":"<p>Medalla Festa Nacional Catalana, Modernista Esta es una medalla Modernista de la &#8220;Festa Nacional Catalana&#8221; (Fiesta Nacional Catalana) de 1905. De lat\u00f3n plateado.\u00a0 Se conserva en muy buen estado. Detalles de la medalla Identificaci\u00f3n: Medalla conmemorativa de la Fiesta Nacional Catalana. Fecha: Data del a\u00f1o 1905. Dise\u00f1o: Presenta el escudo de Catalu\u00f1a coronado, con ramas [&hellip;]<\/p>\n","protected":false},"featured_media":6941,"template":"","meta":{"_exactmetrics_skip_tracking":false,"_exactmetrics_sitenote_active":false,"_exactmetrics_sitenote_note":"","_exactmetrics_sitenote_category":0,"ocean_post_layout":"","ocean_both_sidebars_style":"","ocean_both_sidebars_content_width":0,"ocean_both_sidebars_sidebars_width":0,"ocean_sidebar":"0","ocean_second_sidebar":"0","ocean_disable_margins":"enable","ocean_add_body_class":"","ocean_shortcode_before_top_bar":"","ocean_shortcode_after_top_bar":"","ocean_shortcode_before_header":"","ocean_shortcode_after_header":"","ocean_has_shortcode":"","ocean_shortcode_after_title":"","ocean_shortcode_before_footer_widgets":"","ocean_shortcode_after_footer_widgets":"","ocean_shortcode_before_footer_bottom":"","ocean_shortcode_after_footer_bottom":"","ocean_display_top_bar":"default","ocean_display_header":"default","ocean_header_style":"","ocean_center_header_left_menu":"0","ocean_custom_header_template":"0","ocean_custom_logo":0,"ocean_custom_retina_logo":0,"ocean_custom_logo_max_width":0,"ocean_custom_logo_tablet_max_width":0,"ocean_custom_logo_mobile_max_width":0,"ocean_custom_logo_max_height":0,"ocean_custom_logo_tablet_max_height":0,"ocean_custom_logo_mobile_max_height":0,"ocean_header_custom_menu":"0","ocean_menu_typo_font_family":"0","ocean_menu_typo_font_subset":"","ocean_menu_typo_font_size":0,"ocean_menu_typo_font_size_tablet":0,"ocean_menu_typo_font_size_mobile":0,"ocean_menu_typo_font_size_unit":"px","ocean_menu_typo_font_weight":"","ocean_menu_typo_font_weight_tablet":"","ocean_menu_typo_font_weight_mobile":"","ocean_menu_typo_transform":"","ocean_menu_typo_transform_tablet":"","ocean_menu_typo_transform_mobile":"","ocean_menu_typo_line_height":0,"ocean_menu_typo_line_height_tablet":0,"ocean_menu_typo_line_height_mobile":0,"ocean_menu_typo_line_height_unit":"","ocean_menu_typo_spacing":0,"ocean_menu_typo_spacing_tablet":0,"ocean_menu_typo_spacing_mobile":0,"ocean_menu_typo_spacing_unit":"","ocean_menu_link_color":"","ocean_menu_link_color_hover":"","ocean_menu_link_color_active":"","ocean_menu_link_background":"","ocean_menu_link_hover_background":"","ocean_menu_link_active_background":"","ocean_menu_social_links_bg":"","ocean_menu_social_hover_links_bg":"","ocean_menu_social_links_color":"","ocean_menu_social_hover_links_color":"","ocean_disable_title":"default","ocean_disable_heading":"default","ocean_post_title":"","ocean_post_subheading":"","ocean_post_title_style":"","ocean_post_title_background_color":"","ocean_post_title_background":0,"ocean_post_title_bg_image_position":"","ocean_post_title_bg_image_attachment":"","ocean_post_title_bg_image_repeat":"","ocean_post_title_bg_image_size":"","ocean_post_title_height":0,"ocean_post_title_bg_overlay":0.5,"ocean_post_title_bg_overlay_color":"","ocean_disable_breadcrumbs":"default","ocean_breadcrumbs_color":"","ocean_breadcrumbs_separator_color":"","ocean_breadcrumbs_links_color":"","ocean_breadcrumbs_links_hover_color":"","ocean_display_footer_widgets":"default","ocean_display_footer_bottom":"default","ocean_custom_footer_template":"0"},"product_brand":[],"product_cat":[13,47],"product_tag":[2639,196,3679,3323],"class_list":{"0":"post-6939","1":"product","2":"type-product","3":"status-publish","4":"has-post-thumbnail","6":"product_cat-coleccionismo","7":"product_cat-medallas_y_monedas","8":"product_tag-coleccionismo","9":"product_tag-medalla","10":"product_tag-modernisme","11":"product_tag-modernismo","12":"product_shipping_class-peso-0-a-1-kg","14":"entry","15":"has-media","17":"first","18":"instock","19":"sold-individually","20":"shipping-taxable","21":"purchasable","22":"product-type-simple","23":"has-product-nav","24":"col","25":"span_1_of_3","26":"owp-content-center","27":"owp-thumbs-layout-horizontal","28":"owp-btn-normal","29":"owp-tabs-layout-section"},"_links":{"self":[{"href":"https:\/\/www.darthy.com\/en\/wp-json\/wp\/v2\/product\/6939","targetHints":{"allow":["GET"]}}],"collection":[{"href":"https:\/\/www.darthy.com\/en\/wp-json\/wp\/v2\/product"}],"about":[{"href":"https:\/\/www.darthy.com\/en\/wp-json\/wp\/v2\/types\/product"}],"wp:featuredmedia":[{"embeddable":true,"href":"https:\/\/www.darthy.com\/en\/wp-json\/wp\/v2\/media\/6941"}],"wp:attachment":[{"href":"https:\/\/www.darthy.com\/en\/wp-json\/wp\/v2\/media?parent=6939"}],"wp:term":[{"taxonomy":"product_brand","embeddable":true,"href":"https:\/\/www.darthy.com\/en\/wp-json\/wp\/v2\/product_brand?post=6939"},{"taxonomy":"product_cat","embeddable":true,"href":"https:\/\/www.darthy.com\/en\/wp-json\/wp\/v2\/product_cat?post=6939"},{"taxonomy":"product_tag","embeddable":true,"href":"https:\/\/www.darthy.com\/en\/wp-json\/wp\/v2\/product_tag?post=6939"}],"curies":[{"name":"wp","href":"https:\/\/api.w.org\/{rel}","templated":true}]}}