{"id":6692,"date":"2025-11-06T17:14:33","date_gmt":"2025-11-06T17:14:33","guid":{"rendered":"https:\/\/www.darthy.com\/?post_type=product&#038;p=6692"},"modified":"2026-03-30T14:15:52","modified_gmt":"2026-03-30T14:15:52","slug":"nikon-fm2-nikkor-50mm-11-4","status":"publish","type":"product","link":"https:\/\/www.darthy.com\/en\/product\/nikon-fm2-nikkor-50mm-11-4\/","title":{"rendered":"NIKON FM2 \/ NIKKOR 50mm 1:1.4"},"content":{"rendered":"<h3>Nikkon FM2 \/ Nikkor 50mm 1:1.4<\/h3>\n<p>La <b>Nikon FM2<\/b> es una c\u00e1mara reflex de 35mm (fotograma de 24x36mm) con obturador de plano focal mec\u00e1nico, fabricada por <a class=\"mw-redirect\" title=\"Nikon Corporation\" href=\"https:\/\/es.wikipedia.org\/wiki\/Nikon_Corporation\">Nikon Corporation<\/a> entre 1982 y 2001. Es un cl\u00e1sico de la fotografia. La pila alimenta \u00fanicamente el fot\u00f3metro incorporado. Sin pila el obturador y el avance de pel\u00edcula funcionan al 100 %.<\/p>\n<p>Good condition.<\/p>\n<p>All our devices are reviewed, scrupulously respecting the manufacturer's original characteristics.<\/p>\n<p>Including prior maintenance by our technicians to leave the device in optimal conditions.<\/p>\n<p><strong>Nikkor 50mm 1:1.4 Especificaciones t\u00e9cnicas:<\/strong><\/p>\n<div class=\"grid grid-flow-col grid-cols-5 gap-5 border-grey-500\/40 border-b border-solid py-5 first:border-t xl:grid-cols-12 xl:gap-4 xl:py-10\" data-testid=\"CT-16-Technical-Specification-Item-0\">\n<ul>\n<li class=\"col-span-4 grid grid-flow-row items-center xl:col-span-12 xl:grid-flow-col xl:grid-cols-12 xl:gap-4\"><span class=\"h6 pb-2 xl:col-span-3 dark:text-white\" data-testid=\"CT-16-Technical-Specification-Item-0-Title\">Distancia focal<\/span><span class=\"body-one col-span-9 text-grey-600 dark:text-grey-500\" data-testid=\"CT-16-Technical-Specification-Item-0-Text\">50\u00a0mm<\/span>\n<div class=\"col-span-4 grid grid-flow-row items-center xl:col-span-12 xl:grid-flow-col xl:grid-cols-12 xl:gap-4\"><span class=\"h6 pb-2 xl:col-span-3 dark:text-white\" data-testid=\"CT-16-Technical-Specification-Item-1-Title\">Diafragma m\u00e1ximo<\/span><span class=\"body-one col-span-9 text-grey-600 dark:text-grey-500\" data-testid=\"CT-16-Technical-Specification-Item-1-Text\">f\/1.4<\/span><\/div>\n<\/li>\n<li class=\"col-span-4 grid grid-flow-row items-center xl:col-span-12 xl:grid-flow-col xl:grid-cols-12 xl:gap-4\">\n<div class=\"col-span-4 grid grid-flow-row items-center xl:col-span-12 xl:grid-flow-col xl:grid-cols-12 xl:gap-4\"><span class=\"h6 pb-2 xl:col-span-3 dark:text-white\" data-testid=\"CT-16-Technical-Specification-Item-2-Title\">Diafragma m\u00ednimo<\/span><span class=\"body-one col-span-9 text-grey-600 dark:text-grey-500\" data-testid=\"CT-16-Technical-Specification-Item-2-Text\">f\/16<\/span><\/div>\n<\/li>\n<li class=\"col-span-4 grid grid-flow-row items-center xl:col-span-12 xl:grid-flow-col xl:grid-cols-12 xl:gap-4\">\n<div class=\"col-span-4 grid grid-flow-row items-center xl:col-span-12 xl:grid-flow-col xl:grid-cols-12 xl:gap-4\"><span class=\"h6 pb-2 xl:col-span-3 dark:text-white\" data-testid=\"CT-16-Technical-Specification-Item-3-Title\">Construcci\u00f3n del objetivo<\/span><span class=\"body-one col-span-9 text-grey-600 dark:text-grey-500\" data-testid=\"CT-16-Technical-Specification-Item-3-Text\">8 elementos en 7 grupos<\/span><\/div>\n<\/li>\n<li class=\"col-span-4 grid grid-flow-row items-center xl:col-span-12 xl:grid-flow-col xl:grid-cols-12 xl:gap-4\">\n<div class=\"col-span-4 grid grid-flow-row items-center xl:col-span-12 xl:grid-flow-col xl:grid-cols-12 xl:gap-4\"><span class=\"h6 pb-2 xl:col-span-3 dark:text-white\" data-testid=\"CT-16-Technical-Specification-Item-4-Title\">\u00c1ngulo de visi\u00f3n<\/span><span class=\"body-one col-span-9 text-grey-600 dark:text-grey-500\" data-testid=\"CT-16-Technical-Specification-Item-4-Text\">46\u00b0<\/span><\/div>\n<\/li>\n<li class=\"col-span-4 grid grid-flow-row items-center xl:col-span-12 xl:grid-flow-col xl:grid-cols-12 xl:gap-4\">\n<div class=\"col-span-4 grid grid-flow-row items-center xl:col-span-12 xl:grid-flow-col xl:grid-cols-12 xl:gap-4\">Distancia de enfoque m\u00ednima: <span class=\"body-one col-span-9 text-grey-600 dark:text-grey-500\" data-testid=\"CT-16-Technical-Specification-Item-5-Text\">0,45 m<\/span><\/div>\n<\/li>\n<li class=\"col-span-4 grid grid-flow-row items-center xl:col-span-12 xl:grid-flow-col xl:grid-cols-12 xl:gap-4\">\n<div class=\"col-span-4 grid grid-flow-row items-center xl:col-span-12 xl:grid-flow-col xl:grid-cols-12 xl:gap-4\"><span class=\"h6 pb-2 xl:col-span-3 dark:text-white\" data-testid=\"CT-16-Technical-Specification-Item-6-Title\">Relaci\u00f3n de reproducci\u00f3n m\u00e1xima<\/span><span class=\"body-one col-span-9 text-grey-600 dark:text-grey-500\" data-testid=\"CT-16-Technical-Specification-Item-6-Text\">0,15 aumentos<\/span><\/div>\n<\/li>\n<li class=\"col-span-4 grid grid-flow-row items-center xl:col-span-12 xl:grid-flow-col xl:grid-cols-12 xl:gap-4\">\n<div class=\"col-span-4 grid grid-flow-row items-center xl:col-span-12 xl:grid-flow-col xl:grid-cols-12 xl:gap-4\"><span class=\"h6 pb-2 xl:col-span-3 dark:text-white\" data-testid=\"CT-16-Technical-Specification-Item-7-Title\">N.\u00ba de l\u00e1minas del diafragma<\/span><span class=\"body-one col-span-9 text-grey-600 dark:text-grey-500\" data-testid=\"CT-16-Technical-Specification-Item-7-Text\">9 (redondeadas)<\/span><\/div>\n<\/li>\n<\/ul>\n<\/div>\n<p>Our\u00a0<a href=\"https:\/\/www.darthy.com\/en\/politica-de-envios-y-devoluciones\/\">delivery service<\/a>\u00a0works every day in order to get your orders to you in 48 hours or less.<\/p>\n<div id=\"tab-description\" class=\"woocommerce-Tabs-panel woocommerce-Tabs-panel--description panel entry-content wc-tab\" role=\"tabpanel\" aria-labelledby=\"tab-title-description\">\n<p>To ensure your items arrive in the best possible condition, our packaging is made with the utmost care, and all our shipments are also insured against loss or breakage.<\/p>\n<p>Surely many of you know our physical store, many of the fans of Vintage HiFi and collecting has visited us. Because many of our friends can not visit us by distance, we decided to strengthen our website, so you can see our products almost coughing from your devices, so if you see something that may interest you, you can place your orders comfortably from your house.<\/p>\n<p>At the time of placing your order, we will make the shipment quickly so that you can enjoy it as soon as possible in your home.<\/p>\n<p>Our\u00a0<a href=\"https:\/\/www.darthy.com\/en\/politica-de-envios-y-devoluciones\/\">delivery service<\/a>\u00a0works every day in order to send your orders in 48 hours or less. With the purpose that the material arrives in the best conditions, our packages are made with the utmost care, all our shipments are also insured in case of loss or breakage.<\/p>\n<\/div>","protected":false},"excerpt":{"rendered":"<p>Nikkon FM2 \/ Nikkor 50mm 1:1.4 La Nikon FM2 es una c\u00e1mara reflex de 35mm (fotograma de 24x36mm) con obturador de plano focal mec\u00e1nico, fabricada por Nikon Corporation entre 1982 y 2001. Es un cl\u00e1sico de la fotografia. La pila alimenta \u00fanicamente el fot\u00f3metro incorporado. Sin pila el obturador y el avance de pel\u00edcula funcionan [&hellip;]<\/p>\n","protected":false},"featured_media":6699,"template":"","meta":{"_exactmetrics_skip_tracking":false,"_exactmetrics_sitenote_active":false,"_exactmetrics_sitenote_note":"","_exactmetrics_sitenote_category":0,"ocean_post_layout":"","ocean_both_sidebars_style":"","ocean_both_sidebars_content_width":0,"ocean_both_sidebars_sidebars_width":0,"ocean_sidebar":"0","ocean_second_sidebar":"0","ocean_disable_margins":"enable","ocean_add_body_class":"","ocean_shortcode_before_top_bar":"","ocean_shortcode_after_top_bar":"","ocean_shortcode_before_header":"","ocean_shortcode_after_header":"","ocean_has_shortcode":"","ocean_shortcode_after_title":"","ocean_shortcode_before_footer_widgets":"","ocean_shortcode_after_footer_widgets":"","ocean_shortcode_before_footer_bottom":"","ocean_shortcode_after_footer_bottom":"","ocean_display_top_bar":"default","ocean_display_header":"default","ocean_header_style":"","ocean_center_header_left_menu":"0","ocean_custom_header_template":"0","ocean_custom_logo":0,"ocean_custom_retina_logo":0,"ocean_custom_logo_max_width":0,"ocean_custom_logo_tablet_max_width":0,"ocean_custom_logo_mobile_max_width":0,"ocean_custom_logo_max_height":0,"ocean_custom_logo_tablet_max_height":0,"ocean_custom_logo_mobile_max_height":0,"ocean_header_custom_menu":"0","ocean_menu_typo_font_family":"0","ocean_menu_typo_font_subset":"","ocean_menu_typo_font_size":0,"ocean_menu_typo_font_size_tablet":0,"ocean_menu_typo_font_size_mobile":0,"ocean_menu_typo_font_size_unit":"px","ocean_menu_typo_font_weight":"","ocean_menu_typo_font_weight_tablet":"","ocean_menu_typo_font_weight_mobile":"","ocean_menu_typo_transform":"","ocean_menu_typo_transform_tablet":"","ocean_menu_typo_transform_mobile":"","ocean_menu_typo_line_height":0,"ocean_menu_typo_line_height_tablet":0,"ocean_menu_typo_line_height_mobile":0,"ocean_menu_typo_line_height_unit":"","ocean_menu_typo_spacing":0,"ocean_menu_typo_spacing_tablet":0,"ocean_menu_typo_spacing_mobile":0,"ocean_menu_typo_spacing_unit":"","ocean_menu_link_color":"","ocean_menu_link_color_hover":"","ocean_menu_link_color_active":"","ocean_menu_link_background":"","ocean_menu_link_hover_background":"","ocean_menu_link_active_background":"","ocean_menu_social_links_bg":"","ocean_menu_social_hover_links_bg":"","ocean_menu_social_links_color":"","ocean_menu_social_hover_links_color":"","ocean_disable_title":"default","ocean_disable_heading":"default","ocean_post_title":"","ocean_post_subheading":"","ocean_post_title_style":"","ocean_post_title_background_color":"","ocean_post_title_background":0,"ocean_post_title_bg_image_position":"","ocean_post_title_bg_image_attachment":"","ocean_post_title_bg_image_repeat":"","ocean_post_title_bg_image_size":"","ocean_post_title_height":0,"ocean_post_title_bg_overlay":0.5,"ocean_post_title_bg_overlay_color":"","ocean_disable_breadcrumbs":"default","ocean_breadcrumbs_color":"","ocean_breadcrumbs_separator_color":"","ocean_breadcrumbs_links_color":"","ocean_breadcrumbs_links_hover_color":"","ocean_display_footer_widgets":"default","ocean_display_footer_bottom":"default","ocean_custom_footer_template":"0"},"product_brand":[3505],"product_cat":[36,37,38,2158],"product_tag":[2802,3506,3510,3508,388,3507,3509],"class_list":{"0":"post-6692","1":"product","2":"type-product","3":"status-publish","4":"has-post-thumbnail","6":"product_brand-nikon","7":"product_cat-fotografia","8":"product_cat-camaras","9":"product_cat-objetivos","10":"product_cat-sin-categorizar","11":"product_tag-camara-fotografica","12":"product_tag-camara-nikon","13":"product_tag-nikkor","14":"product_tag-nikkor-55-1-4","15":"product_tag-nikon","16":"product_tag-nikon-fm2","17":"product_tag-objetivo-nikkor","18":"product_shipping_class-peso-1-a-5-kg","20":"entry","21":"has-media","23":"first","24":"outofstock","25":"sold-individually","26":"shipping-taxable","27":"purchasable","28":"product-type-simple","29":"has-product-nav","30":"col","31":"span_1_of_3","32":"owp-content-center","33":"owp-thumbs-layout-horizontal","34":"owp-btn-normal","35":"owp-tabs-layout-section"},"_links":{"self":[{"href":"https:\/\/www.darthy.com\/en\/wp-json\/wp\/v2\/product\/6692","targetHints":{"allow":["GET"]}}],"collection":[{"href":"https:\/\/www.darthy.com\/en\/wp-json\/wp\/v2\/product"}],"about":[{"href":"https:\/\/www.darthy.com\/en\/wp-json\/wp\/v2\/types\/product"}],"wp:featuredmedia":[{"embeddable":true,"href":"https:\/\/www.darthy.com\/en\/wp-json\/wp\/v2\/media\/6699"}],"wp:attachment":[{"href":"https:\/\/www.darthy.com\/en\/wp-json\/wp\/v2\/media?parent=6692"}],"wp:term":[{"taxonomy":"product_brand","embeddable":true,"href":"https:\/\/www.darthy.com\/en\/wp-json\/wp\/v2\/product_brand?post=6692"},{"taxonomy":"product_cat","embeddable":true,"href":"https:\/\/www.darthy.com\/en\/wp-json\/wp\/v2\/product_cat?post=6692"},{"taxonomy":"product_tag","embeddable":true,"href":"https:\/\/www.darthy.com\/en\/wp-json\/wp\/v2\/product_tag?post=6692"}],"curies":[{"name":"wp","href":"https:\/\/api.w.org\/{rel}","templated":true}]}}