{"id":6406,"date":"2025-07-31T16:47:17","date_gmt":"2025-07-31T16:47:17","guid":{"rendered":"https:\/\/www.darthy.com\/?post_type=product&#038;p=6406"},"modified":"2025-07-31T16:47:17","modified_gmt":"2025-07-31T16:47:17","slug":"akai-gx-630d","status":"publish","type":"product","link":"https:\/\/www.darthy.com\/en\/product\/akai-gx-630d\/","title":{"rendered":"AKAI GX-630D"},"content":{"rendered":"<h3>Akai GX-630D<\/h3>\n<p>Reel to reel vintage de una gran calidad de sonido. Se encuentra en muy buen estado con las marcas t\u00edpicas del paso del tiempo.<\/p>\n<p>Made in Japan<\/p>\n<p>Accesorios no incluidos (bobinas y nabs).<\/p>\n<p>Caja de madera.<\/p>\n<p>Como es bien sabido, el n\u00facleo del cabezal GX de Akai est\u00e1 hecho de ferrita de cristal y montado sobre vidrio. Las superiores propiedades magn\u00e9ticas del material del cabezal y su procesamiento especial permitieron la formaci\u00f3n de un espacio entre cabezales superficial y perfectamente lineal, un contorno angular agudo en la superficie del cabezal y la concentraci\u00f3n del campo magn\u00e9tico en un radio oblongo definido.<\/p>\n<p>Este sistema de campo enfocado elimina la ecualizaci\u00f3n excesiva, minimiza la p\u00e9rdida de alta frecuencia y logra un rango din\u00e1mico m\u00e1s amplio.<\/p>\n<p>Adem\u00e1s, se elimina la p\u00e9rdida de sonido, se mejora el contacto entre el cabezal y la cinta y la relaci\u00f3n se\u00f1al-ruido, y la dureza de los materiales del cabezal proporciona caracter\u00edsticas libres de polvo y desgaste para un rendimiento m\u00e1s duradero. El GX-630D presenta un rango de respuesta de frecuencia claro de hasta 25.000 Hz con cinta Akai LN-150-7.<br \/>\nAll our devices are reviewed, scrupulously respecting the manufacturer's original characteristics.<\/p>\n<p>Including prior maintenance by our technicians to leave the device in optimal conditions.<\/p>\n<p><strong>Specifications <\/strong><\/p>\n<ul>\n<li>Track system: 4-track, 2-channel, stereo\/monaural system<\/li>\n<li>Heads: 1 x playback, 1 x record, 1 x erase<\/li>\n<li>Motor: 2 x reel drive, 1 x capstan<\/li>\n<li>Reel size: up to 10.5 inch reel<\/li>\n<li>Tape speeds: 3 <span class=\"small_fraction\"><sup>3<\/sup>\u2044<sub>4<\/sub><\/span>\u00a0\u00a07 <span class=\"small_fraction\"><sup>1<\/sup>\u2044<sub>2<\/sub><\/span> ips<\/li>\n<li>Wow and flutter: 0.06% <span class=\"small_fraction\">(7 <sup>1<\/sup>\u2044<sub>2<\/sub> ips)<\/span><\/li>\n<li>Frequency response: 30Hz to 25kHz <span class=\"small_fraction\">(7 <sup>1<\/sup>\u2044<sub>2<\/sub> ips)<\/span><\/li>\n<li>Signal to Noise Ratio: 57dB<\/li>\n<li>Total harmonic distortion: 0.5%<\/li>\n<li>Input: 70mV (line), 2.5mV (DIN), 0.25mV (mic)<\/li>\n<li>Output: 0.775V (line), 30V (DIN)<\/li>\n<li>Semiconductors: 50 x transistors, 57 x diodes<\/li>\n<li>Dimensions: 465 x 440 x 240mm<\/li>\n<li>Weight: 19kg<\/li>\n<\/ul>\n<p>Our\u00a0<a href=\"https:\/\/www.darthy.com\/en\/politica-de-envios-y-devoluciones\/\">delivery service<\/a>\u00a0works every day in order to get your orders to you in 48 hours or less.<\/p>\n<p>Con el proposito de que el materia llegue en las mejores condiciones, nuestro embalajes estan hechos con el m\u00e1ximo esmero, todos nuestros envios, tambien estan asegurados en caso de extravio o rotura.<\/p>\n<p>Surely many of you know our physical store, many of the fans of Vintage HiFi and collecting has visited us. Because many of our friends can not visit us by distance, we decided to strengthen our website, so you can see our products almost coughing from your devices, so if you see something that may interest you, you can place your orders comfortably from your house.<\/p>\n<p>At the time of placing your order, we will make the shipment quickly so that you can enjoy it as soon as possible in your home.<\/p>\n<p>Our\u00a0<a href=\"https:\/\/www.darthy.com\/en\/politica-de-envios-y-devoluciones\/\">delivery service<\/a>\u00a0works every day in order to send your orders in 48 hours or less. With the purpose that the material arrives in the best conditions, our packages are made with the utmost care, all our shipments are also insured in case of loss or breakage.<\/p>\n<p>&nbsp;<\/p>","protected":false},"excerpt":{"rendered":"<p>Akai GX-630D Reel to reel vintage de una gran calidad de sonido. Se encuentra en muy buen estado con las marcas t\u00edpicas del paso del tiempo. Fabricado en Jap\u00f3n. Accesorios no incluidos (bobinas y nabs). Caja de madera. Como es bien sabido, el n\u00facleo del cabezal GX de Akai est\u00e1 hecho de ferrita de cristal [&hellip;]<\/p>\n","protected":false},"featured_media":6419,"template":"","meta":{"_exactmetrics_skip_tracking":false,"_exactmetrics_sitenote_active":false,"_exactmetrics_sitenote_note":"","_exactmetrics_sitenote_category":0,"ocean_post_layout":"","ocean_both_sidebars_style":"","ocean_both_sidebars_content_width":0,"ocean_both_sidebars_sidebars_width":0,"ocean_sidebar":"0","ocean_second_sidebar":"0","ocean_disable_margins":"enable","ocean_add_body_class":"","ocean_shortcode_before_top_bar":"","ocean_shortcode_after_top_bar":"","ocean_shortcode_before_header":"","ocean_shortcode_after_header":"","ocean_has_shortcode":"","ocean_shortcode_after_title":"","ocean_shortcode_before_footer_widgets":"","ocean_shortcode_after_footer_widgets":"","ocean_shortcode_before_footer_bottom":"","ocean_shortcode_after_footer_bottom":"","ocean_display_top_bar":"default","ocean_display_header":"default","ocean_header_style":"","ocean_center_header_left_menu":"0","ocean_custom_header_template":"0","ocean_custom_logo":0,"ocean_custom_retina_logo":0,"ocean_custom_logo_max_width":0,"ocean_custom_logo_tablet_max_width":0,"ocean_custom_logo_mobile_max_width":0,"ocean_custom_logo_max_height":0,"ocean_custom_logo_tablet_max_height":0,"ocean_custom_logo_mobile_max_height":0,"ocean_header_custom_menu":"0","ocean_menu_typo_font_family":"0","ocean_menu_typo_font_subset":"","ocean_menu_typo_font_size":0,"ocean_menu_typo_font_size_tablet":0,"ocean_menu_typo_font_size_mobile":0,"ocean_menu_typo_font_size_unit":"px","ocean_menu_typo_font_weight":"","ocean_menu_typo_font_weight_tablet":"","ocean_menu_typo_font_weight_mobile":"","ocean_menu_typo_transform":"","ocean_menu_typo_transform_tablet":"","ocean_menu_typo_transform_mobile":"","ocean_menu_typo_line_height":0,"ocean_menu_typo_line_height_tablet":0,"ocean_menu_typo_line_height_mobile":0,"ocean_menu_typo_line_height_unit":"","ocean_menu_typo_spacing":0,"ocean_menu_typo_spacing_tablet":0,"ocean_menu_typo_spacing_mobile":0,"ocean_menu_typo_spacing_unit":"","ocean_menu_link_color":"","ocean_menu_link_color_hover":"","ocean_menu_link_color_active":"","ocean_menu_link_background":"","ocean_menu_link_hover_background":"","ocean_menu_link_active_background":"","ocean_menu_social_links_bg":"","ocean_menu_social_hover_links_bg":"","ocean_menu_social_links_color":"","ocean_menu_social_hover_links_color":"","ocean_disable_title":"default","ocean_disable_heading":"default","ocean_post_title":"","ocean_post_subheading":"","ocean_post_title_style":"","ocean_post_title_background_color":"","ocean_post_title_background":0,"ocean_post_title_bg_image_position":"","ocean_post_title_bg_image_attachment":"","ocean_post_title_bg_image_repeat":"","ocean_post_title_bg_image_size":"","ocean_post_title_height":0,"ocean_post_title_bg_overlay":0.5,"ocean_post_title_bg_overlay_color":"","ocean_disable_breadcrumbs":"default","ocean_breadcrumbs_color":"","ocean_breadcrumbs_separator_color":"","ocean_breadcrumbs_links_color":"","ocean_breadcrumbs_links_hover_color":"","ocean_display_footer_widgets":"default","ocean_display_footer_bottom":"default","ocean_custom_footer_template":"0"},"product_brand":[3322],"product_cat":[11],"product_tag":[1797,3311,3310,467,277,3309,276],"class_list":{"0":"post-6406","1":"product","2":"type-product","3":"status-publish","4":"has-post-thumbnail","6":"product_brand-akai","7":"product_cat-magnetofonos-reel-to-reel","8":"product_tag-akai","9":"product_tag-akai-gx-630-d","10":"product_tag-akai-gx-630d","11":"product_tag-akai-reel-to-reel","12":"product_tag-magnetofono","13":"product_tag-magnetofono-akai","14":"product_tag-reel-to-reel","15":"product_shipping_class-peso-10-a-30-kg","17":"entry","18":"has-media","20":"first","21":"instock","22":"sold-individually","23":"shipping-taxable","24":"purchasable","25":"product-type-simple","26":"has-product-nav","27":"col","28":"span_1_of_3","29":"owp-content-center","30":"owp-thumbs-layout-horizontal","31":"owp-btn-normal","32":"owp-tabs-layout-section"},"_links":{"self":[{"href":"https:\/\/www.darthy.com\/en\/wp-json\/wp\/v2\/product\/6406","targetHints":{"allow":["GET"]}}],"collection":[{"href":"https:\/\/www.darthy.com\/en\/wp-json\/wp\/v2\/product"}],"about":[{"href":"https:\/\/www.darthy.com\/en\/wp-json\/wp\/v2\/types\/product"}],"wp:featuredmedia":[{"embeddable":true,"href":"https:\/\/www.darthy.com\/en\/wp-json\/wp\/v2\/media\/6419"}],"wp:attachment":[{"href":"https:\/\/www.darthy.com\/en\/wp-json\/wp\/v2\/media?parent=6406"}],"wp:term":[{"taxonomy":"product_brand","embeddable":true,"href":"https:\/\/www.darthy.com\/en\/wp-json\/wp\/v2\/product_brand?post=6406"},{"taxonomy":"product_cat","embeddable":true,"href":"https:\/\/www.darthy.com\/en\/wp-json\/wp\/v2\/product_cat?post=6406"},{"taxonomy":"product_tag","embeddable":true,"href":"https:\/\/www.darthy.com\/en\/wp-json\/wp\/v2\/product_tag?post=6406"}],"curies":[{"name":"wp","href":"https:\/\/api.w.org\/{rel}","templated":true}]}}