{"id":6196,"date":"2025-06-13T07:26:22","date_gmt":"2025-06-13T07:26:22","guid":{"rendered":"https:\/\/www.darthy.com\/?post_type=product&#038;p=6196"},"modified":"2025-06-13T09:21:30","modified_gmt":"2025-06-13T09:21:30","slug":"figura-lladro-dama-con-galgo-afgano","status":"publish","type":"product","link":"https:\/\/www.darthy.com\/en\/product\/figura-lladro-dama-con-galgo-afgano\/","title":{"rendered":"FIGURA LLADR\u00d3 DAMA CON GALGO AFGANO"},"content":{"rendered":"<h3>Figura Lladr\u00f3 Dama con Galgo Afgano<\/h3>\n<p>Large glossy Lladr\u00f3 porcelain figurine of a woman with a headscarf, accompanied by her elegant Afghan hound.<\/p>\n<p>Great size, measuring 41cm x 25cm x 12cm.<\/p>\n<p>With house seal and incised numbering.<\/p>\n<p>Ideal for collectors.<\/p>\n<p>Circa 1960 this piece was designed by the sculptor Fulgencio Garc\u00eda.<\/p>\n<p>Our\u00a0<a href=\"https:\/\/www.darthy.com\/en\/politica-de-envios-y-devoluciones\/\">delivery service<\/a>\u00a0works every day in order to get your orders to you in 48 hours or less.<\/p>\n<p>To ensure your items arrive in the best possible condition, our packaging is made with the utmost care, and all our shipments are also insured against loss or breakage.<\/p>\n<p>Surely many of you know our physical store, many of the fans of Vintage HiFi and collecting has visited us. Because many of our friends can not visit us by distance, we decided to strengthen our website, so you can see our products almost coughing from your devices, so if you see something that may interest you, you can place your orders comfortably from your house.<\/p>\n<p>At the time of placing your order, we will make the shipment quickly so that you can enjoy it as soon as possible in your home.<\/p>\n<p>Our\u00a0<a href=\"https:\/\/www.darthy.com\/en\/politica-de-envios-y-devoluciones\/\">delivery service<\/a>\u00a0works every day in order to send your orders in 48 hours or less. With the purpose that the material arrives in the best conditions, our packages are made with the utmost care, all our shipments are also insured in case of loss or breakage.<\/p>","protected":false},"excerpt":{"rendered":"<p>Figura Lladr\u00f3 Dama con Galgo Afgano Gran figura de porcelana de Lladr\u00f3 de brillo, mujer con pa\u00f1uelo, acompa\u00f1ada por su elegante perro de raza galgo afgano. Gran tama\u00f1o, mide 41 cm x 25 cm x 12 cm. Con sello de la casa y numeraci\u00f3n incisa. Ideal para coleccionistas. Circa 1960 esta pieza fue dise\u00f1ada por [&hellip;]<\/p>\n","protected":false},"featured_media":6158,"template":"","meta":{"_exactmetrics_skip_tracking":false,"_exactmetrics_sitenote_active":false,"_exactmetrics_sitenote_note":"","_exactmetrics_sitenote_category":0,"ocean_post_layout":"","ocean_both_sidebars_style":"","ocean_both_sidebars_content_width":0,"ocean_both_sidebars_sidebars_width":0,"ocean_sidebar":"0","ocean_second_sidebar":"0","ocean_disable_margins":"enable","ocean_add_body_class":"","ocean_shortcode_before_top_bar":"","ocean_shortcode_after_top_bar":"","ocean_shortcode_before_header":"","ocean_shortcode_after_header":"","ocean_has_shortcode":"","ocean_shortcode_after_title":"","ocean_shortcode_before_footer_widgets":"","ocean_shortcode_after_footer_widgets":"","ocean_shortcode_before_footer_bottom":"","ocean_shortcode_after_footer_bottom":"","ocean_display_top_bar":"default","ocean_display_header":"default","ocean_header_style":"","ocean_center_header_left_menu":"0","ocean_custom_header_template":"0","ocean_custom_logo":0,"ocean_custom_retina_logo":0,"ocean_custom_logo_max_width":0,"ocean_custom_logo_tablet_max_width":0,"ocean_custom_logo_mobile_max_width":0,"ocean_custom_logo_max_height":0,"ocean_custom_logo_tablet_max_height":0,"ocean_custom_logo_mobile_max_height":0,"ocean_header_custom_menu":"0","ocean_menu_typo_font_family":"0","ocean_menu_typo_font_subset":"","ocean_menu_typo_font_size":0,"ocean_menu_typo_font_size_tablet":0,"ocean_menu_typo_font_size_mobile":0,"ocean_menu_typo_font_size_unit":"px","ocean_menu_typo_font_weight":"","ocean_menu_typo_font_weight_tablet":"","ocean_menu_typo_font_weight_mobile":"","ocean_menu_typo_transform":"","ocean_menu_typo_transform_tablet":"","ocean_menu_typo_transform_mobile":"","ocean_menu_typo_line_height":0,"ocean_menu_typo_line_height_tablet":0,"ocean_menu_typo_line_height_mobile":0,"ocean_menu_typo_line_height_unit":"","ocean_menu_typo_spacing":0,"ocean_menu_typo_spacing_tablet":0,"ocean_menu_typo_spacing_mobile":0,"ocean_menu_typo_spacing_unit":"","ocean_menu_link_color":"","ocean_menu_link_color_hover":"","ocean_menu_link_color_active":"","ocean_menu_link_background":"","ocean_menu_link_hover_background":"","ocean_menu_link_active_background":"","ocean_menu_social_links_bg":"","ocean_menu_social_hover_links_bg":"","ocean_menu_social_links_color":"","ocean_menu_social_hover_links_color":"","ocean_disable_title":"default","ocean_disable_heading":"default","ocean_post_title":"","ocean_post_subheading":"","ocean_post_title_style":"","ocean_post_title_background_color":"","ocean_post_title_background":0,"ocean_post_title_bg_image_position":"","ocean_post_title_bg_image_attachment":"","ocean_post_title_bg_image_repeat":"","ocean_post_title_bg_image_size":"","ocean_post_title_height":0,"ocean_post_title_bg_overlay":0.5,"ocean_post_title_bg_overlay_color":"","ocean_disable_breadcrumbs":"default","ocean_breadcrumbs_color":"","ocean_breadcrumbs_separator_color":"","ocean_breadcrumbs_links_color":"","ocean_breadcrumbs_links_hover_color":"","ocean_display_footer_widgets":"default","ocean_display_footer_bottom":"default","ocean_custom_footer_template":"0"},"product_brand":[],"product_cat":[13,46],"product_tag":[2639,3167,3168,3163,3164,3166,3162,3165],"class_list":{"0":"post-6196","1":"product","2":"type-product","3":"status-publish","4":"has-post-thumbnail","6":"product_cat-coleccionismo","7":"product_cat-varios-coleccionismo","8":"product_tag-coleccionismo","9":"product_tag-dama-con-galgo","10":"product_tag-dama-con-perro","11":"product_tag-figura-lladro","12":"product_tag-figura-porcelana","13":"product_tag-galgo-afgano","14":"product_tag-lladro","15":"product_tag-porcelana","16":"product_shipping_class-peso-1-a-5-kg","18":"entry","19":"has-media","21":"first","22":"instock","23":"sold-individually","24":"shipping-taxable","25":"purchasable","26":"product-type-simple","27":"has-product-nav","28":"col","29":"span_1_of_3","30":"owp-content-center","31":"owp-thumbs-layout-horizontal","32":"owp-btn-normal","33":"owp-tabs-layout-section"},"_links":{"self":[{"href":"https:\/\/www.darthy.com\/en\/wp-json\/wp\/v2\/product\/6196","targetHints":{"allow":["GET"]}}],"collection":[{"href":"https:\/\/www.darthy.com\/en\/wp-json\/wp\/v2\/product"}],"about":[{"href":"https:\/\/www.darthy.com\/en\/wp-json\/wp\/v2\/types\/product"}],"wp:featuredmedia":[{"embeddable":true,"href":"https:\/\/www.darthy.com\/en\/wp-json\/wp\/v2\/media\/6158"}],"wp:attachment":[{"href":"https:\/\/www.darthy.com\/en\/wp-json\/wp\/v2\/media?parent=6196"}],"wp:term":[{"taxonomy":"product_brand","embeddable":true,"href":"https:\/\/www.darthy.com\/en\/wp-json\/wp\/v2\/product_brand?post=6196"},{"taxonomy":"product_cat","embeddable":true,"href":"https:\/\/www.darthy.com\/en\/wp-json\/wp\/v2\/product_cat?post=6196"},{"taxonomy":"product_tag","embeddable":true,"href":"https:\/\/www.darthy.com\/en\/wp-json\/wp\/v2\/product_tag?post=6196"}],"curies":[{"name":"wp","href":"https:\/\/api.w.org\/{rel}","templated":true}]}}