{"id":6191,"date":"2025-06-12T17:10:39","date_gmt":"2025-06-12T17:10:39","guid":{"rendered":"https:\/\/www.darthy.com\/?post_type=product&#038;p=6191"},"modified":"2025-06-12T17:12:46","modified_gmt":"2025-06-12T17:12:46","slug":"sharp-vz-3000","status":"publish","type":"product","link":"https:\/\/www.darthy.com\/en\/product\/sharp-vz-3000\/","title":{"rendered":"SHARP VZ-3000"},"content":{"rendered":"<h3>Sharp VZ-3000<\/h3>\n<p>Bonito sound system vintage con tocadiscos vertical, cassette y radio. Es un aparato muy completo y que se encuentra en muy buen estado.<\/p>\n<p>Est\u00e1 totalmente revisado por nuestros t\u00e9cnicos y tiene las correas cambiadas al igual que las transmisiones nuevas.<\/p>\n<p>Una de las caracter\u00edsticas \u00fanicas de este sound system es que tiene lectura autom\u00e1tica de doble cara para los discos.<br \/>\nLos discos son geniales, pero el trabajo que requiere reproducirlos no lo es. Por eso Sharp ha creado el VZ-3000E.<\/p>\n<p>Solo tienes que colocar el disco en su interior y el microordenador integrado har\u00e1 el resto autom\u00e1ticamente. Disfruta de tus discos como si estuvieras usando una pletina de casete: la m\u00e1xima comodidad. Un microordenador de \u00faltima generaci\u00f3n y la tecnolog\u00eda optoelectr\u00f3nica infrarroja han hecho posible este reproductor avanzado, que puede reproducir ambas caras del disco de forma continua, aleatoriamente cualquiera de las dos caras o repetidamente una o ambas. Estas caracter\u00edsticas se consiguen gracias a dos brazos de seguimiento lineal independientes. El resultado es que no es necesario tocar el disco; todas las funciones se controlan mediante los botones t\u00e1ctiles.<\/p>\n<p>Gracias a su dise\u00f1o vertical, el VZ-3000E es delgado y elegante, ideal para cualquier habitaci\u00f3n. Adem\u00e1s, se reducen las vibraciones del suelo y la retroalimentaci\u00f3n ac\u00fastica.<\/p>\n<p><strong>Puedes ver <a href=\"https:\/\/www.instagram.com\/reel\/DKM0eEhsffn\/?utm_source=ig_web_copy_link&amp;igsh=dnJ6ZHVpZWYwaGlk\">here<\/a> el sound system en funcionamiento.<\/strong><\/p>\n<p>All our devices are reviewed, scrupulously respecting the manufacturer's original characteristics.<\/p>\n<p>Including prior maintenance by our technicians to leave the device in optimal conditions.<\/p>\n<p><strong>Altavoces no inclu\u00eddos<\/strong><\/p>\n<p><strong>Specifications<\/strong><\/p>\n<ul>\n<li>Power outputs: 25 watts per channel into 4 ohms<\/li>\n<li>Total harmonic distortion: 0.1%<\/li>\n<li>Frequency response: 40Hz to 20kHz<\/li>\n<li>Tuner: superheterodyne FM\/MW\/LW tuner<\/li>\n<li>FM tuning range: 87.6 to 108MHz<\/li>\n<li>MW tuning range: 520 to 1620kHz<\/li>\n<li>LW tuning range: 148.5 to 285kHz<\/li>\n<li>Cassette deck: 2 head, 4 track, 2 channel stereo<\/li>\n<li>Record player: microcomputer control, linear tracking, full auto, belt drive<\/li>\n<li>Speakers: 2 way bass reflex speaker system<\/li>\n<li>Dimensions: 597 x 170 x 378mm (main unit), 220 x 220 x 378mm (speaker)<\/li>\n<li>Weight: 14.6kg (main unit), 4.7kg (speaker)<\/li>\n<\/ul>\n<div id=\"tab-description\" class=\"woocommerce-Tabs-panel woocommerce-Tabs-panel--description panel entry-content wc-tab\" role=\"tabpanel\" aria-labelledby=\"tab-title-description\">\n<p>Our\u00a0<a href=\"https:\/\/www.darthy.com\/en\/politica-de-envios-y-devoluciones\/\">delivery service<\/a>\u00a0works every day in order to get your orders to you in 48 hours or less.<\/p>\n<p>Con el proposito de que el materia llegue en las mejores condiciones, nuestro embalajes estan hechos con el m\u00e1ximo esmero, todos nuestros envios, tambien estan asegurados en caso de extravio o rotura.<\/p>\n<p>Surely many of you know our physical store, many of the fans of Vintage HiFi and collecting has visited us. Because many of our friends can not visit us by distance, we decided to strengthen our website, so you can see our products almost coughing from your devices, so if you see something that may interest you, you can place your orders comfortably from your house.<\/p>\n<p>At the time of placing your order, we will make the shipment quickly so that you can enjoy it as soon as possible in your home.<\/p>\n<p>Our\u00a0<a href=\"https:\/\/www.darthy.com\/en\/politica-de-envios-y-devoluciones\/\">delivery service<\/a>\u00a0works every day in order to send your orders in 48 hours or less. With the purpose that the material arrives in the best conditions, our packages are made with the utmost care, all our shipments are also insured in case of loss or breakage.<\/p>\n<\/div>\n<p>&nbsp;<\/p>\n<p>&nbsp;<\/p>\n<p>&nbsp;<\/p>","protected":false},"excerpt":{"rendered":"<p>Sharp VZ-3000 Bonito sound system vintage con tocadiscos vertical, cassette y radio. Es un aparato muy completo y que se encuentra en muy buen estado. Est\u00e1 totalmente revisado por nuestros t\u00e9cnicos y tiene las correas cambiadas al igual que las transmisiones nuevas. Una de las caracter\u00edsticas \u00fanicas de este sound system es que tiene lectura [&hellip;]<\/p>\n","protected":false},"featured_media":6192,"template":"","meta":{"_exactmetrics_skip_tracking":false,"_exactmetrics_sitenote_active":false,"_exactmetrics_sitenote_note":"","_exactmetrics_sitenote_category":0,"ocean_post_layout":"","ocean_both_sidebars_style":"","ocean_both_sidebars_content_width":0,"ocean_both_sidebars_sidebars_width":0,"ocean_sidebar":"0","ocean_second_sidebar":"0","ocean_disable_margins":"enable","ocean_add_body_class":"","ocean_shortcode_before_top_bar":"","ocean_shortcode_after_top_bar":"","ocean_shortcode_before_header":"","ocean_shortcode_after_header":"","ocean_has_shortcode":"","ocean_shortcode_after_title":"","ocean_shortcode_before_footer_widgets":"","ocean_shortcode_after_footer_widgets":"","ocean_shortcode_before_footer_bottom":"","ocean_shortcode_after_footer_bottom":"","ocean_display_top_bar":"default","ocean_display_header":"default","ocean_header_style":"","ocean_center_header_left_menu":"0","ocean_custom_header_template":"0","ocean_custom_logo":0,"ocean_custom_retina_logo":0,"ocean_custom_logo_max_width":0,"ocean_custom_logo_tablet_max_width":0,"ocean_custom_logo_mobile_max_width":0,"ocean_custom_logo_max_height":0,"ocean_custom_logo_tablet_max_height":0,"ocean_custom_logo_mobile_max_height":0,"ocean_header_custom_menu":"0","ocean_menu_typo_font_family":"0","ocean_menu_typo_font_subset":"","ocean_menu_typo_font_size":0,"ocean_menu_typo_font_size_tablet":0,"ocean_menu_typo_font_size_mobile":0,"ocean_menu_typo_font_size_unit":"px","ocean_menu_typo_font_weight":"","ocean_menu_typo_font_weight_tablet":"","ocean_menu_typo_font_weight_mobile":"","ocean_menu_typo_transform":"","ocean_menu_typo_transform_tablet":"","ocean_menu_typo_transform_mobile":"","ocean_menu_typo_line_height":0,"ocean_menu_typo_line_height_tablet":0,"ocean_menu_typo_line_height_mobile":0,"ocean_menu_typo_line_height_unit":"","ocean_menu_typo_spacing":0,"ocean_menu_typo_spacing_tablet":0,"ocean_menu_typo_spacing_mobile":0,"ocean_menu_typo_spacing_unit":"","ocean_menu_link_color":"","ocean_menu_link_color_hover":"","ocean_menu_link_color_active":"","ocean_menu_link_background":"","ocean_menu_link_hover_background":"","ocean_menu_link_active_background":"","ocean_menu_social_links_bg":"","ocean_menu_social_hover_links_bg":"","ocean_menu_social_links_color":"","ocean_menu_social_hover_links_color":"","ocean_disable_title":"default","ocean_disable_heading":"default","ocean_post_title":"","ocean_post_subheading":"","ocean_post_title_style":"","ocean_post_title_background_color":"","ocean_post_title_background":0,"ocean_post_title_bg_image_position":"","ocean_post_title_bg_image_attachment":"","ocean_post_title_bg_image_repeat":"","ocean_post_title_bg_image_size":"","ocean_post_title_height":0,"ocean_post_title_bg_overlay":0.5,"ocean_post_title_bg_overlay_color":"","ocean_disable_breadcrumbs":"default","ocean_breadcrumbs_color":"","ocean_breadcrumbs_separator_color":"","ocean_breadcrumbs_links_color":"","ocean_breadcrumbs_links_hover_color":"","ocean_display_footer_widgets":"default","ocean_display_footer_bottom":"default","ocean_custom_footer_template":"0"},"product_brand":[],"product_cat":[10,29,42],"product_tag":[3156,2952,2466,3152,3155,3154,3153,208,206],"class_list":{"0":"post-6191","1":"product","2":"type-product","3":"status-publish","4":"has-post-thumbnail","6":"product_cat-tocadiscos","7":"product_cat-radio","8":"product_cat-cassette-dat","9":"product_tag-casette","10":"product_tag-pletina","11":"product_tag-radio","12":"product_tag-sharp-vz-3000","13":"product_tag-sharp-vz3000","14":"product_tag-sound-system","15":"product_tag-sound-system-sharp","16":"product_tag-tocadiscos","17":"product_tag-turntable","18":"product_shipping_class-peso-10-a-30-kg","20":"entry","21":"has-media","23":"first","24":"instock","25":"sold-individually","26":"shipping-taxable","27":"purchasable","28":"product-type-simple","29":"has-product-nav","30":"col","31":"span_1_of_3","32":"owp-content-center","33":"owp-thumbs-layout-horizontal","34":"owp-btn-normal","35":"owp-tabs-layout-section"},"_links":{"self":[{"href":"https:\/\/www.darthy.com\/en\/wp-json\/wp\/v2\/product\/6191","targetHints":{"allow":["GET"]}}],"collection":[{"href":"https:\/\/www.darthy.com\/en\/wp-json\/wp\/v2\/product"}],"about":[{"href":"https:\/\/www.darthy.com\/en\/wp-json\/wp\/v2\/types\/product"}],"wp:featuredmedia":[{"embeddable":true,"href":"https:\/\/www.darthy.com\/en\/wp-json\/wp\/v2\/media\/6192"}],"wp:attachment":[{"href":"https:\/\/www.darthy.com\/en\/wp-json\/wp\/v2\/media?parent=6191"}],"wp:term":[{"taxonomy":"product_brand","embeddable":true,"href":"https:\/\/www.darthy.com\/en\/wp-json\/wp\/v2\/product_brand?post=6191"},{"taxonomy":"product_cat","embeddable":true,"href":"https:\/\/www.darthy.com\/en\/wp-json\/wp\/v2\/product_cat?post=6191"},{"taxonomy":"product_tag","embeddable":true,"href":"https:\/\/www.darthy.com\/en\/wp-json\/wp\/v2\/product_tag?post=6191"}],"curies":[{"name":"wp","href":"https:\/\/api.w.org\/{rel}","templated":true}]}}