{"id":6187,"date":"2025-06-12T16:53:09","date_gmt":"2025-06-12T16:53:09","guid":{"rendered":"https:\/\/www.darthy.com\/?post_type=product&#038;p=6187"},"modified":"2025-06-12T16:53:09","modified_gmt":"2025-06-12T16:53:09","slug":"lavis-981","status":"publish","type":"product","link":"https:\/\/www.darthy.com\/en\/product\/lavis-981\/","title":{"rendered":"LAVIS 981"},"content":{"rendered":"<h3>Lavis 981<\/h3>\n<p>Preciosa radio vintage de la marca espa\u00f1ola Lavis. Es una radio dif\u00edcil de encontrar en la condiciones de esta, ya que est\u00e1 revisada y funcionando a la perfecci\u00f3n, se encuentra en buen estado con las marcas t\u00edpicas del paso del tiempo. Tiene la antena completa, poco com\u00fan en estos ejemplares.<\/p>\n<p>Tiene una buena recepci\u00f3n del sonido.<\/p>\n<p>All our devices are reviewed, scrupulously respecting the manufacturer's original characteristics.<\/p>\n<p>Including prior maintenance by our technicians to leave the device in optimal conditions.<\/p>\n<p><strong>Specifications<\/strong><\/p>\n<ul>\n<li class=\"list-group-item list-group-item-rm\">1967\/1968<\/li>\n<li><strong>Principio principal<\/strong>:Superheterodino en general; ZF\/IF 455\/10700 kHz; 3 Etapas de AF<\/li>\n<li><strong>N\u00famero de circuitos sinton\u00eda<\/strong>:\u00a05 Circu\u00edto(s) AM \u00a0 \u00a0 8 Circu\u00edto(s) FM<\/li>\n<li><strong>Tensi\u00f3n de funcionamiento<\/strong>: Red \/ Bater\u00edas o pilas \/ 125; 220 \/ D: 6 x 1,5 Volt<\/li>\n<li><strong>Altavoz<\/strong>: Altavoz din\u00e1mico (de im\u00e1n permanente)<\/li>\n<li><strong>Potencia de salida<\/strong>: 2 W (unknown quality)<\/li>\n<li><strong>Autor<\/strong>: Modelo creado por <a href=\"https:\/\/www.radiomuseum.org\/collection\/francisco_gallego.html\" target=\"_blank\" rel=\"nofollow noindex, noopener\">Francisco Gallego<\/a>. Ver en &#8220;Modificar Ficha&#8221; los participantes posteriores.<\/li>\n<\/ul>\n<div id=\"tab-description\" class=\"woocommerce-Tabs-panel woocommerce-Tabs-panel--description panel entry-content wc-tab\" role=\"tabpanel\" aria-labelledby=\"tab-title-description\">\n<p>Our\u00a0<a href=\"https:\/\/www.darthy.com\/en\/politica-de-envios-y-devoluciones\/\">delivery service<\/a>\u00a0works every day in order to get your orders to you in 48 hours or less.<\/p>\n<p>Con el proposito de que el materia llegue en las mejores condiciones, nuestro embalajes estan hechos con el m\u00e1ximo esmero, todos nuestros envios, tambien estan asegurados en caso de extravio o rotura.<\/p>\n<p>Surely many of you know our physical store, many of the fans of Vintage HiFi and collecting has visited us. Because many of our friends can not visit us by distance, we decided to strengthen our website, so you can see our products almost coughing from your devices, so if you see something that may interest you, you can place your orders comfortably from your house.<\/p>\n<p>At the time of placing your order, we will make the shipment quickly so that you can enjoy it as soon as possible in your home.<\/p>\n<p>Our\u00a0<a href=\"https:\/\/www.darthy.com\/en\/politica-de-envios-y-devoluciones\/\">delivery service<\/a>\u00a0works every day in order to send your orders in 48 hours or less. With the purpose that the material arrives in the best conditions, our packages are made with the utmost care, all our shipments are also insured in case of loss or breakage.<\/p>\n<\/div>\n<p>&nbsp;<\/p>","protected":false},"excerpt":{"rendered":"<p>Lavis 981 Preciosa radio vintage de la marca espa\u00f1ola Lavis. Es una radio dif\u00edcil de encontrar en la condiciones de esta, ya que est\u00e1 revisada y funcionando a la perfecci\u00f3n, se encuentra en buen estado con las marcas t\u00edpicas del paso del tiempo. Tiene la antena completa, poco com\u00fan en estos ejemplares. Tiene una buena [&hellip;]<\/p>\n","protected":false},"featured_media":6153,"template":"","meta":{"_exactmetrics_skip_tracking":false,"_exactmetrics_sitenote_active":false,"_exactmetrics_sitenote_note":"","_exactmetrics_sitenote_category":0,"ocean_post_layout":"","ocean_both_sidebars_style":"","ocean_both_sidebars_content_width":0,"ocean_both_sidebars_sidebars_width":0,"ocean_sidebar":"0","ocean_second_sidebar":"0","ocean_disable_margins":"enable","ocean_add_body_class":"","ocean_shortcode_before_top_bar":"","ocean_shortcode_after_top_bar":"","ocean_shortcode_before_header":"","ocean_shortcode_after_header":"","ocean_has_shortcode":"","ocean_shortcode_after_title":"","ocean_shortcode_before_footer_widgets":"","ocean_shortcode_after_footer_widgets":"","ocean_shortcode_before_footer_bottom":"","ocean_shortcode_after_footer_bottom":"","ocean_display_top_bar":"default","ocean_display_header":"default","ocean_header_style":"","ocean_center_header_left_menu":"0","ocean_custom_header_template":"0","ocean_custom_logo":0,"ocean_custom_retina_logo":0,"ocean_custom_logo_max_width":0,"ocean_custom_logo_tablet_max_width":0,"ocean_custom_logo_mobile_max_width":0,"ocean_custom_logo_max_height":0,"ocean_custom_logo_tablet_max_height":0,"ocean_custom_logo_mobile_max_height":0,"ocean_header_custom_menu":"0","ocean_menu_typo_font_family":"0","ocean_menu_typo_font_subset":"","ocean_menu_typo_font_size":0,"ocean_menu_typo_font_size_tablet":0,"ocean_menu_typo_font_size_mobile":0,"ocean_menu_typo_font_size_unit":"px","ocean_menu_typo_font_weight":"","ocean_menu_typo_font_weight_tablet":"","ocean_menu_typo_font_weight_mobile":"","ocean_menu_typo_transform":"","ocean_menu_typo_transform_tablet":"","ocean_menu_typo_transform_mobile":"","ocean_menu_typo_line_height":0,"ocean_menu_typo_line_height_tablet":0,"ocean_menu_typo_line_height_mobile":0,"ocean_menu_typo_line_height_unit":"","ocean_menu_typo_spacing":0,"ocean_menu_typo_spacing_tablet":0,"ocean_menu_typo_spacing_mobile":0,"ocean_menu_typo_spacing_unit":"","ocean_menu_link_color":"","ocean_menu_link_color_hover":"","ocean_menu_link_color_active":"","ocean_menu_link_background":"","ocean_menu_link_hover_background":"","ocean_menu_link_active_background":"","ocean_menu_social_links_bg":"","ocean_menu_social_hover_links_bg":"","ocean_menu_social_links_color":"","ocean_menu_social_hover_links_color":"","ocean_disable_title":"default","ocean_disable_heading":"default","ocean_post_title":"","ocean_post_subheading":"","ocean_post_title_style":"","ocean_post_title_background_color":"","ocean_post_title_background":0,"ocean_post_title_bg_image_position":"","ocean_post_title_bg_image_attachment":"","ocean_post_title_bg_image_repeat":"","ocean_post_title_bg_image_size":"","ocean_post_title_height":0,"ocean_post_title_bg_overlay":0.5,"ocean_post_title_bg_overlay_color":"","ocean_disable_breadcrumbs":"default","ocean_breadcrumbs_color":"","ocean_breadcrumbs_separator_color":"","ocean_breadcrumbs_links_color":"","ocean_breadcrumbs_links_hover_color":"","ocean_display_footer_widgets":"default","ocean_display_footer_bottom":"default","ocean_custom_footer_template":"0"},"product_brand":[],"product_cat":[29],"product_tag":[3150,3149,3151,2466],"class_list":{"0":"post-6187","1":"product","2":"type-product","3":"status-publish","4":"has-post-thumbnail","6":"product_cat-radio","7":"product_tag-lavis-981","8":"product_tag-lavis-radio","9":"product_tag-lavis981","10":"product_tag-radio","11":"product_shipping_class-peso-1-a-5-kg","13":"entry","14":"has-media","16":"first","17":"instock","18":"sold-individually","19":"shipping-taxable","20":"purchasable","21":"product-type-simple","22":"has-product-nav","23":"col","24":"span_1_of_3","25":"owp-content-center","26":"owp-thumbs-layout-horizontal","27":"owp-btn-normal","28":"owp-tabs-layout-section"},"_links":{"self":[{"href":"https:\/\/www.darthy.com\/en\/wp-json\/wp\/v2\/product\/6187","targetHints":{"allow":["GET"]}}],"collection":[{"href":"https:\/\/www.darthy.com\/en\/wp-json\/wp\/v2\/product"}],"about":[{"href":"https:\/\/www.darthy.com\/en\/wp-json\/wp\/v2\/types\/product"}],"wp:featuredmedia":[{"embeddable":true,"href":"https:\/\/www.darthy.com\/en\/wp-json\/wp\/v2\/media\/6153"}],"wp:attachment":[{"href":"https:\/\/www.darthy.com\/en\/wp-json\/wp\/v2\/media?parent=6187"}],"wp:term":[{"taxonomy":"product_brand","embeddable":true,"href":"https:\/\/www.darthy.com\/en\/wp-json\/wp\/v2\/product_brand?post=6187"},{"taxonomy":"product_cat","embeddable":true,"href":"https:\/\/www.darthy.com\/en\/wp-json\/wp\/v2\/product_cat?post=6187"},{"taxonomy":"product_tag","embeddable":true,"href":"https:\/\/www.darthy.com\/en\/wp-json\/wp\/v2\/product_tag?post=6187"}],"curies":[{"name":"wp","href":"https:\/\/api.w.org\/{rel}","templated":true}]}}