{"id":6147,"date":"2025-06-12T13:45:35","date_gmt":"2025-06-12T13:45:35","guid":{"rendered":"https:\/\/www.darthy.com\/?post_type=product&#038;p=6147"},"modified":"2025-06-13T09:47:16","modified_gmt":"2025-06-13T09:47:16","slug":"alphonse-mucha-la-dame-aux-camelias","status":"publish","type":"product","link":"https:\/\/www.darthy.com\/en\/product\/alphonse-mucha-la-dame-aux-camelias\/","title":{"rendered":"ALPHONSE MUCHA LA DAME AUX CAMELIAS"},"content":{"rendered":"<h3>Alphonse Mucha La Dame Aux Camelias<\/h3>\n<p>This poster features the great French actress Sarah Bernhardt in the play \"La Dame aux Camellias,\" presented at the Th\u00e9\u00e2tre de la Renaissance in Paris in 1896. The play was based on the novel published in 1848 by Alexandre Dumas (1824-1895). The tragic role of Marguerite Gautier was one of Bernhardt's greatest successes, and he used this poster again during the play's American tour. Bernhardt adored Alphonse Mucha's exotic and romantic vision of her, and in 1895 hired him for six years to design posters, sets, and costumes for his productions.<\/p>\n<p>This collector's item, a museum piece, is part of the Maitres de l'Affiche collection.<\/p>\n<p>El gran valor de este cartel es el buen estado en el que se conserva y la originalidad de este, ya que tiene el n\u00famero de placa con el que se hizo: Placa 144 y tambi\u00e9n la marca de agua. Ambas cosas est\u00e1n en las partes izquierdas y derechas inferiores.<\/p>\n<p>The frame is included in the price.<\/p>\n<p><strong>Due to the value and fragility of the item, if you are interested, please contact Darthy first.<\/strong><\/p>","protected":false},"excerpt":{"rendered":"<p>Alphonse Mucha La Dame Aux Camelias Este cartel anuncia a la gran actriz francesa Sarah Bernhardt en la obra &#8220;La dama de las camelias&#8221;, presentada en el Th\u00e9\u00e2tre de la Renaissance de Par\u00eds en 1896. La obra se bas\u00f3 en la novela publicada en 1848 por Alejandro Dumas (1824-1895). El tr\u00e1gico papel de Marguerite Gautier [&hellip;]<\/p>\n","protected":false},"featured_media":6170,"template":"","meta":{"_exactmetrics_skip_tracking":false,"_exactmetrics_sitenote_active":false,"_exactmetrics_sitenote_note":"","_exactmetrics_sitenote_category":0,"ocean_post_layout":"","ocean_both_sidebars_style":"","ocean_both_sidebars_content_width":0,"ocean_both_sidebars_sidebars_width":0,"ocean_sidebar":"0","ocean_second_sidebar":"0","ocean_disable_margins":"enable","ocean_add_body_class":"","ocean_shortcode_before_top_bar":"","ocean_shortcode_after_top_bar":"","ocean_shortcode_before_header":"","ocean_shortcode_after_header":"","ocean_has_shortcode":"","ocean_shortcode_after_title":"","ocean_shortcode_before_footer_widgets":"","ocean_shortcode_after_footer_widgets":"","ocean_shortcode_before_footer_bottom":"","ocean_shortcode_after_footer_bottom":"","ocean_display_top_bar":"default","ocean_display_header":"default","ocean_header_style":"","ocean_center_header_left_menu":"0","ocean_custom_header_template":"0","ocean_custom_logo":0,"ocean_custom_retina_logo":0,"ocean_custom_logo_max_width":0,"ocean_custom_logo_tablet_max_width":0,"ocean_custom_logo_mobile_max_width":0,"ocean_custom_logo_max_height":0,"ocean_custom_logo_tablet_max_height":0,"ocean_custom_logo_mobile_max_height":0,"ocean_header_custom_menu":"0","ocean_menu_typo_font_family":"0","ocean_menu_typo_font_subset":"","ocean_menu_typo_font_size":0,"ocean_menu_typo_font_size_tablet":0,"ocean_menu_typo_font_size_mobile":0,"ocean_menu_typo_font_size_unit":"px","ocean_menu_typo_font_weight":"","ocean_menu_typo_font_weight_tablet":"","ocean_menu_typo_font_weight_mobile":"","ocean_menu_typo_transform":"","ocean_menu_typo_transform_tablet":"","ocean_menu_typo_transform_mobile":"","ocean_menu_typo_line_height":0,"ocean_menu_typo_line_height_tablet":0,"ocean_menu_typo_line_height_mobile":0,"ocean_menu_typo_line_height_unit":"","ocean_menu_typo_spacing":0,"ocean_menu_typo_spacing_tablet":0,"ocean_menu_typo_spacing_mobile":0,"ocean_menu_typo_spacing_unit":"","ocean_menu_link_color":"","ocean_menu_link_color_hover":"","ocean_menu_link_color_active":"","ocean_menu_link_background":"","ocean_menu_link_hover_background":"","ocean_menu_link_active_background":"","ocean_menu_social_links_bg":"","ocean_menu_social_hover_links_bg":"","ocean_menu_social_links_color":"","ocean_menu_social_hover_links_color":"","ocean_disable_title":"default","ocean_disable_heading":"default","ocean_post_title":"","ocean_post_subheading":"","ocean_post_title_style":"","ocean_post_title_background_color":"","ocean_post_title_background":0,"ocean_post_title_bg_image_position":"","ocean_post_title_bg_image_attachment":"","ocean_post_title_bg_image_repeat":"","ocean_post_title_bg_image_size":"","ocean_post_title_height":0,"ocean_post_title_bg_overlay":0.5,"ocean_post_title_bg_overlay_color":"","ocean_disable_breadcrumbs":"default","ocean_breadcrumbs_color":"","ocean_breadcrumbs_separator_color":"","ocean_breadcrumbs_links_color":"","ocean_breadcrumbs_links_hover_color":"","ocean_display_footer_widgets":"default","ocean_display_footer_bottom":"default","ocean_custom_footer_template":"0"},"product_brand":[],"product_cat":[13,2065,46],"product_tag":[3134,2639,3136,3135,3137],"class_list":{"0":"post-6147","1":"product","2":"type-product","3":"status-publish","4":"has-post-thumbnail","6":"product_cat-coleccionismo","7":"product_cat-papel_antiguo","8":"product_cat-varios-coleccionismo","9":"product_tag-alphonse-mucha","10":"product_tag-coleccionismo","11":"product_tag-maitres-de-laffiche","12":"product_tag-mucha","13":"product_tag-poster","14":"product_shipping_class-peso-1-a-5-kg","16":"entry","17":"has-media","19":"first","20":"instock","21":"sold-individually","22":"shipping-taxable","23":"purchasable","24":"product-type-simple","25":"has-product-nav","26":"col","27":"span_1_of_3","28":"owp-content-center","29":"owp-thumbs-layout-horizontal","30":"owp-btn-normal","31":"owp-tabs-layout-section"},"_links":{"self":[{"href":"https:\/\/www.darthy.com\/en\/wp-json\/wp\/v2\/product\/6147","targetHints":{"allow":["GET"]}}],"collection":[{"href":"https:\/\/www.darthy.com\/en\/wp-json\/wp\/v2\/product"}],"about":[{"href":"https:\/\/www.darthy.com\/en\/wp-json\/wp\/v2\/types\/product"}],"wp:featuredmedia":[{"embeddable":true,"href":"https:\/\/www.darthy.com\/en\/wp-json\/wp\/v2\/media\/6170"}],"wp:attachment":[{"href":"https:\/\/www.darthy.com\/en\/wp-json\/wp\/v2\/media?parent=6147"}],"wp:term":[{"taxonomy":"product_brand","embeddable":true,"href":"https:\/\/www.darthy.com\/en\/wp-json\/wp\/v2\/product_brand?post=6147"},{"taxonomy":"product_cat","embeddable":true,"href":"https:\/\/www.darthy.com\/en\/wp-json\/wp\/v2\/product_cat?post=6147"},{"taxonomy":"product_tag","embeddable":true,"href":"https:\/\/www.darthy.com\/en\/wp-json\/wp\/v2\/product_tag?post=6147"}],"curies":[{"name":"wp","href":"https:\/\/api.w.org\/{rel}","templated":true}]}}