{"id":6111,"date":"2025-05-29T09:50:19","date_gmt":"2025-05-29T09:50:19","guid":{"rendered":"https:\/\/www.darthy.com\/?post_type=product&#038;p=6111"},"modified":"2025-05-29T09:50:19","modified_gmt":"2025-05-29T09:50:19","slug":"insignia-de-solapa-italia-calcio","status":"publish","type":"product","link":"https:\/\/www.darthy.com\/en\/product\/insignia-de-solapa-italia-calcio\/","title":{"rendered":"INSIGNIA DE SOLAPA ITALIA CALCIO"},"content":{"rendered":"<h3>Insignia de solapa Italia Calcio<\/h3>\n<p>This beautiful and unusual original period lapel pin is 100% original. It is an enameled piece and is in very good condition.<\/p>\n<p>This logo or badge is related to Italian football during the Italian fascist era.<\/p>\n<p>It is a piece manufactured by one of the largest manufacturers of this type of item at the time in Italy: Lorioli Fratelli Milano, which represents a seal of quality for the product.<\/p>\n<p>Our\u00a0<a href=\"https:\/\/www.darthy.com\/en\/politica-de-envios-y-devoluciones\/\">delivery service<\/a>\u00a0works every day in order to get your orders to you in 48 hours or less.<\/p>\n<p>Con el proposito de que el materia llegue en las mejores condiciones, nuestro embalajes estan hechos con el m\u00e1ximo esmero, todos nuestros envios, tambien estan asegurados en caso de extravio o rotura.<\/p>\n<p>Surely many of you know our physical store, many of the fans of Vintage HiFi and collecting has visited us. Because many of our friends can not visit us by distance, we decided to strengthen our website, so you can see our products almost coughing from your devices, so if you see something that may interest you, you can place your orders comfortably from your house.<\/p>\n<p>At the time of placing your order, we will make the shipment quickly so that you can enjoy it as soon as possible in your home.<\/p>\n<p>Our\u00a0<a href=\"https:\/\/www.darthy.com\/en\/politica-de-envios-y-devoluciones\/\">delivery service<\/a>\u00a0works every day in order to send your orders in 48 hours or less. With the purpose that the material arrives in the best conditions, our packages are made with the utmost care, all our shipments are also insured in case of loss or breakage.<\/p>\n<p>&nbsp;<\/p>","protected":false},"excerpt":{"rendered":"<p>Insignia de solapa Italia Calcio Esta bonita e inusual insignia de solapa original de la \u00e9poca es 100% original. Es una pieza esmaltada que se encuentra en muy buen estado. Este logotipo o insignia est\u00e1 relacionado con el f\u00fatbol taliano de la \u00e9poca fascista italiana. Es una pieza fabricada por uno de los grandes fabricantes [&hellip;]<\/p>\n","protected":false},"featured_media":6112,"template":"","meta":{"_exactmetrics_skip_tracking":false,"_exactmetrics_sitenote_active":false,"_exactmetrics_sitenote_note":"","_exactmetrics_sitenote_category":0,"ocean_post_layout":"","ocean_both_sidebars_style":"","ocean_both_sidebars_content_width":0,"ocean_both_sidebars_sidebars_width":0,"ocean_sidebar":"0","ocean_second_sidebar":"0","ocean_disable_margins":"enable","ocean_add_body_class":"","ocean_shortcode_before_top_bar":"","ocean_shortcode_after_top_bar":"","ocean_shortcode_before_header":"","ocean_shortcode_after_header":"","ocean_has_shortcode":"","ocean_shortcode_after_title":"","ocean_shortcode_before_footer_widgets":"","ocean_shortcode_after_footer_widgets":"","ocean_shortcode_before_footer_bottom":"","ocean_shortcode_after_footer_bottom":"","ocean_display_top_bar":"default","ocean_display_header":"default","ocean_header_style":"","ocean_center_header_left_menu":"0","ocean_custom_header_template":"0","ocean_custom_logo":0,"ocean_custom_retina_logo":0,"ocean_custom_logo_max_width":0,"ocean_custom_logo_tablet_max_width":0,"ocean_custom_logo_mobile_max_width":0,"ocean_custom_logo_max_height":0,"ocean_custom_logo_tablet_max_height":0,"ocean_custom_logo_mobile_max_height":0,"ocean_header_custom_menu":"0","ocean_menu_typo_font_family":"0","ocean_menu_typo_font_subset":"","ocean_menu_typo_font_size":0,"ocean_menu_typo_font_size_tablet":0,"ocean_menu_typo_font_size_mobile":0,"ocean_menu_typo_font_size_unit":"px","ocean_menu_typo_font_weight":"","ocean_menu_typo_font_weight_tablet":"","ocean_menu_typo_font_weight_mobile":"","ocean_menu_typo_transform":"","ocean_menu_typo_transform_tablet":"","ocean_menu_typo_transform_mobile":"","ocean_menu_typo_line_height":0,"ocean_menu_typo_line_height_tablet":0,"ocean_menu_typo_line_height_mobile":0,"ocean_menu_typo_line_height_unit":"","ocean_menu_typo_spacing":0,"ocean_menu_typo_spacing_tablet":0,"ocean_menu_typo_spacing_mobile":0,"ocean_menu_typo_spacing_unit":"","ocean_menu_link_color":"","ocean_menu_link_color_hover":"","ocean_menu_link_color_active":"","ocean_menu_link_background":"","ocean_menu_link_hover_background":"","ocean_menu_link_active_background":"","ocean_menu_social_links_bg":"","ocean_menu_social_hover_links_bg":"","ocean_menu_social_links_color":"","ocean_menu_social_hover_links_color":"","ocean_disable_title":"default","ocean_disable_heading":"default","ocean_post_title":"","ocean_post_subheading":"","ocean_post_title_style":"","ocean_post_title_background_color":"","ocean_post_title_background":0,"ocean_post_title_bg_image_position":"","ocean_post_title_bg_image_attachment":"","ocean_post_title_bg_image_repeat":"","ocean_post_title_bg_image_size":"","ocean_post_title_height":0,"ocean_post_title_bg_overlay":0.5,"ocean_post_title_bg_overlay_color":"","ocean_disable_breadcrumbs":"default","ocean_breadcrumbs_color":"","ocean_breadcrumbs_separator_color":"","ocean_breadcrumbs_links_color":"","ocean_breadcrumbs_links_hover_color":"","ocean_display_footer_widgets":"default","ocean_display_footer_bottom":"default","ocean_custom_footer_template":"0"},"product_brand":[],"product_cat":[13,47,46],"product_tag":[2639,2145,3108],"class_list":{"0":"post-6111","1":"product","2":"type-product","3":"status-publish","4":"has-post-thumbnail","6":"product_cat-coleccionismo","7":"product_cat-medallas_y_monedas","8":"product_cat-varios-coleccionismo","9":"product_tag-coleccionismo","10":"product_tag-insignia","11":"product_tag-insignia-de-solapa","12":"product_shipping_class-peso-0-a-1-kg","14":"entry","15":"has-media","17":"first","18":"instock","19":"sold-individually","20":"shipping-taxable","21":"purchasable","22":"product-type-simple","23":"has-product-nav","24":"col","25":"span_1_of_3","26":"owp-content-center","27":"owp-thumbs-layout-horizontal","28":"owp-btn-normal","29":"owp-tabs-layout-section"},"_links":{"self":[{"href":"https:\/\/www.darthy.com\/en\/wp-json\/wp\/v2\/product\/6111","targetHints":{"allow":["GET"]}}],"collection":[{"href":"https:\/\/www.darthy.com\/en\/wp-json\/wp\/v2\/product"}],"about":[{"href":"https:\/\/www.darthy.com\/en\/wp-json\/wp\/v2\/types\/product"}],"wp:featuredmedia":[{"embeddable":true,"href":"https:\/\/www.darthy.com\/en\/wp-json\/wp\/v2\/media\/6112"}],"wp:attachment":[{"href":"https:\/\/www.darthy.com\/en\/wp-json\/wp\/v2\/media?parent=6111"}],"wp:term":[{"taxonomy":"product_brand","embeddable":true,"href":"https:\/\/www.darthy.com\/en\/wp-json\/wp\/v2\/product_brand?post=6111"},{"taxonomy":"product_cat","embeddable":true,"href":"https:\/\/www.darthy.com\/en\/wp-json\/wp\/v2\/product_cat?post=6111"},{"taxonomy":"product_tag","embeddable":true,"href":"https:\/\/www.darthy.com\/en\/wp-json\/wp\/v2\/product_tag?post=6111"}],"curies":[{"name":"wp","href":"https:\/\/api.w.org\/{rel}","templated":true}]}}