{"id":5942,"date":"2025-04-10T10:21:35","date_gmt":"2025-04-10T10:21:35","guid":{"rendered":"https:\/\/www.darthy.com\/?post_type=product&#038;p=5942"},"modified":"2026-02-26T19:33:09","modified_gmt":"2026-02-26T19:33:09","slug":"bw-asw-700","status":"publish","type":"product","link":"https:\/\/www.darthy.com\/en\/product\/bw-asw-700\/","title":{"rendered":"B&#038;W ASW 700"},"content":{"rendered":"<h3>B&amp;S ASW 700<\/h3>\n<p>Altavoz subwoofer en muy buen estado con las marcas t\u00edpicas del paso del tiempo.\u00a0 <span class=\"HwtZe\" lang=\"es\"><span class=\"jCAhz ChMk0b\"><span class=\"ryNqvb\">This versatile subwoofer is compact enough not to physically dominate the smaller room, but powerful enough to fill the larger room with powerful, deep bass from either music or movie based sources. The 250mm (10 in) driver, with its composite paper-Kevlar\u00ae cone, large magnet and high-power voice coil, can move large volumes of air with exquisite control for accurate low-frequency output. To ensure the driver can perform in the relatively compact cabinet, the subwoofer features a powerful 500W amplifier to apply the necessary equalisation. Equipped with audiophile full-range Class-D circuitry and a switch mode power supply, the amplifier is extremely efficient and operates reliably cool.<\/span><\/span> <span class=\"jCAhz ChMk0b\"><span class=\"ryNqvb\">El altavoz de 250 mm (10 pulgadas), con su cono compuesto de papel-Kevlar\u00ae, im\u00e1n de gran tama\u00f1o y bobina m\u00f3vil de alta potencia, puede mover grandes vol\u00famenes de aire con un control exquisito para una salida de baja frecuencia precisa.<\/span><\/span> <span class=\"jCAhz ChMk0b\"><span class=\"ryNqvb\">Para garantizar el rendimiento del altavoz en una caja relativamente compacta, el subwoofer cuenta con un potente amplificador de 500 W que aplica la ecualizaci\u00f3n necesaria.<\/span><\/span> <span class=\"jCAhz ChMk0b\"><span class=\"ryNqvb\">Equipado con circuitos de clase D de rango completo para audi\u00f3filos y una fuente de alimentaci\u00f3n conmutada, el amplificador es extremadamente eficiente y funciona con una temperatura de funcionamiento fiable.<\/span><\/span><\/span><\/p>\n<p>Made in England<\/p>\n<p>Included de original box<\/p>\n<p>All our devices are reviewed, scrupulously respecting the manufacturer's original characteristics.<\/p>\n<p>Including prior maintenance by our technicians to leave the device in optimal conditions.<\/p>\n<p><strong>Specifications<\/strong><\/p>\n<ul>\n<li>Description: Active closed-box subwoofer system<\/li>\n<li>Amplifier power output: 500W continuous<\/li>\n<li>Frequency range (-6dB): 17Hz and 40\/140Hz<\/li>\n<li>Frequency response (\u00b13dB): 22Hz and 31\/110Hz<\/li>\n<li>Weight: 26.5 kg \/ 58 lbs.<\/li>\n<li>Dimension: Height 347mm Width 340mm Depth 408mm<\/li>\n<\/ul>\n<p>Our\u00a0<a href=\"https:\/\/www.darthy.com\/en\/politica-de-envios-y-devoluciones\/\">delivery service<\/a>\u00a0works every day in order to get your orders to you in 48 hours or less.<\/p>\n<p>Con el proposito de que el materia llegue en las mejores condiciones, nuestro embalajes estan hechos con el m\u00e1ximo esmero, todos nuestros envios, tambien estan asegurados en caso de extravio o rotura.<\/p>\n<p>Surely many of you know our physical store, many of the fans of Vintage HiFi and collecting has visited us. Because many of our friends can not visit us by distance, we decided to strengthen our website, so you can see our products almost coughing from your devices, so if you see something that may interest you, you can place your orders comfortably from your house.<\/p>\n<p>At the time of placing your order, we will make the shipment quickly so that you can enjoy it as soon as possible in your home.<\/p>\n<p>Our\u00a0<a href=\"https:\/\/www.darthy.com\/en\/politica-de-envios-y-devoluciones\/\">delivery service<\/a>\u00a0works every day in order to send your orders in 48 hours or less. With the purpose that the material arrives in the best conditions, our packages are made with the utmost care, all our shipments are also insured in case of loss or breakage.<\/p>","protected":false},"excerpt":{"rendered":"<p>B&amp;S ASW 700 Altavoz subwoofer en muy buen estado con las marcas t\u00edpicas del paso del tiempo.\u00a0 Este vers\u00e1til subwoofer es lo suficientemente compacto como para no dominar f\u00edsicamente una sala peque\u00f1a, pero lo suficientemente potente como para llenar una sala grande con graves potentes y profundos, tanto para m\u00fasica como para pel\u00edculas. El altavoz [&hellip;]<\/p>\n","protected":false},"featured_media":5943,"template":"","meta":{"_exactmetrics_skip_tracking":false,"_exactmetrics_sitenote_active":false,"_exactmetrics_sitenote_note":"","_exactmetrics_sitenote_category":0,"ocean_post_layout":"","ocean_both_sidebars_style":"","ocean_both_sidebars_content_width":0,"ocean_both_sidebars_sidebars_width":0,"ocean_sidebar":"0","ocean_second_sidebar":"0","ocean_disable_margins":"enable","ocean_add_body_class":"","ocean_shortcode_before_top_bar":"","ocean_shortcode_after_top_bar":"","ocean_shortcode_before_header":"","ocean_shortcode_after_header":"","ocean_has_shortcode":"","ocean_shortcode_after_title":"","ocean_shortcode_before_footer_widgets":"","ocean_shortcode_after_footer_widgets":"","ocean_shortcode_before_footer_bottom":"","ocean_shortcode_after_footer_bottom":"","ocean_display_top_bar":"default","ocean_display_header":"default","ocean_header_style":"","ocean_center_header_left_menu":"0","ocean_custom_header_template":"0","ocean_custom_logo":0,"ocean_custom_retina_logo":0,"ocean_custom_logo_max_width":0,"ocean_custom_logo_tablet_max_width":0,"ocean_custom_logo_mobile_max_width":0,"ocean_custom_logo_max_height":0,"ocean_custom_logo_tablet_max_height":0,"ocean_custom_logo_mobile_max_height":0,"ocean_header_custom_menu":"0","ocean_menu_typo_font_family":"0","ocean_menu_typo_font_subset":"","ocean_menu_typo_font_size":0,"ocean_menu_typo_font_size_tablet":0,"ocean_menu_typo_font_size_mobile":0,"ocean_menu_typo_font_size_unit":"px","ocean_menu_typo_font_weight":"","ocean_menu_typo_font_weight_tablet":"","ocean_menu_typo_font_weight_mobile":"","ocean_menu_typo_transform":"","ocean_menu_typo_transform_tablet":"","ocean_menu_typo_transform_mobile":"","ocean_menu_typo_line_height":0,"ocean_menu_typo_line_height_tablet":0,"ocean_menu_typo_line_height_mobile":0,"ocean_menu_typo_line_height_unit":"","ocean_menu_typo_spacing":0,"ocean_menu_typo_spacing_tablet":0,"ocean_menu_typo_spacing_mobile":0,"ocean_menu_typo_spacing_unit":"","ocean_menu_link_color":"","ocean_menu_link_color_hover":"","ocean_menu_link_color_active":"","ocean_menu_link_background":"","ocean_menu_link_hover_background":"","ocean_menu_link_active_background":"","ocean_menu_social_links_bg":"","ocean_menu_social_hover_links_bg":"","ocean_menu_social_links_color":"","ocean_menu_social_hover_links_color":"","ocean_disable_title":"default","ocean_disable_heading":"default","ocean_post_title":"","ocean_post_subheading":"","ocean_post_title_style":"","ocean_post_title_background_color":"","ocean_post_title_background":0,"ocean_post_title_bg_image_position":"","ocean_post_title_bg_image_attachment":"","ocean_post_title_bg_image_repeat":"","ocean_post_title_bg_image_size":"","ocean_post_title_height":0,"ocean_post_title_bg_overlay":0.5,"ocean_post_title_bg_overlay_color":"","ocean_disable_breadcrumbs":"default","ocean_breadcrumbs_color":"","ocean_breadcrumbs_separator_color":"","ocean_breadcrumbs_links_color":"","ocean_breadcrumbs_links_hover_color":"","ocean_display_footer_widgets":"default","ocean_display_footer_bottom":"default","ocean_custom_footer_template":"0"},"product_brand":[],"product_cat":[8],"product_tag":[323,3014,3015,3013],"class_list":{"0":"post-5942","1":"product","2":"type-product","3":"status-publish","4":"has-post-thumbnail","6":"product_cat-altavoces","7":"product_tag-bw","8":"product_tag-bower-wilkins","9":"product_tag-bower-wilkins-asw-700","10":"product_tag-bower-and-wilkins","11":"product_shipping_class-peso-10-a-30-kg","13":"entry","14":"has-media","16":"first","17":"outofstock","18":"sold-individually","19":"shipping-taxable","20":"purchasable","21":"product-type-simple","22":"has-product-nav","23":"col","24":"span_1_of_3","25":"owp-content-center","26":"owp-thumbs-layout-horizontal","27":"owp-btn-normal","28":"owp-tabs-layout-section"},"_links":{"self":[{"href":"https:\/\/www.darthy.com\/en\/wp-json\/wp\/v2\/product\/5942","targetHints":{"allow":["GET"]}}],"collection":[{"href":"https:\/\/www.darthy.com\/en\/wp-json\/wp\/v2\/product"}],"about":[{"href":"https:\/\/www.darthy.com\/en\/wp-json\/wp\/v2\/types\/product"}],"wp:featuredmedia":[{"embeddable":true,"href":"https:\/\/www.darthy.com\/en\/wp-json\/wp\/v2\/media\/5943"}],"wp:attachment":[{"href":"https:\/\/www.darthy.com\/en\/wp-json\/wp\/v2\/media?parent=5942"}],"wp:term":[{"taxonomy":"product_brand","embeddable":true,"href":"https:\/\/www.darthy.com\/en\/wp-json\/wp\/v2\/product_brand?post=5942"},{"taxonomy":"product_cat","embeddable":true,"href":"https:\/\/www.darthy.com\/en\/wp-json\/wp\/v2\/product_cat?post=5942"},{"taxonomy":"product_tag","embeddable":true,"href":"https:\/\/www.darthy.com\/en\/wp-json\/wp\/v2\/product_tag?post=5942"}],"curies":[{"name":"wp","href":"https:\/\/api.w.org\/{rel}","templated":true}]}}