{"id":5870,"date":"2025-03-17T16:57:47","date_gmt":"2025-03-17T16:57:47","guid":{"rendered":"https:\/\/www.darthy.com\/?post_type=product&#038;p=5870"},"modified":"2025-06-07T09:33:45","modified_gmt":"2025-06-07T09:33:45","slug":"harman-kardon-eq8","status":"publish","type":"product","link":"https:\/\/www.darthy.com\/en\/product\/harman-kardon-eq8\/","title":{"rendered":"HARMAN \/ KARDON EQ8"},"content":{"rendered":"<h3>Harman \/ Kardon EQ8<\/h3>\n<p>Vintage 10-cut EQ that is in very good condition with typical signs of use.<\/p>\n<p>Made in Japan<\/p>\n<p><span class=\"HwtZe\" lang=\"es\"><span class=\"jCAhz ChMk0b\"><span class=\"ryNqvb\">It allows compensation, octave by octave, for all of the imperfections found in listening environments. It allows for boost or cut of each octave by up to 12dB, giving as much range as is ever likely to be needed for contouring of sound.<\/span><\/span> <span class=\"jCAhz ChMk0b\"><span class=\"ryNqvb\">Permite realzar o atenuar cada octava hasta en 12 dB, ofreciendo todo el rango posible para contornear el sonido.<\/span><\/span><span class=\"jCAhz\"><span class=\"ryNqvb\"> El filtro subs\u00f3nico se ajusta continuamente de 5 Hz a 30 Hz.<\/span><\/span> <span class=\"jCAhz ChMk0b\"><span class=\"ryNqvb\">Al utilizar la frecuencia de rotaci\u00f3n m\u00e1s baja, que elimina eficazmente cualquier problema subs\u00f3nico, el usuario puede minimizar los efectos de filtrado en la respuesta de graves del sistema.<\/span><\/span> <\/span><\/p>\n<p><span class=\"HwtZe\" lang=\"es\"><span class=\"jCAhz ChMk0b\"><span class=\"ryNqvb\">Adem\u00e1s de mejorar un sistema de componentes dom\u00e9stico, el EQ8 puede ecualizar un casete para un coche o un equipo port\u00e1til.<\/span><\/span><span class=\"jCAhz ChMk0b\"><span class=\"ryNqvb\"> El EQ8 de Harman Kardon es el ecualizador perfecto para entornos de escucha con imperfecciones.<\/span><\/span><\/span><\/p>\n<p>All our devices are reviewed, scrupulously respecting the manufacturer's original characteristics.<\/p>\n<p>Including prior maintenance by our technicians to leave the device in optimal conditions.<\/p>\n<p><strong>Specifications<\/strong><\/p>\n<ul>\n<li>Frequency response: 1Hz to 140kHz<\/li>\n<li>Signal to Noise Ratio: 105dB<\/li>\n<li>Total harmonic distortion: 0.01%<\/li>\n<li>Control Range: \u00b1 12dB<\/li>\n<li>Frequency Bands: 31.5, 63, 125, 250, 500, 1K, 2K, 4K, 8K, 16KHz<\/li>\n<li>Dimensions: 443 x 102 x 341mm<\/li>\n<li>Weight: 4.5kg<\/li>\n<\/ul>\n<p>&nbsp;<\/p>\n<p>Our\u00a0<a href=\"https:\/\/www.darthy.com\/en\/politica-de-envios-y-devoluciones\/\">delivery service<\/a>\u00a0works every day in order to get your orders to you in 48 hours or less.<\/p>\n<p>Con el proposito de que el materia llegue en las mejores condiciones, nuestro embalajes estan hechos con el m\u00e1ximo esmero, todos nuestros envios, tambien estan asegurados en caso de extravio o rotura.<\/p>\n<p>Surely many of you know our physical store, many of the fans of Vintage HiFi and collecting has visited us. Because many of our friends can not visit us by distance, we decided to strengthen our website, so you can see our products almost coughing from your devices, so if you see something that may interest you, you can place your orders comfortably from your house.<\/p>\n<p>At the time of placing your order, we will make the shipment quickly so that you can enjoy it as soon as possible in your home.<\/p>\n<p>Our\u00a0<a href=\"https:\/\/www.darthy.com\/en\/politica-de-envios-y-devoluciones\/\">delivery service<\/a>\u00a0works every day in order to send your orders in 48 hours or less. With the purpose that the material arrives in the best conditions, our packages are made with the utmost care, all our shipments are also insured in case of loss or breakage.<\/p>","protected":false},"excerpt":{"rendered":"<p>Harman \/ Kardon EQ8 Ecualizador vintage de 10 cortes que est\u00e1 en muy buen estado con las marcas t\u00edpicas del uso. Fabricado en Jap\u00f3n. Permite compensar, octava a octava, todas las imperfecciones de los entornos de escucha. Permite realzar o atenuar cada octava hasta en 12 dB, ofreciendo todo el rango posible para contornear el [&hellip;]<\/p>\n","protected":false},"featured_media":5871,"template":"","meta":{"_exactmetrics_skip_tracking":false,"_exactmetrics_sitenote_active":false,"_exactmetrics_sitenote_note":"","_exactmetrics_sitenote_category":0,"ocean_post_layout":"","ocean_both_sidebars_style":"","ocean_both_sidebars_content_width":0,"ocean_both_sidebars_sidebars_width":0,"ocean_sidebar":"0","ocean_second_sidebar":"0","ocean_disable_margins":"enable","ocean_add_body_class":"","ocean_shortcode_before_top_bar":"","ocean_shortcode_after_top_bar":"","ocean_shortcode_before_header":"","ocean_shortcode_after_header":"","ocean_has_shortcode":"","ocean_shortcode_after_title":"","ocean_shortcode_before_footer_widgets":"","ocean_shortcode_after_footer_widgets":"","ocean_shortcode_before_footer_bottom":"","ocean_shortcode_after_footer_bottom":"","ocean_display_top_bar":"default","ocean_display_header":"default","ocean_header_style":"","ocean_center_header_left_menu":"0","ocean_custom_header_template":"0","ocean_custom_logo":0,"ocean_custom_retina_logo":0,"ocean_custom_logo_max_width":0,"ocean_custom_logo_tablet_max_width":0,"ocean_custom_logo_mobile_max_width":0,"ocean_custom_logo_max_height":0,"ocean_custom_logo_tablet_max_height":0,"ocean_custom_logo_mobile_max_height":0,"ocean_header_custom_menu":"0","ocean_menu_typo_font_family":"0","ocean_menu_typo_font_subset":"","ocean_menu_typo_font_size":0,"ocean_menu_typo_font_size_tablet":0,"ocean_menu_typo_font_size_mobile":0,"ocean_menu_typo_font_size_unit":"px","ocean_menu_typo_font_weight":"","ocean_menu_typo_font_weight_tablet":"","ocean_menu_typo_font_weight_mobile":"","ocean_menu_typo_transform":"","ocean_menu_typo_transform_tablet":"","ocean_menu_typo_transform_mobile":"","ocean_menu_typo_line_height":0,"ocean_menu_typo_line_height_tablet":0,"ocean_menu_typo_line_height_mobile":0,"ocean_menu_typo_line_height_unit":"","ocean_menu_typo_spacing":0,"ocean_menu_typo_spacing_tablet":0,"ocean_menu_typo_spacing_mobile":0,"ocean_menu_typo_spacing_unit":"","ocean_menu_link_color":"","ocean_menu_link_color_hover":"","ocean_menu_link_color_active":"","ocean_menu_link_background":"","ocean_menu_link_hover_background":"","ocean_menu_link_active_background":"","ocean_menu_social_links_bg":"","ocean_menu_social_hover_links_bg":"","ocean_menu_social_links_color":"","ocean_menu_social_hover_links_color":"","ocean_disable_title":"default","ocean_disable_heading":"default","ocean_post_title":"","ocean_post_subheading":"","ocean_post_title_style":"","ocean_post_title_background_color":"","ocean_post_title_background":0,"ocean_post_title_bg_image_position":"","ocean_post_title_bg_image_attachment":"","ocean_post_title_bg_image_repeat":"","ocean_post_title_bg_image_size":"","ocean_post_title_height":0,"ocean_post_title_bg_overlay":0.5,"ocean_post_title_bg_overlay_color":"","ocean_disable_breadcrumbs":"default","ocean_breadcrumbs_color":"","ocean_breadcrumbs_separator_color":"","ocean_breadcrumbs_links_color":"","ocean_breadcrumbs_links_hover_color":"","ocean_display_footer_widgets":"default","ocean_display_footer_bottom":"default","ocean_custom_footer_template":"0"},"product_brand":[],"product_cat":[2158],"product_tag":[2120,2156,279,2961,2964,2963,2962],"class_list":{"0":"post-5870","1":"product","2":"type-product","3":"status-publish","4":"has-post-thumbnail","6":"product_cat-sin-categorizar","7":"product_tag-ecualizador","8":"product_tag-equalizer","9":"product_tag-harman-kardon","10":"product_tag-harman-kardon-ecualizador","11":"product_tag-harman-kardon-eq-8","12":"product_tag-harman-kardon-eq8","13":"product_tag-harman-kardon-equalizer","14":"product_shipping_class-peso-5-a-10-kg","16":"entry","17":"has-media","19":"first","20":"instock","21":"sold-individually","22":"shipping-taxable","23":"product-type-simple","24":"has-product-nav","25":"col","26":"span_1_of_3","27":"owp-content-center","28":"owp-thumbs-layout-horizontal","29":"owp-btn-normal","30":"owp-tabs-layout-section"},"_links":{"self":[{"href":"https:\/\/www.darthy.com\/en\/wp-json\/wp\/v2\/product\/5870","targetHints":{"allow":["GET"]}}],"collection":[{"href":"https:\/\/www.darthy.com\/en\/wp-json\/wp\/v2\/product"}],"about":[{"href":"https:\/\/www.darthy.com\/en\/wp-json\/wp\/v2\/types\/product"}],"wp:featuredmedia":[{"embeddable":true,"href":"https:\/\/www.darthy.com\/en\/wp-json\/wp\/v2\/media\/5871"}],"wp:attachment":[{"href":"https:\/\/www.darthy.com\/en\/wp-json\/wp\/v2\/media?parent=5870"}],"wp:term":[{"taxonomy":"product_brand","embeddable":true,"href":"https:\/\/www.darthy.com\/en\/wp-json\/wp\/v2\/product_brand?post=5870"},{"taxonomy":"product_cat","embeddable":true,"href":"https:\/\/www.darthy.com\/en\/wp-json\/wp\/v2\/product_cat?post=5870"},{"taxonomy":"product_tag","embeddable":true,"href":"https:\/\/www.darthy.com\/en\/wp-json\/wp\/v2\/product_tag?post=5870"}],"curies":[{"name":"wp","href":"https:\/\/api.w.org\/{rel}","templated":true}]}}