{"id":5714,"date":"2025-02-04T22:04:56","date_gmt":"2025-02-04T22:04:56","guid":{"rendered":"https:\/\/www.darthy.com\/?post_type=product&#038;p=5714"},"modified":"2025-02-13T09:13:27","modified_gmt":"2025-02-13T09:13:27","slug":"sony-tr-1824","status":"publish","type":"product","link":"https:\/\/www.darthy.com\/en\/product\/sony-tr-1824\/","title":{"rendered":"SONY TR-1824"},"content":{"rendered":"<h3>Sony TR-1824<\/h3>\n<p>This radio with a very careful and original aesthetic is a collector's item. It is a very peculiar device due to its size and rounded shape. This vintage radio, apart from having a good sound reception, is a perfect dream object to give a touch to a space.<\/p>\n<p>Se puede ver el funcionamiento de esta radio <a href=\"https:\/\/www.instagram.com\/reel\/DFYCTNINSf0\/?utm_source=ig_web_copy_link&amp;igsh=MzRlODBiNWFlZA==\">here<\/a>.<\/p>\n<p>All our devices are reviewed, scrupulously respecting the manufacturer's original characteristics.<\/p>\n<p>Including prior maintenance by our technicians to leave the device in optimal conditions.<\/p>\n<p><strong>Specifications<\/strong><\/p>\n<ul class=\"list-group list-group-horizontal-sm\">\n<li class=\"list-group-item list-group-item-rm\"><strong>N\u00famero de circuitos sinton\u00eda: <\/strong>4 Circu\u00edto(s) AM<\/li>\n<li class=\"list-group-item list-group-item-rm\"><strong>Gama de ondas:<\/strong>OM (onda media) solamente<\/li>\n<li class=\"list-group-item list-group-item-rm\"><strong>Tensi\u00f3n de funcionamiento: <\/strong>Pilas \/ 3 \u00d7 1,5\u00a0Volt<\/li>\n<li class=\"list-group-item list-group-item-rm\"><strong>Altavoz: <\/strong>Altavoz din\u00e1mico (de im\u00e1n permanente) \/ \u00d8 6 cm = 2.4 inch<\/li>\n<li class=\"list-group-item list-group-item-rm\"><strong>Material: <\/strong>Pl\u00e1stico moderno (Nunca bakelita o catalina)<\/li>\n<li class=\"list-group-item list-group-item-rm\">Modelo: <strong> TR 1824<\/strong> &#8211; Sony Corporation; Tokyo<\/li>\n<li class=\"list-group-item list-group-item-rm\"><strong>Forma: <\/strong>Radio de dise\u00f1o, novedosa, aparato de capricho, o de forma rara<\/li>\n<li class=\"list-group-item list-group-item-rm\"><strong>Sony battery-operated 6-Transistor AM radio Model TR-1824.<\/strong><\/li>\n<li class=\"list-group-item list-group-item-rm\">Frequency Range: AM 530 &#8211; 1605 kHz<\/li>\n<li class=\"list-group-item list-group-item-rm\">First IF transformer is a combined L\/C and piezo resonator.<\/li>\n<li>Solid State<\/li>\n<li>A\u00f1o de fabricaci\u00f3n: 1972 \/ 1973<\/li>\n<\/ul>\n<p>Our\u00a0<a href=\"https:\/\/www.darthy.com\/en\/politica-de-envios-y-devoluciones\/\">delivery service<\/a>\u00a0works every day in order to get your orders to you in 48 hours or less.<\/p>\n<p>Con el proposito de que el materia llegue en las mejores condiciones, nuestro embalajes estan hechos con el m\u00e1ximo esmero, todos nuestros envios, tambien estan asegurados en caso de extravio o rotura.<\/p>\n<p>Surely many of you know our physical store, many of the fans of Vintage HiFi and collecting has visited us. Because many of our friends can not visit us by distance, we decided to strengthen our website, so you can see our products almost coughing from your devices, so if you see something that may interest you, you can place your orders comfortably from your house.<\/p>\n<p>At the time of placing your order, we will make the shipment quickly so that you can enjoy it as soon as possible in your home.<\/p>\n<p>Our\u00a0<a href=\"https:\/\/www.darthy.com\/en\/politica-de-envios-y-devoluciones\/\">delivery service<\/a>\u00a0works every day in order to send your orders in 48 hours or less. With the purpose that the material arrives in the best conditions, our packages are made with the utmost care, all our shipments are also insured in case of loss or breakage.<\/p>","protected":false},"excerpt":{"rendered":"<p>Sony TR-1824 Esta radio con una est\u00e9tica muy cuidada y original es un objeto de coleccionismo. Es un aparato muy peculiar por su tama\u00f1o y su forma redondeada. Esta radio vintage a parte de tener una buena recepci\u00f3n de sonido es un objeto de sie\u00f1o perfecto para darle un toque a un espacio. Se puede [&hellip;]<\/p>\n","protected":false},"featured_media":5689,"template":"","meta":{"_exactmetrics_skip_tracking":false,"_exactmetrics_sitenote_active":false,"_exactmetrics_sitenote_note":"","_exactmetrics_sitenote_category":0,"ocean_post_layout":"","ocean_both_sidebars_style":"","ocean_both_sidebars_content_width":0,"ocean_both_sidebars_sidebars_width":0,"ocean_sidebar":"0","ocean_second_sidebar":"0","ocean_disable_margins":"enable","ocean_add_body_class":"","ocean_shortcode_before_top_bar":"","ocean_shortcode_after_top_bar":"","ocean_shortcode_before_header":"","ocean_shortcode_after_header":"","ocean_has_shortcode":"","ocean_shortcode_after_title":"","ocean_shortcode_before_footer_widgets":"","ocean_shortcode_after_footer_widgets":"","ocean_shortcode_before_footer_bottom":"","ocean_shortcode_after_footer_bottom":"","ocean_display_top_bar":"default","ocean_display_header":"default","ocean_header_style":"","ocean_center_header_left_menu":"0","ocean_custom_header_template":"0","ocean_custom_logo":0,"ocean_custom_retina_logo":0,"ocean_custom_logo_max_width":0,"ocean_custom_logo_tablet_max_width":0,"ocean_custom_logo_mobile_max_width":0,"ocean_custom_logo_max_height":0,"ocean_custom_logo_tablet_max_height":0,"ocean_custom_logo_mobile_max_height":0,"ocean_header_custom_menu":"0","ocean_menu_typo_font_family":"0","ocean_menu_typo_font_subset":"","ocean_menu_typo_font_size":0,"ocean_menu_typo_font_size_tablet":0,"ocean_menu_typo_font_size_mobile":0,"ocean_menu_typo_font_size_unit":"px","ocean_menu_typo_font_weight":"","ocean_menu_typo_font_weight_tablet":"","ocean_menu_typo_font_weight_mobile":"","ocean_menu_typo_transform":"","ocean_menu_typo_transform_tablet":"","ocean_menu_typo_transform_mobile":"","ocean_menu_typo_line_height":0,"ocean_menu_typo_line_height_tablet":0,"ocean_menu_typo_line_height_mobile":0,"ocean_menu_typo_line_height_unit":"","ocean_menu_typo_spacing":0,"ocean_menu_typo_spacing_tablet":0,"ocean_menu_typo_spacing_mobile":0,"ocean_menu_typo_spacing_unit":"","ocean_menu_link_color":"","ocean_menu_link_color_hover":"","ocean_menu_link_color_active":"","ocean_menu_link_background":"","ocean_menu_link_hover_background":"","ocean_menu_link_active_background":"","ocean_menu_social_links_bg":"","ocean_menu_social_hover_links_bg":"","ocean_menu_social_links_color":"","ocean_menu_social_hover_links_color":"","ocean_disable_title":"default","ocean_disable_heading":"default","ocean_post_title":"","ocean_post_subheading":"","ocean_post_title_style":"","ocean_post_title_background_color":"","ocean_post_title_background":0,"ocean_post_title_bg_image_position":"","ocean_post_title_bg_image_attachment":"","ocean_post_title_bg_image_repeat":"","ocean_post_title_bg_image_size":"","ocean_post_title_height":0,"ocean_post_title_bg_overlay":0.5,"ocean_post_title_bg_overlay_color":"","ocean_disable_breadcrumbs":"default","ocean_breadcrumbs_color":"","ocean_breadcrumbs_separator_color":"","ocean_breadcrumbs_links_color":"","ocean_breadcrumbs_links_hover_color":"","ocean_display_footer_widgets":"default","ocean_display_footer_bottom":"default","ocean_custom_footer_template":"0"},"product_brand":[],"product_cat":[41],"product_tag":[2466,2843,271,2842,2841,2534,2844],"class_list":{"0":"post-5714","1":"product","2":"type-product","3":"status-publish","4":"has-post-thumbnail","6":"product_cat-archivo","7":"product_tag-radio","8":"product_tag-radio-sony","9":"product_tag-sony","10":"product_tag-sony-radio","11":"product_tag-sony-tr-1824","12":"product_tag-stereo-tuner","13":"product_tag-tuner-sony","15":"entry","16":"has-media","18":"first","19":"instock","20":"sold-individually","21":"shipping-taxable","22":"product-type-simple","23":"has-product-nav","24":"col","25":"span_1_of_3","26":"owp-content-center","27":"owp-thumbs-layout-horizontal","28":"owp-btn-normal","29":"owp-tabs-layout-section"},"_links":{"self":[{"href":"https:\/\/www.darthy.com\/en\/wp-json\/wp\/v2\/product\/5714","targetHints":{"allow":["GET"]}}],"collection":[{"href":"https:\/\/www.darthy.com\/en\/wp-json\/wp\/v2\/product"}],"about":[{"href":"https:\/\/www.darthy.com\/en\/wp-json\/wp\/v2\/types\/product"}],"wp:featuredmedia":[{"embeddable":true,"href":"https:\/\/www.darthy.com\/en\/wp-json\/wp\/v2\/media\/5689"}],"wp:attachment":[{"href":"https:\/\/www.darthy.com\/en\/wp-json\/wp\/v2\/media?parent=5714"}],"wp:term":[{"taxonomy":"product_brand","embeddable":true,"href":"https:\/\/www.darthy.com\/en\/wp-json\/wp\/v2\/product_brand?post=5714"},{"taxonomy":"product_cat","embeddable":true,"href":"https:\/\/www.darthy.com\/en\/wp-json\/wp\/v2\/product_cat?post=5714"},{"taxonomy":"product_tag","embeddable":true,"href":"https:\/\/www.darthy.com\/en\/wp-json\/wp\/v2\/product_tag?post=5714"}],"curies":[{"name":"wp","href":"https:\/\/api.w.org\/{rel}","templated":true}]}}