{"id":5662,"date":"2025-01-28T14:58:22","date_gmt":"2025-01-28T14:58:22","guid":{"rendered":"https:\/\/www.darthy.com\/?post_type=product&#038;p=5662"},"modified":"2025-02-13T09:16:07","modified_gmt":"2025-02-13T09:16:07","slug":"onkyo-cp-30m","status":"publish","type":"product","link":"https:\/\/www.darthy.com\/en\/product\/onkyo-cp-30m\/","title":{"rendered":"ONKYO CP-30M"},"content":{"rendered":"<h3>Onkyo CP-30M<\/h3>\n<p>This beautiful record player remains in very good condition, taking into account the passage of time. This item is a vintage piece with very good sound quality.<\/p>\n<p>Made in Japan<\/p>\n<p>All our devices are reviewed, scrupulously respecting the manufacturer's original characteristics.<\/p>\n<p>Including prior maintenance by our technicians to leave the device in optimal conditions.<\/p>\n<p><strong>Specifications<\/strong><\/p>\n<ul>\n<li>Type: manual turntable<\/li>\n<li>Drive method: belt drive<\/li>\n<li>Motor: 4-pole synchronous<\/li>\n<li>Platter: 300mm aluminium diecast<\/li>\n<li>Speeds: 33 and 45rpm<\/li>\n<li>Wow and flutter: 0.18%<\/li>\n<li>Signal to noise ratio: 30dB<\/li>\n<li>Tonearm: static balance pipe arm<\/li>\n<li>Effective length: 215mm<\/li>\n<li>Overhang: 9.4mm<\/li>\n<li>Tracking force: 0 to 4g<\/li>\n<li>Dimensions: 442 x 165 x 380mm<\/li>\n<li>Weight: 7kg<\/li>\n<\/ul>\n<p>&nbsp;<\/p>\n<p>Our\u00a0<a href=\"https:\/\/www.darthy.com\/en\/politica-de-envios-y-devoluciones\/\">delivery service<\/a>\u00a0works every day in order to get your orders to you in 48 hours or less.<\/p>\n<p>In order for the material to arrive in the best conditions, our packaging is made with the utmost care, all our shipments are also insured in case of loss or breakage.<\/p>\n<p>Surely many of you know our physical store, many of the fans of Vintage HiFi and collecting has visited us. Because many of our friends can not visit us by distance, we decided to strengthen our website, so you can see our products almost coughing from your devices, so if you see something that may interest you, you can place your orders comfortably from your house.<\/p>\n<p>At the time of placing your order, we will make the shipment quickly so that you can enjoy it as soon as possible in your home.<\/p>\n<p>Our\u00a0<a href=\"https:\/\/www.darthy.com\/en\/politica-de-envios-y-devoluciones\/\">delivery service<\/a> works every day in order to send your orders in 48 hours or less. With the purpose that the material arrives in the best conditions, our packages are made with the utmost care, all our shipments are also insured in case of loss or breakage.<\/p>","protected":false},"excerpt":{"rendered":"<p>Onkyo CP-30M Este bonito aparato tocadiscos se mantiene en muy buen estado siempre teniendo en cuenta el paso del tiempo. Este art\u00edculo es una pieza vintage con un calidad de sonido muy buena. Fabricado en Jap\u00f3n. Todos nuestros aparatos est\u00e1n revisados respetando escrupulosamente las caracter\u00edsticas originales del fabricante. Incluido el mantenimiento previo de nuestros t\u00e9cnicos [&hellip;]<\/p>\n","protected":false},"featured_media":5666,"template":"","meta":{"_exactmetrics_skip_tracking":false,"_exactmetrics_sitenote_active":false,"_exactmetrics_sitenote_note":"","_exactmetrics_sitenote_category":0,"ocean_post_layout":"","ocean_both_sidebars_style":"","ocean_both_sidebars_content_width":0,"ocean_both_sidebars_sidebars_width":0,"ocean_sidebar":"0","ocean_second_sidebar":"0","ocean_disable_margins":"enable","ocean_add_body_class":"","ocean_shortcode_before_top_bar":"","ocean_shortcode_after_top_bar":"","ocean_shortcode_before_header":"","ocean_shortcode_after_header":"","ocean_has_shortcode":"","ocean_shortcode_after_title":"","ocean_shortcode_before_footer_widgets":"","ocean_shortcode_after_footer_widgets":"","ocean_shortcode_before_footer_bottom":"","ocean_shortcode_after_footer_bottom":"","ocean_display_top_bar":"default","ocean_display_header":"default","ocean_header_style":"","ocean_center_header_left_menu":"0","ocean_custom_header_template":"0","ocean_custom_logo":0,"ocean_custom_retina_logo":0,"ocean_custom_logo_max_width":0,"ocean_custom_logo_tablet_max_width":0,"ocean_custom_logo_mobile_max_width":0,"ocean_custom_logo_max_height":0,"ocean_custom_logo_tablet_max_height":0,"ocean_custom_logo_mobile_max_height":0,"ocean_header_custom_menu":"0","ocean_menu_typo_font_family":"0","ocean_menu_typo_font_subset":"","ocean_menu_typo_font_size":0,"ocean_menu_typo_font_size_tablet":0,"ocean_menu_typo_font_size_mobile":0,"ocean_menu_typo_font_size_unit":"px","ocean_menu_typo_font_weight":"","ocean_menu_typo_font_weight_tablet":"","ocean_menu_typo_font_weight_mobile":"","ocean_menu_typo_transform":"","ocean_menu_typo_transform_tablet":"","ocean_menu_typo_transform_mobile":"","ocean_menu_typo_line_height":0,"ocean_menu_typo_line_height_tablet":0,"ocean_menu_typo_line_height_mobile":0,"ocean_menu_typo_line_height_unit":"","ocean_menu_typo_spacing":0,"ocean_menu_typo_spacing_tablet":0,"ocean_menu_typo_spacing_mobile":0,"ocean_menu_typo_spacing_unit":"","ocean_menu_link_color":"","ocean_menu_link_color_hover":"","ocean_menu_link_color_active":"","ocean_menu_link_background":"","ocean_menu_link_hover_background":"","ocean_menu_link_active_background":"","ocean_menu_social_links_bg":"","ocean_menu_social_hover_links_bg":"","ocean_menu_social_links_color":"","ocean_menu_social_hover_links_color":"","ocean_disable_title":"default","ocean_disable_heading":"default","ocean_post_title":"","ocean_post_subheading":"","ocean_post_title_style":"","ocean_post_title_background_color":"","ocean_post_title_background":0,"ocean_post_title_bg_image_position":"","ocean_post_title_bg_image_attachment":"","ocean_post_title_bg_image_repeat":"","ocean_post_title_bg_image_size":"","ocean_post_title_height":0,"ocean_post_title_bg_overlay":0.5,"ocean_post_title_bg_overlay_color":"","ocean_disable_breadcrumbs":"default","ocean_breadcrumbs_color":"","ocean_breadcrumbs_separator_color":"","ocean_breadcrumbs_links_color":"","ocean_breadcrumbs_links_hover_color":"","ocean_display_footer_widgets":"default","ocean_display_footer_bottom":"default","ocean_custom_footer_template":"0"},"product_brand":[],"product_cat":[41],"product_tag":[1810,2818,2816,2817,2819,208],"class_list":{"0":"post-5662","1":"product","2":"type-product","3":"status-publish","4":"has-post-thumbnail","6":"product_cat-archivo","7":"product_tag-onkyo","8":"product_tag-onkyo-cp-30-m","9":"product_tag-onkyo-cp-30m","10":"product_tag-onkyo-cp30m","11":"product_tag-onkyo-tocadiscos","12":"product_tag-tocadiscos","14":"entry","15":"has-media","17":"first","18":"instock","19":"sold-individually","20":"shipping-taxable","21":"product-type-simple","22":"has-product-nav","23":"col","24":"span_1_of_3","25":"owp-content-center","26":"owp-thumbs-layout-horizontal","27":"owp-btn-normal","28":"owp-tabs-layout-section"},"_links":{"self":[{"href":"https:\/\/www.darthy.com\/en\/wp-json\/wp\/v2\/product\/5662","targetHints":{"allow":["GET"]}}],"collection":[{"href":"https:\/\/www.darthy.com\/en\/wp-json\/wp\/v2\/product"}],"about":[{"href":"https:\/\/www.darthy.com\/en\/wp-json\/wp\/v2\/types\/product"}],"wp:featuredmedia":[{"embeddable":true,"href":"https:\/\/www.darthy.com\/en\/wp-json\/wp\/v2\/media\/5666"}],"wp:attachment":[{"href":"https:\/\/www.darthy.com\/en\/wp-json\/wp\/v2\/media?parent=5662"}],"wp:term":[{"taxonomy":"product_brand","embeddable":true,"href":"https:\/\/www.darthy.com\/en\/wp-json\/wp\/v2\/product_brand?post=5662"},{"taxonomy":"product_cat","embeddable":true,"href":"https:\/\/www.darthy.com\/en\/wp-json\/wp\/v2\/product_cat?post=5662"},{"taxonomy":"product_tag","embeddable":true,"href":"https:\/\/www.darthy.com\/en\/wp-json\/wp\/v2\/product_tag?post=5662"}],"curies":[{"name":"wp","href":"https:\/\/api.w.org\/{rel}","templated":true}]}}