{"id":5277,"date":"2024-11-12T21:57:25","date_gmt":"2024-11-12T21:57:25","guid":{"rendered":"https:\/\/www.darthy.com\/?post_type=product&#038;p=5277"},"modified":"2025-06-17T07:25:12","modified_gmt":"2025-06-17T07:25:12","slug":"pioneer-pd-f607","status":"publish","type":"product","link":"https:\/\/www.darthy.com\/en\/product\/pioneer-pd-f607\/","title":{"rendered":"PIONEER PD-F607"},"content":{"rendered":"<h3>Pioneer PD-F607<\/h3>\n<p>Black multi-load CD player in very good condition with typical signs of use. You can load up to 25 CDs.<\/p>\n<p>This equipment has been thoroughly inspected to meet the original manufacturer specifications, including prior maintenance by our technicians, ensuring it is in optimal condition.<\/p>\n<p><strong>Specifications<\/strong><\/p>\n<ul>\n<li>Disc format: CD (25 disc multi play)<\/li>\n<li>Digital converter: 1 bit DLC<\/li>\n<li>Frequency response: 2Hz to 20kHz<\/li>\n<li>Dynamic range: 96dB<\/li>\n<li>Signal to Noise Ratio: 98dB<\/li>\n<li>Total harmonic distortion: 0.005%<\/li>\n<li>Line output: 2V<\/li>\n<li>Digital connections: optical<\/li>\n<li>Dimensions: 420 X 312 X 193mm<\/li>\n<li>Weight: 4.8kg<\/li>\n<li>Accessories: remote control<\/li>\n<li>Year: 1997<\/li>\n<\/ul>\n<p>Our\u00a0<a href=\"https:\/\/www.darthy.com\/en\/politica-de-envios-y-devoluciones\/\">delivery service<\/a>\u00a0works every day in order to get your orders to you in 48 hours or less.<\/p>\n<p>Con el proposito de que el materia llegue en las mejores condiciones, nuestro embalajes estan hechos con el m\u00e1ximo esmero, todos nuestros envios, tambien estan asegurados en caso de extravio o rotura.<\/p>\n<p>Surely many of you know our physical store, many of the fans of Vintage HiFi and collecting has visited us. Because many of our friends can not visit us by distance, we decided to strengthen our website, so you can see our products almost coughing from your devices, so if you see something that may interest you, you can place your orders comfortably from your house.<\/p>\n<p>At the time of placing your order, we will make the shipment quickly so that you can enjoy it as soon as possible in your home.<\/p>\n<p>Our\u00a0<a href=\"https:\/\/www.darthy.com\/en\/politica-de-envios-y-devoluciones\/\">delivery service<\/a>\u00a0works every day in order to send your orders in 48 hours or less. With the purpose that the material arrives in the best conditions, our packages are made with the utmost care, all our shipments are also insured in case of loss or breakage.<\/p>","protected":false},"excerpt":{"rendered":"<p>Pioneer PD-F607 Reproductor de CD multicarga negro en muy\u00a0 buen estado con las t\u00edpicas marcas de uso. Puede cargar hasta 25 CD. Este equipo ha sido examinado minuciosamente para cumplir con las especificaciones originales del fabricante, incluyendo un mantenimiento previo efectuado por nuestros t\u00e9cnicos, asegurando que est\u00e9 en \u00f3ptimas condiciones. Especificaciones Disc format: CD (25 [&hellip;]<\/p>\n","protected":false},"featured_media":5289,"template":"","meta":{"_exactmetrics_skip_tracking":false,"_exactmetrics_sitenote_active":false,"_exactmetrics_sitenote_note":"","_exactmetrics_sitenote_category":0,"ocean_post_layout":"","ocean_both_sidebars_style":"","ocean_both_sidebars_content_width":0,"ocean_both_sidebars_sidebars_width":0,"ocean_sidebar":"0","ocean_second_sidebar":"0","ocean_disable_margins":"enable","ocean_add_body_class":"","ocean_shortcode_before_top_bar":"","ocean_shortcode_after_top_bar":"","ocean_shortcode_before_header":"","ocean_shortcode_after_header":"","ocean_has_shortcode":"","ocean_shortcode_after_title":"","ocean_shortcode_before_footer_widgets":"","ocean_shortcode_after_footer_widgets":"","ocean_shortcode_before_footer_bottom":"","ocean_shortcode_after_footer_bottom":"","ocean_display_top_bar":"default","ocean_display_header":"default","ocean_header_style":"","ocean_center_header_left_menu":"0","ocean_custom_header_template":"0","ocean_custom_logo":0,"ocean_custom_retina_logo":0,"ocean_custom_logo_max_width":0,"ocean_custom_logo_tablet_max_width":0,"ocean_custom_logo_mobile_max_width":0,"ocean_custom_logo_max_height":0,"ocean_custom_logo_tablet_max_height":0,"ocean_custom_logo_mobile_max_height":0,"ocean_header_custom_menu":"0","ocean_menu_typo_font_family":"0","ocean_menu_typo_font_subset":"","ocean_menu_typo_font_size":0,"ocean_menu_typo_font_size_tablet":0,"ocean_menu_typo_font_size_mobile":0,"ocean_menu_typo_font_size_unit":"px","ocean_menu_typo_font_weight":"","ocean_menu_typo_font_weight_tablet":"","ocean_menu_typo_font_weight_mobile":"","ocean_menu_typo_transform":"","ocean_menu_typo_transform_tablet":"","ocean_menu_typo_transform_mobile":"","ocean_menu_typo_line_height":0,"ocean_menu_typo_line_height_tablet":0,"ocean_menu_typo_line_height_mobile":0,"ocean_menu_typo_line_height_unit":"","ocean_menu_typo_spacing":0,"ocean_menu_typo_spacing_tablet":0,"ocean_menu_typo_spacing_mobile":0,"ocean_menu_typo_spacing_unit":"","ocean_menu_link_color":"","ocean_menu_link_color_hover":"","ocean_menu_link_color_active":"","ocean_menu_link_background":"","ocean_menu_link_hover_background":"","ocean_menu_link_active_background":"","ocean_menu_social_links_bg":"","ocean_menu_social_hover_links_bg":"","ocean_menu_social_links_color":"","ocean_menu_social_hover_links_color":"","ocean_disable_title":"default","ocean_disable_heading":"default","ocean_post_title":"","ocean_post_subheading":"","ocean_post_title_style":"","ocean_post_title_background_color":"","ocean_post_title_background":0,"ocean_post_title_bg_image_position":"","ocean_post_title_bg_image_attachment":"","ocean_post_title_bg_image_repeat":"","ocean_post_title_bg_image_size":"","ocean_post_title_height":0,"ocean_post_title_bg_overlay":0.5,"ocean_post_title_bg_overlay_color":"","ocean_disable_breadcrumbs":"default","ocean_breadcrumbs_color":"","ocean_breadcrumbs_separator_color":"","ocean_breadcrumbs_links_color":"","ocean_breadcrumbs_links_hover_color":"","ocean_display_footer_widgets":"default","ocean_display_footer_bottom":"default","ocean_custom_footer_template":"0"},"product_brand":[],"product_cat":[40],"product_tag":[2554,2551,2555,348,2552,2553],"class_list":{"0":"post-5277","1":"product","2":"type-product","3":"status-publish","4":"has-post-thumbnail","6":"product_cat-cd","7":"product_tag-compact-disc","8":"product_tag-compact-disc-pioneer","9":"product_tag-multicarga-cd","10":"product_tag-pioneer","11":"product_tag-pioneer-pd-f607","12":"product_tag-pioneer-pdf607","14":"entry","15":"has-media","17":"first","18":"outofstock","19":"sold-individually","20":"shipping-taxable","21":"purchasable","22":"product-type-simple","23":"has-product-nav","24":"col","25":"span_1_of_3","26":"owp-content-center","27":"owp-thumbs-layout-horizontal","28":"owp-btn-normal","29":"owp-tabs-layout-section"},"_links":{"self":[{"href":"https:\/\/www.darthy.com\/en\/wp-json\/wp\/v2\/product\/5277","targetHints":{"allow":["GET"]}}],"collection":[{"href":"https:\/\/www.darthy.com\/en\/wp-json\/wp\/v2\/product"}],"about":[{"href":"https:\/\/www.darthy.com\/en\/wp-json\/wp\/v2\/types\/product"}],"wp:featuredmedia":[{"embeddable":true,"href":"https:\/\/www.darthy.com\/en\/wp-json\/wp\/v2\/media\/5289"}],"wp:attachment":[{"href":"https:\/\/www.darthy.com\/en\/wp-json\/wp\/v2\/media?parent=5277"}],"wp:term":[{"taxonomy":"product_brand","embeddable":true,"href":"https:\/\/www.darthy.com\/en\/wp-json\/wp\/v2\/product_brand?post=5277"},{"taxonomy":"product_cat","embeddable":true,"href":"https:\/\/www.darthy.com\/en\/wp-json\/wp\/v2\/product_cat?post=5277"},{"taxonomy":"product_tag","embeddable":true,"href":"https:\/\/www.darthy.com\/en\/wp-json\/wp\/v2\/product_tag?post=5277"}],"curies":[{"name":"wp","href":"https:\/\/api.w.org\/{rel}","templated":true}]}}