{"id":5258,"date":"2024-10-29T22:41:04","date_gmt":"2024-10-29T22:41:04","guid":{"rendered":"https:\/\/www.darthy.com\/?post_type=product&#038;p=5258"},"modified":"2024-11-05T10:49:03","modified_gmt":"2024-11-05T10:49:03","slug":"kenwood-a601","status":"publish","type":"product","link":"https:\/\/www.darthy.com\/en\/product\/kenwood-a601\/","title":{"rendered":"KENWOOD A601"},"content":{"rendered":"<h3>Kenwood A601<\/h3>\n<p>This device is composed of:<\/p>\n<ul>\n<li>Compact disc DP-601<\/li>\n<li>Tuner stereo synthesizer T-601<\/li>\n<li>Cassette X-601<\/li>\n<li>A-601 Amplifier<\/li>\n<\/ul>\n<p>This pack of devices is of the highest quality and high-end. It is in perfect condition.<\/p>\n<p>The remote control is included in the pack.<\/p>\n<p>This appliance has been checked in strict compliance with the manufacturer's original specifications.<\/p>\n<p>Including prior maintenance by our technicians to leave the device in optimal conditions.<\/p>\n<p>You can see the operation of this amplifier <a href=\"https:\/\/www.instagram.com\/reel\/DBYcz4RNjjl\/?utm_source=ig_web_copy_link&amp;igsh=MzRlODBiNWFlZA==\">here<\/a><\/p>\n<p><strong>Especificaciones Kenwood A-601<br \/>\n<\/strong><\/p>\n<ul>\n<li>Power output: 42 watts per channel into 8\u2126 (stereo)<\/li>\n<li>Frequency response: 5Hz to 75kHz<\/li>\n<li>Total harmonic distortion: 0.5%<\/li>\n<li>Input sensitivity: 200mV (line)<\/li>\n<li>Signal to noise ratio: 100dB (line)<\/li>\n<li>Output: 200mV (line), 2V (Pre out)<\/li>\n<li>Speaker load impedance: 4\u2126 to 16\u2126<\/li>\n<li>Dimensions: 270 x 116 x 343mm<\/li>\n<li>Weight: 6.5kg<\/li>\n<li>Accessories: RC-601 remote control<\/li>\n<li>Year: 1994<\/li>\n<\/ul>\n<p><strong>Especificaciones Kenwood DP-601<\/strong><\/p>\n<ul>\n<li>Disc format: CD<\/li>\n<li>Digital converter: 1 bit, 8 x oversampling<\/li>\n<li>Frequency response: 4Hz to 20kHz<\/li>\n<li>Dynamic range: 97dB<\/li>\n<li>Channel separation: 98dB<\/li>\n<li>Total harmonic distortion: 0.0037%<\/li>\n<li>Line output: 2V<\/li>\n<li>Digital connections: optical<\/li>\n<li>Dimensions: 270 x 98 x 315mm<\/li>\n<li>Weight: 3.5kg<\/li>\n<li>Accessories: RC-601 remote control<\/li>\n<li>Year: 1994<\/li>\n<\/ul>\n<p><strong>Especificaciones Kenwood X-601<\/strong><\/p>\n<ul>\n<li>Defective Kenwood X-601 horizontal loading cassette deck in the titanium finish.<\/li>\n<li>The Kenwood X-601\u00a0cassette deck features include Dolby HX-Pro, Dolby B and Dolby C.<\/li>\n<li>Input voltage: 230 V<\/li>\n<li>Input frequency: 50 Hz<\/li>\n<\/ul>\n<div class=\"woocommerce-tabs wc-tabs-wrapper\">\n<div id=\"tab-description\" class=\"woocommerce-Tabs-panel woocommerce-Tabs-panel--description panel entry-content wc-tab\" role=\"tabpanel\" aria-labelledby=\"tab-title-description\">\n<p>&nbsp;<\/p>\n<p>Our\u00a0<a href=\"https:\/\/www.darthy.com\/en\/politica-de-envios-y-devoluciones\/\">delivery service<\/a>\u00a0works every day in order to get your orders to you in 48 hours or less.<\/p>\n<p>Con el proposito de que el materia llegue en las mejores condiciones, nuestro embalajes estan hechos con el m\u00e1ximo esmero, todos nuestros envios, tambien estan asegurados en caso de extravio o rotura.<\/p>\n<p>Surely many of you know our physical store, many of the fans of Vintage HiFi and collecting has visited us. Because many of our friends can not visit us by distance, we decided to strengthen our website, so you can see our products almost coughing from your devices, so if you see something that may interest you, you can place your orders comfortably from your house.<\/p>\n<p>At the time of placing your order, we will make the shipment quickly so that you can enjoy it as soon as possible in your home.<\/p>\n<p>Our\u00a0<a href=\"https:\/\/www.darthy.com\/en\/politica-de-envios-y-devoluciones\/\">delivery service<\/a>\u00a0works every day in order to send your orders in 48 hours or less. With the purpose that the material arrives in the best conditions, our packages are made with the utmost care, all our shipments are also insured in case of loss or breakage.<\/p>\n<\/div>\n<\/div>","protected":false},"excerpt":{"rendered":"<p>Kenwood A601 Este aparato est\u00e1 compuesto por un: Compact disc DP-601 Tuner stereo synthesizer T-601 Cassette X-601 Amplificador A-601 Esta pack de aparatos es de la mejor calidad y de gama alta. Est\u00e1 en perfecto estado. El mando esta inclu\u00eddo en el pack. Este aparato est\u00e1 revisado respetando escrupulosamente las caracter\u00edsticas originales del fabricante. Incluido [&hellip;]<\/p>\n","protected":false},"featured_media":5230,"template":"","meta":{"_exactmetrics_skip_tracking":false,"_exactmetrics_sitenote_active":false,"_exactmetrics_sitenote_note":"","_exactmetrics_sitenote_category":0,"ocean_post_layout":"","ocean_both_sidebars_style":"","ocean_both_sidebars_content_width":0,"ocean_both_sidebars_sidebars_width":0,"ocean_sidebar":"0","ocean_second_sidebar":"0","ocean_disable_margins":"enable","ocean_add_body_class":"","ocean_shortcode_before_top_bar":"","ocean_shortcode_after_top_bar":"","ocean_shortcode_before_header":"","ocean_shortcode_after_header":"","ocean_has_shortcode":"","ocean_shortcode_after_title":"","ocean_shortcode_before_footer_widgets":"","ocean_shortcode_after_footer_widgets":"","ocean_shortcode_before_footer_bottom":"","ocean_shortcode_after_footer_bottom":"","ocean_display_top_bar":"default","ocean_display_header":"default","ocean_header_style":"","ocean_center_header_left_menu":"0","ocean_custom_header_template":"0","ocean_custom_logo":0,"ocean_custom_retina_logo":0,"ocean_custom_logo_max_width":0,"ocean_custom_logo_tablet_max_width":0,"ocean_custom_logo_mobile_max_width":0,"ocean_custom_logo_max_height":0,"ocean_custom_logo_tablet_max_height":0,"ocean_custom_logo_mobile_max_height":0,"ocean_header_custom_menu":"0","ocean_menu_typo_font_family":"0","ocean_menu_typo_font_subset":"","ocean_menu_typo_font_size":0,"ocean_menu_typo_font_size_tablet":0,"ocean_menu_typo_font_size_mobile":0,"ocean_menu_typo_font_size_unit":"px","ocean_menu_typo_font_weight":"","ocean_menu_typo_font_weight_tablet":"","ocean_menu_typo_font_weight_mobile":"","ocean_menu_typo_transform":"","ocean_menu_typo_transform_tablet":"","ocean_menu_typo_transform_mobile":"","ocean_menu_typo_line_height":0,"ocean_menu_typo_line_height_tablet":0,"ocean_menu_typo_line_height_mobile":0,"ocean_menu_typo_line_height_unit":"","ocean_menu_typo_spacing":0,"ocean_menu_typo_spacing_tablet":0,"ocean_menu_typo_spacing_mobile":0,"ocean_menu_typo_spacing_unit":"","ocean_menu_link_color":"","ocean_menu_link_color_hover":"","ocean_menu_link_color_active":"","ocean_menu_link_background":"","ocean_menu_link_hover_background":"","ocean_menu_link_active_background":"","ocean_menu_social_links_bg":"","ocean_menu_social_hover_links_bg":"","ocean_menu_social_links_color":"","ocean_menu_social_hover_links_color":"","ocean_disable_title":"default","ocean_disable_heading":"default","ocean_post_title":"","ocean_post_subheading":"","ocean_post_title_style":"","ocean_post_title_background_color":"","ocean_post_title_background":0,"ocean_post_title_bg_image_position":"","ocean_post_title_bg_image_attachment":"","ocean_post_title_bg_image_repeat":"","ocean_post_title_bg_image_size":"","ocean_post_title_height":0,"ocean_post_title_bg_overlay":0.5,"ocean_post_title_bg_overlay_color":"","ocean_disable_breadcrumbs":"default","ocean_breadcrumbs_color":"","ocean_breadcrumbs_separator_color":"","ocean_breadcrumbs_links_color":"","ocean_breadcrumbs_links_hover_color":"","ocean_display_footer_widgets":"default","ocean_display_footer_bottom":"default","ocean_custom_footer_template":"0"},"product_brand":[],"product_cat":[41],"product_tag":[2527,2528,2530,2523,2524,2526,2525,2529],"class_list":{"0":"post-5258","1":"product","2":"type-product","3":"status-publish","4":"has-post-thumbnail","6":"product_cat-archivo","7":"product_tag-amplificador-kenwood","8":"product_tag-cassette-kenwood","9":"product_tag-compact-disc-kenwood","10":"product_tag-kenwood-a-601","11":"product_tag-kenwood-dp-601","12":"product_tag-kenwood-t-601","13":"product_tag-kenwood-x-601","14":"product_tag-tuner-kenwood","16":"entry","17":"has-media","19":"first","20":"instock","21":"sold-individually","22":"shipping-taxable","23":"product-type-simple","24":"has-product-nav","25":"col","26":"span_1_of_3","27":"owp-content-center","28":"owp-thumbs-layout-horizontal","29":"owp-btn-normal","30":"owp-tabs-layout-section"},"_links":{"self":[{"href":"https:\/\/www.darthy.com\/en\/wp-json\/wp\/v2\/product\/5258","targetHints":{"allow":["GET"]}}],"collection":[{"href":"https:\/\/www.darthy.com\/en\/wp-json\/wp\/v2\/product"}],"about":[{"href":"https:\/\/www.darthy.com\/en\/wp-json\/wp\/v2\/types\/product"}],"wp:featuredmedia":[{"embeddable":true,"href":"https:\/\/www.darthy.com\/en\/wp-json\/wp\/v2\/media\/5230"}],"wp:attachment":[{"href":"https:\/\/www.darthy.com\/en\/wp-json\/wp\/v2\/media?parent=5258"}],"wp:term":[{"taxonomy":"product_brand","embeddable":true,"href":"https:\/\/www.darthy.com\/en\/wp-json\/wp\/v2\/product_brand?post=5258"},{"taxonomy":"product_cat","embeddable":true,"href":"https:\/\/www.darthy.com\/en\/wp-json\/wp\/v2\/product_cat?post=5258"},{"taxonomy":"product_tag","embeddable":true,"href":"https:\/\/www.darthy.com\/en\/wp-json\/wp\/v2\/product_tag?post=5258"}],"curies":[{"name":"wp","href":"https:\/\/api.w.org\/{rel}","templated":true}]}}