{"id":5255,"date":"2024-10-29T21:54:31","date_gmt":"2024-10-29T21:54:31","guid":{"rendered":"https:\/\/www.darthy.com\/?post_type=product&#038;p=5255"},"modified":"2025-04-19T21:31:00","modified_gmt":"2025-04-19T21:31:00","slug":"pioneer-rt-909","status":"publish","type":"product","link":"https:\/\/www.darthy.com\/en\/product\/pioneer-rt-909\/","title":{"rendered":"PIONEER RT-909"},"content":{"rendered":"<p><strong>PIONEER RT-909<\/strong><\/p>\n<p>Reel to reel from the legendary Pioneer blue series. This 100% original classic tape recorder is in very good condition and maintains all its vintage features.<\/p>\n<p>It is a high-end reel to reel and has a spectacular sound.<\/p>\n<p>Made in Japan.<\/p>\n<p>All our devices are reviewed, scrupulously respecting the manufacturer's original characteristics.<\/p>\n<p>Including prior maintenance by our technicians to leave the device in optimal conditions.<\/p>\n<p><span class=\"HwtZe\" lang=\"es\"><span class=\"jCAhz ChMk0b\"><span class=\"ryNqvb\">It not only accepts the conventional 7 inch reels, but also the professional size 10.5 inch diameter reels.<\/span><\/span><\/span><\/p>\n<p><span class=\"HwtZe\" lang=\"es\"><span class=\"jCAhz ChMk0b\"><span class=\"ryNqvb\">It mixes microphone inputs and line inputs, another advanced professional feature.<\/span><\/span> <span class=\"jCAhz ChMk0b\"><span class=\"ryNqvb\">And it allows instant comparison between the tape and the original, as well as azimuth adjustments of the heads.<\/span><\/span> <span class=\"jCAhz ChMk0b\"><span class=\"ryNqvb\">Add up all of this Pioneer perfection and there's no doubt that the RT-909 is made for the person who has major musical ambitions and strongly professional tastes.<\/span><\/span><span class=\"jCAhz ChMk0b\"><span class=\"ryNqvb\"> And yet if you've never considered making the big move upward into open-reel, because you thought they were too complicated, you'll be happy to learn that Pioneer has equipped the RT-909 with the kind of features that only an open -reel novice could appreciate<\/span><\/span><\/span><\/p>\n<p><strong>Specifications<\/strong><\/p>\n<ul>\n<li>Track system: auto reverse, 4-track, 2-channel, stereo system<\/li>\n<li>Heads: 2 x playback, 1 x record, 1 x erase<\/li>\n<li>Motor: 2 x reel, 1 x capstan<\/li>\n<li>Reel size: up to 10.5 inch reel<\/li>\n<li>Tape speeds: 3 <span class=\"small_fraction\"><sup>3<\/sup>\u2044<sub>4<\/sub><\/span>\u00a0\u00a07 <span class=\"small_fraction\"><sup>1<\/sup>\u2044<sub>2<\/sub><\/span> ips<\/li>\n<li>Wow and flutter: 0.04% <span class=\"small_fraction\">(7 <sup>1<\/sup>\u2044<sub>2<\/sub> ips)<\/span><\/li>\n<li>Frequency response: 20Hz to 30kHz <span class=\"small_fraction\">(7 <sup>1<\/sup>\u2044<sub>2<\/sub> ips)<\/span><\/li>\n<li>Signal to Noise Ratio: 60dB<\/li>\n<li>Total harmonic distortion: 1%<\/li>\n<li>Crosstalk: 50dB<\/li>\n<li>Input: 50mV (line), 0.3mV (mic)<\/li>\n<li>Output: 0.45V (line)<\/li>\n<li>Semiconductors: 4 x FET, 43 x IC, 121 x transistors, 126 x diodes<\/li>\n<li>Dimensions: 480 x 340 x 318mm<\/li>\n<li>Weight: 21kg<\/li>\n<li>Year: 1979<\/li>\n<\/ul>\n<p>&nbsp;<\/p>\n<p>Our\u00a0<a href=\"https:\/\/www.darthy.com\/en\/politica-de-envios-y-devoluciones\/\">delivery service<\/a>\u00a0works every day in order to get your orders to you in 48 hours or less.<\/p>\n<p>Con el proposito de que el materia llegue en las mejores condiciones, nuestro embalajes estan hechos con el m\u00e1ximo esmero, todos nuestros envios, tambien estan asegurados en caso de extravio o rotura.<\/p>\n<p>Surely many of you know our physical store, many of the fans of Vintage HiFi and collecting has visited us. Because many of our friends can not visit us by distance, we decided to strengthen our website, so you can see our products almost coughing from your devices, so if you see something that may interest you, you can place your orders comfortably from your house.<\/p>\n<p>At the time of placing your order, we will make the shipment quickly so that you can enjoy it as soon as possible in your home.<\/p>\n<p>Our\u00a0<a href=\"https:\/\/www.darthy.com\/en\/politica-de-envios-y-devoluciones\/\">delivery service<\/a>\u00a0works every day in order to send your orders in 48 hours or less. With the purpose that the material arrives in the best conditions, our packages are made with the utmost care, all our shipments are also insured in case of loss or breakage.<\/p>","protected":false},"excerpt":{"rendered":"<p>PIONEER RT-909 Reel to reel de la m\u00edtica series azul de Pioneer. Este magnet\u00f3fono cl\u00e1sico 100% original se conserva en muy estado y mantiene todas sus caracter\u00edsticas vintage. Es un reel to reel de gama alta y un sonido espectacular. Made in Japan. Todos nuestros aparatos est\u00e1n revisados respetando escrupulosamente las caracter\u00edsticas originales del fabricante. [&hellip;]<\/p>\n","protected":false},"featured_media":5240,"template":"","meta":{"_exactmetrics_skip_tracking":false,"_exactmetrics_sitenote_active":false,"_exactmetrics_sitenote_note":"","_exactmetrics_sitenote_category":0,"ocean_post_layout":"","ocean_both_sidebars_style":"","ocean_both_sidebars_content_width":0,"ocean_both_sidebars_sidebars_width":0,"ocean_sidebar":"0","ocean_second_sidebar":"0","ocean_disable_margins":"enable","ocean_add_body_class":"","ocean_shortcode_before_top_bar":"","ocean_shortcode_after_top_bar":"","ocean_shortcode_before_header":"","ocean_shortcode_after_header":"","ocean_has_shortcode":"","ocean_shortcode_after_title":"","ocean_shortcode_before_footer_widgets":"","ocean_shortcode_after_footer_widgets":"","ocean_shortcode_before_footer_bottom":"","ocean_shortcode_after_footer_bottom":"","ocean_display_top_bar":"default","ocean_display_header":"default","ocean_header_style":"","ocean_center_header_left_menu":"0","ocean_custom_header_template":"0","ocean_custom_logo":0,"ocean_custom_retina_logo":0,"ocean_custom_logo_max_width":0,"ocean_custom_logo_tablet_max_width":0,"ocean_custom_logo_mobile_max_width":0,"ocean_custom_logo_max_height":0,"ocean_custom_logo_tablet_max_height":0,"ocean_custom_logo_mobile_max_height":0,"ocean_header_custom_menu":"0","ocean_menu_typo_font_family":"0","ocean_menu_typo_font_subset":"","ocean_menu_typo_font_size":0,"ocean_menu_typo_font_size_tablet":0,"ocean_menu_typo_font_size_mobile":0,"ocean_menu_typo_font_size_unit":"px","ocean_menu_typo_font_weight":"","ocean_menu_typo_font_weight_tablet":"","ocean_menu_typo_font_weight_mobile":"","ocean_menu_typo_transform":"","ocean_menu_typo_transform_tablet":"","ocean_menu_typo_transform_mobile":"","ocean_menu_typo_line_height":0,"ocean_menu_typo_line_height_tablet":0,"ocean_menu_typo_line_height_mobile":0,"ocean_menu_typo_line_height_unit":"","ocean_menu_typo_spacing":0,"ocean_menu_typo_spacing_tablet":0,"ocean_menu_typo_spacing_mobile":0,"ocean_menu_typo_spacing_unit":"","ocean_menu_link_color":"","ocean_menu_link_color_hover":"","ocean_menu_link_color_active":"","ocean_menu_link_background":"","ocean_menu_link_hover_background":"","ocean_menu_link_active_background":"","ocean_menu_social_links_bg":"","ocean_menu_social_hover_links_bg":"","ocean_menu_social_links_color":"","ocean_menu_social_hover_links_color":"","ocean_disable_title":"default","ocean_disable_heading":"default","ocean_post_title":"","ocean_post_subheading":"","ocean_post_title_style":"","ocean_post_title_background_color":"","ocean_post_title_background":0,"ocean_post_title_bg_image_position":"","ocean_post_title_bg_image_attachment":"","ocean_post_title_bg_image_repeat":"","ocean_post_title_bg_image_size":"","ocean_post_title_height":0,"ocean_post_title_bg_overlay":0.5,"ocean_post_title_bg_overlay_color":"","ocean_disable_breadcrumbs":"default","ocean_breadcrumbs_color":"","ocean_breadcrumbs_separator_color":"","ocean_breadcrumbs_links_color":"","ocean_breadcrumbs_links_hover_color":"","ocean_display_footer_widgets":"default","ocean_display_footer_bottom":"default","ocean_custom_footer_template":"0"},"product_brand":[],"product_cat":[11],"product_tag":[277,348,2518,2514,2517,2515,2516],"class_list":{"0":"post-5255","1":"product","2":"type-product","3":"status-publish","4":"has-post-thumbnail","6":"product_cat-magnetofonos-reel-to-reel","7":"product_tag-magnetofono","8":"product_tag-pioneer","9":"product_tag-pioneer-magnetofono","10":"product_tag-pioneer-reel-to-reel","11":"product_tag-pioneer-rt909","12":"product_tag-reel-to-ree","13":"product_tag-rt909-pioneer","15":"entry","16":"has-media","18":"first","19":"outofstock","20":"sold-individually","21":"shipping-taxable","22":"purchasable","23":"product-type-simple","24":"has-product-nav","25":"col","26":"span_1_of_3","27":"owp-content-center","28":"owp-thumbs-layout-horizontal","29":"owp-btn-normal","30":"owp-tabs-layout-section"},"_links":{"self":[{"href":"https:\/\/www.darthy.com\/en\/wp-json\/wp\/v2\/product\/5255","targetHints":{"allow":["GET"]}}],"collection":[{"href":"https:\/\/www.darthy.com\/en\/wp-json\/wp\/v2\/product"}],"about":[{"href":"https:\/\/www.darthy.com\/en\/wp-json\/wp\/v2\/types\/product"}],"wp:featuredmedia":[{"embeddable":true,"href":"https:\/\/www.darthy.com\/en\/wp-json\/wp\/v2\/media\/5240"}],"wp:attachment":[{"href":"https:\/\/www.darthy.com\/en\/wp-json\/wp\/v2\/media?parent=5255"}],"wp:term":[{"taxonomy":"product_brand","embeddable":true,"href":"https:\/\/www.darthy.com\/en\/wp-json\/wp\/v2\/product_brand?post=5255"},{"taxonomy":"product_cat","embeddable":true,"href":"https:\/\/www.darthy.com\/en\/wp-json\/wp\/v2\/product_cat?post=5255"},{"taxonomy":"product_tag","embeddable":true,"href":"https:\/\/www.darthy.com\/en\/wp-json\/wp\/v2\/product_tag?post=5255"}],"curies":[{"name":"wp","href":"https:\/\/api.w.org\/{rel}","templated":true}]}}