{"id":4514,"date":"2023-10-30T12:05:30","date_gmt":"2023-10-30T12:05:30","guid":{"rendered":"https:\/\/www.darthy.com\/?post_type=product&#038;p=4514"},"modified":"2023-11-15T11:32:21","modified_gmt":"2023-11-15T11:32:21","slug":"luxman-g-120a","status":"publish","type":"product","link":"https:\/\/www.darthy.com\/en\/product\/luxman-g-120a\/","title":{"rendered":"Luxman G-120A"},"content":{"rendered":"<h4><strong>Luxman G-120A <\/strong><\/h4>\n<p>Ecualizador est\u00e9reo\u00a0 de 10 bandas por canal, made in Japan,\u00a0 de ocasi\u00f3n y en perfecto estado.<\/p>\n<ul>\n<li>Estado: Segunda mano, perfecto estado de conservaci\u00f3n, muy pocas marcas de uso en carcasa<\/li>\n<li>A\u00f1o: 1983-1985 aprox.<\/li>\n<li>Embalaje original: No<\/li>\n<li>Instrucciones originales: Si<\/li>\n<\/ul>\n<h4><strong>Caracter\u00edsticas<\/strong><\/h4>\n<ul>\n<li>Ecualizador est\u00e9reo anal\u00f3gico<\/li>\n<li>Respuesta de frecuencia: 10 Hz\u00a0 \u2013 100 KHz<\/li>\n<li>Se\u00f1al de ruido: &gt;100 dB<\/li>\n<li>THD: 0.005%<\/li>\n<li>IMD: 0.005%<\/li>\n<li>Control de Rango : \u00b1 12dB<\/li>\n<li>Nivel de salida: 1V<\/li>\n<li>Nivel de enttrada: 1<abbr title=\"Volt\">V<\/abbr>\u00a0\/ 65<abbr title=\"kiloohm\">kOhm<\/abbr>\u00a0<span class=\"alt_color_3_i\">(G-120A)<\/span><\/li>\n<li>10 Bandas por canal<\/li>\n<li>Frecuencia de bandas : 28, 55, 110, 220, 440, 880 Hz, 1,8K , 3,5K , 7K, 14 KHz<\/li>\n<li>Dimensiones: 438 x 11 x 270 mm<\/li>\n<li>Peso: 5,2 Kg<\/li>\n<\/ul>\n<p>Due to the fact that many of our friends can't even visit us because of the distance, we have decided to promote our website, so you will be able to see almost all our products from your own devices, so, if you see any of our products from your device, you will be able to see them all.Due to the fact that many of our friends can't even visit us because of the distance, we have decided to promote our website, so you will be able to see almost all our product from your own devices, so, if you see any of our products from your device, you will be able to see them all from your own device.<\/p>\n<p>En el momento de hacer vuestro pedido, haremos el env\u00edo rapidamente para que podais disfrutarlo lo antes posible en vuestra casa.<\/p>\n<p>Our <a href=\"https:\/\/www.darthy.com\/en\/politica-de-envios-y-devoluciones\/\">delivery service<\/a> works every day in order to get your orders to you in 48 hours or less.<\/p>\n<p>Con el proposito de que el materia llegue en las mejores condiciones, nuestro embalajes estan hechos con el m\u00e1ximo esmero, todos nuestros envios, tambien estan asegurados en caso de extravio o rotura.<\/p>\n<p>Surely many of you know our physical store, many of the fans of Vintage HiFi and collecting has visited us. Because many of our friends can not visit us by distance, we decided to strengthen our website, so you can see our products almost coughing from your devices, so if you see something that may interest you, you can place your orders comfortably from your house.<\/p>\n<p>At the time of placing your order, we will make the shipment quickly so that you can enjoy it as soon as possible in your home.<\/p>\n<p>Our <a href=\"https:\/\/www.darthy.com\/en\/politica-de-envios-y-devoluciones\/\">delivery service<\/a> works every day in order to send your orders in 48 hours or less. With the purpose that the material arrives in the best conditions, our packages are made with the utmost care, all our shipments are also insured in case of loss or breakage.<\/p>","protected":false},"excerpt":{"rendered":"<p>Luxman G-120A Ecualizador est\u00e9reo\u00a0 de 10 bandas por canal, made in Japan,\u00a0 de ocasi\u00f3n y en perfecto estado. Estado: Segunda mano, perfecto estado de conservaci\u00f3n, muy pocas marcas de uso en carcasa A\u00f1o: 1983-1985 aprox. Embalaje original: No Instrucciones originales: Si Caracter\u00edsticas Ecualizador est\u00e9reo anal\u00f3gico Respuesta de frecuencia: 10 Hz\u00a0 \u2013 100 KHz Se\u00f1al de [&hellip;]<\/p>\n","protected":false},"featured_media":4515,"template":"","meta":{"_exactmetrics_skip_tracking":false,"_exactmetrics_sitenote_active":false,"_exactmetrics_sitenote_note":"","_exactmetrics_sitenote_category":0,"ocean_post_layout":"","ocean_both_sidebars_style":"","ocean_both_sidebars_content_width":0,"ocean_both_sidebars_sidebars_width":0,"ocean_sidebar":"","ocean_second_sidebar":"","ocean_disable_margins":"enable","ocean_add_body_class":"","ocean_shortcode_before_top_bar":"","ocean_shortcode_after_top_bar":"","ocean_shortcode_before_header":"","ocean_shortcode_after_header":"","ocean_has_shortcode":"","ocean_shortcode_after_title":"","ocean_shortcode_before_footer_widgets":"","ocean_shortcode_after_footer_widgets":"","ocean_shortcode_before_footer_bottom":"","ocean_shortcode_after_footer_bottom":"","ocean_display_top_bar":"default","ocean_display_header":"default","ocean_header_style":"","ocean_center_header_left_menu":"","ocean_custom_header_template":"","ocean_custom_logo":0,"ocean_custom_retina_logo":0,"ocean_custom_logo_max_width":0,"ocean_custom_logo_tablet_max_width":0,"ocean_custom_logo_mobile_max_width":0,"ocean_custom_logo_max_height":0,"ocean_custom_logo_tablet_max_height":0,"ocean_custom_logo_mobile_max_height":0,"ocean_header_custom_menu":"","ocean_menu_typo_font_family":"","ocean_menu_typo_font_subset":"","ocean_menu_typo_font_size":0,"ocean_menu_typo_font_size_tablet":0,"ocean_menu_typo_font_size_mobile":0,"ocean_menu_typo_font_size_unit":"px","ocean_menu_typo_font_weight":"","ocean_menu_typo_font_weight_tablet":"","ocean_menu_typo_font_weight_mobile":"","ocean_menu_typo_transform":"","ocean_menu_typo_transform_tablet":"","ocean_menu_typo_transform_mobile":"","ocean_menu_typo_line_height":0,"ocean_menu_typo_line_height_tablet":0,"ocean_menu_typo_line_height_mobile":0,"ocean_menu_typo_line_height_unit":"","ocean_menu_typo_spacing":0,"ocean_menu_typo_spacing_tablet":0,"ocean_menu_typo_spacing_mobile":0,"ocean_menu_typo_spacing_unit":"","ocean_menu_link_color":"","ocean_menu_link_color_hover":"","ocean_menu_link_color_active":"","ocean_menu_link_background":"","ocean_menu_link_hover_background":"","ocean_menu_link_active_background":"","ocean_menu_social_links_bg":"","ocean_menu_social_hover_links_bg":"","ocean_menu_social_links_color":"","ocean_menu_social_hover_links_color":"","ocean_disable_title":"default","ocean_disable_heading":"default","ocean_post_title":"","ocean_post_subheading":"","ocean_post_title_style":"","ocean_post_title_background_color":"","ocean_post_title_background":0,"ocean_post_title_bg_image_position":"","ocean_post_title_bg_image_attachment":"","ocean_post_title_bg_image_repeat":"","ocean_post_title_bg_image_size":"","ocean_post_title_height":0,"ocean_post_title_bg_overlay":0.5,"ocean_post_title_bg_overlay_color":"","ocean_disable_breadcrumbs":"default","ocean_breadcrumbs_color":"","ocean_breadcrumbs_separator_color":"","ocean_breadcrumbs_links_color":"","ocean_breadcrumbs_links_hover_color":"","ocean_display_footer_widgets":"default","ocean_display_footer_bottom":"default","ocean_custom_footer_template":""},"product_brand":[],"product_cat":[16],"product_tag":[2376,2375],"class_list":{"0":"post-4514","1":"product","2":"type-product","3":"status-publish","4":"has-post-thumbnail","6":"product_cat-accesorios-hifi","7":"product_tag-eq-luxman","8":"product_tag-luxman-g-120a","10":"entry","11":"has-media","13":"first","14":"instock","15":"shipping-taxable","16":"product-type-simple","17":"has-product-nav","18":"col","19":"span_1_of_3","20":"owp-content-center","21":"owp-thumbs-layout-horizontal","22":"owp-btn-normal","23":"owp-tabs-layout-section","24":"has-no-thumbnails"},"_links":{"self":[{"href":"https:\/\/www.darthy.com\/en\/wp-json\/wp\/v2\/product\/4514","targetHints":{"allow":["GET"]}}],"collection":[{"href":"https:\/\/www.darthy.com\/en\/wp-json\/wp\/v2\/product"}],"about":[{"href":"https:\/\/www.darthy.com\/en\/wp-json\/wp\/v2\/types\/product"}],"wp:featuredmedia":[{"embeddable":true,"href":"https:\/\/www.darthy.com\/en\/wp-json\/wp\/v2\/media\/4515"}],"wp:attachment":[{"href":"https:\/\/www.darthy.com\/en\/wp-json\/wp\/v2\/media?parent=4514"}],"wp:term":[{"taxonomy":"product_brand","embeddable":true,"href":"https:\/\/www.darthy.com\/en\/wp-json\/wp\/v2\/product_brand?post=4514"},{"taxonomy":"product_cat","embeddable":true,"href":"https:\/\/www.darthy.com\/en\/wp-json\/wp\/v2\/product_cat?post=4514"},{"taxonomy":"product_tag","embeddable":true,"href":"https:\/\/www.darthy.com\/en\/wp-json\/wp\/v2\/product_tag?post=4514"}],"curies":[{"name":"wp","href":"https:\/\/api.w.org\/{rel}","templated":true}]}}